{"id":19237,"date":"2021-09-23T02:17:29","date_gmt":"2021-09-23T02:17:29","guid":{"rendered":"https:\/\/ztsports.com\/?post_type=product&#038;p=19237"},"modified":"2026-02-02T20:38:03","modified_gmt":"2026-02-02T20:38:03","slug":"maple-cl-6000-long-track-boot","status":"publish","type":"product","link":"https:\/\/ztsports.com\/fr\/store\/maple-cl-6000-long-track-boot\/","title":{"rendered":"MAPLE CL-6000 Long Track Boot Closeout"},"content":{"rendered":"<p>La botte de patinage de vitesse Maple <strong>CL-6000 Long Track<\/strong> est la botte de patinage de vitesse d&#8217;entr\u00e9e de gamme de Maple, con\u00e7ue pour les patineurs de vitesse d\u00e9butants et r\u00e9cr\u00e9atifs.<\/p>\n<p><em>Botte de<\/em> grande qualit\u00e9 pour un prix raisonnable. Heat moldable. <em>Botte<\/em> tr\u00e8s confortable !<\/p>\n<p>Achetez le v\u00f4tre ici jusqu&#8217;\u00e0 \u00e9puisement des stocks !<\/p>\n<p>REG 289.99$ CLOSEOUT 149.99$<br \/>\n\u00c9rable<\/p>\n<p><span style=\"color: #0000ee;\"><b><u>En outre<\/u><\/b><\/span><a href=\"https:\/\/www.youtube.com\/watch?v=GopGn7XWqKk&amp;t=22s\" target=\"_blank\" rel=\"noopener\"><strong> A quelle vitesse les patineurs de vitesse longue piste patinent-ils ?<\/strong><\/a> | Il s&#8217;agit d&#8217;une question \u00e0 laquelle il faut r\u00e9fl\u00e9chir.<\/p>\n<p>Enfin, d\u00e9couvrez toutes nos <a href=\"https:\/\/ztsports.com\/product-category\/long-track\/boots1\/\"><strong>Bottes Long Track<\/strong><\/a>ici.<\/p>\n","protected":false},"excerpt":{"rendered":"<p>La botte de patinage de vitesse Maple CL-6000 Long Track est la botte de patinage de vitesse d&#8217;entr\u00e9e de gamme de Maple, con\u00e7ue pour les patineurs de vitesse d\u00e9butants et r\u00e9cr\u00e9atifs. Botte de grande qualit\u00e9 pour un prix raisonnable. Heat moldable. Botte tr\u00e8s confortable ! Achetez le v\u00f4tre ici jusqu&#8217;\u00e0 \u00e9puisement des stocks ! REG [&hellip;]<\/p>\n","protected":false},"featured_media":18783,"comment_status":"open","ping_status":"closed","template":"","meta":{"_acf_changed":false,"_monsterinsights_skip_tracking":false,"_monsterinsights_sitenote_active":false,"_monsterinsights_sitenote_note":"","_monsterinsights_sitenote_category":0,"_uf_show_specific_survey":0,"_uf_disable_surveys":false,"site-sidebar-layout":"default","site-content-layout":"","ast-site-content-layout":"default","site-content-style":"default","site-sidebar-style":"default","ast-global-header-display":"","ast-banner-title-visibility":"","ast-main-header-display":"","ast-hfb-above-header-display":"","ast-hfb-below-header-display":"","ast-hfb-mobile-header-display":"","site-post-title":"","ast-breadcrumbs-content":"","ast-featured-img":"","footer-sml-layout":"","ast-disable-related-posts":"","theme-transparent-header-meta":"default","adv-header-id-meta":"","stick-header-meta":"","header-above-stick-meta":"","header-main-stick-meta":"","header-below-stick-meta":"","astra-migrate-meta-layouts":"set","ast-page-background-enabled":"default","ast-page-background-meta":{"desktop":{"background-color":"","background-image":"","background-repeat":"repeat","background-position":"center center","background-size":"auto","background-attachment":"scroll","background-type":"","background-media":"","overlay-type":"","overlay-color":"","overlay-opacity":"","overlay-gradient":""},"tablet":{"background-color":"","background-image":"","background-repeat":"repeat","background-position":"center center","background-size":"auto","background-attachment":"scroll","background-type":"","background-media":"","overlay-type":"","overlay-color":"","overlay-opacity":"","overlay-gradient":""},"mobile":{"background-color":"","background-image":"","background-repeat":"repeat","background-position":"center center","background-size":"auto","background-attachment":"scroll","background-type":"","background-media":"","overlay-type":"","overlay-color":"","overlay-opacity":"","overlay-gradient":""}},"ast-content-background-meta":{"desktop":{"background-color":"var(--ast-global-color-5)","background-image":"","background-repeat":"repeat","background-position":"center center","background-size":"auto","background-attachment":"scroll","background-type":"","background-media":"","overlay-type":"","overlay-color":"","overlay-opacity":"","overlay-gradient":""},"tablet":{"background-color":"var(--ast-global-color-5)","background-image":"","background-repeat":"repeat","background-position":"center center","background-size":"auto","background-attachment":"scroll","background-type":"","background-media":"","overlay-type":"","overlay-color":"","overlay-opacity":"","overlay-gradient":""},"mobile":{"background-color":"var(--ast-global-color-5)","background-image":"","background-repeat":"repeat","background-position":"center center","background-size":"auto","background-attachment":"scroll","background-type":"","background-media":"","overlay-type":"","overlay-color":"","overlay-opacity":"","overlay-gradient":""}}},"product_brand":[3318],"product_cat":[3495,3494,3390],"product_tag":[],"class_list":{"0":"post-19237","1":"product","2":"type-product","3":"status-publish","4":"has-post-thumbnail","6":"product_brand-maple","7":"product_cat-bottes","8":"product_cat-bottes-de-piste-longues","9":"product_cat-longue-piste","10":"desktop-align-left","11":"tablet-align-left","12":"mobile-align-left","14":"first","15":"instock","16":"sale","17":"taxable","18":"shipping-taxable","19":"purchasable","20":"product-type-simple"},"acf":[],"_links":{"self":[{"href":"https:\/\/ztsports.com\/fr\/wp-json\/wp\/v2\/product\/19237","targetHints":{"allow":["GET"]}}],"collection":[{"href":"https:\/\/ztsports.com\/fr\/wp-json\/wp\/v2\/product"}],"about":[{"href":"https:\/\/ztsports.com\/fr\/wp-json\/wp\/v2\/types\/product"}],"replies":[{"embeddable":true,"href":"https:\/\/ztsports.com\/fr\/wp-json\/wp\/v2\/comments?post=19237"}],"version-history":[{"count":1,"href":"https:\/\/ztsports.com\/fr\/wp-json\/wp\/v2\/product\/19237\/revisions"}],"predecessor-version":[{"id":19238,"href":"https:\/\/ztsports.com\/fr\/wp-json\/wp\/v2\/product\/19237\/revisions\/19238"}],"wp:featuredmedia":[{"embeddable":true,"href":"https:\/\/ztsports.com\/fr\/wp-json\/wp\/v2\/media\/18783"}],"wp:attachment":[{"href":"https:\/\/ztsports.com\/fr\/wp-json\/wp\/v2\/media?parent=19237"}],"wp:term":[{"taxonomy":"product_brand","embeddable":true,"href":"https:\/\/ztsports.com\/fr\/wp-json\/wp\/v2\/product_brand?post=19237"},{"taxonomy":"product_cat","embeddable":true,"href":"https:\/\/ztsports.com\/fr\/wp-json\/wp\/v2\/product_cat?post=19237"},{"taxonomy":"product_tag","embeddable":true,"href":"https:\/\/ztsports.com\/fr\/wp-json\/wp\/v2\/product_tag?post=19237"}],"curies":[{"name":"wp","href":"https:\/\/api.w.org\/{rel}","templated":true}]}}