{"id":19235,"date":"2021-09-23T02:17:29","date_gmt":"2021-09-23T02:17:29","guid":{"rendered":"https:\/\/ztsports.com\/?post_type=product&#038;p=19235"},"modified":"2026-02-02T20:37:49","modified_gmt":"2026-02-02T20:37:49","slug":"maplez-mv1-long-track-boot","status":"publish","type":"product","link":"https:\/\/ztsports.com\/fr\/store\/maplez-mv1-long-track-boot\/","title":{"rendered":"MAPLEZ MV1 Long Track Boot Close Out"},"content":{"rendered":"<div id=\"text_264\" class=\"fr-widget fr-text fr-wf fr_hidden_table_style fr_text_264\" style=\"box-sizing: border-box; color: #666666;\">\n<div class=\"fr-text\" style=\"box-sizing: border-box;\">\n<h1>MAPLEZ MV1 Long Track Boot<\/h1>\n<p>La chaussure MAPLEZ MV1 Long Track avec coque en carbone uni-corps Dual-Laminate.<\/p>\n<p>Voici la botte r\u00e9volutionnaire MAPLEZ MV1 Long Track Boot. Con\u00e7u pour que votre exp\u00e9rience du patinage atteigne de nouveaux sommets ! Avec sa coque innovante en carbone uni-corps Dual-Laminate, cette chaussure offre des performances et une durabilit\u00e9 in\u00e9gal\u00e9es. La VISION MV1.LONG TRACK BOOT est con\u00e7ue avec une lev\u00e9e d&#8217;orteil de 1,75 qui assure une stabilit\u00e9 maximale. Notamment lors des entr\u00e9es et sorties de virage, ce qui vous permet de repousser vos limites sur la glace comme jamais auparavant.<\/p>\n<p>Mais cela ne s&#8217;arr\u00eate pas l\u00e0. Notre \u00e9quipe d&#8217;experts s&#8217;est surpass\u00e9e en donnant \u00e0 cette botte une nouvelle conception standard compl\u00e8te. Cela signifie que vous b\u00e9n\u00e9ficierez non seulement d&#8217;un ajustement et d&#8217;un confort sup\u00e9rieurs, mais aussi d&#8217;un meilleur contr\u00f4le de chaque mouvement. Que vous glissiez gracieusement ou que vous passiez en force dans les virages serr\u00e9s, la chaussure de piste longue MAPLEZ MV1 offre un soutien et une r\u00e9activit\u00e9 in\u00e9gal\u00e9s.<\/p>\n<p>Fabriqu\u00e9 avec pr\u00e9cision \u00e0 l&#8217;aide d&#8217;une technologie de pointe. La construction Dual-Laminate permet \u00e0 ces bottes de se d\u00e9marquer. La combinaison des mat\u00e9riaux utilis\u00e9s pour leur cr\u00e9ation garantit des performances optimales tout en conservant une r\u00e9sistance exceptionnelle. Faites l&#8217;exp\u00e9rience d&#8217;un m\u00e9lange parfait de transfert de puissance et de l\u00e9g\u00e8ret\u00e9 en glissant sans effort sur la glace. \u00c9levez votre jeu de patinage avec la chaussure MAPLEZ MV1 Long Track &#8211; o\u00f9 l&#8217;innovation rencontre l&#8217;excellence !<\/p>\n<p class=\"style-scope ytd-watch-metadata\"><a href=\"https:\/\/www.youtube.com\/watch?v=GopGn7XWqKk&amp;t=22s\" target=\"_blank\" rel=\"noopener\"><strong>\u00c0 quelle vitesse les patineurs de vitesse longue piste patinent-ils ?<\/strong><\/a> | Il s&#8217;agit d&#8217;une question \u00e0 laquelle il faut r\u00e9fl\u00e9chir.<\/p>\n<\/div>\n<\/div>\n<div id=\"grid_15\" class=\"fr-widget fr-grid fr_grid_15\" style=\"box-sizing: border-box; color: #666666;\">\n<div id=\"container_55\" class=\"fr-widget fr-container fr_container_55\" style=\"box-sizing: border-box;\">\n<div id=\"text_block_27\" class=\"fr-widget fr-text fr-wf fr_text_block_27 fr_hidden_table_style\" style=\"box-sizing: border-box;\">\n<div class=\"fr-text\" style=\"box-sizing: border-box;\">\n<p style=\"box-sizing: border-box; line-height: 24px; padding-bottom: 0px !important; margin: 0px 0px 0px !important 0px;\"><span style=\"color: #333333;\">Enfin, voir toutes nos <\/span><a href=\"https:\/\/ztsports.com\/product-category\/long-track\/boots1\/\"><strong>Bottes Long Track<\/strong><\/a><span style=\"color: #333333;\"> ici.<\/span><\/p>\n<\/div>\n<\/div>\n<\/div>\n<\/div>\n","protected":false},"excerpt":{"rendered":"<p>MAPLEZ MV1 Long Track Boot La chaussure MAPLEZ MV1 Long Track avec coque en carbone uni-corps Dual-Laminate. Voici la botte r\u00e9volutionnaire MAPLEZ MV1 Long Track Boot. Con\u00e7u pour que votre exp\u00e9rience du patinage atteigne de nouveaux sommets ! Avec sa coque innovante en carbone uni-corps Dual-Laminate, cette chaussure offre des performances et une durabilit\u00e9 in\u00e9gal\u00e9es. [&hellip;]<\/p>\n","protected":false},"featured_media":18777,"comment_status":"open","ping_status":"closed","template":"","meta":{"_acf_changed":false,"_monsterinsights_skip_tracking":false,"_monsterinsights_sitenote_active":false,"_monsterinsights_sitenote_note":"","_monsterinsights_sitenote_category":0,"_uf_show_specific_survey":0,"_uf_disable_surveys":false,"site-sidebar-layout":"default","site-content-layout":"","ast-site-content-layout":"default","site-content-style":"default","site-sidebar-style":"default","ast-global-header-display":"","ast-banner-title-visibility":"","ast-main-header-display":"","ast-hfb-above-header-display":"","ast-hfb-below-header-display":"","ast-hfb-mobile-header-display":"","site-post-title":"","ast-breadcrumbs-content":"","ast-featured-img":"","footer-sml-layout":"","ast-disable-related-posts":"","theme-transparent-header-meta":"default","adv-header-id-meta":"","stick-header-meta":"","header-above-stick-meta":"","header-main-stick-meta":"","header-below-stick-meta":"","astra-migrate-meta-layouts":"set","ast-page-background-enabled":"default","ast-page-background-meta":{"desktop":{"background-color":"","background-image":"","background-repeat":"repeat","background-position":"center center","background-size":"auto","background-attachment":"scroll","background-type":"","background-media":"","overlay-type":"","overlay-color":"","overlay-opacity":"","overlay-gradient":""},"tablet":{"background-color":"","background-image":"","background-repeat":"repeat","background-position":"center center","background-size":"auto","background-attachment":"scroll","background-type":"","background-media":"","overlay-type":"","overlay-color":"","overlay-opacity":"","overlay-gradient":""},"mobile":{"background-color":"","background-image":"","background-repeat":"repeat","background-position":"center center","background-size":"auto","background-attachment":"scroll","background-type":"","background-media":"","overlay-type":"","overlay-color":"","overlay-opacity":"","overlay-gradient":""}},"ast-content-background-meta":{"desktop":{"background-color":"var(--ast-global-color-5)","background-image":"","background-repeat":"repeat","background-position":"center center","background-size":"auto","background-attachment":"scroll","background-type":"","background-media":"","overlay-type":"","overlay-color":"","overlay-opacity":"","overlay-gradient":""},"tablet":{"background-color":"var(--ast-global-color-5)","background-image":"","background-repeat":"repeat","background-position":"center center","background-size":"auto","background-attachment":"scroll","background-type":"","background-media":"","overlay-type":"","overlay-color":"","overlay-opacity":"","overlay-gradient":""},"mobile":{"background-color":"var(--ast-global-color-5)","background-image":"","background-repeat":"repeat","background-position":"center center","background-size":"auto","background-attachment":"scroll","background-type":"","background-media":"","overlay-type":"","overlay-color":"","overlay-opacity":"","overlay-gradient":""}}},"product_brand":[3318,3319],"product_cat":[3495,3494,3390],"product_tag":[],"class_list":{"0":"post-19235","1":"product","2":"type-product","3":"status-publish","4":"has-post-thumbnail","6":"product_brand-maple","7":"product_brand-maplez","8":"product_cat-bottes","9":"product_cat-bottes-de-piste-longues","10":"product_cat-longue-piste","11":"desktop-align-left","12":"tablet-align-left","13":"mobile-align-left","15":"first","16":"instock","17":"sale","18":"taxable","19":"shipping-taxable","20":"purchasable","21":"product-type-simple"},"acf":[],"_links":{"self":[{"href":"https:\/\/ztsports.com\/fr\/wp-json\/wp\/v2\/product\/19235","targetHints":{"allow":["GET"]}}],"collection":[{"href":"https:\/\/ztsports.com\/fr\/wp-json\/wp\/v2\/product"}],"about":[{"href":"https:\/\/ztsports.com\/fr\/wp-json\/wp\/v2\/types\/product"}],"replies":[{"embeddable":true,"href":"https:\/\/ztsports.com\/fr\/wp-json\/wp\/v2\/comments?post=19235"}],"version-history":[{"count":1,"href":"https:\/\/ztsports.com\/fr\/wp-json\/wp\/v2\/product\/19235\/revisions"}],"predecessor-version":[{"id":19236,"href":"https:\/\/ztsports.com\/fr\/wp-json\/wp\/v2\/product\/19235\/revisions\/19236"}],"wp:featuredmedia":[{"embeddable":true,"href":"https:\/\/ztsports.com\/fr\/wp-json\/wp\/v2\/media\/18777"}],"wp:attachment":[{"href":"https:\/\/ztsports.com\/fr\/wp-json\/wp\/v2\/media?parent=19235"}],"wp:term":[{"taxonomy":"product_brand","embeddable":true,"href":"https:\/\/ztsports.com\/fr\/wp-json\/wp\/v2\/product_brand?post=19235"},{"taxonomy":"product_cat","embeddable":true,"href":"https:\/\/ztsports.com\/fr\/wp-json\/wp\/v2\/product_cat?post=19235"},{"taxonomy":"product_tag","embeddable":true,"href":"https:\/\/ztsports.com\/fr\/wp-json\/wp\/v2\/product_tag?post=19235"}],"curies":[{"name":"wp","href":"https:\/\/api.w.org\/{rel}","templated":true}]}}