{"id":19228,"date":"2021-09-23T02:18:37","date_gmt":"2021-09-23T02:18:37","guid":{"rendered":"https:\/\/ztsports.com\/?post_type=product&#038;p=19228"},"modified":"2026-02-02T20:37:25","modified_gmt":"2026-02-02T20:37:25","slug":"lame-bont-sonic-2000-lt","status":"publish","type":"product","link":"https:\/\/ztsports.com\/fr\/store\/lame-bont-sonic-2000-lt\/","title":{"rendered":"La lame BONT SONIC 2000 LT convient \u00e0 la plupart des \u00e9cartements de bottes"},"content":{"rendered":"<h1>Lame BONT SONIC 2000 LT<\/h1>\n<p><span data-sheets-value=\"{\" data-sheets-userformat=\"{\">La lame BONT SONIC 2000 LT<\/span><span class=\"Y2IQFc\" lang=\"en\"> est la lame <strong>fixe<\/strong> d&#8217;entr\u00e9e de gamme de Bont. De plus, ils sont fabriqu\u00e9s en extrusion d&#8217;aluminium de haute qualit\u00e9. En outre, la meilleure caract\u00e9ristique de cette lame est qu&#8217;elle peut s&#8217;adapter \u00e0 une grande vari\u00e9t\u00e9 d&#8217;<strong>\u00e9cartements de bottes<\/strong>. <\/span><\/p>\n<p><span class=\"Y2IQFc\" lang=\"en\">Les patineurs en ligne peuvent donc utiliser leurs chaussures de roller. Long track avec le montage en ligne de la botte 195 et l&#8217;espacement de 165 mm avec cette lame <strong>fixe<\/strong>.<\/span><\/p>\n<p><strong>Fixe = Non Clap<\/strong><\/p>\n<p>Enfin, il existe un grand choix de <a href=\"https:\/\/ztsports.com\/product-category\/long-track\/blades1\/\"><strong>lames \u00e0 longue piste ici.<\/strong><\/a><\/p>\n","protected":false},"excerpt":{"rendered":"<p>Lame BONT SONIC 2000 LT La lame BONT SONIC 2000 LT est la lame fixe d&#8217;entr\u00e9e de gamme de Bont. De plus, ils sont fabriqu\u00e9s en extrusion d&#8217;aluminium de haute qualit\u00e9. En outre, la meilleure caract\u00e9ristique de cette lame est qu&#8217;elle peut s&#8217;adapter \u00e0 une grande vari\u00e9t\u00e9 d&#8217;\u00e9cartements de bottes. Les patineurs en ligne peuvent [&hellip;]<\/p>\n","protected":false},"featured_media":19230,"comment_status":"open","ping_status":"closed","template":"","meta":{"_acf_changed":false,"_monsterinsights_skip_tracking":false,"_monsterinsights_sitenote_active":false,"_monsterinsights_sitenote_note":"","_monsterinsights_sitenote_category":0,"_uf_show_specific_survey":0,"_uf_disable_surveys":false,"site-sidebar-layout":"default","site-content-layout":"","ast-site-content-layout":"default","site-content-style":"default","site-sidebar-style":"default","ast-global-header-display":"","ast-banner-title-visibility":"","ast-main-header-display":"","ast-hfb-above-header-display":"","ast-hfb-below-header-display":"","ast-hfb-mobile-header-display":"","site-post-title":"","ast-breadcrumbs-content":"","ast-featured-img":"","footer-sml-layout":"","ast-disable-related-posts":"","theme-transparent-header-meta":"default","adv-header-id-meta":"","stick-header-meta":"","header-above-stick-meta":"","header-main-stick-meta":"","header-below-stick-meta":"","astra-migrate-meta-layouts":"set","ast-page-background-enabled":"default","ast-page-background-meta":{"desktop":{"background-color":"","background-image":"","background-repeat":"repeat","background-position":"center center","background-size":"auto","background-attachment":"scroll","background-type":"","background-media":"","overlay-type":"","overlay-color":"","overlay-opacity":"","overlay-gradient":""},"tablet":{"background-color":"","background-image":"","background-repeat":"repeat","background-position":"center center","background-size":"auto","background-attachment":"scroll","background-type":"","background-media":"","overlay-type":"","overlay-color":"","overlay-opacity":"","overlay-gradient":""},"mobile":{"background-color":"","background-image":"","background-repeat":"repeat","background-position":"center center","background-size":"auto","background-attachment":"scroll","background-type":"","background-media":"","overlay-type":"","overlay-color":"","overlay-opacity":"","overlay-gradient":""}},"ast-content-background-meta":{"desktop":{"background-color":"var(--ast-global-color-5)","background-image":"","background-repeat":"repeat","background-position":"center center","background-size":"auto","background-attachment":"scroll","background-type":"","background-media":"","overlay-type":"","overlay-color":"","overlay-opacity":"","overlay-gradient":""},"tablet":{"background-color":"var(--ast-global-color-5)","background-image":"","background-repeat":"repeat","background-position":"center center","background-size":"auto","background-attachment":"scroll","background-type":"","background-media":"","overlay-type":"","overlay-color":"","overlay-opacity":"","overlay-gradient":""},"mobile":{"background-color":"var(--ast-global-color-5)","background-image":"","background-repeat":"repeat","background-position":"center center","background-size":"auto","background-attachment":"scroll","background-type":"","background-media":"","overlay-type":"","overlay-color":"","overlay-opacity":"","overlay-gradient":""}}},"product_brand":[3285],"product_cat":[3433,3526,3390,3381],"product_tag":[3900,3901,3902,3903,2018,1752,2020],"class_list":{"0":"post-19228","1":"product","2":"type-product","3":"status-publish","4":"has-post-thumbnail","6":"product_brand-bont","7":"product_cat-accessories","8":"product_cat-blades","9":"product_cat-longue-piste","10":"product_cat-patinage-de-vitesse-en-ligne","11":"product_tag-blade-fixee","12":"product_tag-en-ligne-avec-un-espacement-de-195-mm","13":"product_tag-lame-de-glace-en-ligne","14":"product_tag-lame-sonic-2000-lt","15":"product_tag-sonic-2000-lt","16":"product_tag-speed-skating-equipment","17":"product_tag-speedskating","18":"desktop-align-left","19":"tablet-align-left","20":"mobile-align-left","22":"first","23":"instock","24":"taxable","25":"shipping-taxable","26":"purchasable","27":"product-type-simple"},"acf":[],"_links":{"self":[{"href":"https:\/\/ztsports.com\/fr\/wp-json\/wp\/v2\/product\/19228","targetHints":{"allow":["GET"]}}],"collection":[{"href":"https:\/\/ztsports.com\/fr\/wp-json\/wp\/v2\/product"}],"about":[{"href":"https:\/\/ztsports.com\/fr\/wp-json\/wp\/v2\/types\/product"}],"replies":[{"embeddable":true,"href":"https:\/\/ztsports.com\/fr\/wp-json\/wp\/v2\/comments?post=19228"}],"version-history":[{"count":1,"href":"https:\/\/ztsports.com\/fr\/wp-json\/wp\/v2\/product\/19228\/revisions"}],"predecessor-version":[{"id":19229,"href":"https:\/\/ztsports.com\/fr\/wp-json\/wp\/v2\/product\/19228\/revisions\/19229"}],"wp:featuredmedia":[{"embeddable":true,"href":"https:\/\/ztsports.com\/fr\/wp-json\/wp\/v2\/media\/19230"}],"wp:attachment":[{"href":"https:\/\/ztsports.com\/fr\/wp-json\/wp\/v2\/media?parent=19228"}],"wp:term":[{"taxonomy":"product_brand","embeddable":true,"href":"https:\/\/ztsports.com\/fr\/wp-json\/wp\/v2\/product_brand?post=19228"},{"taxonomy":"product_cat","embeddable":true,"href":"https:\/\/ztsports.com\/fr\/wp-json\/wp\/v2\/product_cat?post=19228"},{"taxonomy":"product_tag","embeddable":true,"href":"https:\/\/ztsports.com\/fr\/wp-json\/wp\/v2\/product_tag?post=19228"}],"curies":[{"name":"wp","href":"https:\/\/api.w.org\/{rel}","templated":true}]}}