{"id":19222,"date":"2021-09-23T02:18:38","date_gmt":"2021-09-23T02:18:38","guid":{"rendered":"https:\/\/ztsports.com\/?post_type=product&#038;p=19222"},"modified":"2026-02-02T20:36:07","modified_gmt":"2026-02-02T20:36:07","slug":"maple-blizzard-clap-longtrack-blade","status":"publish","type":"product","link":"https:\/\/ztsports.com\/fr\/store\/maple-blizzard-clap-longtrack-blade\/","title":{"rendered":"MAPLE BLIZZARD Clap Longtrack Blade"},"content":{"rendered":"<h1>MAPLE BLIZZARD Clap Longtrack Blade<\/h1>\n<p>La lame MAPLE BLIZZARD Clap Longtrack poss\u00e8de le m\u00eame patin en acier inoxydable \u00e0 haute teneur en chrome que celui de la lame Chrome ST, rectifi\u00e9 \u00e0 1,1 mm d&#8217;\u00e9paisseur.<\/p>\n<p>Glisse et durabilit\u00e9 exceptionnelles pour cette gamme de prix. En outre, il peut \u00eatre \u00e9quip\u00e9 de fentes d&#8217;avant en arri\u00e8re pour les supports de coffre de type Long Track ou de fentes lat\u00e9rales pour les mod\u00e8les \u00e0 boulon fixe de 6,5&#8243; 165 mm. Rapide et abordable.<\/p>\n<p>Le meilleur achat pour une lame de clap comp\u00e9titive \u00e0 longue piste. 1,1 mm chrome tool steel 58 Hrc. Les lames ont re\u00e7u un traitement sp\u00e9cial afin de r\u00e9duire les frottements au minimum.Lames rectifi\u00e9es avec pr\u00e9cision Tube en aluminium de la s\u00e9rie 7000 pour une flexibilit\u00e9 optimale ; stable et pourtant facile \u00e0 contr\u00f4ler.<\/p>\n<p>Veuillez choisir la longueur de la lame avec le pont appropri\u00e9 pour s&#8217;adapter \u00e0 vos bottes. En cas de doute, faites appel \u00e0 notre expertise pour vous guider.<\/p>\n<h4 class=\"style-scope ytd-watch-metadata\">En outre, la vid\u00e9o Art Of Speed <a href=\"https:\/\/www.youtube.com\/watch?v=aC5yxStvjV4\" target=\"_blank\" rel=\"noopener\"><strong>expliquant le clap et le Longtrack<\/strong><\/a><\/h4>\n<p>Enfin, comparez toutes les <a href=\"https:\/\/ztsports.com\/product-category\/long-track\/blades1\/\"><strong>Clap Blades ici.<\/strong><\/a><\/p>\n","protected":false},"excerpt":{"rendered":"<p>MAPLE BLIZZARD Clap Longtrack Blade La lame MAPLE BLIZZARD Clap Longtrack poss\u00e8de le m\u00eame patin en acier inoxydable \u00e0 haute teneur en chrome que celui de la lame Chrome ST, rectifi\u00e9 \u00e0 1,1 mm d&#8217;\u00e9paisseur. Glisse et durabilit\u00e9 exceptionnelles pour cette gamme de prix. En outre, il peut \u00eatre \u00e9quip\u00e9 de fentes d&#8217;avant en arri\u00e8re [&hellip;]<\/p>\n","protected":false},"featured_media":19224,"comment_status":"open","ping_status":"closed","template":"","meta":{"_acf_changed":false,"_monsterinsights_skip_tracking":false,"_monsterinsights_sitenote_active":false,"_monsterinsights_sitenote_note":"","_monsterinsights_sitenote_category":0,"_uf_show_specific_survey":0,"_uf_disable_surveys":false,"site-sidebar-layout":"default","site-content-layout":"","ast-site-content-layout":"default","site-content-style":"default","site-sidebar-style":"default","ast-global-header-display":"","ast-banner-title-visibility":"","ast-main-header-display":"","ast-hfb-above-header-display":"","ast-hfb-below-header-display":"","ast-hfb-mobile-header-display":"","site-post-title":"","ast-breadcrumbs-content":"","ast-featured-img":"","footer-sml-layout":"","ast-disable-related-posts":"","theme-transparent-header-meta":"default","adv-header-id-meta":"","stick-header-meta":"","header-above-stick-meta":"","header-main-stick-meta":"","header-below-stick-meta":"","astra-migrate-meta-layouts":"set","ast-page-background-enabled":"default","ast-page-background-meta":{"desktop":{"background-color":"","background-image":"","background-repeat":"repeat","background-position":"center center","background-size":"auto","background-attachment":"scroll","background-type":"","background-media":"","overlay-type":"","overlay-color":"","overlay-opacity":"","overlay-gradient":""},"tablet":{"background-color":"","background-image":"","background-repeat":"repeat","background-position":"center center","background-size":"auto","background-attachment":"scroll","background-type":"","background-media":"","overlay-type":"","overlay-color":"","overlay-opacity":"","overlay-gradient":""},"mobile":{"background-color":"","background-image":"","background-repeat":"repeat","background-position":"center center","background-size":"auto","background-attachment":"scroll","background-type":"","background-media":"","overlay-type":"","overlay-color":"","overlay-opacity":"","overlay-gradient":""}},"ast-content-background-meta":{"desktop":{"background-color":"var(--ast-global-color-5)","background-image":"","background-repeat":"repeat","background-position":"center center","background-size":"auto","background-attachment":"scroll","background-type":"","background-media":"","overlay-type":"","overlay-color":"","overlay-opacity":"","overlay-gradient":""},"tablet":{"background-color":"var(--ast-global-color-5)","background-image":"","background-repeat":"repeat","background-position":"center center","background-size":"auto","background-attachment":"scroll","background-type":"","background-media":"","overlay-type":"","overlay-color":"","overlay-opacity":"","overlay-gradient":""},"mobile":{"background-color":"var(--ast-global-color-5)","background-image":"","background-repeat":"repeat","background-position":"center center","background-size":"auto","background-attachment":"scroll","background-type":"","background-media":"","overlay-type":"","overlay-color":"","overlay-opacity":"","overlay-gradient":""}}},"product_brand":[3318,3319],"product_cat":[3526,3523,3390],"product_tag":[2022,2023,1958,2024,3497],"class_list":{"0":"post-19222","1":"product","2":"type-product","3":"status-publish","4":"has-post-thumbnail","6":"product_brand-maple","7":"product_brand-maplez","8":"product_cat-blades","9":"product_cat-lames-a-longue-voie","10":"product_cat-longue-piste","11":"product_tag-blizzard-clapskate","12":"product_tag-closeout","13":"product_tag-maple","14":"product_tag-maple-blizzard-clap","15":"product_tag-patinage-de-vitesse","16":"desktop-align-left","17":"tablet-align-left","18":"mobile-align-left","20":"first","21":"instock","22":"sale","23":"taxable","24":"shipping-taxable","25":"purchasable","26":"product-type-simple"},"acf":[],"_links":{"self":[{"href":"https:\/\/ztsports.com\/fr\/wp-json\/wp\/v2\/product\/19222","targetHints":{"allow":["GET"]}}],"collection":[{"href":"https:\/\/ztsports.com\/fr\/wp-json\/wp\/v2\/product"}],"about":[{"href":"https:\/\/ztsports.com\/fr\/wp-json\/wp\/v2\/types\/product"}],"replies":[{"embeddable":true,"href":"https:\/\/ztsports.com\/fr\/wp-json\/wp\/v2\/comments?post=19222"}],"version-history":[{"count":1,"href":"https:\/\/ztsports.com\/fr\/wp-json\/wp\/v2\/product\/19222\/revisions"}],"predecessor-version":[{"id":19223,"href":"https:\/\/ztsports.com\/fr\/wp-json\/wp\/v2\/product\/19222\/revisions\/19223"}],"wp:featuredmedia":[{"embeddable":true,"href":"https:\/\/ztsports.com\/fr\/wp-json\/wp\/v2\/media\/19224"}],"wp:attachment":[{"href":"https:\/\/ztsports.com\/fr\/wp-json\/wp\/v2\/media?parent=19222"}],"wp:term":[{"taxonomy":"product_brand","embeddable":true,"href":"https:\/\/ztsports.com\/fr\/wp-json\/wp\/v2\/product_brand?post=19222"},{"taxonomy":"product_cat","embeddable":true,"href":"https:\/\/ztsports.com\/fr\/wp-json\/wp\/v2\/product_cat?post=19222"},{"taxonomy":"product_tag","embeddable":true,"href":"https:\/\/ztsports.com\/fr\/wp-json\/wp\/v2\/product_tag?post=19222"}],"curies":[{"name":"wp","href":"https:\/\/api.w.org\/{rel}","templated":true}]}}