{"id":19220,"date":"2021-09-23T02:19:44","date_gmt":"2021-09-23T02:19:44","guid":{"rendered":"https:\/\/ztsports.com\/?post_type=product&#038;p=19220"},"modified":"2026-02-02T20:35:39","modified_gmt":"2026-02-02T20:35:39","slug":"cadomotus-airflow-backpack","status":"publish","type":"product","link":"https:\/\/ztsports.com\/fr\/store\/cadomotus-airflow-backpack\/","title":{"rendered":"CADOMOTUS AIRFLOW BACKPACK Nombreuses nouvelles couleurs"},"content":{"rendered":"<h1 style=\"box-sizing: border-box; margin: 0px 0px 10px; line-height: 24px; color: #666666;\"><strong>CADOMOTUS <\/strong><strong>AIRFLOW <\/strong><strong>BACKPACK <\/strong> <\/h1>\n<p>Le sac \u00e0 dos Cadomotus Airflow est le sac \u00e0 dos le plus populaire de Zt Sports. Beaucoup d&#8217;espace pour tout ton \u00e9quipement de patinage et beaucoup de couleurs cool !<\/p>\n<p>L\u00e9ger et ergonomique, il \u00e9pouse les contours de votre dos. Il est si confortable que vous oublierez que vous le portez.<\/p>\n<p>Le sac d&#8217;\u00e9quipement pour tous les patineurs s\u00e9rieux, avec des poches d\u00e9di\u00e9es pour le casque et les patins.<\/p>\n<p>En route pour un entra\u00eenement ou une comp\u00e9tition ? Aucun autre sac n&#8217;offre autant de commodit\u00e9 et d&#8217;options de magasin. Rangez votre casque et vos patins dans les poches ext\u00e9rieures ventil\u00e9es !<\/p>\n<p>De plus, ce sac a \u00e9t\u00e9 con\u00e7u pour organiser tout votre mat\u00e9riel de sport. Qu&#8217;il s&#8217;agisse de votre trajet quotidien domicile-travail, de vos vacances \u00e0 la montagne ou de votre bagage \u00e0 main dans l&#8217;avion. Ce sac \u00e0 dos de sport peut tout faire.<\/p>\n<p>De plus, le dos du sac est \u00e9quip\u00e9 d&#8217;un cadre super l\u00e9ger qui ne se contente pas de rester \u00e0 plat sur le dos. Nos sacs Airflow Race Day Gear Bags sont dot\u00e9s d&#8217;un dos en maille suspendue pour aider \u00e0 s\u00e9cher la transpiration lorsque vous portez un sac \u00e0 dos.<\/p>\n<p>Il est confortable lorsque vous portez le sac \u00e0 v\u00e9lo et gr\u00e2ce aux sangles autour de la taille, le sac \u00e0 dos reste \u00e0 sa place. Un tel plaisir \u00e0 porter !<\/p>\n<p>C&#8217;est la raison pour laquelle le sac \u00e0 dos Airflow est le sac \u00e0 dos le plus vendu dans le monde du patinage.<\/p>\n<p>Les sacs \u00e0 dos Airflow Gear sont fabriqu\u00e9s dans un tissu en nylon r\u00e9sistant et color\u00e9 COOL.<\/p>\n<p>Longueur de torse r\u00e9glable : Oui<\/p>\n<p>Dimensions de l&#8217;emballage : 40x30x10cm<\/p>\n<h4 style=\"box-sizing: border-box; margin: 0px 0px 10px; line-height: 24px; color: #666666;\">Caract\u00e9ristiques du sac \u00e0 dos CADOMOTUS AIRFLOW :<\/h4>\n<p style=\"box-sizing: border-box; margin: 0px 0px 10px; line-height: 24px; color: #666666;\">  Les bretelles anatomiques rembourr\u00e9es facilitent le transport<br style=\"box-sizing: border-box;\">Construction ergonomique pour une utilisation active sans douleur<\/p>\n<p style=\"box-sizing: border-box; margin: 0px 0px 10px; line-height: 24px; color: #666666;\">La ventilation hygi\u00e9nique combat les bact\u00e9ries et les odeurs g\u00eanantes<br style=\"box-sizing: border-box;\">La grande capacit\u00e9 de transport fonctionnelle permet de ranger plus de choses que n&#8217;importe quelle autre<br style=\"box-sizing: border-box;\">La double fermeture \u00e0 glissi\u00e8re et la poign\u00e9e sur le dessus facilitent l&#8217;acc\u00e8s<br style=\"box-sizing: border-box;\">La poche pour casque s\u00e9curise et prot\u00e8ge l&#8217;int\u00e9grit\u00e9 de votre \u00e9quipement<br style=\"box-sizing: border-box;\">Les sangles et boucles externes pour patins maintiennent vos patins en place<\/p>\n<p>En outre, consultez le site  <a href=\"https:\/\/www.youtube.com\/watch?v=sATOecnAzq4\" target=\"_blank\" rel=\"noopener\"><strong>revue vid\u00e9o des caract\u00e9ristiques de l&#8217;Airflow 2.<\/strong><\/a><\/p>\n<p>Enfin, vous pouvez consulter <a href=\"https:\/\/ztsports.com\/categorie-produit\/accessories\/sacs-a-dos-et-sacs\/?lang=fr\"><strong>tous nos sacs \u00e0 dos<\/strong><\/a> ici.<\/p>\n","protected":false},"excerpt":{"rendered":"<p>CADOMOTUS AIRFLOW BACKPACK Le sac \u00e0 dos Cadomotus Airflow est le sac \u00e0 dos le plus populaire de Zt Sports. Beaucoup d&#8217;espace pour tout ton \u00e9quipement de patinage et beaucoup de couleurs cool ! L\u00e9ger et ergonomique, il \u00e9pouse les contours de votre dos. Il est si confortable que vous oublierez que vous le portez. [&hellip;]<\/p>\n","protected":false},"featured_media":18772,"comment_status":"open","ping_status":"closed","template":"","meta":{"_acf_changed":false,"_monsterinsights_skip_tracking":false,"_monsterinsights_sitenote_active":false,"_monsterinsights_sitenote_note":"","_monsterinsights_sitenote_category":0,"_uf_show_specific_survey":0,"_uf_disable_surveys":false,"site-sidebar-layout":"default","site-content-layout":"","ast-site-content-layout":"default","site-content-style":"default","site-sidebar-style":"default","ast-global-header-display":"","ast-banner-title-visibility":"","ast-main-header-display":"","ast-hfb-above-header-display":"","ast-hfb-below-header-display":"","ast-hfb-mobile-header-display":"","site-post-title":"","ast-breadcrumbs-content":"","ast-featured-img":"","footer-sml-layout":"","ast-disable-related-posts":"","theme-transparent-header-meta":"default","adv-header-id-meta":"","stick-header-meta":"","header-above-stick-meta":"","header-main-stick-meta":"","header-below-stick-meta":"","astra-migrate-meta-layouts":"set","ast-page-background-enabled":"default","ast-page-background-meta":{"desktop":{"background-color":"","background-image":"","background-repeat":"repeat","background-position":"center center","background-size":"auto","background-attachment":"scroll","background-type":"","background-media":"","overlay-type":"","overlay-color":"","overlay-opacity":"","overlay-gradient":""},"tablet":{"background-color":"","background-image":"","background-repeat":"repeat","background-position":"center center","background-size":"auto","background-attachment":"scroll","background-type":"","background-media":"","overlay-type":"","overlay-color":"","overlay-opacity":"","overlay-gradient":""},"mobile":{"background-color":"","background-image":"","background-repeat":"repeat","background-position":"center center","background-size":"auto","background-attachment":"scroll","background-type":"","background-media":"","overlay-type":"","overlay-color":"","overlay-opacity":"","overlay-gradient":""}},"ast-content-background-meta":{"desktop":{"background-color":"var(--ast-global-color-5)","background-image":"","background-repeat":"repeat","background-position":"center center","background-size":"auto","background-attachment":"scroll","background-type":"","background-media":"","overlay-type":"","overlay-color":"","overlay-opacity":"","overlay-gradient":""},"tablet":{"background-color":"var(--ast-global-color-5)","background-image":"","background-repeat":"repeat","background-position":"center center","background-size":"auto","background-attachment":"scroll","background-type":"","background-media":"","overlay-type":"","overlay-color":"","overlay-opacity":"","overlay-gradient":""},"mobile":{"background-color":"var(--ast-global-color-5)","background-image":"","background-repeat":"repeat","background-position":"center center","background-size":"auto","background-attachment":"scroll","background-type":"","background-media":"","overlay-type":"","overlay-color":"","overlay-opacity":"","overlay-gradient":""}}},"product_brand":[3289],"product_cat":[3391,3874,3396,3433,3878,3395,3390,3381,3408,3880],"product_tag":[2029,3613,3583,3614,3615,3616,1794,1752],"class_list":{"0":"post-19220","1":"product","2":"type-product","3":"status-publish","4":"has-post-thumbnail","6":"product_brand-cadomotus","7":"product_cat-accessoires-pour-la-longue-piste","8":"product_cat-accessories","11":"product_cat-cadeaux","12":"product_cat-courte-piste","13":"product_cat-longue-piste","14":"product_cat-patinage-de-vitesse-en-ligne","15":"product_cat-patins-a-roulettes","16":"product_cat-sacs-a-dos-et-sacs","17":"product_tag-cadomotus","18":"product_tag-sac-a-dos","19":"product_tag-sac-a-dos-cado-motus","20":"product_tag-sac-a-dos-cadomotus","21":"product_tag-sac-a-dos-de-sport","22":"product_tag-sac-a-dos-skate","23":"product_tag-speed-skating","24":"product_tag-speed-skating-equipment","25":"desktop-align-left","26":"tablet-align-left","27":"mobile-align-left","29":"first","30":"instock","31":"sale","32":"featured","33":"taxable","34":"shipping-taxable","35":"purchasable","36":"product-type-simple"},"acf":[],"_links":{"self":[{"href":"https:\/\/ztsports.com\/fr\/wp-json\/wp\/v2\/product\/19220","targetHints":{"allow":["GET"]}}],"collection":[{"href":"https:\/\/ztsports.com\/fr\/wp-json\/wp\/v2\/product"}],"about":[{"href":"https:\/\/ztsports.com\/fr\/wp-json\/wp\/v2\/types\/product"}],"replies":[{"embeddable":true,"href":"https:\/\/ztsports.com\/fr\/wp-json\/wp\/v2\/comments?post=19220"}],"version-history":[{"count":1,"href":"https:\/\/ztsports.com\/fr\/wp-json\/wp\/v2\/product\/19220\/revisions"}],"predecessor-version":[{"id":19221,"href":"https:\/\/ztsports.com\/fr\/wp-json\/wp\/v2\/product\/19220\/revisions\/19221"}],"wp:featuredmedia":[{"embeddable":true,"href":"https:\/\/ztsports.com\/fr\/wp-json\/wp\/v2\/media\/18772"}],"wp:attachment":[{"href":"https:\/\/ztsports.com\/fr\/wp-json\/wp\/v2\/media?parent=19220"}],"wp:term":[{"taxonomy":"product_brand","embeddable":true,"href":"https:\/\/ztsports.com\/fr\/wp-json\/wp\/v2\/product_brand?post=19220"},{"taxonomy":"product_cat","embeddable":true,"href":"https:\/\/ztsports.com\/fr\/wp-json\/wp\/v2\/product_cat?post=19220"},{"taxonomy":"product_tag","embeddable":true,"href":"https:\/\/ztsports.com\/fr\/wp-json\/wp\/v2\/product_tag?post=19220"}],"curies":[{"name":"wp","href":"https:\/\/api.w.org\/{rel}","templated":true}]}}