{"id":19218,"date":"2021-09-23T02:19:46","date_gmt":"2021-09-23T02:19:46","guid":{"rendered":"https:\/\/ztsports.com\/?post_type=product&#038;p=19218"},"modified":"2026-02-02T20:34:59","modified_gmt":"2026-02-02T20:34:59","slug":"maplez-sac-de-voyage-trolley","status":"publish","type":"product","link":"https:\/\/ztsports.com\/fr\/store\/maplez-sac-de-voyage-trolley\/","title":{"rendered":"MAPLEZ sac de voyage trolley Trolley Poign\u00e9e r\u00e9tractable"},"content":{"rendered":"<h1>MAPLEZ sac de voyage trolley<\/h1>\n<p>MAPLEZ sac de voyage trolley est id\u00e9al pour ranger tout ton mat\u00e9riel lors d&#8217;un grand voyage de skate. Beaucoup d&#8217;espace \u00e0 l&#8217;int\u00e9rieur avec de multiples compartiments. Il est \u00e9quip\u00e9 de roues et d&#8217;une poign\u00e9e r\u00e9tractable.<\/p>\n<p>Embarquez pour votre ultime aventure de patinage avec le sac de voyage MapleZ Trolley. Ce sac \u00e9l\u00e9gant et spacieux est con\u00e7u pour accueillir tout votre mat\u00e9riel, afin que vous disposiez de tout ce dont vous avez besoin pour un voyage inoubliable. Gr\u00e2ce \u00e0 ses multiples compartiments, l&#8217;emballage n&#8217;a jamais \u00e9t\u00e9 aussi facile. Fini la frustration de devoir fouiller dans un fouillis d&#8217;\u00e9quipements emm\u00eal\u00e9s ! Des casques et des protections aux roues suppl\u00e9mentaires et aux outils, ce sac a de la place pour tout.<\/p>\n<p>Mais ce n&#8217;est pas tout :\u00a0 MAPLEZ sac de voyage trolley est encore plus pratique. \u00c9quip\u00e9e de roues robustes et d&#8217;une poign\u00e9e r\u00e9tractable, la navigation dans les a\u00e9roports bond\u00e9s ou les rues anim\u00e9es de la ville devient un jeu d&#8217;enfant. Plus besoin de trimballer des sacs lourds sur le dos ou l&#8217;\u00e9paule ; il suffit de les faire rouler sans effort d&#8217;un endroit \u00e0 l&#8217;autre. De plus, la construction durable garantit que ce chariot r\u00e9sistera aux trajets les plus difficiles, offrant ainsi des performances durables.<\/p>\n<p>Alors pourquoi se contenter de moins que l&#8217;extraordinaire ? Que vous partiez pour une comp\u00e9tition de skate locale ou que vous planifiez un road trip \u00e9pique avec votre \u00e9quipe, \u00e9quipez-vous avec style gr\u00e2ce au sac de voyage MapleZ Trolley.<\/p>\n<p>Enfin, vous pouvez consulter <a href=\"https:\/\/ztsports.com\/product-category\/accessories\/backpacks-bags\/\"><strong>tous nos sacs \u00e0 dos<\/strong><\/a> ici.<\/p>\n","protected":false},"excerpt":{"rendered":"<p>MAPLEZ sac de voyage trolley MAPLEZ sac de voyage trolley est id\u00e9al pour ranger tout ton mat\u00e9riel lors d&#8217;un grand voyage de skate. Beaucoup d&#8217;espace \u00e0 l&#8217;int\u00e9rieur avec de multiples compartiments. Il est \u00e9quip\u00e9 de roues et d&#8217;une poign\u00e9e r\u00e9tractable. Embarquez pour votre ultime aventure de patinage avec le sac de voyage MapleZ Trolley. Ce [&hellip;]<\/p>\n","protected":false},"featured_media":18769,"comment_status":"open","ping_status":"closed","template":"","meta":{"_acf_changed":false,"_monsterinsights_skip_tracking":false,"_monsterinsights_sitenote_active":false,"_monsterinsights_sitenote_note":"","_monsterinsights_sitenote_category":0,"_uf_show_specific_survey":0,"_uf_disable_surveys":false,"site-sidebar-layout":"default","site-content-layout":"","ast-site-content-layout":"default","site-content-style":"default","site-sidebar-style":"default","ast-global-header-display":"","ast-banner-title-visibility":"","ast-main-header-display":"","ast-hfb-above-header-display":"","ast-hfb-below-header-display":"","ast-hfb-mobile-header-display":"","site-post-title":"","ast-breadcrumbs-content":"","ast-featured-img":"","footer-sml-layout":"","ast-disable-related-posts":"","theme-transparent-header-meta":"default","adv-header-id-meta":"","stick-header-meta":"","header-above-stick-meta":"","header-main-stick-meta":"","header-below-stick-meta":"","astra-migrate-meta-layouts":"set","ast-page-background-enabled":"default","ast-page-background-meta":{"desktop":{"background-color":"","background-image":"","background-repeat":"repeat","background-position":"center center","background-size":"auto","background-attachment":"scroll","background-type":"","background-media":"","overlay-type":"","overlay-color":"","overlay-opacity":"","overlay-gradient":""},"tablet":{"background-color":"","background-image":"","background-repeat":"repeat","background-position":"center center","background-size":"auto","background-attachment":"scroll","background-type":"","background-media":"","overlay-type":"","overlay-color":"","overlay-opacity":"","overlay-gradient":""},"mobile":{"background-color":"","background-image":"","background-repeat":"repeat","background-position":"center center","background-size":"auto","background-attachment":"scroll","background-type":"","background-media":"","overlay-type":"","overlay-color":"","overlay-opacity":"","overlay-gradient":""}},"ast-content-background-meta":{"desktop":{"background-color":"var(--ast-global-color-5)","background-image":"","background-repeat":"repeat","background-position":"center center","background-size":"auto","background-attachment":"scroll","background-type":"","background-media":"","overlay-type":"","overlay-color":"","overlay-opacity":"","overlay-gradient":""},"tablet":{"background-color":"var(--ast-global-color-5)","background-image":"","background-repeat":"repeat","background-position":"center center","background-size":"auto","background-attachment":"scroll","background-type":"","background-media":"","overlay-type":"","overlay-color":"","overlay-opacity":"","overlay-gradient":""},"mobile":{"background-color":"var(--ast-global-color-5)","background-image":"","background-repeat":"repeat","background-position":"center center","background-size":"auto","background-attachment":"scroll","background-type":"","background-media":"","overlay-type":"","overlay-color":"","overlay-opacity":"","overlay-gradient":""}}},"product_brand":[3289,3318,3319],"product_cat":[3874,3880],"product_tag":[],"class_list":{"0":"post-19218","1":"product","2":"type-product","3":"status-publish","4":"has-post-thumbnail","6":"product_brand-cadomotus","7":"product_brand-maple","8":"product_brand-maplez","9":"product_cat-accessories","10":"product_cat-sacs-a-dos-et-sacs","11":"desktop-align-left","12":"tablet-align-left","13":"mobile-align-left","15":"first","16":"instock","17":"sale","18":"taxable","19":"shipping-taxable","20":"purchasable","21":"product-type-simple"},"acf":[],"_links":{"self":[{"href":"https:\/\/ztsports.com\/fr\/wp-json\/wp\/v2\/product\/19218","targetHints":{"allow":["GET"]}}],"collection":[{"href":"https:\/\/ztsports.com\/fr\/wp-json\/wp\/v2\/product"}],"about":[{"href":"https:\/\/ztsports.com\/fr\/wp-json\/wp\/v2\/types\/product"}],"replies":[{"embeddable":true,"href":"https:\/\/ztsports.com\/fr\/wp-json\/wp\/v2\/comments?post=19218"}],"version-history":[{"count":1,"href":"https:\/\/ztsports.com\/fr\/wp-json\/wp\/v2\/product\/19218\/revisions"}],"predecessor-version":[{"id":19219,"href":"https:\/\/ztsports.com\/fr\/wp-json\/wp\/v2\/product\/19218\/revisions\/19219"}],"wp:featuredmedia":[{"embeddable":true,"href":"https:\/\/ztsports.com\/fr\/wp-json\/wp\/v2\/media\/18769"}],"wp:attachment":[{"href":"https:\/\/ztsports.com\/fr\/wp-json\/wp\/v2\/media?parent=19218"}],"wp:term":[{"taxonomy":"product_brand","embeddable":true,"href":"https:\/\/ztsports.com\/fr\/wp-json\/wp\/v2\/product_brand?post=19218"},{"taxonomy":"product_cat","embeddable":true,"href":"https:\/\/ztsports.com\/fr\/wp-json\/wp\/v2\/product_cat?post=19218"},{"taxonomy":"product_tag","embeddable":true,"href":"https:\/\/ztsports.com\/fr\/wp-json\/wp\/v2\/product_tag?post=19218"}],"curies":[{"name":"wp","href":"https:\/\/api.w.org\/{rel}","templated":true}]}}