{"id":19216,"date":"2021-09-23T02:19:45","date_gmt":"2021-09-23T02:19:45","guid":{"rendered":"https:\/\/ztsports.com\/?post_type=product&#038;p=19216"},"modified":"2026-02-02T20:35:25","modified_gmt":"2026-02-02T20:35:25","slug":"cadomotus-backpack-water-flow","status":"publish","type":"product","link":"https:\/\/ztsports.com\/fr\/store\/cadomotus-backpack-water-flow\/","title":{"rendered":"CADOMOTUS BACKPACK WATER FLOW R\u00e9sistant \u00e0 l&#8217;eau"},"content":{"rendered":"<h1>CADOMOTUS SAC \u00c0 DOS D\u00c9BIT D&#8217;EAU<\/h1>\n<p>Le sac \u00e0 dos Cadomotus Water Flow repr\u00e9sente le meilleur de ce que vous attendez de Cadomotus &#8211; Fonction, Qualit\u00e9, Durabilit\u00e9 et Style.<\/p>\n<h4><strong>hydrofuge :<\/strong><\/h4>\n<h4>Fabriqu\u00e9 en b\u00e2che <strong>hydrofuge<\/strong>, il est l\u00e9ger et r\u00e9sistant. Con\u00e7u pour \u00eatre le sac qui contient une carri\u00e8re pleine de souvenirs. En outre, il a \u00e9t\u00e9 con\u00e7u dans un souci de confort, depuis les bretelles matelass\u00e9es et doublement rembourr\u00e9es jusqu&#8217;\u00e0 la grille d&#8217;a\u00e9ration qui soutient le dos.<\/h4>\n<p>En outre, le sac \u00e0 dos Waterflow est facile \u00e0 porter, m\u00eame lorsqu&#8217;il est charg\u00e9 \u00e0 bloc et qu&#8217;il faut le porter plus loin que du bus au banc.<\/p>\n<div><strong>DESCRIPTION :<\/strong><\/div>\n<div id=\"product_description\" class=\"position_relative\">\n<p>Le sac \u00e0 dos Waterflow a \u00e9t\u00e9 con\u00e7u par Cadomotus. Il s&#8217;agit de l&#8217;\u00e9dition Skate, con\u00e7ue pour les patineurs de vitesse actifs. Comprend de nombreux rangements sur mesure pour les patins. Il est particuli\u00e8rement utile lors des entra\u00eenements ou des rencontres, car il permet de garder les objets n\u00e9cessaires \u00e0 port\u00e9e de main.<\/p>\n<h4>Reste sec :<\/h4>\n<h4>Apportez peut-\u00eatre un jeu de patins suppl\u00e9mentaire ou des roues adapt\u00e9es \u00e0 la pluie. Se pr\u00e9parer \u00e0 un changement de temps. Tout aussi important, le sac Airflow offre une protection contre l&#8217;eau. Le sac \u00e0 dos Waterflow permet de garder au sec le contenu des articles stock\u00e9s \u00e0 l&#8217;int\u00e9rieur.<\/h4>\n<p>Cadomotus a toujours mis l&#8217;accent sur le confort du sac \u00e0 dos Waterflow. En outre, ils font tout ce qui est en leur pouvoir pour maintenir le poids \u00e0 un niveau bas. En outre, vous b\u00e9n\u00e9ficiez d&#8217;un confort de port extr\u00eamement \u00e9lev\u00e9 et vous avez l&#8217;impression de ne pas l&#8217;avoir sur vous du tout.<\/p>\n<p><strong>Caract\u00e9ristiques :<\/strong><\/p>\n<ul>\n<li><strong>Water-resistant<\/strong> material keeps your gear dry and safe<\/li>\n<li>Les bretelles anatomiques rembourr\u00e9es facilitent le transport.<\/li>\n<li>Troisi\u00e8mement Construction ergonomique pour une utilisation active sans douleur<\/li>\n<li>La ventilation hygi\u00e9nique combat les bact\u00e9ries et les odeurs g\u00eanantes.<\/li>\n<li> Capacit\u00e9 de charge importante et fonctionnelle<\/li>\n<li>La double fermeture \u00e0 glissi\u00e8re et la poign\u00e9e sur le dessus facilitent l&#8217;acc\u00e8s.<\/li>\n<li>La poche pour casque s\u00e9curise et prot\u00e8ge l&#8217;int\u00e9grit\u00e9 de votre \u00e9quipement<\/li>\n<li> Les sangles et boucles externes maintiennent les patins en ligne ou les quads en place.<\/li>\n<li> Capacit\u00e9 : 20 litres<\/li>\n<\/ul>\n<p><a href=\"https:\/\/www.facebook.com\/watch\/?v=216446532630967\" target=\"_blank\" rel=\"noopener\"><strong>Ensuite, une courte vid\u00e9o sur l&#8217;\u00e9coulement de l&#8217;eau <\/strong><\/a><\/p>\n<p>Enfin, voyez <a href=\"https:\/\/ztsports.com\/categorie-produit\/accessories\/sacs-a-dos-et-sacs\/?lang=fr\"><strong>tous nos sacs \u00e0 dos ici<\/strong><\/a>.<\/p>\n<\/div>\n","protected":false},"excerpt":{"rendered":"<p>CADOMOTUS SAC \u00c0 DOS D\u00c9BIT D&#8217;EAU Le sac \u00e0 dos Cadomotus Water Flow repr\u00e9sente le meilleur de ce que vous attendez de Cadomotus &#8211; Fonction, Qualit\u00e9, Durabilit\u00e9 et Style. hydrofuge : Fabriqu\u00e9 en b\u00e2che hydrofuge, il est l\u00e9ger et r\u00e9sistant. Con\u00e7u pour \u00eatre le sac qui contient une carri\u00e8re pleine de souvenirs. En outre, il [&hellip;]<\/p>\n","protected":false},"featured_media":18761,"comment_status":"open","ping_status":"closed","template":"","meta":{"_acf_changed":false,"_monsterinsights_skip_tracking":false,"_monsterinsights_sitenote_active":false,"_monsterinsights_sitenote_note":"","_monsterinsights_sitenote_category":0,"_uf_show_specific_survey":0,"_uf_disable_surveys":false,"site-sidebar-layout":"default","site-content-layout":"","ast-site-content-layout":"default","site-content-style":"default","site-sidebar-style":"default","ast-global-header-display":"","ast-banner-title-visibility":"","ast-main-header-display":"","ast-hfb-above-header-display":"","ast-hfb-below-header-display":"","ast-hfb-mobile-header-display":"","site-post-title":"","ast-breadcrumbs-content":"","ast-featured-img":"","footer-sml-layout":"","ast-disable-related-posts":"","theme-transparent-header-meta":"default","adv-header-id-meta":"","stick-header-meta":"","header-above-stick-meta":"","header-main-stick-meta":"","header-below-stick-meta":"","astra-migrate-meta-layouts":"set","ast-page-background-enabled":"default","ast-page-background-meta":{"desktop":{"background-color":"","background-image":"","background-repeat":"repeat","background-position":"center center","background-size":"auto","background-attachment":"scroll","background-type":"","background-media":"","overlay-type":"","overlay-color":"","overlay-opacity":"","overlay-gradient":""},"tablet":{"background-color":"","background-image":"","background-repeat":"repeat","background-position":"center center","background-size":"auto","background-attachment":"scroll","background-type":"","background-media":"","overlay-type":"","overlay-color":"","overlay-opacity":"","overlay-gradient":""},"mobile":{"background-color":"","background-image":"","background-repeat":"repeat","background-position":"center center","background-size":"auto","background-attachment":"scroll","background-type":"","background-media":"","overlay-type":"","overlay-color":"","overlay-opacity":"","overlay-gradient":""}},"ast-content-background-meta":{"desktop":{"background-color":"var(--ast-global-color-5)","background-image":"","background-repeat":"repeat","background-position":"center center","background-size":"auto","background-attachment":"scroll","background-type":"","background-media":"","overlay-type":"","overlay-color":"","overlay-opacity":"","overlay-gradient":""},"tablet":{"background-color":"var(--ast-global-color-5)","background-image":"","background-repeat":"repeat","background-position":"center center","background-size":"auto","background-attachment":"scroll","background-type":"","background-media":"","overlay-type":"","overlay-color":"","overlay-opacity":"","overlay-gradient":""},"mobile":{"background-color":"var(--ast-global-color-5)","background-image":"","background-repeat":"repeat","background-position":"center center","background-size":"auto","background-attachment":"scroll","background-type":"","background-media":"","overlay-type":"","overlay-color":"","overlay-opacity":"","overlay-gradient":""}}},"product_brand":[3289],"product_cat":[3422,3389,3391,3392,3433,3396,3467,3880],"product_tag":[3613,3583,3758,3675,3759,3760,3761],"class_list":{"0":"post-19216","1":"product","2":"type-product","3":"status-publish","4":"has-post-thumbnail","6":"product_brand-cadomotus","7":"product_cat-accessoires","8":"product_cat-accessoires-longue-piste","9":"product_cat-accessoires-pour-la-longue-piste","10":"product_cat-accessoires-short-track","11":"product_cat-accessories","13":"product_cat-patinage-de-vitesse","14":"product_cat-sacs-a-dos-et-sacs","15":"product_tag-sac-a-dos","16":"product_tag-sac-a-dos-cado-motus","17":"product_tag-sac-a-dos-cado-motus-waterflow","18":"product_tag-sac-a-dos-pour-patins-a-roues-alignees","19":"product_tag-sac-a-dos-pour-patins-de-vitesse","20":"product_tag-sac-a-dos-resistant-a-leau","21":"product_tag-sac-a-dos-waterflow","22":"desktop-align-left","23":"tablet-align-left","24":"mobile-align-left","26":"first","27":"outofstock","28":"sale","29":"taxable","30":"shipping-taxable","31":"purchasable","32":"product-type-simple"},"acf":[],"_links":{"self":[{"href":"https:\/\/ztsports.com\/fr\/wp-json\/wp\/v2\/product\/19216","targetHints":{"allow":["GET"]}}],"collection":[{"href":"https:\/\/ztsports.com\/fr\/wp-json\/wp\/v2\/product"}],"about":[{"href":"https:\/\/ztsports.com\/fr\/wp-json\/wp\/v2\/types\/product"}],"replies":[{"embeddable":true,"href":"https:\/\/ztsports.com\/fr\/wp-json\/wp\/v2\/comments?post=19216"}],"version-history":[{"count":1,"href":"https:\/\/ztsports.com\/fr\/wp-json\/wp\/v2\/product\/19216\/revisions"}],"predecessor-version":[{"id":19217,"href":"https:\/\/ztsports.com\/fr\/wp-json\/wp\/v2\/product\/19216\/revisions\/19217"}],"wp:featuredmedia":[{"embeddable":true,"href":"https:\/\/ztsports.com\/fr\/wp-json\/wp\/v2\/media\/18761"}],"wp:attachment":[{"href":"https:\/\/ztsports.com\/fr\/wp-json\/wp\/v2\/media?parent=19216"}],"wp:term":[{"taxonomy":"product_brand","embeddable":true,"href":"https:\/\/ztsports.com\/fr\/wp-json\/wp\/v2\/product_brand?post=19216"},{"taxonomy":"product_cat","embeddable":true,"href":"https:\/\/ztsports.com\/fr\/wp-json\/wp\/v2\/product_cat?post=19216"},{"taxonomy":"product_tag","embeddable":true,"href":"https:\/\/ztsports.com\/fr\/wp-json\/wp\/v2\/product_tag?post=19216"}],"curies":[{"name":"wp","href":"https:\/\/api.w.org\/{rel}","templated":true}]}}