{"id":19214,"date":"2021-09-23T02:19:45","date_gmt":"2021-09-23T02:19:45","guid":{"rendered":"https:\/\/ztsports.com\/?post_type=product&#038;p=19214"},"modified":"2026-02-02T20:35:11","modified_gmt":"2026-02-02T20:35:11","slug":"sac-a-dos-noir-bont","status":"publish","type":"product","link":"https:\/\/ztsports.com\/fr\/store\/sac-a-dos-noir-bont\/","title":{"rendered":"SAC \u00c0 DOS NOIR BONT\/Le sac \u00e0 dos BONT BLACK BACKPACK est BACK Limited Edition"},"content":{"rendered":"<h2>Le sac \u00e0 dos BONT BLACK BACKPACK est BACK Limited Edition<\/h2>\n<h3>SAC \u00c0 DOS NOIR BONT<\/h3>\n<p>Les c\u00e9l\u00e8bres <strong>Le sac \u00e0 dos noir BONT est de retour ! T<\/strong>La version classique du sac \u00e0 dos le plus vendu est maintenant disponible en NOIR, avec les m\u00eames caract\u00e9ristiques.<\/p>\n<p>Bien avant que la couleur ne devienne un facteur, il y avait le Basic Black. La version noire avec garniture en argent sterling est d\u00e9sormais \u00e0 la mode, et nous l&#8217;avons ici ! Conception ergonomique pour votre \u00e9quipement de skate. Grand paquet. Beaucoup d&#8217;espace, notamment pour le coffre et le casque : Le coffre, le casque, le porte-bouteille d&#8217;eau et les compartiments. Compartiments pour les outils et les pi\u00e8ces de patins. Deux sangles externes. Construction de qualit\u00e9. Id\u00e9al pour le mat\u00e9riel de patinage de vitesse en ligne ou sur glace et l&#8217;\u00e9quipement suppl\u00e9mentaire.<\/p>\n<h4>L&#8217;\u00e9dition limit\u00e9e du sac \u00e0 dos Bont&#8217;s est de nouveau disponible en noir !<\/h4>\n<p>Avec les m\u00eames qualit\u00e9s l\u00e9gendaires, BONT a maintenant d\u00e9voil\u00e9 son tr\u00e8s appr\u00e9ci\u00e9 sac \u00e0 dos Silver en noir. Con\u00e7u de mani\u00e8re ergonomique pour accueillir vos accessoires de patinage, ce grand sac offre beaucoup d&#8217;espace, avec des compartiments pour les chaussures, les casques, les outils et les roulements &#8211; sans oublier deux sangles pour les roues ! Fabriqu\u00e9 dans un souci de qualit\u00e9 et de durabilit\u00e9, ce sac \u00e0 dos est le compl\u00e9ment id\u00e9al de l&#8217;\u00e9quipement en ligne et de l&#8217;\u00e9quipement de glace.<\/p>\n<p>De plus, la couleur noire est tr\u00e8s esth\u00e9tique, m\u00eame apr\u00e8s plusieurs saisons d&#8217;utilisation. De plus, le prix est tr\u00e8s abordable.<\/p>\n<h5>SAC \u00c0 DOS NOIR BONT<\/h5>\n<p>Et puis un <a href=\"https:\/\/inlinepaceline.wordpress.com\/2012\/04\/07\/bont-backpack-review\/\" target=\"_blank\" rel=\"noopener\"><strong>revue du sac \u00e0 dos classique Bont Black Backpack<\/strong><\/a>.<\/p>\n<p>Enfin, si la couleur est un facteur important, v\u00e9rifiez les autres options de sac \u00e0 dos ici.<strong><a href=\"https:\/\/ztsports.com\/product-category\/accessories\/backpacks-bags\/\"> si la couleur est un facteur important, consultez les autres options de sacs \u00e0 dos ici.<\/a><\/strong><\/p>\n","protected":false},"excerpt":{"rendered":"<p>Le sac \u00e0 dos BONT BLACK BACKPACK est BACK Limited Edition SAC \u00c0 DOS NOIR BONT Les c\u00e9l\u00e8bres Le sac \u00e0 dos noir BONT est de retour ! TLa version classique du sac \u00e0 dos le plus vendu est maintenant disponible en NOIR, avec les m\u00eames caract\u00e9ristiques. Bien avant que la couleur ne devienne un [&hellip;]<\/p>\n","protected":false},"featured_media":18757,"comment_status":"open","ping_status":"closed","template":"","meta":{"_acf_changed":false,"_monsterinsights_skip_tracking":false,"_monsterinsights_sitenote_active":false,"_monsterinsights_sitenote_note":"","_monsterinsights_sitenote_category":0,"_uf_show_specific_survey":0,"_uf_disable_surveys":false,"site-sidebar-layout":"default","site-content-layout":"","ast-site-content-layout":"default","site-content-style":"default","site-sidebar-style":"default","ast-global-header-display":"","ast-banner-title-visibility":"","ast-main-header-display":"","ast-hfb-above-header-display":"","ast-hfb-below-header-display":"","ast-hfb-mobile-header-display":"","site-post-title":"","ast-breadcrumbs-content":"","ast-featured-img":"","footer-sml-layout":"","ast-disable-related-posts":"","theme-transparent-header-meta":"default","adv-header-id-meta":"","stick-header-meta":"","header-above-stick-meta":"","header-main-stick-meta":"","header-below-stick-meta":"","astra-migrate-meta-layouts":"set","ast-page-background-enabled":"default","ast-page-background-meta":{"desktop":{"background-color":"","background-image":"","background-repeat":"repeat","background-position":"center center","background-size":"auto","background-attachment":"scroll","background-type":"","background-media":"","overlay-type":"","overlay-color":"","overlay-opacity":"","overlay-gradient":""},"tablet":{"background-color":"","background-image":"","background-repeat":"repeat","background-position":"center center","background-size":"auto","background-attachment":"scroll","background-type":"","background-media":"","overlay-type":"","overlay-color":"","overlay-opacity":"","overlay-gradient":""},"mobile":{"background-color":"","background-image":"","background-repeat":"repeat","background-position":"center center","background-size":"auto","background-attachment":"scroll","background-type":"","background-media":"","overlay-type":"","overlay-color":"","overlay-opacity":"","overlay-gradient":""}},"ast-content-background-meta":{"desktop":{"background-color":"var(--ast-global-color-5)","background-image":"","background-repeat":"repeat","background-position":"center center","background-size":"auto","background-attachment":"scroll","background-type":"","background-media":"","overlay-type":"","overlay-color":"","overlay-opacity":"","overlay-gradient":""},"tablet":{"background-color":"var(--ast-global-color-5)","background-image":"","background-repeat":"repeat","background-position":"center center","background-size":"auto","background-attachment":"scroll","background-type":"","background-media":"","overlay-type":"","overlay-color":"","overlay-opacity":"","overlay-gradient":""},"mobile":{"background-color":"var(--ast-global-color-5)","background-image":"","background-repeat":"repeat","background-position":"center center","background-size":"auto","background-attachment":"scroll","background-type":"","background-media":"","overlay-type":"","overlay-color":"","overlay-opacity":"","overlay-gradient":""}}},"product_brand":[3285,3289],"product_cat":[3389,3392,3878,3467,3381,3408,3880],"product_tag":[],"class_list":{"0":"post-19214","1":"product","2":"type-product","3":"status-publish","4":"has-post-thumbnail","6":"product_brand-bont","7":"product_brand-cadomotus","8":"product_cat-accessoires-longue-piste","9":"product_cat-accessoires-short-track","10":"product_cat-cadeaux","11":"product_cat-patinage-de-vitesse","12":"product_cat-patinage-de-vitesse-en-ligne","13":"product_cat-patins-a-roulettes","14":"product_cat-sacs-a-dos-et-sacs","15":"desktop-align-left","16":"tablet-align-left","17":"mobile-align-left","19":"first","20":"instock","21":"taxable","22":"shipping-taxable","23":"purchasable","24":"product-type-simple"},"acf":[],"_links":{"self":[{"href":"https:\/\/ztsports.com\/fr\/wp-json\/wp\/v2\/product\/19214","targetHints":{"allow":["GET"]}}],"collection":[{"href":"https:\/\/ztsports.com\/fr\/wp-json\/wp\/v2\/product"}],"about":[{"href":"https:\/\/ztsports.com\/fr\/wp-json\/wp\/v2\/types\/product"}],"replies":[{"embeddable":true,"href":"https:\/\/ztsports.com\/fr\/wp-json\/wp\/v2\/comments?post=19214"}],"version-history":[{"count":1,"href":"https:\/\/ztsports.com\/fr\/wp-json\/wp\/v2\/product\/19214\/revisions"}],"predecessor-version":[{"id":19215,"href":"https:\/\/ztsports.com\/fr\/wp-json\/wp\/v2\/product\/19214\/revisions\/19215"}],"wp:featuredmedia":[{"embeddable":true,"href":"https:\/\/ztsports.com\/fr\/wp-json\/wp\/v2\/media\/18757"}],"wp:attachment":[{"href":"https:\/\/ztsports.com\/fr\/wp-json\/wp\/v2\/media?parent=19214"}],"wp:term":[{"taxonomy":"product_brand","embeddable":true,"href":"https:\/\/ztsports.com\/fr\/wp-json\/wp\/v2\/product_brand?post=19214"},{"taxonomy":"product_cat","embeddable":true,"href":"https:\/\/ztsports.com\/fr\/wp-json\/wp\/v2\/product_cat?post=19214"},{"taxonomy":"product_tag","embeddable":true,"href":"https:\/\/ztsports.com\/fr\/wp-json\/wp\/v2\/product_tag?post=19214"}],"curies":[{"name":"wp","href":"https:\/\/api.w.org\/{rel}","templated":true}]}}