{"id":19212,"date":"2021-09-23T02:19:46","date_gmt":"2021-09-23T02:19:46","guid":{"rendered":"https:\/\/ztsports.com\/?post_type=product&#038;p=19212"},"modified":"2026-02-02T20:34:47","modified_gmt":"2026-02-02T20:34:47","slug":"cadomotus-versatile-backpack","status":"publish","type":"product","link":"https:\/\/ztsports.com\/fr\/store\/cadomotus-versatile-backpack\/","title":{"rendered":"CADOMOTUS Versatile Backpack\/CADOMOTUS Sac \u00e0 dos polyvalent Sac multisport"},"content":{"rendered":"<h2 style=\"text-align: justify;\"><strong>CADOMOTUS Sac \u00e0 dos polyvalent Sac multisport<\/strong><\/h2>\n<p>CADOMOTUS Versatile Backpack<\/p>\n<p>Le sac \u00e0 dos polyvalent CADOMOTUS est une NOUVELLE innovation <a href=\"https:\/\/www.instagram.com\/zt_sports_speed_skating\/\" target=\"_blank\" rel=\"noopener\">@Zt Sports. <\/a>Une nouvelle version audacieuse d&#8217;un sac imperm\u00e9able classique appr\u00e9ci\u00e9 dans le monde entier, nos sacs mis \u00e0 jour sont pr\u00eats \u00e0 devenir le sac \u00e0 dos de sport le plus polyvalent du march\u00e9. La nouvelle norme pour les athl\u00e8tes qui pratiquent le patin \u00e0 roues align\u00e9es, le patin \u00e0 glace, le v\u00e9lo et le VTT et qui participent \u00e9galement \u00e0 des triathlons, c&#8217;est une conception indestructible que vous pouvez emmener partout et soumettre \u00e0 n&#8217;importe quoi. C&#8217;est le sac par excellence.<\/p>\n<p>CADOMOTUS Versatile Backpack<\/p>\n<h2 style=\"text-align: justify;\"><strong>Acheter le dernier sac polyvalent CadoMotus<\/strong><\/h2>\n<p style=\"text-align: justify;\"><strong>Pr\u00e9sentation du sac \u00e0 dos polyvalent CADOMOTUS &#8211; Le compagnon sportif par excellence<\/strong><\/p>\n<p style=\"text-align: justify;\">Bienvenue chez Zt Sports, o\u00f9 nous avons le plaisir de vous pr\u00e9senter le sac \u00e0 dos polyvalent CADOMOTUS, la toute derni\u00e8re innovation en mati\u00e8re de sacs \u00e0 dos de sport. Ce sac \u00e0 dos est une nouvelle interpr\u00e9tation audacieuse d&#8217;un mod\u00e8le classique de sac \u00e9tanche appr\u00e9ci\u00e9 dans le monde entier, et il est en passe de devenir le sac \u00e0 dos de sport le plus polyvalent du march\u00e9.<\/p>\n<h3><strong>CADOMOTUS Versatile Backpack Sac multisport<\/strong><\/h3>\n<p style=\"text-align: justify;\">Que vous soyez \u00e0 la recherche d&#8217;un sac \u00e0 dos pour vos randonn\u00e9es \u00e0 v\u00e9lo ou en VTT ou d&#8217;un sac qui gardera votre \u00e9quipement au sec pendant les triathlons et le patinage en ligne ou sur glace, le sac \u00e0 dos CADOMOTUS Versatile Backpack est fait pour vous. Commandez le v\u00f4tre d\u00e8s aujourd&#8217;hui et faites passer vos sports au niveau sup\u00e9rieur !<\/p>\n<ul style=\"text-align: justify;\">\n<li><strong>La polyvalence \u00e0 son meilleur<\/strong><\/li>\n<\/ul>\n<p style=\"text-align: justify;\">De plus, le sac \u00e0 dos CADOMOTUS Versatile Backpack est le compagnon id\u00e9al des athl\u00e8tes qui pratiquent le patin \u00e0 roues align\u00e9es, le patinage de vitesse sur glace, le cyclisme, le VTT et le triathlon. Gr\u00e2ce \u00e0 sa conception indestructible, vous pouvez emmener ce sac partout et le soumettre \u00e0 tout. C&#8217;est le seul sac qui les gouverne tous.<\/p>\n<ul style=\"text-align: justify;\">\n<li><strong>Conception innovante<\/strong><\/li>\n<\/ul>\n<p style=\"text-align: justify;\">Nos sacs actualis\u00e9s pr\u00e9sentent un design innovant, \u00e0 la fois fonctionnel et \u00e9l\u00e9gant. Le sac \u00e0 dos comporte plusieurs compartiments et poches, ce qui facilite l&#8217;organisation et l&#8217;acc\u00e8s \u00e0 votre \u00e9quipement. Le mat\u00e9riau imperm\u00e9able garantit que vos effets personnels restent au sec m\u00eame dans les pires conditions m\u00e9t\u00e9orologiques.<\/p>\n<ul style=\"text-align: justify;\">\n<li><strong>Durabilit\u00e9 et confort<\/strong><\/li>\n<\/ul>\n<p style=\"text-align: justify;\">Le sac \u00e0 dos polyvalent CADOMOTUS est fabriqu\u00e9 avec des mat\u00e9riaux de haute qualit\u00e9 et est donc con\u00e7u pour durer. Con\u00e7u pour \u00eatre confortable \u00e0 porter, m\u00eame lorsqu&#8217;il est enti\u00e8rement charg\u00e9. Les bretelles et le panneau dorsal rembourr\u00e9s offrent un confort suppl\u00e9mentaire, et le syst\u00e8me de ventilation vous aide \u00e0 rester au frais et au sec.<\/p>\n<ul style=\"text-align: justify;\">\n<li><strong>Personnalisable et thermo-moulable<\/strong><\/li>\n<\/ul>\n<p style=\"text-align: justify;\">De plus, le sac \u00e0 dos polyvalent CADOMOTUS est personnalisable et thermo-moulable. Vous pouvez ainsi cr\u00e9er une coupe parfaite pour votre corps. En outre, la structure monocoque du sac \u00e0 dos est fabriqu\u00e9e \u00e0 la main avec 100 % de fibre de carbone K3 et de r\u00e9sine \u00e9poxy.&gt;<\/p>\n<p style=\"text-align: justify;\">Il est extr\u00eamement rigide et durable. De plus, gr\u00e2ce \u00e0 sa fonction de personnalisation, vous pourrez obtenir un ajustement confortable et s\u00fbr, ce qui le rend parfait pour n&#8217;importe quelle activit\u00e9.<\/p>\n<p style=\"text-align: justify;\"><strong>Pourquoi acheter le sac \u00e0 dos polyvalent CadoMotus en ligne chez Zt Sports ?<\/strong><\/p>\n<ul style=\"text-align: justify;\">\n<li>CADOMOTUS Versatile Backpack<\/li>\n<li>Un produit fiable et de qualit\u00e9<\/li>\n<li>Engagement envers la satisfaction du client<\/li>\n<li>Une boutique en ligne facile \u00e0 naviguer<\/li>\n<li>Une \u00e9quipe comp\u00e9tente disponible pour le soutien<\/li>\n<li>Large gamme d&#8217;\u00e9quipements et d&#8217;accessoires de sport<\/li>\n<li>Convient \u00e0 tous les niveaux de comp\u00e9tence et \u00e0 tous les budgets<\/li>\n<li>Bonnes affaires et prix comp\u00e9titifs<\/li>\n<li>Une exp\u00e9rience d&#8217;achat en ligne pratique<\/li>\n<li>Options d&#8217;exp\u00e9dition rapides et fiables<\/li>\n<li>Options de paiement s\u00e9curis\u00e9 disponibles<\/li>\n<\/ul>\n<p style=\"text-align: justify;\"><strong>Passez votre commande aujourd&#8217;hui<\/strong><\/p>\n<p style=\"text-align: justify;\">Am\u00e9liorez votre \u00e9quipement sportif avec le sac \u00e0 dos polyvalent CADOMOTUS de Zt Sports.<\/p>\n<p style=\"text-align: justify;\">Que vous soyez patineur \u00e0 roues align\u00e9es, patineur sur glace, cycliste, v\u00e9t\u00e9tiste ou triathl\u00e8te, le sac \u00e0 dos polyvalent CADOMOTUS est le compagnon sportif id\u00e9al. Outre son design innovant, sa durabilit\u00e9 et son confort, il vous permettra d&#8217;emporter tout votre mat\u00e9riel o\u00f9 que vous alliez, quelles que soient les conditions m\u00e9t\u00e9orologiques.<\/p>\n<p style=\"text-align: justify;\">Ne manquez pas l&#8217;occasion d&#8217;am\u00e9liorer votre exp\u00e9rience sportive ; commandez le sac \u00e0 dos CADOMOTUS Versatile d\u00e8s aujourd&#8217;hui et faites passer vos activit\u00e9s sportives au niveau sup\u00e9rieur.<\/p>\n<h5 class=\"LC20lb MBeuO DKV0Md\">En outre, un <a href=\"https:\/\/www.youtube.com\/watch?v=tHvBCWspa74\" target=\"_blank\" rel=\"noopener\"><strong>Cadomotus Versatile Race Day Bag (sac polyvalent pour le jour de la course)<\/strong><\/a> pour les cyclistes ou les patineurs qui font leurs bagages pour le week-end &#8211; YouTube<\/h5>\n<p>Enfin, tous nos <a href=\"https:\/\/ztsports.com\/product-category\/accessories\/backpacks-bags\/\"><strong>sacs \u00e0 dos et sacs de sport<\/strong><\/a> sont ici.<\/p>\n<p style=\"text-align: justify;\">\n","protected":false},"excerpt":{"rendered":"<p>CADOMOTUS Sac \u00e0 dos polyvalent Sac multisport CADOMOTUS Versatile Backpack Le sac \u00e0 dos polyvalent CADOMOTUS est une NOUVELLE innovation @Zt Sports. Une nouvelle version audacieuse d&#8217;un sac imperm\u00e9able classique appr\u00e9ci\u00e9 dans le monde entier, nos sacs mis \u00e0 jour sont pr\u00eats \u00e0 devenir le sac \u00e0 dos de sport le plus polyvalent du march\u00e9. [&hellip;]<\/p>\n","protected":false},"featured_media":18745,"comment_status":"open","ping_status":"closed","template":"","meta":{"_acf_changed":false,"_monsterinsights_skip_tracking":false,"_monsterinsights_sitenote_active":false,"_monsterinsights_sitenote_note":"","_monsterinsights_sitenote_category":0,"_uf_show_specific_survey":0,"_uf_disable_surveys":false,"site-sidebar-layout":"default","site-content-layout":"","ast-site-content-layout":"default","site-content-style":"default","site-sidebar-style":"default","ast-global-header-display":"","ast-banner-title-visibility":"","ast-main-header-display":"","ast-hfb-above-header-display":"","ast-hfb-below-header-display":"","ast-hfb-mobile-header-display":"","site-post-title":"","ast-breadcrumbs-content":"","ast-featured-img":"","footer-sml-layout":"","ast-disable-related-posts":"","theme-transparent-header-meta":"default","adv-header-id-meta":"","stick-header-meta":"","header-above-stick-meta":"","header-main-stick-meta":"","header-below-stick-meta":"","astra-migrate-meta-layouts":"set","ast-page-background-enabled":"default","ast-page-background-meta":{"desktop":{"background-color":"","background-image":"","background-repeat":"repeat","background-position":"center center","background-size":"auto","background-attachment":"scroll","background-type":"","background-media":"","overlay-type":"","overlay-color":"","overlay-opacity":"","overlay-gradient":""},"tablet":{"background-color":"","background-image":"","background-repeat":"repeat","background-position":"center center","background-size":"auto","background-attachment":"scroll","background-type":"","background-media":"","overlay-type":"","overlay-color":"","overlay-opacity":"","overlay-gradient":""},"mobile":{"background-color":"","background-image":"","background-repeat":"repeat","background-position":"center center","background-size":"auto","background-attachment":"scroll","background-type":"","background-media":"","overlay-type":"","overlay-color":"","overlay-opacity":"","overlay-gradient":""}},"ast-content-background-meta":{"desktop":{"background-color":"var(--ast-global-color-5)","background-image":"","background-repeat":"repeat","background-position":"center center","background-size":"auto","background-attachment":"scroll","background-type":"","background-media":"","overlay-type":"","overlay-color":"","overlay-opacity":"","overlay-gradient":""},"tablet":{"background-color":"var(--ast-global-color-5)","background-image":"","background-repeat":"repeat","background-position":"center center","background-size":"auto","background-attachment":"scroll","background-type":"","background-media":"","overlay-type":"","overlay-color":"","overlay-opacity":"","overlay-gradient":""},"mobile":{"background-color":"var(--ast-global-color-5)","background-image":"","background-repeat":"repeat","background-position":"center center","background-size":"auto","background-attachment":"scroll","background-type":"","background-media":"","overlay-type":"","overlay-color":"","overlay-opacity":"","overlay-gradient":""}}},"product_brand":[3289],"product_cat":[3874,3381,3408,3625,3880],"product_tag":[],"class_list":{"0":"post-19212","1":"product","2":"type-product","3":"status-publish","4":"has-post-thumbnail","6":"product_brand-cadomotus","7":"product_cat-accessories","8":"product_cat-patinage-de-vitesse-en-ligne","9":"product_cat-patins-a-roulettes","10":"product_cat-patins-de-vitesse","11":"product_cat-sacs-a-dos-et-sacs","12":"desktop-align-left","13":"tablet-align-left","14":"mobile-align-left","16":"first","17":"instock","18":"sale","19":"taxable","20":"shipping-taxable","21":"purchasable","22":"product-type-simple"},"acf":[],"_links":{"self":[{"href":"https:\/\/ztsports.com\/fr\/wp-json\/wp\/v2\/product\/19212","targetHints":{"allow":["GET"]}}],"collection":[{"href":"https:\/\/ztsports.com\/fr\/wp-json\/wp\/v2\/product"}],"about":[{"href":"https:\/\/ztsports.com\/fr\/wp-json\/wp\/v2\/types\/product"}],"replies":[{"embeddable":true,"href":"https:\/\/ztsports.com\/fr\/wp-json\/wp\/v2\/comments?post=19212"}],"version-history":[{"count":1,"href":"https:\/\/ztsports.com\/fr\/wp-json\/wp\/v2\/product\/19212\/revisions"}],"predecessor-version":[{"id":19213,"href":"https:\/\/ztsports.com\/fr\/wp-json\/wp\/v2\/product\/19212\/revisions\/19213"}],"wp:featuredmedia":[{"embeddable":true,"href":"https:\/\/ztsports.com\/fr\/wp-json\/wp\/v2\/media\/18745"}],"wp:attachment":[{"href":"https:\/\/ztsports.com\/fr\/wp-json\/wp\/v2\/media?parent=19212"}],"wp:term":[{"taxonomy":"product_brand","embeddable":true,"href":"https:\/\/ztsports.com\/fr\/wp-json\/wp\/v2\/product_brand?post=19212"},{"taxonomy":"product_cat","embeddable":true,"href":"https:\/\/ztsports.com\/fr\/wp-json\/wp\/v2\/product_cat?post=19212"},{"taxonomy":"product_tag","embeddable":true,"href":"https:\/\/ztsports.com\/fr\/wp-json\/wp\/v2\/product_tag?post=19212"}],"curies":[{"name":"wp","href":"https:\/\/api.w.org\/{rel}","templated":true}]}}