{"id":19210,"date":"2021-09-23T02:20:53","date_gmt":"2021-09-23T02:20:53","guid":{"rendered":"https:\/\/ztsports.com\/?post_type=product&#038;p=19210"},"modified":"2026-02-02T20:34:30","modified_gmt":"2026-02-02T20:34:30","slug":"bont-patriot-carbon-boa","status":"publish","type":"product","link":"https:\/\/ztsports.com\/fr\/store\/bont-patriot-carbon-boa\/","title":{"rendered":"BONT PATRIOT CARBON BOA SHORT TRACK BOOT"},"content":{"rendered":"<p><strong>La chaussure Bont Patriot Carbon BOA Short Track est plus rigide que la Patriot, la Bont Patriot Carbon BOA offre plus de soutien aux patineurs qui cherchent \u00e0 atteindre des vitesses plus \u00e9lev\u00e9es.<\/strong><\/p>\n<p>Enfin, ajoutez un cadran BOA pour affiner le serrage de votre chaussure entre les s\u00e9ries.<\/p>\n<h3>Super vente de nettoyage de printemps Taille:39<\/h3>\n<h3 class=\"product_title entry-title show-product-nav\">BONT PATRIOT CARBON BOA<\/h3>\n<h3 class=\"product_title entry-title show-product-nav\"><strong>Une extension naturelle de votre corps<\/strong><\/h3>\n<p><strong>Specifications:<\/strong><\/p>\n<p>D&#8217;abord la base : Base en composite de carbone pos\u00e9e \u00e0 la main<\/p>\n<p>Deuxi\u00e8me peau ext\u00e9rieure : Microfibre<\/p>\n<p>Troisi\u00e8mement, la doublure : Microfibre<\/p>\n<p>Quatri\u00e8me semelle int\u00e9rieure : Cuir<\/p>\n<p>le plus important thermo-moulable : Base enti\u00e8rement thermoformable utilisant une r\u00e9sine \u00e9poxy thermodurcissable<\/p>\n<p>Rembourrage : Mousse \u00e0 m\u00e9moire de forme haute densit\u00e9<\/p>\n<p>Options de fermeture : Dual Boa dial + Lace Cover<\/p>\n<h5 class=\"tw-data-text tw-text-large tw-ta\" dir=\"ltr\" data-placeholder=\"Translation\">Maintenant une vid\u00e9o sur <a href=\"https:\/\/www.youtube.com\/watch?v=2AfKfzVSCWk\" target=\"_blank\" rel=\"noopener\"><strong>Le moulage \u00e0 chaud des bottes Bont.<\/strong><\/a><\/h5>\n<p><a href=\"https:\/\/www.youtube.com\/watch?v=ap-RUcV2cOs\" target=\"_blank\" rel=\"noopener\"><strong>Comment serrer et desserrer les cadrans Boa + 3 astuces<\/strong><\/a><\/p>\n<p dir=\"ltr\" data-placeholder=\"Translation\">Enfin, vous pouvez trouver toutes nos bottes <a href=\"https:\/\/ztsports.com\/categorie-produit\/bottes\/?lang=fr\"><strong>Short Track ici.<\/strong><\/a><\/p>\n","protected":false},"excerpt":{"rendered":"<p>La chaussure Bont Patriot Carbon BOA Short Track est plus rigide que la Patriot, la Bont Patriot Carbon BOA offre plus de soutien aux patineurs qui cherchent \u00e0 atteindre des vitesses plus \u00e9lev\u00e9es. Enfin, ajoutez un cadran BOA pour affiner le serrage de votre chaussure entre les s\u00e9ries. Super vente de nettoyage de printemps Taille:39 [&hellip;]<\/p>\n","protected":false},"featured_media":18743,"comment_status":"open","ping_status":"closed","template":"","meta":{"_acf_changed":false,"_monsterinsights_skip_tracking":false,"_monsterinsights_sitenote_active":false,"_monsterinsights_sitenote_note":"","_monsterinsights_sitenote_category":0,"_uf_show_specific_survey":0,"_uf_disable_surveys":false,"site-sidebar-layout":"default","site-content-layout":"","ast-site-content-layout":"default","site-content-style":"default","site-sidebar-style":"default","ast-global-header-display":"","ast-banner-title-visibility":"","ast-main-header-display":"","ast-hfb-above-header-display":"","ast-hfb-below-header-display":"","ast-hfb-mobile-header-display":"","site-post-title":"","ast-breadcrumbs-content":"","ast-featured-img":"","footer-sml-layout":"","ast-disable-related-posts":"","theme-transparent-header-meta":"default","adv-header-id-meta":"","stick-header-meta":"","header-above-stick-meta":"","header-main-stick-meta":"","header-below-stick-meta":"","astra-migrate-meta-layouts":"set","ast-page-background-enabled":"default","ast-page-background-meta":{"desktop":{"background-color":"","background-image":"","background-repeat":"repeat","background-position":"center center","background-size":"auto","background-attachment":"scroll","background-type":"","background-media":"","overlay-type":"","overlay-color":"","overlay-opacity":"","overlay-gradient":""},"tablet":{"background-color":"","background-image":"","background-repeat":"repeat","background-position":"center center","background-size":"auto","background-attachment":"scroll","background-type":"","background-media":"","overlay-type":"","overlay-color":"","overlay-opacity":"","overlay-gradient":""},"mobile":{"background-color":"","background-image":"","background-repeat":"repeat","background-position":"center center","background-size":"auto","background-attachment":"scroll","background-type":"","background-media":"","overlay-type":"","overlay-color":"","overlay-opacity":"","overlay-gradient":""}},"ast-content-background-meta":{"desktop":{"background-color":"var(--ast-global-color-5)","background-image":"","background-repeat":"repeat","background-position":"center center","background-size":"auto","background-attachment":"scroll","background-type":"","background-media":"","overlay-type":"","overlay-color":"","overlay-opacity":"","overlay-gradient":""},"tablet":{"background-color":"var(--ast-global-color-5)","background-image":"","background-repeat":"repeat","background-position":"center center","background-size":"auto","background-attachment":"scroll","background-type":"","background-media":"","overlay-type":"","overlay-color":"","overlay-opacity":"","overlay-gradient":""},"mobile":{"background-color":"var(--ast-global-color-5)","background-image":"","background-repeat":"repeat","background-position":"center center","background-size":"auto","background-attachment":"scroll","background-type":"","background-media":"","overlay-type":"","overlay-color":"","overlay-opacity":"","overlay-gradient":""}}},"product_brand":[3285,3342],"product_cat":[3786,3721,3395,3467],"product_tag":[2039,2040,2041],"class_list":{"0":"post-19210","1":"product","2":"type-product","3":"status-publish","4":"has-post-thumbnail","6":"product_brand-bont","7":"product_brand-spring-cleaning","8":"product_cat-bottes","9":"product_cat-bottes-de-patinage-de-vitesse","10":"product_cat-courte-piste","11":"product_cat-patinage-de-vitesse","12":"product_tag-boa","13":"product_tag-bont-boa","14":"product_tag-bont-patriot-carbon-boa","15":"desktop-align-left","16":"tablet-align-left","17":"mobile-align-left","19":"first","20":"instock","21":"featured","22":"taxable","23":"shipping-taxable","24":"purchasable","25":"product-type-simple"},"acf":[],"_links":{"self":[{"href":"https:\/\/ztsports.com\/fr\/wp-json\/wp\/v2\/product\/19210","targetHints":{"allow":["GET"]}}],"collection":[{"href":"https:\/\/ztsports.com\/fr\/wp-json\/wp\/v2\/product"}],"about":[{"href":"https:\/\/ztsports.com\/fr\/wp-json\/wp\/v2\/types\/product"}],"replies":[{"embeddable":true,"href":"https:\/\/ztsports.com\/fr\/wp-json\/wp\/v2\/comments?post=19210"}],"version-history":[{"count":1,"href":"https:\/\/ztsports.com\/fr\/wp-json\/wp\/v2\/product\/19210\/revisions"}],"predecessor-version":[{"id":19211,"href":"https:\/\/ztsports.com\/fr\/wp-json\/wp\/v2\/product\/19210\/revisions\/19211"}],"wp:featuredmedia":[{"embeddable":true,"href":"https:\/\/ztsports.com\/fr\/wp-json\/wp\/v2\/media\/18743"}],"wp:attachment":[{"href":"https:\/\/ztsports.com\/fr\/wp-json\/wp\/v2\/media?parent=19210"}],"wp:term":[{"taxonomy":"product_brand","embeddable":true,"href":"https:\/\/ztsports.com\/fr\/wp-json\/wp\/v2\/product_brand?post=19210"},{"taxonomy":"product_cat","embeddable":true,"href":"https:\/\/ztsports.com\/fr\/wp-json\/wp\/v2\/product_cat?post=19210"},{"taxonomy":"product_tag","embeddable":true,"href":"https:\/\/ztsports.com\/fr\/wp-json\/wp\/v2\/product_tag?post=19210"}],"curies":[{"name":"wp","href":"https:\/\/api.w.org\/{rel}","templated":true}]}}