{"id":19208,"date":"2021-09-23T02:20:54","date_gmt":"2021-09-23T02:20:54","guid":{"rendered":"https:\/\/ztsports.com\/?post_type=product&#038;p=19208"},"modified":"2026-02-02T20:33:47","modified_gmt":"2026-02-02T20:33:47","slug":"cadomotus-alpha-color-palette","status":"publish","type":"product","link":"https:\/\/ztsports.com\/fr\/store\/cadomotus-alpha-color-palette\/","title":{"rendered":"Cadomotus Alpha Color Palette Sonic Aero Shell"},"content":{"rendered":"<h2><strong>Cadomotus Alpha Color Palette ou <\/strong>Sonic Aero Shell<\/h2>\n<p>Cadomotus Alpha Color Palette vous permet de personnaliser vos <strong>casques Alpha ou Sonic Aero<\/strong>. Montrez vos vraies couleurs, ou assortissez-vous aux couleurs de votre club. En outre, un<span style=\"color: #666666;\">Le bouclier est utilis\u00e9 lors des marathons en plein air pour se prot\u00e9ger de la pluie ou du froid. It will help you to keep warm. <\/span><\/p>\n<p><span style=\"color: #666666;\">De plus, d\u00e9tachez votre Cadomotus Alpha Color Palette lorsque vous courez dans une patinoire int\u00e9rieure et b\u00e9n\u00e9ficiez d&#8217;une ventilation suppl\u00e9mentaire pour votre t\u00eate. <strong>(Note\u2026shield required for short track in Canada) <\/strong>Vous pouvez \u00e9galement d\u00e9tacher l&#8217;\u00e9cran et utiliser le casque pour le cyclisme en ligne ou sur route, en profitant du flux d&#8217;air rafra\u00eechissant cr\u00e9\u00e9 par les sept a\u00e9rations minimis\u00e9es.<\/span><\/p>\n<div class=\"title-small title-font\">Description<\/div>\n<p>Avec ces boucliers a\u00e9rodynamiques \u00e9l\u00e9gants, vous pouvez rendre votre casque de skate C\u00e1domotus compl\u00e8tement unique et personnalisable, ainsi que plus a\u00e9rodynamique gr\u00e2ce au motif en forme de balle de golf.<\/p>\n<h3>Au sommet de votre sport, tout est question de gains marginaux.<\/h3>\n<p>La palette de couleurs Cadomotus Alpha pour le bouclier Sonic Aero est l&#8217;un de ces petits d\u00e9tails qui font d&#8217;\u00e9normes diff\u00e9rences. Cet \u00e9cran est mont\u00e9 sur le dessus d&#8217;un casque Alpha-2 ou Alpha pour diminuer la force de tra\u00een\u00e9e en r\u00e9duisant la r\u00e9sistance \u00e0 l&#8217;air \u00e0 l&#8217;aide du motif \u00e0 alv\u00e9oles \u00e9galement connu sous le nom d&#8217;effet balle de golf.<\/p>\n<p>La r\u00e9sistance de l&#8217;air est l&#8217;une des plus grandes r\u00e9sistances dans le patinage en ligne et le patinage de vitesse sur glace, ainsi que dans le cyclisme. C&#8217;est pourquoi toutes sortes d&#8217;innovations ont lieu dans ce domaine. Pensez par exemple aux combinaisons de cyclisme contre la montre de l&#8217;\u00e9quipe Sky et aux c\u00e9l\u00e8bres bandes dessin\u00e9es qui ont \u00e9t\u00e9 introduites sur les combinaisons de patinage lors des Jeux olympiques de Nagano. Toutes ces innovations visent \u00e0 r\u00e9duire les turbulences et donc la r\u00e9sistance de l&#8217;air.<\/p>\n<p>Le motif de la balle de golf a \u00e9t\u00e9 appliqu\u00e9 aux boucliers pour modifier le caract\u00e8re &#8211; de laminaire \u00e0 turbulent &#8211; de la couche limite du flux d&#8217;air. Ainsi, le sillage se r\u00e9duit, ce qui nous permet de r\u00e9aliser d&#8217;importants gains marginaux.<\/p>\n<h3>Totalement unique<\/h3>\n<p>Avec les boucliers Cadomotus Alpha Color Palette, vous rendez votre casque de patinage C\u00e1domotus compl\u00e8tement personnalisable.<\/p>\n<p><strong>Quelle est la couleur qui s&#8217;harmonise le mieux avec votre tenue ?<\/strong><\/p>\n<p>Ces boucliers peuvent facilement \u00eatre mont\u00e9s \u00e0 l&#8217;aide de petites vis hexagonales, ce qui vous permet de les changer facilement et d&#8217;arborer les couleurs de votre choix. Vous pouvez \u00e9galement sceller les trous d&#8217;a\u00e9ration, ce qui vous permet de vous adapter rapidement aux diff\u00e9rentes conditions m\u00e9t\u00e9orologiques.<\/p>\n<p>Si vous patinez sur de la glace naturelle \u00e0 l&#8217;ext\u00e9rieur, vous pouvez les fermer, mais si vous patinez \u00e0 l&#8217;int\u00e9rieur, vous pr\u00e9f\u00e9rez peut-\u00eatre un peu plus d&#8217;a\u00e9ration. Quelles que soient les conditions, vous serez bien pr\u00e9par\u00e9 !<\/p>\n<p><strong><span class=\"Y2IQFc\" lang=\"en\">FPVQ ET <a href=\"https:\/\/www.ontariospeedskating.ca\/safety-equipment\" target=\"_blank\" rel=\"noopener\">OSSA : Accessoire obligatoire<\/a> en comp\u00e9tition.<\/span><\/strong><\/p>\n<p>Enfin, vous trouverez tous nos <a href=\"https:\/\/ztsports.com\/brand\/cadomotus\/\"><strong>Casques Cadomotus<\/strong><\/a> ici.<\/p>\n","protected":false},"excerpt":{"rendered":"<p>Cadomotus Alpha Color Palette ou Sonic Aero Shell Cadomotus Alpha Color Palette vous permet de personnaliser vos casques Alpha ou Sonic Aero. Montrez vos vraies couleurs, ou assortissez-vous aux couleurs de votre club. En outre, unLe bouclier est utilis\u00e9 lors des marathons en plein air pour se prot\u00e9ger de la pluie ou du froid. It [&hellip;]<\/p>\n","protected":false},"featured_media":18741,"comment_status":"open","ping_status":"closed","template":"","meta":{"_acf_changed":false,"_monsterinsights_skip_tracking":false,"_monsterinsights_sitenote_active":false,"_monsterinsights_sitenote_note":"","_monsterinsights_sitenote_category":0,"_uf_show_specific_survey":0,"_uf_disable_surveys":false,"site-sidebar-layout":"default","site-content-layout":"","ast-site-content-layout":"default","site-content-style":"default","site-sidebar-style":"default","ast-global-header-display":"","ast-banner-title-visibility":"","ast-main-header-display":"","ast-hfb-above-header-display":"","ast-hfb-below-header-display":"","ast-hfb-mobile-header-display":"","site-post-title":"","ast-breadcrumbs-content":"","ast-featured-img":"","footer-sml-layout":"","ast-disable-related-posts":"","theme-transparent-header-meta":"default","adv-header-id-meta":"","stick-header-meta":"","header-above-stick-meta":"","header-main-stick-meta":"","header-below-stick-meta":"","astra-migrate-meta-layouts":"set","ast-page-background-enabled":"default","ast-page-background-meta":{"desktop":{"background-color":"","background-image":"","background-repeat":"repeat","background-position":"center center","background-size":"auto","background-attachment":"scroll","background-type":"","background-media":"","overlay-type":"","overlay-color":"","overlay-opacity":"","overlay-gradient":""},"tablet":{"background-color":"","background-image":"","background-repeat":"repeat","background-position":"center center","background-size":"auto","background-attachment":"scroll","background-type":"","background-media":"","overlay-type":"","overlay-color":"","overlay-opacity":"","overlay-gradient":""},"mobile":{"background-color":"","background-image":"","background-repeat":"repeat","background-position":"center center","background-size":"auto","background-attachment":"scroll","background-type":"","background-media":"","overlay-type":"","overlay-color":"","overlay-opacity":"","overlay-gradient":""}},"ast-content-background-meta":{"desktop":{"background-color":"var(--ast-global-color-5)","background-image":"","background-repeat":"repeat","background-position":"center center","background-size":"auto","background-attachment":"scroll","background-type":"","background-media":"","overlay-type":"","overlay-color":"","overlay-opacity":"","overlay-gradient":""},"tablet":{"background-color":"var(--ast-global-color-5)","background-image":"","background-repeat":"repeat","background-position":"center center","background-size":"auto","background-attachment":"scroll","background-type":"","background-media":"","overlay-type":"","overlay-color":"","overlay-opacity":"","overlay-gradient":""},"mobile":{"background-color":"var(--ast-global-color-5)","background-image":"","background-repeat":"repeat","background-position":"center center","background-size":"auto","background-attachment":"scroll","background-type":"","background-media":"","overlay-type":"","overlay-color":"","overlay-opacity":"","overlay-gradient":""}}},"product_brand":[3289],"product_cat":[3389,3392],"product_tag":[2029,2043,2044,2045,3756,3757],"class_list":{"0":"post-19208","1":"product","2":"type-product","3":"status-publish","4":"has-post-thumbnail","6":"product_brand-cadomotus","7":"product_cat-accessoires-longue-piste","8":"product_cat-accessoires-short-track","9":"product_tag-cadomotus","10":"product_tag-cadomotus-aero-shell","11":"product_tag-cadomotus-alpha-color-palette","12":"product_tag-cadomotus-sonic","13":"product_tag-housse-de-casque","14":"product_tag-palette-de-couleurs-alpha","15":"desktop-align-left","16":"tablet-align-left","17":"mobile-align-left","19":"first","20":"instock","21":"sale","22":"taxable","23":"shipping-taxable","24":"purchasable","25":"product-type-simple"},"acf":[],"_links":{"self":[{"href":"https:\/\/ztsports.com\/fr\/wp-json\/wp\/v2\/product\/19208","targetHints":{"allow":["GET"]}}],"collection":[{"href":"https:\/\/ztsports.com\/fr\/wp-json\/wp\/v2\/product"}],"about":[{"href":"https:\/\/ztsports.com\/fr\/wp-json\/wp\/v2\/types\/product"}],"replies":[{"embeddable":true,"href":"https:\/\/ztsports.com\/fr\/wp-json\/wp\/v2\/comments?post=19208"}],"version-history":[{"count":1,"href":"https:\/\/ztsports.com\/fr\/wp-json\/wp\/v2\/product\/19208\/revisions"}],"predecessor-version":[{"id":19209,"href":"https:\/\/ztsports.com\/fr\/wp-json\/wp\/v2\/product\/19208\/revisions\/19209"}],"wp:featuredmedia":[{"embeddable":true,"href":"https:\/\/ztsports.com\/fr\/wp-json\/wp\/v2\/media\/18741"}],"wp:attachment":[{"href":"https:\/\/ztsports.com\/fr\/wp-json\/wp\/v2\/media?parent=19208"}],"wp:term":[{"taxonomy":"product_brand","embeddable":true,"href":"https:\/\/ztsports.com\/fr\/wp-json\/wp\/v2\/product_brand?post=19208"},{"taxonomy":"product_cat","embeddable":true,"href":"https:\/\/ztsports.com\/fr\/wp-json\/wp\/v2\/product_cat?post=19208"},{"taxonomy":"product_tag","embeddable":true,"href":"https:\/\/ztsports.com\/fr\/wp-json\/wp\/v2\/product_tag?post=19208"}],"curies":[{"name":"wp","href":"https:\/\/api.w.org\/{rel}","templated":true}]}}