{"id":19206,"date":"2021-09-23T02:20:55","date_gmt":"2021-09-23T02:20:55","guid":{"rendered":"https:\/\/ztsports.com\/?post_type=product&#038;p=19206"},"modified":"2026-02-02T20:33:27","modified_gmt":"2026-02-02T20:33:27","slug":"visiere-alpha-aerospeed","status":"publish","type":"product","link":"https:\/\/ztsports.com\/fr\/store\/visiere-alpha-aerospeed\/","title":{"rendered":"Visi\u00e8re ALPHA AEROSPEED pour le casque CADOMOTUS"},"content":{"rendered":"<h2>VISIERE POUR CASQUE CADOMOTUS<\/h2>\n<p>La visi\u00e8re Alpha Aerospeed est disponible en transparent, ambre ou fum\u00e9. Vendu en tant qu&#8217;unit\u00e9 individuelle.<\/p>\n<p>Le casque de patinage de vitesse a\u00e9rodynamique CadoMotus Alpha peut \u00eatre \u00e9quip\u00e9 d&#8217;une visi\u00e8re et vous pouvez \u00e9galement ajouter une couleur d&#8217;\u00e9quipe\/de club \u00e9l\u00e9gante.<\/p>\n<p><a href=\"https:\/\/ztsports.com\/produit\/cadomotus-alpha-color-palette\/?lang=fr\"><strong>palettes de couleurs suppl\u00e9mentaires.<\/strong><\/a><\/p>\n<p>Enfin, regardez le <a href=\"https:\/\/ztsports.com\/product\/cadomotus-alpha-casque\/\"><strong>casque Alpha Aerospeed<\/strong> <\/a>ici.<\/p>\n","protected":false},"excerpt":{"rendered":"<p>VISIERE POUR CASQUE CADOMOTUS La visi\u00e8re Alpha Aerospeed est disponible en transparent, ambre ou fum\u00e9. Vendu en tant qu&#8217;unit\u00e9 individuelle. Le casque de patinage de vitesse a\u00e9rodynamique CadoMotus Alpha peut \u00eatre \u00e9quip\u00e9 d&#8217;une visi\u00e8re et vous pouvez \u00e9galement ajouter une couleur d&#8217;\u00e9quipe\/de club \u00e9l\u00e9gante. palettes de couleurs suppl\u00e9mentaires. Enfin, regardez le casque Alpha Aerospeed ici.<\/p>\n","protected":false},"featured_media":18737,"comment_status":"open","ping_status":"closed","template":"","meta":{"_acf_changed":false,"_monsterinsights_skip_tracking":false,"_monsterinsights_sitenote_active":false,"_monsterinsights_sitenote_note":"","_monsterinsights_sitenote_category":0,"_uf_show_specific_survey":0,"_uf_disable_surveys":false,"site-sidebar-layout":"default","site-content-layout":"","ast-site-content-layout":"default","site-content-style":"default","site-sidebar-style":"default","ast-global-header-display":"","ast-banner-title-visibility":"","ast-main-header-display":"","ast-hfb-above-header-display":"","ast-hfb-below-header-display":"","ast-hfb-mobile-header-display":"","site-post-title":"","ast-breadcrumbs-content":"","ast-featured-img":"","footer-sml-layout":"","ast-disable-related-posts":"","theme-transparent-header-meta":"default","adv-header-id-meta":"","stick-header-meta":"","header-above-stick-meta":"","header-main-stick-meta":"","header-below-stick-meta":"","astra-migrate-meta-layouts":"set","ast-page-background-enabled":"default","ast-page-background-meta":{"desktop":{"background-color":"","background-image":"","background-repeat":"repeat","background-position":"center center","background-size":"auto","background-attachment":"scroll","background-type":"","background-media":"","overlay-type":"","overlay-color":"","overlay-opacity":"","overlay-gradient":""},"tablet":{"background-color":"","background-image":"","background-repeat":"repeat","background-position":"center center","background-size":"auto","background-attachment":"scroll","background-type":"","background-media":"","overlay-type":"","overlay-color":"","overlay-opacity":"","overlay-gradient":""},"mobile":{"background-color":"","background-image":"","background-repeat":"repeat","background-position":"center center","background-size":"auto","background-attachment":"scroll","background-type":"","background-media":"","overlay-type":"","overlay-color":"","overlay-opacity":"","overlay-gradient":""}},"ast-content-background-meta":{"desktop":{"background-color":"var(--ast-global-color-5)","background-image":"","background-repeat":"repeat","background-position":"center center","background-size":"auto","background-attachment":"scroll","background-type":"","background-media":"","overlay-type":"","overlay-color":"","overlay-opacity":"","overlay-gradient":""},"tablet":{"background-color":"var(--ast-global-color-5)","background-image":"","background-repeat":"repeat","background-position":"center center","background-size":"auto","background-attachment":"scroll","background-type":"","background-media":"","overlay-type":"","overlay-color":"","overlay-opacity":"","overlay-gradient":""},"mobile":{"background-color":"var(--ast-global-color-5)","background-image":"","background-repeat":"repeat","background-position":"center center","background-size":"auto","background-attachment":"scroll","background-type":"","background-media":"","overlay-type":"","overlay-color":"","overlay-opacity":"","overlay-gradient":""}}},"product_brand":[3289],"product_cat":[3389,3392],"product_tag":[2048,2029,3755],"class_list":{"0":"post-19206","1":"product","2":"type-product","3":"status-publish","4":"has-post-thumbnail","6":"product_brand-cadomotus","7":"product_cat-accessoires-longue-piste","8":"product_cat-accessoires-short-track","9":"product_tag-cado-motus","10":"product_tag-cadomotus","11":"product_tag-visiere-alpha-aerospeed","12":"desktop-align-left","13":"tablet-align-left","14":"mobile-align-left","16":"first","17":"instock","18":"sale","19":"taxable","20":"shipping-taxable","21":"purchasable","22":"product-type-simple"},"acf":[],"_links":{"self":[{"href":"https:\/\/ztsports.com\/fr\/wp-json\/wp\/v2\/product\/19206","targetHints":{"allow":["GET"]}}],"collection":[{"href":"https:\/\/ztsports.com\/fr\/wp-json\/wp\/v2\/product"}],"about":[{"href":"https:\/\/ztsports.com\/fr\/wp-json\/wp\/v2\/types\/product"}],"replies":[{"embeddable":true,"href":"https:\/\/ztsports.com\/fr\/wp-json\/wp\/v2\/comments?post=19206"}],"version-history":[{"count":1,"href":"https:\/\/ztsports.com\/fr\/wp-json\/wp\/v2\/product\/19206\/revisions"}],"predecessor-version":[{"id":19207,"href":"https:\/\/ztsports.com\/fr\/wp-json\/wp\/v2\/product\/19206\/revisions\/19207"}],"wp:featuredmedia":[{"embeddable":true,"href":"https:\/\/ztsports.com\/fr\/wp-json\/wp\/v2\/media\/18737"}],"wp:attachment":[{"href":"https:\/\/ztsports.com\/fr\/wp-json\/wp\/v2\/media?parent=19206"}],"wp:term":[{"taxonomy":"product_brand","embeddable":true,"href":"https:\/\/ztsports.com\/fr\/wp-json\/wp\/v2\/product_brand?post=19206"},{"taxonomy":"product_cat","embeddable":true,"href":"https:\/\/ztsports.com\/fr\/wp-json\/wp\/v2\/product_cat?post=19206"},{"taxonomy":"product_tag","embeddable":true,"href":"https:\/\/ztsports.com\/fr\/wp-json\/wp\/v2\/product_tag?post=19206"}],"curies":[{"name":"wp","href":"https:\/\/api.w.org\/{rel}","templated":true}]}}