{"id":19204,"date":"2021-09-23T02:20:56","date_gmt":"2021-09-23T02:20:56","guid":{"rendered":"https:\/\/ztsports.com\/?post_type=product&#038;p=19204"},"modified":"2026-02-02T20:32:17","modified_gmt":"2026-02-02T20:32:17","slug":"gants-de-patinage-de-vitesse-en-cuir","status":"publish","type":"product","link":"https:\/\/ztsports.com\/fr\/store\/gants-de-patinage-de-vitesse-en-cuir\/","title":{"rendered":"Gants de patinage de vitesse en cuir par GARNEAU"},"content":{"rendered":"<h3 class=\"tw-data-text tw-text-large tw-ta\" dir=\"ltr\" data-placeholder=\"Translation\"><span class=\"Y2IQFc\" lang=\"en\">CUIR GARNEAU <\/span><span class=\"Y2IQFc\" lang=\"en\">VITESSE <\/span><span class=\"Y2IQFc\" lang=\"en\">GANTS DE PATINAGE<\/span><\/h3>\n<p>Gants de patinage de vitesse en cuir<\/p>\n<p class=\"tw-data-text tw-text-large tw-ta\" dir=\"ltr\" data-placeholder=\"Translation\"><span class=\"Y2IQFc\" lang=\"en\">Les gants GARNEAU sont des gants enti\u00e8rement en cuir. <\/span><\/p>\n<p><span class=\"Y2IQFc\" lang=\"en\">Ils s&#8217;adapteront \u00e0 votre main une fois rod\u00e9s. la qualit\u00e9 durable \u00e0 laquelle vous vous attendez de la part de Garneau.<\/span><\/p>\n<p><span class=\"Y2IQFc\" lang=\"en\">Con\u00e7u pour la courte piste avec le logo du patineur de vitesse Garneau. <\/span><\/p>\n<p><span class=\"Y2IQFc\" lang=\"en\">Tout cela vous distingue des simples gants de cuir blanc. <\/span><\/p>\n<p><span class=\"Y2IQFc\" lang=\"en\">Un look classique dans des tailles adapt\u00e9es aux adultes aux mains plus larges.<\/span><\/p>\n<p><strong>Tailles adultes<\/strong><\/p>\n<p><strong>Med &#8211; TAILLE\u00a0 9<\/strong><\/p>\n<p class=\"tw-data-text tw-text-large tw-ta\" dir=\"ltr\" data-placeholder=\"Translation\"><span class=\"Y2IQFc\" lang=\"en\"><strong>LG &#8211; TAILLE 10 <\/strong><\/span><\/p>\n<p class=\"tw-data-text tw-text-large tw-ta\" dir=\"ltr\" data-placeholder=\"Translation\"><span class=\"Y2IQFc\" lang=\"en\"><strong>XL &#8211; TAILLE 11<\/strong> <\/span><\/p>\n<h3 class=\"tw-data-text tw-text-large tw-ta\" dir=\"ltr\" data-placeholder=\"Translation\"><span class=\"Y2IQFc\" lang=\"en\">Enfin voir tous les gants <a href=\"https:\/\/ztsports.com\/product-category\/protection\/gloves\/\"><strong>gants de piste<\/strong><\/a> ici. <\/span><\/h3>\n","protected":false},"excerpt":{"rendered":"<p>CUIR GARNEAU VITESSE GANTS DE PATINAGE Gants de patinage de vitesse en cuir Les gants GARNEAU sont des gants enti\u00e8rement en cuir. Ils s&#8217;adapteront \u00e0 votre main une fois rod\u00e9s. la qualit\u00e9 durable \u00e0 laquelle vous vous attendez de la part de Garneau. Con\u00e7u pour la courte piste avec le logo du patineur de vitesse [&hellip;]<\/p>\n","protected":false},"featured_media":18735,"comment_status":"open","ping_status":"closed","template":"","meta":{"_acf_changed":false,"_monsterinsights_skip_tracking":false,"_monsterinsights_sitenote_active":false,"_monsterinsights_sitenote_note":"","_monsterinsights_sitenote_category":0,"_uf_show_specific_survey":0,"_uf_disable_surveys":false,"site-sidebar-layout":"default","site-content-layout":"","ast-site-content-layout":"default","site-content-style":"default","site-sidebar-style":"default","ast-global-header-display":"","ast-banner-title-visibility":"","ast-main-header-display":"","ast-hfb-above-header-display":"","ast-hfb-below-header-display":"","ast-hfb-mobile-header-display":"","site-post-title":"","ast-breadcrumbs-content":"","ast-featured-img":"","footer-sml-layout":"","ast-disable-related-posts":"","theme-transparent-header-meta":"default","adv-header-id-meta":"","stick-header-meta":"","header-above-stick-meta":"","header-main-stick-meta":"","header-below-stick-meta":"","astra-migrate-meta-layouts":"set","ast-page-background-enabled":"default","ast-page-background-meta":{"desktop":{"background-color":"","background-image":"","background-repeat":"repeat","background-position":"center center","background-size":"auto","background-attachment":"scroll","background-type":"","background-media":"","overlay-type":"","overlay-color":"","overlay-opacity":"","overlay-gradient":""},"tablet":{"background-color":"","background-image":"","background-repeat":"repeat","background-position":"center center","background-size":"auto","background-attachment":"scroll","background-type":"","background-media":"","overlay-type":"","overlay-color":"","overlay-opacity":"","overlay-gradient":""},"mobile":{"background-color":"","background-image":"","background-repeat":"repeat","background-position":"center center","background-size":"auto","background-attachment":"scroll","background-type":"","background-media":"","overlay-type":"","overlay-color":"","overlay-opacity":"","overlay-gradient":""}},"ast-content-background-meta":{"desktop":{"background-color":"var(--ast-global-color-5)","background-image":"","background-repeat":"repeat","background-position":"center center","background-size":"auto","background-attachment":"scroll","background-type":"","background-media":"","overlay-type":"","overlay-color":"","overlay-opacity":"","overlay-gradient":""},"tablet":{"background-color":"var(--ast-global-color-5)","background-image":"","background-repeat":"repeat","background-position":"center center","background-size":"auto","background-attachment":"scroll","background-type":"","background-media":"","overlay-type":"","overlay-color":"","overlay-opacity":"","overlay-gradient":""},"mobile":{"background-color":"var(--ast-global-color-5)","background-image":"","background-repeat":"repeat","background-position":"center center","background-size":"auto","background-attachment":"scroll","background-type":"","background-media":"","overlay-type":"","overlay-color":"","overlay-opacity":"","overlay-gradient":""}}},"product_brand":[3302],"product_cat":[3479,3392,3396,3395,3750,3483,3480,3481,3467,3645,3637],"product_tag":[3751,3427,3752,3753,2248,3754],"class_list":{"0":"post-19204","1":"product","2":"type-product","3":"status-publish","4":"has-post-thumbnail","6":"product_brand-garneau","7":"product_cat-accessoires-pour-le-short-track","8":"product_cat-accessoires-short-track","9":"product_cat-accessories","10":"product_cat-courte-piste","11":"product_cat-equipement-de-protection-pour-le-patinage-de-vitesse","12":"product_cat-gants","13":"product_cat-gants-blancs","14":"product_cat-gants-pour-short-track","15":"product_cat-patinage-de-vitesse","16":"product_cat-protection","18":"product_tag-cuir","19":"product_tag-equipement-de-patinage-de-vitesse","20":"product_tag-gants-de-patinage-de-vitesse","21":"product_tag-gants-de-patinage-de-vitesse-en-cuir","22":"product_tag-gants-pour-short-track","23":"product_tag-garneaugants-de-patinage-de-vitesse","24":"desktop-align-left","25":"tablet-align-left","26":"mobile-align-left","28":"first","29":"instock","30":"taxable","31":"shipping-taxable","32":"purchasable","33":"product-type-simple"},"acf":[],"_links":{"self":[{"href":"https:\/\/ztsports.com\/fr\/wp-json\/wp\/v2\/product\/19204","targetHints":{"allow":["GET"]}}],"collection":[{"href":"https:\/\/ztsports.com\/fr\/wp-json\/wp\/v2\/product"}],"about":[{"href":"https:\/\/ztsports.com\/fr\/wp-json\/wp\/v2\/types\/product"}],"replies":[{"embeddable":true,"href":"https:\/\/ztsports.com\/fr\/wp-json\/wp\/v2\/comments?post=19204"}],"version-history":[{"count":1,"href":"https:\/\/ztsports.com\/fr\/wp-json\/wp\/v2\/product\/19204\/revisions"}],"predecessor-version":[{"id":19205,"href":"https:\/\/ztsports.com\/fr\/wp-json\/wp\/v2\/product\/19204\/revisions\/19205"}],"wp:featuredmedia":[{"embeddable":true,"href":"https:\/\/ztsports.com\/fr\/wp-json\/wp\/v2\/media\/18735"}],"wp:attachment":[{"href":"https:\/\/ztsports.com\/fr\/wp-json\/wp\/v2\/media?parent=19204"}],"wp:term":[{"taxonomy":"product_brand","embeddable":true,"href":"https:\/\/ztsports.com\/fr\/wp-json\/wp\/v2\/product_brand?post=19204"},{"taxonomy":"product_cat","embeddable":true,"href":"https:\/\/ztsports.com\/fr\/wp-json\/wp\/v2\/product_cat?post=19204"},{"taxonomy":"product_tag","embeddable":true,"href":"https:\/\/ztsports.com\/fr\/wp-json\/wp\/v2\/product_tag?post=19204"}],"curies":[{"name":"wp","href":"https:\/\/api.w.org\/{rel}","templated":true}]}}