{"id":19200,"date":"2021-09-23T02:26:37","date_gmt":"2021-09-23T02:26:37","guid":{"rendered":"https:\/\/ztsports.com\/?post_type=product&#038;p=19200"},"modified":"2026-04-13T22:09:25","modified_gmt":"2026-04-13T22:09:25","slug":"evo-3x125-carde","status":"publish","type":"product","link":"https:\/\/ztsports.com\/fr\/store\/evo-3x125-carde\/","title":{"rendered":"EVO 3X125 Carde Inline Speed Skating Nouveau"},"content":{"rendered":"<h2><strong>EVO 3 x 125mm Cadre InlineSpeed 13&#8243;<\/strong><\/h2>\n<p>EVO 3X125 Carde<\/p>\n<p><b>Lecadre Ultimate<\/b><strong> EVO 3x125mm<\/strong> est le <strong>premier cadre 13&#8243; 3x125mm<\/strong> disponible. En plus d&#8217;\u00eatre le premier 13&#8243; 3&#215;125, ce <strong>cadre EVO<\/strong> a \u00e9t\u00e9 d\u00e9velopp\u00e9 et fabriqu\u00e9 aux Pays-Bas, o\u00f9 sont fabriqu\u00e9s tous les \u00e9quipements et les lames de patinage de vitesse de qualit\u00e9 sup\u00e9rieure.<\/p>\n<div data-hveid=\"CD0QAQ\" data-ved=\"2ahUKEwiSrObEkIuIAxX-DTQIHX8kM50Qj7gIegQIPRAB\">\n<div class=\"dnXCYb\" tabindex=\"0\" role=\"button\" aria-controls=\"_dILIZpKiLP6b0PEP_8jM6Qk_82\" aria-expanded=\"true\">\n<h4 class=\"JlqpRe\"><span class=\"JCzEY tNxQIb\"><span class=\"CSkcDe\">Comment mesurer un cadre de patin \u00e0 roues align\u00e9es ?<\/span><\/span><\/h4>\n<\/div>\n<\/div>\n<div id=\"_dILIZpKiLP6b0PEP_8jM6Qk_82\" class=\"bCOlv\" data-ved=\"2ahUKEwiSrObEkIuIAxX-DTQIHX8kM50Q7NUEegQIPRAE\">\n<div class=\"IZE3Td\">\n<div class=\"r2fjmd t0bRye\" data-hveid=\"CD0QBQ\" data-ved=\"2ahUKEwiSrObEkIuIAxX-DTQIHX8kM50Qu04oAHoECD0QBQ\">\n<div id=\"dILIZpKiLP6b0PEP_8jM6Qk__72\">\n<div class=\"wDYxhc\" data-md=\"61\">\n<div class=\"LGOjhe\" role=\"heading\" data-attrid=\"wa:\/description\" aria-level=\"3\" data-hveid=\"CEsQAA\"><span class=\"ILfuVd\" lang=\"en\"><span class=\"hgKElc\">La longueur des cadres des patins \u00e0 roues align\u00e9es, c&#8217;est-\u00e0-dire ce que l&#8217;on appelle l&#8217;empattement, est <b>la distance entre les centres du premier et du dernier essieu<\/b>, et non la longueur totale mesur\u00e9e \u00e0 partir de deux points extr\u00eames.<\/span><\/span><\/div>\n<\/div>\n<\/div>\n<\/div>\n<\/div>\n<\/div>\n<h3>Caract\u00e9ristiques du <strong>cadre EVO 3x125mm<\/strong>:<\/h3>\n<ul>\n<li>D\u00e9velopp\u00e9 et fabriqu\u00e9 aux Pays-Bas<\/li>\n<li>7000 aluminium<\/li>\n<li>Con\u00e7u pour des roues de 3x125mm<\/li>\n<li>Longueur 13,0 | 333mm<\/li>\n<li>Montage de 195 mm<\/li>\n<li>Impression laser<\/li>\n<li>Anodis\u00e9 noir<\/li>\n<li>198 grammes<\/li>\n<li>axes de 8 mm inclus<\/li>\n<li>Entretoises de 8 mm incluses<\/li>\n<li><\/li>\n<li>D\u00e9couvrez tous nos <a href=\"https:\/\/ztsports.com\/product-category\/inline-speed-skating\/frames\/\"><strong>Cadres de vitesse en ligne<\/strong> <\/a>ici.<\/li>\n<\/ul>\n","protected":false},"excerpt":{"rendered":"<p>EVO 3 x 125mm Cadre InlineSpeed 13&#8243; EVO 3X125 Carde Lecadre Ultimate EVO 3x125mm est le premier cadre 13&#8243; 3x125mm disponible. En plus d&#8217;\u00eatre le premier 13&#8243; 3&#215;125, ce cadre EVO a \u00e9t\u00e9 d\u00e9velopp\u00e9 et fabriqu\u00e9 aux Pays-Bas, o\u00f9 sont fabriqu\u00e9s tous les \u00e9quipements et les lames de patinage de vitesse de qualit\u00e9 sup\u00e9rieure. Comment [&hellip;]<\/p>\n","protected":false},"featured_media":18724,"comment_status":"open","ping_status":"closed","template":"","meta":{"_acf_changed":false,"_monsterinsights_skip_tracking":false,"_monsterinsights_sitenote_active":false,"_monsterinsights_sitenote_note":"","_monsterinsights_sitenote_category":0,"_uf_show_specific_survey":0,"_uf_disable_surveys":false,"site-sidebar-layout":"default","site-content-layout":"","ast-site-content-layout":"default","site-content-style":"default","site-sidebar-style":"default","ast-global-header-display":"","ast-banner-title-visibility":"","ast-main-header-display":"","ast-hfb-above-header-display":"","ast-hfb-below-header-display":"","ast-hfb-mobile-header-display":"","site-post-title":"","ast-breadcrumbs-content":"","ast-featured-img":"","footer-sml-layout":"","ast-disable-related-posts":"","theme-transparent-header-meta":"default","adv-header-id-meta":"","stick-header-meta":"","header-above-stick-meta":"","header-main-stick-meta":"","header-below-stick-meta":"","astra-migrate-meta-layouts":"set","ast-page-background-enabled":"default","ast-page-background-meta":{"desktop":{"background-color":"","background-image":"","background-repeat":"repeat","background-position":"center center","background-size":"auto","background-attachment":"scroll","background-type":"","background-media":"","overlay-type":"","overlay-color":"","overlay-opacity":"","overlay-gradient":""},"tablet":{"background-color":"","background-image":"","background-repeat":"repeat","background-position":"center center","background-size":"auto","background-attachment":"scroll","background-type":"","background-media":"","overlay-type":"","overlay-color":"","overlay-opacity":"","overlay-gradient":""},"mobile":{"background-color":"","background-image":"","background-repeat":"repeat","background-position":"center center","background-size":"auto","background-attachment":"scroll","background-type":"","background-media":"","overlay-type":"","overlay-color":"","overlay-opacity":"","overlay-gradient":""}},"ast-content-background-meta":{"desktop":{"background-color":"var(--ast-global-color-5)","background-image":"","background-repeat":"repeat","background-position":"center center","background-size":"auto","background-attachment":"scroll","background-type":"","background-media":"","overlay-type":"","overlay-color":"","overlay-opacity":"","overlay-gradient":""},"tablet":{"background-color":"var(--ast-global-color-5)","background-image":"","background-repeat":"repeat","background-position":"center center","background-size":"auto","background-attachment":"scroll","background-type":"","background-media":"","overlay-type":"","overlay-color":"","overlay-opacity":"","overlay-gradient":""},"mobile":{"background-color":"var(--ast-global-color-5)","background-image":"","background-repeat":"repeat","background-position":"center center","background-size":"auto","background-attachment":"scroll","background-type":"","background-media":"","overlay-type":"","overlay-color":"","overlay-opacity":"","overlay-gradient":""}}},"product_brand":[3297],"product_cat":[3434,3402,3381],"product_tag":[2058,3747,3748,1881,2059,2061,2062,2063,2064],"class_list":{"0":"post-19200","1":"product","2":"type-product","3":"status-publish","4":"has-post-thumbnail","6":"product_brand-evo","7":"product_cat-cadres","8":"product_cat-en-ligne","9":"product_cat-patinage-de-vitesse-en-ligne","10":"product_tag-3x125","11":"product_tag-cadre-en-ligne-13-3x125mm","12":"product_tag-cadre-evo-3x125","13":"product_tag-evo","14":"product_tag-evo-3x125","15":"product_tag-evo-3x125-frame-inline-speed-skating","16":"product_tag-evo-3x125-inline-speed","17":"product_tag-evo-inline","18":"product_tag-inline-speed-skating","19":"desktop-align-left","20":"tablet-align-left","21":"mobile-align-left","23":"first","24":"instock","25":"taxable","26":"shipping-taxable","27":"purchasable","28":"product-type-simple"},"acf":[],"_links":{"self":[{"href":"https:\/\/ztsports.com\/fr\/wp-json\/wp\/v2\/product\/19200","targetHints":{"allow":["GET"]}}],"collection":[{"href":"https:\/\/ztsports.com\/fr\/wp-json\/wp\/v2\/product"}],"about":[{"href":"https:\/\/ztsports.com\/fr\/wp-json\/wp\/v2\/types\/product"}],"replies":[{"embeddable":true,"href":"https:\/\/ztsports.com\/fr\/wp-json\/wp\/v2\/comments?post=19200"}],"version-history":[{"count":1,"href":"https:\/\/ztsports.com\/fr\/wp-json\/wp\/v2\/product\/19200\/revisions"}],"predecessor-version":[{"id":19201,"href":"https:\/\/ztsports.com\/fr\/wp-json\/wp\/v2\/product\/19200\/revisions\/19201"}],"wp:featuredmedia":[{"embeddable":true,"href":"https:\/\/ztsports.com\/fr\/wp-json\/wp\/v2\/media\/18724"}],"wp:attachment":[{"href":"https:\/\/ztsports.com\/fr\/wp-json\/wp\/v2\/media?parent=19200"}],"wp:term":[{"taxonomy":"product_brand","embeddable":true,"href":"https:\/\/ztsports.com\/fr\/wp-json\/wp\/v2\/product_brand?post=19200"},{"taxonomy":"product_cat","embeddable":true,"href":"https:\/\/ztsports.com\/fr\/wp-json\/wp\/v2\/product_cat?post=19200"},{"taxonomy":"product_tag","embeddable":true,"href":"https:\/\/ztsports.com\/fr\/wp-json\/wp\/v2\/product_tag?post=19200"}],"curies":[{"name":"wp","href":"https:\/\/api.w.org\/{rel}","templated":true}]}}