{"id":19198,"date":"2021-09-23T02:30:03","date_gmt":"2021-09-23T02:30:03","guid":{"rendered":"https:\/\/ztsports.com\/?post_type=product&#038;p=19198"},"modified":"2026-02-02T20:31:27","modified_gmt":"2026-02-02T20:31:27","slug":"2-sided-folding-diamond-plaques","status":"publish","type":"product","link":"https:\/\/ztsports.com\/fr\/store\/2-sided-folding-diamond-plaques\/","title":{"rendered":"2-sided folding diamond \/Plaques d&#8217;\u00e9barbage diamant\u00e9es pliantes \u00e0 2 faces Nagano"},"content":{"rendered":"<h1>Plaques d&#8217;\u00e9barbage diamant\u00e9es pliantes \u00e0 2 faces<\/h1>\n<p>2-sided folding diamond\/Les plaques d&#8217;\u00e9bavurage diamant\u00e9es pliables des deux c\u00f4t\u00e9s vous permettent d&#8217;enlever la bavure des deux c\u00f4t\u00e9s de votre lame en m\u00eame temps. En outre, il est id\u00e9al pour \u00e9liminer la bavure des lames lorsqu&#8217;elles sont encore dans le gabarit, et vous pouvez ensuite proc\u00e9der au polissage final.<\/p>\n<p>Grades 2-sided folding diamond :<br \/>\nBlack (140) = Blade damaged or waved<br \/>\nBlue (400) = Removes check marks and scratches, removes coarse wire, 1st step of polishing a new blade<br \/>\nRed (600) = Remove finishing stone, 2nd step of polishing a new blade<br \/>\nGold (1200) = Remove finishing wire, polishing<\/p>\n<p>L&#8217;\u00e9bavureur <em>diamant pliant<\/em> Nagano vous permet d&#8217;enlever la <em>bavure<\/em> des deux c\u00f4t\u00e9s de votre lame en m\u00eame temps.<\/p>\n<p>Voir tous nos produits <a href=\"https:\/\/ztsports.com\/brand\/nagano\/\"><strong>Nagano ici.<\/strong><\/a><\/p>\n<p>Enfin, vous trouverez toutes nos pierres <a href=\"https:\/\/ztsports.com\/product-category\/diamond-stones-2\/\"><strong>pierres \u00e0 aiguiser et \u00e0 \u00e9barber<\/strong><\/a>ici.<\/p>\n","protected":false},"excerpt":{"rendered":"<p>Plaques d&#8217;\u00e9barbage diamant\u00e9es pliantes \u00e0 2 faces 2-sided folding diamond\/Les plaques d&#8217;\u00e9bavurage diamant\u00e9es pliables des deux c\u00f4t\u00e9s vous permettent d&#8217;enlever la bavure des deux c\u00f4t\u00e9s de votre lame en m\u00eame temps. En outre, il est id\u00e9al pour \u00e9liminer la bavure des lames lorsqu&#8217;elles sont encore dans le gabarit, et vous pouvez ensuite proc\u00e9der au polissage [&hellip;]<\/p>\n","protected":false},"featured_media":18717,"comment_status":"open","ping_status":"closed","template":"","meta":{"_acf_changed":false,"_monsterinsights_skip_tracking":false,"_monsterinsights_sitenote_active":false,"_monsterinsights_sitenote_note":"","_monsterinsights_sitenote_category":0,"_uf_show_specific_survey":0,"_uf_disable_surveys":false,"site-sidebar-layout":"default","site-content-layout":"","ast-site-content-layout":"default","site-content-style":"default","site-sidebar-style":"default","ast-global-header-display":"","ast-banner-title-visibility":"","ast-main-header-display":"","ast-hfb-above-header-display":"","ast-hfb-below-header-display":"","ast-hfb-mobile-header-display":"","site-post-title":"","ast-breadcrumbs-content":"","ast-featured-img":"","footer-sml-layout":"","ast-disable-related-posts":"","theme-transparent-header-meta":"default","adv-header-id-meta":"","stick-header-meta":"","header-above-stick-meta":"","header-main-stick-meta":"","header-below-stick-meta":"","astra-migrate-meta-layouts":"set","ast-page-background-enabled":"default","ast-page-background-meta":{"desktop":{"background-color":"","background-image":"","background-repeat":"repeat","background-position":"center center","background-size":"auto","background-attachment":"scroll","background-type":"","background-media":"","overlay-type":"","overlay-color":"","overlay-opacity":"","overlay-gradient":""},"tablet":{"background-color":"","background-image":"","background-repeat":"repeat","background-position":"center center","background-size":"auto","background-attachment":"scroll","background-type":"","background-media":"","overlay-type":"","overlay-color":"","overlay-opacity":"","overlay-gradient":""},"mobile":{"background-color":"","background-image":"","background-repeat":"repeat","background-position":"center center","background-size":"auto","background-attachment":"scroll","background-type":"","background-media":"","overlay-type":"","overlay-color":"","overlay-opacity":"","overlay-gradient":""}},"ast-content-background-meta":{"desktop":{"background-color":"var(--ast-global-color-5)","background-image":"","background-repeat":"repeat","background-position":"center center","background-size":"auto","background-attachment":"scroll","background-type":"","background-media":"","overlay-type":"","overlay-color":"","overlay-opacity":"","overlay-gradient":""},"tablet":{"background-color":"var(--ast-global-color-5)","background-image":"","background-repeat":"repeat","background-position":"center center","background-size":"auto","background-attachment":"scroll","background-type":"","background-media":"","overlay-type":"","overlay-color":"","overlay-opacity":"","overlay-gradient":""},"mobile":{"background-color":"var(--ast-global-color-5)","background-image":"","background-repeat":"repeat","background-position":"center center","background-size":"auto","background-attachment":"scroll","background-type":"","background-media":"","overlay-type":"","overlay-color":"","overlay-opacity":"","overlay-gradient":""}}},"product_brand":[3326],"product_cat":[3389,3391,3392,3396,3455,3393,3873,3515],"product_tag":[],"class_list":{"0":"post-19198","1":"product","2":"type-product","3":"status-publish","4":"has-post-thumbnail","6":"product_brand-nagano","7":"product_cat-accessoires-longue-piste","8":"product_cat-accessoires-pour-la-longue-piste","9":"product_cat-accessoires-short-track","10":"product_cat-accessories","12":"product_cat-aiguisage","13":"product_cat-pierres-de-diamant","14":"product_cat-pierres-de-ronce","15":"desktop-align-left","16":"tablet-align-left","17":"mobile-align-left","19":"first","20":"instock","21":"taxable","22":"shipping-taxable","23":"purchasable","24":"product-type-simple"},"acf":[],"_links":{"self":[{"href":"https:\/\/ztsports.com\/fr\/wp-json\/wp\/v2\/product\/19198","targetHints":{"allow":["GET"]}}],"collection":[{"href":"https:\/\/ztsports.com\/fr\/wp-json\/wp\/v2\/product"}],"about":[{"href":"https:\/\/ztsports.com\/fr\/wp-json\/wp\/v2\/types\/product"}],"replies":[{"embeddable":true,"href":"https:\/\/ztsports.com\/fr\/wp-json\/wp\/v2\/comments?post=19198"}],"version-history":[{"count":1,"href":"https:\/\/ztsports.com\/fr\/wp-json\/wp\/v2\/product\/19198\/revisions"}],"predecessor-version":[{"id":19199,"href":"https:\/\/ztsports.com\/fr\/wp-json\/wp\/v2\/product\/19198\/revisions\/19199"}],"wp:featuredmedia":[{"embeddable":true,"href":"https:\/\/ztsports.com\/fr\/wp-json\/wp\/v2\/media\/18717"}],"wp:attachment":[{"href":"https:\/\/ztsports.com\/fr\/wp-json\/wp\/v2\/media?parent=19198"}],"wp:term":[{"taxonomy":"product_brand","embeddable":true,"href":"https:\/\/ztsports.com\/fr\/wp-json\/wp\/v2\/product_brand?post=19198"},{"taxonomy":"product_cat","embeddable":true,"href":"https:\/\/ztsports.com\/fr\/wp-json\/wp\/v2\/product_cat?post=19198"},{"taxonomy":"product_tag","embeddable":true,"href":"https:\/\/ztsports.com\/fr\/wp-json\/wp\/v2\/product_tag?post=19198"}],"curies":[{"name":"wp","href":"https:\/\/api.w.org\/{rel}","templated":true}]}}