{"id":19196,"date":"2021-09-23T02:31:11","date_gmt":"2021-09-23T02:31:11","guid":{"rendered":"https:\/\/ztsports.com\/?post_type=product&#038;p=19196"},"modified":"2026-02-02T20:31:16","modified_gmt":"2026-02-02T20:31:16","slug":"nagano-silver-jig","status":"publish","type":"product","link":"https:\/\/ztsports.com\/fr\/store\/nagano-silver-jig\/","title":{"rendered":"NAGANO SILVER JIG 2.1"},"content":{"rendered":"<p dir=\"ltr\" data-placeholder=\"Translation\">NAGANO SILVER JIG 2.1<\/p>\n<p class=\"tw-data-text tw-text-large tw-ta\" dir=\"ltr\" data-placeholder=\"Translation\"><span class=\"Y2IQFc\" lang=\"en\">NAGANO SKATE SILVER SHARPENING JIG 2.1 Le Nagano skate Silver Sharpening Jig est la signature de Frank. Silver Sharpening JIG 2.1 offre le meilleur rapport qualit\u00e9-prix du march\u00e9. <\/span><\/p>\n<p class=\"tw-data-text tw-text-large tw-ta\" dir=\"ltr\" data-placeholder=\"Translation\"><span class=\"Y2IQFc\" lang=\"en\">Con\u00e7u et fabriqu\u00e9 au Qu\u00e9bec, il est l\u00e9ger et offre un aff\u00fbtage de tr\u00e8s haute qualit\u00e9. <\/span><\/p>\n<p class=\"tw-data-text tw-text-large tw-ta\" dir=\"ltr\" data-placeholder=\"Translation\"><span class=\"Y2IQFc\" lang=\"en\">Choix n\u00b0 1 de Charles Hamelin<\/span><\/p>\n<p dir=\"ltr\" data-placeholder=\"Translation\">Le Frank&#8217;s Signature Silver Jig 2.1 offre le meilleur rapport qualit\u00e9-prix du march\u00e9. Con\u00e7u et fabriqu\u00e9 au Canada, il est l\u00e9ger (4,4 lbs \/ 2kg) et offre un aff\u00fbtage de tr\u00e8s haute qualit\u00e9.<\/p>\n<h3 dir=\"ltr\" data-placeholder=\"Translation\">NAGANO SILVER JIG 2.1<\/h3>\n<p dir=\"ltr\" data-placeholder=\"Translation\">Fabriqu\u00e9 en aluminium haute densit\u00e9 et con\u00e7u avec une grande pr\u00e9cision, son m\u00e9canisme de fixation unique minimise la tension sur les lames et garantit que les quatre lames restent toujours \u00e0 90 degr\u00e9s.<\/p>\n<p dir=\"ltr\" data-placeholder=\"Translation\">La version Silver 2.1 est compatible avec tous les types de lames. C&#8217;est le choix recommand\u00e9 par Charles Hamelin et Fran\u00e7ois Drolet.<\/p>\n<p class=\"tw-data-text tw-text-large tw-ta\" dir=\"ltr\" data-placeholder=\"Translation\"><span class=\"Y2IQFc\" lang=\"en\">Optionnel <a href=\"https:\/\/ztsports.com\/produit\/top-locator-for-nagano-skate-jig\/?lang=fr\"><strong>Localisateur de haut de page<\/strong><\/a> pour le Silver Jig ici. <\/span><\/p>\n<p><a href=\"https:\/\/ztsports.com\/product-category\/sharpening\/jigs\/\"><strong> Vous pouvez trouver tous nos gabarits et kits d&#8217;aff\u00fbtage ici.<\/strong><\/a><\/p>\n<h3 class=\"style-scope ytd-watch-metadata\"><a href=\"https:\/\/www.youtube.com\/watch?v=6mu5w7rdrL0\" target=\"_blank\" rel=\"noopener\">Tutoriel d&#8217;aff\u00fbtage des patins.<\/a><\/h3>\n","protected":false},"excerpt":{"rendered":"<p>NAGANO SILVER JIG 2.1 NAGANO SKATE SILVER SHARPENING JIG 2.1 Le Nagano skate Silver Sharpening Jig est la signature de Frank. Silver Sharpening JIG 2.1 offre le meilleur rapport qualit\u00e9-prix du march\u00e9. Con\u00e7u et fabriqu\u00e9 au Qu\u00e9bec, il est l\u00e9ger et offre un aff\u00fbtage de tr\u00e8s haute qualit\u00e9. Choix n\u00b0 1 de Charles Hamelin Le [&hellip;]<\/p>\n","protected":false},"featured_media":18705,"comment_status":"open","ping_status":"closed","template":"","meta":{"_acf_changed":false,"_monsterinsights_skip_tracking":false,"_monsterinsights_sitenote_active":false,"_monsterinsights_sitenote_note":"","_monsterinsights_sitenote_category":0,"_uf_show_specific_survey":0,"_uf_disable_surveys":false,"site-sidebar-layout":"default","site-content-layout":"","ast-site-content-layout":"default","site-content-style":"default","site-sidebar-style":"default","ast-global-header-display":"","ast-banner-title-visibility":"","ast-main-header-display":"","ast-hfb-above-header-display":"","ast-hfb-below-header-display":"","ast-hfb-mobile-header-display":"","site-post-title":"","ast-breadcrumbs-content":"","ast-featured-img":"","footer-sml-layout":"","ast-disable-related-posts":"","theme-transparent-header-meta":"default","adv-header-id-meta":"","stick-header-meta":"","header-above-stick-meta":"","header-main-stick-meta":"","header-below-stick-meta":"","astra-migrate-meta-layouts":"set","ast-page-background-enabled":"default","ast-page-background-meta":{"desktop":{"background-color":"","background-image":"","background-repeat":"repeat","background-position":"center center","background-size":"auto","background-attachment":"scroll","background-type":"","background-media":"","overlay-type":"","overlay-color":"","overlay-opacity":"","overlay-gradient":""},"tablet":{"background-color":"","background-image":"","background-repeat":"repeat","background-position":"center center","background-size":"auto","background-attachment":"scroll","background-type":"","background-media":"","overlay-type":"","overlay-color":"","overlay-opacity":"","overlay-gradient":""},"mobile":{"background-color":"","background-image":"","background-repeat":"repeat","background-position":"center center","background-size":"auto","background-attachment":"scroll","background-type":"","background-media":"","overlay-type":"","overlay-color":"","overlay-opacity":"","overlay-gradient":""}},"ast-content-background-meta":{"desktop":{"background-color":"var(--ast-global-color-5)","background-image":"","background-repeat":"repeat","background-position":"center center","background-size":"auto","background-attachment":"scroll","background-type":"","background-media":"","overlay-type":"","overlay-color":"","overlay-opacity":"","overlay-gradient":""},"tablet":{"background-color":"var(--ast-global-color-5)","background-image":"","background-repeat":"repeat","background-position":"center center","background-size":"auto","background-attachment":"scroll","background-type":"","background-media":"","overlay-type":"","overlay-color":"","overlay-opacity":"","overlay-gradient":""},"mobile":{"background-color":"var(--ast-global-color-5)","background-image":"","background-repeat":"repeat","background-position":"center center","background-size":"auto","background-attachment":"scroll","background-type":"","background-media":"","overlay-type":"","overlay-color":"","overlay-opacity":"","overlay-gradient":""}}},"product_brand":[3326],"product_cat":[3389,3392,3393,3514,3397],"product_tag":[3745,3610,3611,3746,3399,2068,3497,2070],"class_list":{"0":"post-19196","1":"product","2":"type-product","3":"status-publish","4":"has-post-thumbnail","6":"product_brand-nagano","7":"product_cat-accessoires-longue-piste","8":"product_cat-accessoires-short-track","9":"product_cat-aiguisage","10":"product_cat-entretien-des-lames","11":"product_cat-support","12":"product_tag-affutage-nagano","13":"product_tag-cadre-daffutage","14":"product_tag-gabarit-daffutage","15":"product_tag-gabarit-dargent-nagano","16":"product_tag-gigue-de-nagano","17":"product_tag-nagano-skate","18":"product_tag-patinage-de-vitesse","19":"product_tag-speed-skate-jig","20":"desktop-align-left","21":"tablet-align-left","22":"mobile-align-left","24":"first","25":"instock","26":"taxable","27":"shipping-taxable","28":"purchasable","29":"product-type-simple"},"acf":[],"_links":{"self":[{"href":"https:\/\/ztsports.com\/fr\/wp-json\/wp\/v2\/product\/19196","targetHints":{"allow":["GET"]}}],"collection":[{"href":"https:\/\/ztsports.com\/fr\/wp-json\/wp\/v2\/product"}],"about":[{"href":"https:\/\/ztsports.com\/fr\/wp-json\/wp\/v2\/types\/product"}],"replies":[{"embeddable":true,"href":"https:\/\/ztsports.com\/fr\/wp-json\/wp\/v2\/comments?post=19196"}],"version-history":[{"count":1,"href":"https:\/\/ztsports.com\/fr\/wp-json\/wp\/v2\/product\/19196\/revisions"}],"predecessor-version":[{"id":19197,"href":"https:\/\/ztsports.com\/fr\/wp-json\/wp\/v2\/product\/19196\/revisions\/19197"}],"wp:featuredmedia":[{"embeddable":true,"href":"https:\/\/ztsports.com\/fr\/wp-json\/wp\/v2\/media\/18705"}],"wp:attachment":[{"href":"https:\/\/ztsports.com\/fr\/wp-json\/wp\/v2\/media?parent=19196"}],"wp:term":[{"taxonomy":"product_brand","embeddable":true,"href":"https:\/\/ztsports.com\/fr\/wp-json\/wp\/v2\/product_brand?post=19196"},{"taxonomy":"product_cat","embeddable":true,"href":"https:\/\/ztsports.com\/fr\/wp-json\/wp\/v2\/product_cat?post=19196"},{"taxonomy":"product_tag","embeddable":true,"href":"https:\/\/ztsports.com\/fr\/wp-json\/wp\/v2\/product_tag?post=19196"}],"curies":[{"name":"wp","href":"https:\/\/api.w.org\/{rel}","templated":true}]}}