{"id":19194,"date":"2021-09-23T02:31:13","date_gmt":"2021-09-23T02:31:13","guid":{"rendered":"https:\/\/ztsports.com\/?post_type=product&#038;p=19194"},"modified":"2026-02-02T20:31:05","modified_gmt":"2026-02-02T20:31:05","slug":"pocket-for-the-3%e2%80%b3-nagano","status":"publish","type":"product","link":"https:\/\/ztsports.com\/fr\/store\/pocket-for-the-3%e2%80%b3-nagano\/","title":{"rendered":"POCKET FOR THE 3\u2033 NAGANO SKATE SHARPENING PLATES"},"content":{"rendered":"<h1><span data-sheets-value=\"{\"1\":2,\"2\":\"\u00c9TUI POUR PLAQUE D\u2019AIGUISAGE 3\u2033 NAGANO SKATE\n\"}\" data-sheets-userformat=\"{\"2\":513,\"3\":{\"1\":0},\"12\":0}\">POCKET FOR THE 3\u2033 NAGANO SKATE SHARPENING PLATES<br \/>\n<\/span><\/h1>\n<p><span data-sheets-value=\"{\"1\":2,\"2\":\"\u00c9TUI POUR PLAQUE D\u2019AIGUISAGE 3\u2033 NAGANO SKATE\n\"}\" data-sheets-userformat=\"{\"2\":513,\"3\":{\"1\":0},\"12\":0}\">POCHETTE POUR LES PLAQUES D&#8217;AFF\u00dbTAGE DE PATINS 3\u2033 NAGANO. Fabriqu\u00e9 au Canada par un membre de l&#8217;\u00e9quipe canadienne Short Track.<\/span><\/p>\n<p>Etuis fabriqu\u00e9s en cuir vinyle et con\u00e7us sp\u00e9cifiquement pour les plaques d&#8217;aff\u00fbtage diamant\u00e9es Nagano Skate. Tous les \u00e9tuis Nagano Skate sont fabriqu\u00e9s \u00e0 la main au Qu\u00e9bec par des patineurs. They fit easily into your bag and offer increased transportation security.<\/p>\n<h4><span data-sheets-value=\"{\"1\":2,\"2\":\"\u00c9TUI POUR PLAQUE D\u2019AIGUISAGE 3\u2033 NAGANO SKATE\n\"}\" data-sheets-userformat=\"{\"2\":513,\"3\":{\"1\":0},\"12\":0}\">POCKET FOR THE 3\u2033 NAGANO SKATE SHARPENING PLATES<\/span><\/h4>\n<p>Vous avez le choix entre des \u00e9tuis simples (pour une assiette) ou doubles (pour deux assiettes), en rouge ou en noir.<\/p>\n<p>Pochettes con\u00e7ues sp\u00e9cifiquement pour les plaques d&#8217;aff\u00fbtage diamant\u00e9es Nagano Skate.<\/p>\n<p>All Nagano Skate pockets are handmade in Quebec.<\/p>\n<p>They fit easily into your bag and offer increased transportation security.<\/p>\n<p>You have the choice between single or double size, in red or black.<\/p>\n<p>Tous les <a href=\"http:\/\/You%20can%20find%20all%20our%20Diamond%20Sharpening%20and%20Burr%20stones%20here.\"><strong>Assiettes Nagano Dimond<\/strong><\/a> sont ici.<\/p>\n","protected":false},"excerpt":{"rendered":"<p>POCKET FOR THE 3\u2033 NAGANO SKATE SHARPENING PLATES POCHETTE POUR LES PLAQUES D&#8217;AFF\u00dbTAGE DE PATINS 3\u2033 NAGANO. Fabriqu\u00e9 au Canada par un membre de l&#8217;\u00e9quipe canadienne Short Track. Etuis fabriqu\u00e9s en cuir vinyle et con\u00e7us sp\u00e9cifiquement pour les plaques d&#8217;aff\u00fbtage diamant\u00e9es Nagano Skate. Tous les \u00e9tuis Nagano Skate sont fabriqu\u00e9s \u00e0 la main au Qu\u00e9bec [&hellip;]<\/p>\n","protected":false},"featured_media":18700,"comment_status":"open","ping_status":"closed","template":"","meta":{"_acf_changed":false,"_monsterinsights_skip_tracking":false,"_monsterinsights_sitenote_active":false,"_monsterinsights_sitenote_note":"","_monsterinsights_sitenote_category":0,"_uf_show_specific_survey":0,"_uf_disable_surveys":false,"site-sidebar-layout":"default","site-content-layout":"","ast-site-content-layout":"default","site-content-style":"default","site-sidebar-style":"default","ast-global-header-display":"","ast-banner-title-visibility":"","ast-main-header-display":"","ast-hfb-above-header-display":"","ast-hfb-below-header-display":"","ast-hfb-mobile-header-display":"","site-post-title":"","ast-breadcrumbs-content":"","ast-featured-img":"","footer-sml-layout":"","ast-disable-related-posts":"","theme-transparent-header-meta":"default","adv-header-id-meta":"","stick-header-meta":"","header-above-stick-meta":"","header-main-stick-meta":"","header-below-stick-meta":"","astra-migrate-meta-layouts":"set","ast-page-background-enabled":"default","ast-page-background-meta":{"desktop":{"background-color":"","background-image":"","background-repeat":"repeat","background-position":"center center","background-size":"auto","background-attachment":"scroll","background-type":"","background-media":"","overlay-type":"","overlay-color":"","overlay-opacity":"","overlay-gradient":""},"tablet":{"background-color":"","background-image":"","background-repeat":"repeat","background-position":"center center","background-size":"auto","background-attachment":"scroll","background-type":"","background-media":"","overlay-type":"","overlay-color":"","overlay-opacity":"","overlay-gradient":""},"mobile":{"background-color":"","background-image":"","background-repeat":"repeat","background-position":"center center","background-size":"auto","background-attachment":"scroll","background-type":"","background-media":"","overlay-type":"","overlay-color":"","overlay-opacity":"","overlay-gradient":""}},"ast-content-background-meta":{"desktop":{"background-color":"var(--ast-global-color-5)","background-image":"","background-repeat":"repeat","background-position":"center center","background-size":"auto","background-attachment":"scroll","background-type":"","background-media":"","overlay-type":"","overlay-color":"","overlay-opacity":"","overlay-gradient":""},"tablet":{"background-color":"var(--ast-global-color-5)","background-image":"","background-repeat":"repeat","background-position":"center center","background-size":"auto","background-attachment":"scroll","background-type":"","background-media":"","overlay-type":"","overlay-color":"","overlay-opacity":"","overlay-gradient":""},"mobile":{"background-color":"var(--ast-global-color-5)","background-image":"","background-repeat":"repeat","background-position":"center center","background-size":"auto","background-attachment":"scroll","background-type":"","background-media":"","overlay-type":"","overlay-color":"","overlay-opacity":"","overlay-gradient":""}}},"product_brand":[3366],"product_cat":[3743,3393,3580,3470,3514,3469,3873],"product_tag":[2071,3744],"class_list":{"0":"post-19194","1":"product","2":"type-product","3":"status-publish","4":"has-post-thumbnail","6":"product_brand-mysok","7":"product_cat-accessoires-daffutage","8":"product_cat-aiguisage","9":"product_cat-bandes-de-rechange","10":"product_cat-des-pierres","11":"product_cat-entretien-des-lames","12":"product_cat-pierres-de-diamant","14":"product_tag-nagano","15":"product_tag-poche-pour-le-3","16":"desktop-align-left","17":"tablet-align-left","18":"mobile-align-left","20":"first","21":"instock","22":"taxable","23":"shipping-taxable","24":"purchasable","25":"product-type-simple"},"acf":[],"_links":{"self":[{"href":"https:\/\/ztsports.com\/fr\/wp-json\/wp\/v2\/product\/19194","targetHints":{"allow":["GET"]}}],"collection":[{"href":"https:\/\/ztsports.com\/fr\/wp-json\/wp\/v2\/product"}],"about":[{"href":"https:\/\/ztsports.com\/fr\/wp-json\/wp\/v2\/types\/product"}],"replies":[{"embeddable":true,"href":"https:\/\/ztsports.com\/fr\/wp-json\/wp\/v2\/comments?post=19194"}],"version-history":[{"count":1,"href":"https:\/\/ztsports.com\/fr\/wp-json\/wp\/v2\/product\/19194\/revisions"}],"predecessor-version":[{"id":19195,"href":"https:\/\/ztsports.com\/fr\/wp-json\/wp\/v2\/product\/19194\/revisions\/19195"}],"wp:featuredmedia":[{"embeddable":true,"href":"https:\/\/ztsports.com\/fr\/wp-json\/wp\/v2\/media\/18700"}],"wp:attachment":[{"href":"https:\/\/ztsports.com\/fr\/wp-json\/wp\/v2\/media?parent=19194"}],"wp:term":[{"taxonomy":"product_brand","embeddable":true,"href":"https:\/\/ztsports.com\/fr\/wp-json\/wp\/v2\/product_brand?post=19194"},{"taxonomy":"product_cat","embeddable":true,"href":"https:\/\/ztsports.com\/fr\/wp-json\/wp\/v2\/product_cat?post=19194"},{"taxonomy":"product_tag","embeddable":true,"href":"https:\/\/ztsports.com\/fr\/wp-json\/wp\/v2\/product_tag?post=19194"}],"curies":[{"name":"wp","href":"https:\/\/api.w.org\/{rel}","templated":true}]}}