{"id":19192,"date":"2021-09-23T02:31:15","date_gmt":"2021-09-23T02:31:15","guid":{"rendered":"https:\/\/ztsports.com\/?post_type=product&#038;p=19192"},"modified":"2026-02-02T20:30:07","modified_gmt":"2026-02-02T20:30:07","slug":"kit-de-demarrage-daffutage","status":"publish","type":"product","link":"https:\/\/ztsports.com\/fr\/store\/kit-de-demarrage-daffutage\/","title":{"rendered":"KIT DE D\u00c9MARRAGE D&#8217;AFF\u00dbTAGE AU DIAMANT NAGANO"},"content":{"rendered":"<div class=\"product__description rte quick-add-hidden\">\n<p dir=\"ltr\" data-placeholder=\"Traduction\">KIT DE D\u00c9MARRAGE D&#8217;AFF\u00dbTAGE AU DIAMANT NAGANO OU KIT DE D\u00c9MARRAGE D&#8217;AFF\u00dbTAGE AU DIAMANT SIGNATURE DE FRANK<\/p>\n<p>Le kit NAGANO DIAMOND SHARPENING STARTER est parfait pour les d\u00e9butants.<\/p>\n<p id=\"tw-target-text\" class=\"tw-data-text tw-ta tw-text-small\" dir=\"ltr\" data-placeholder=\"Traduction\"><span lang=\"en\">L<strong>&#8216;ensemble comprend :<\/strong><br \/>\n-1 plaque d&#8217;aff\u00fbtage bilat\u00e9rale 2&#8243; Bleu 400 &#8211; Rouge 600  <\/span><\/p>\n<p class=\"tw-data-text tw-ta tw-text-small\" dir=\"ltr\" data-placeholder=\"Traduction\"><span lang=\"en\"><strong>Et le choix entre :<\/strong><br \/>\n&#8211; Plaque d&#8217;\u00e9barbage diamant\u00e9e bleu-rouge \u00e0 deux faces sign\u00e9e Frank (400-600). Dimension de 1&#8243; X 1&#8243; mont\u00e9e sur une plaque d&#8217;aluminium anodis\u00e9.<br \/>\n<\/span><span lang=\"en\"><strong>ou<\/strong> -1 Outil d&#8217;\u00e9barbage flexible Signature de Frank Rouge (600-600).<\/span><\/p>\n<p>Avec le NAGANO DIAMOND SHARPENING STARTER, vous obtiendrez une qualit\u00e9 d&#8217;aiguisage exceptionnelle.<\/p>\n<p>Les plaques d&#8217;\u00e9barbage diamant\u00e9es pliantes \u00e0 deux faces de Frank vous permettront d&#8217;enlever la bavure des deux c\u00f4t\u00e9s de votre lame en m\u00eame temps.<\/p>\n<p>De plus, ces plaques de 1&#8243; x 1&#8243; sont mont\u00e9es sur une surface flexible pour s&#8217;adapter \u00e0 la forme de votre lame.<\/p>\n<p class=\"tw-data-text tw-ta tw-text-small\" dir=\"ltr\" data-placeholder=\"Traduction\"><span lang=\"en\">En outre, les plaques bleue et rouge repr\u00e9sentent le c\u0153ur de l&#8217;aff\u00fbtage. Ce set est le premier produit qui vous incitera \u00e0 passer \u00e0 l&#8217;aff\u00fbtage au diamant. Les plaques diamant\u00e9es Frank&#8217;s Signature sont tout simplement les meilleurs produits d&#8217;aff\u00fbtage diamant\u00e9s du march\u00e9 et les plus durables. Le diamant de haute qualit\u00e9 est positionn\u00e9 sur des matrices afin d\u2019assurer une uniformit\u00e9 de la surface et par cons\u00e9quent des r\u00e9sultats optimaux et constants pour l\u2019aiguisage.<\/span><\/p>\n<p>Le NAGANO DIAMOND SHARPENING STARTER est con\u00e7u pour simplifier vos t\u00e2ches d&#8217;aff\u00fbtage.<\/p>\n<p>NAGANO SKATE STARTING PACKAGE DIAMOND SHARPENING SET<\/p>\n<p>L&#8217;ensemble d&#8217;aff\u00fbtage diamant\u00e9 Nagano skate starting package est tout ce dont vous aurez besoin pour commencer.<\/p>\n<p>Ils sont<span class=\"Y2IQFc\" lang=\"en\">  Frank&#8217;s Signature diamond plate. ils constituent une r\u00e9volution dans le monde de l&#8217;aff\u00fbtage en patinage de vitesse. En outre, il ne n\u00e9cessite ni lubrifiant ni entretien. Un simple coup de chiffon sec suffit pour le nettoyer.<\/span><\/p>\n<p>Investir dans le NAGANO DIAMOND SHARPENING STARTER, c&#8217;est l&#8217;assurance d&#8217;une performance optimale.<\/p>\n<p>Les plaques d&#8217;\u00e9barbage diamant\u00e9es pliantes \u00e0 deux faces de First Frank vous permettront d&#8217;enlever la bavure des deux c\u00f4t\u00e9s de votre lame en m\u00eame temps.<\/p>\n<p>Ensuite, ces plaques de 1\u2033 x 1\u2033 sont mont\u00e9es sur une surface flexible pour s&#8217;adapter \u00e0 la forme de la lame.<\/p>\n<p class=\"tw-data-text tw-ta tw-text-small\" dir=\"ltr\" data-placeholder=\"Traduction\"><span lang=\"en\">Les premi\u00e8res plaques bleues et rouges repr\u00e9sentent le c\u0153ur de l&#8217;aff\u00fbtage. Ce set est le premier produit qui vous incitera \u00e0 passer \u00e0 l&#8217;aff\u00fbtage au diamant.<\/span><\/p>\n<p>Am\u00e9liorez vos comp\u00e9tences avec le NAGANO DIAMOND SHARPENING STARTER pour de meilleurs r\u00e9sultats.<\/p>\n<p class=\"tw-data-text tw-ta tw-text-small\" dir=\"ltr\" data-placeholder=\"Traduction\"><span lang=\"en\">Les plaques diamant\u00e9es Frank&#8217;s Signature sont tout simplement les meilleurs produits d&#8217;aff\u00fbtage diamant\u00e9s du march\u00e9 et les plus durables.<\/span><\/p>\n<p class=\"tw-data-text tw-ta tw-text-small\" dir=\"ltr\" data-placeholder=\"Traduction\"><span lang=\"en\">En outre, le diamant de haute qualit\u00e9 est positionn\u00e9 sur des matrices afin d&#8217;assurer l&#8217;uniformit\u00e9 de la surface et donc des r\u00e9sultats optimaux et constants pour l&#8217;aff\u00fbtage.<\/span><\/p>\n<p>En fin de compte, le NAGANO DIAMOND SHARPENING STARTER est votre meilleure option pour un aff\u00fbtage efficace.<\/p>\n<p><strong>Zt Sports vous remercie de nous soutenir, nous, votre revendeur ind\u00e9pendant local.<\/strong><\/p>\n<p data-placeholder=\"Traduction\">Voici ensuite un lien vers une vid\u00e9o YouTube dans laquelle <a href=\"https:\/\/www.youtube.com\/watch?v=QBY-UJy_Uak\" target=\"_blank\" rel=\"noopener\"><strong>Frank explique en d\u00e9tail les plaques diamant\u00e9es Nagano.<\/strong><\/a> <\/p>\n<p>Enfin, vous trouverez \u00e9galement tous les  <a href=\"https:\/\/ztsports.com\/categorie-produit\/pierres-de-diamant-fr\/?lang=fr\"><strong>nos pierres \u00e0 aiguiser et \u00e0 \u00e9barber ici<\/strong><\/a>.<\/p>\n<\/div>\n","protected":false},"excerpt":{"rendered":"<p>KIT DE D\u00c9MARRAGE D&#8217;AFF\u00dbTAGE AU DIAMANT NAGANO OU KIT DE D\u00c9MARRAGE D&#8217;AFF\u00dbTAGE AU DIAMANT SIGNATURE DE FRANK Le kit NAGANO DIAMOND SHARPENING STARTER est parfait pour les d\u00e9butants. L&#8216;ensemble comprend : -1 plaque d&#8217;aff\u00fbtage bilat\u00e9rale 2&#8243; Bleu 400 &#8211; Rouge 600 Et le choix entre : &#8211; Plaque d&#8217;\u00e9barbage diamant\u00e9e bleu-rouge \u00e0 deux faces sign\u00e9e [&hellip;]<\/p>\n","protected":false},"featured_media":18692,"comment_status":"open","ping_status":"closed","template":"","meta":{"_acf_changed":false,"_monsterinsights_skip_tracking":false,"_monsterinsights_sitenote_active":false,"_monsterinsights_sitenote_note":"","_monsterinsights_sitenote_category":0,"_uf_show_specific_survey":0,"_uf_disable_surveys":false,"site-sidebar-layout":"default","site-content-layout":"","ast-site-content-layout":"default","site-content-style":"default","site-sidebar-style":"default","ast-global-header-display":"","ast-banner-title-visibility":"","ast-main-header-display":"","ast-hfb-above-header-display":"","ast-hfb-below-header-display":"","ast-hfb-mobile-header-display":"","site-post-title":"","ast-breadcrumbs-content":"","ast-featured-img":"","footer-sml-layout":"","ast-disable-related-posts":"","theme-transparent-header-meta":"default","adv-header-id-meta":"","stick-header-meta":"","header-above-stick-meta":"","header-main-stick-meta":"","header-below-stick-meta":"","astra-migrate-meta-layouts":"set","ast-page-background-enabled":"default","ast-page-background-meta":{"desktop":{"background-color":"","background-image":"","background-repeat":"repeat","background-position":"center center","background-size":"auto","background-attachment":"scroll","background-type":"","background-media":"","overlay-type":"","overlay-color":"","overlay-opacity":"","overlay-gradient":""},"tablet":{"background-color":"","background-image":"","background-repeat":"repeat","background-position":"center center","background-size":"auto","background-attachment":"scroll","background-type":"","background-media":"","overlay-type":"","overlay-color":"","overlay-opacity":"","overlay-gradient":""},"mobile":{"background-color":"","background-image":"","background-repeat":"repeat","background-position":"center center","background-size":"auto","background-attachment":"scroll","background-type":"","background-media":"","overlay-type":"","overlay-color":"","overlay-opacity":"","overlay-gradient":""}},"ast-content-background-meta":{"desktop":{"background-color":"var(--ast-global-color-5)","background-image":"","background-repeat":"repeat","background-position":"center center","background-size":"auto","background-attachment":"scroll","background-type":"","background-media":"","overlay-type":"","overlay-color":"","overlay-opacity":"","overlay-gradient":""},"tablet":{"background-color":"var(--ast-global-color-5)","background-image":"","background-repeat":"repeat","background-position":"center center","background-size":"auto","background-attachment":"scroll","background-type":"","background-media":"","overlay-type":"","overlay-color":"","overlay-opacity":"","overlay-gradient":""},"mobile":{"background-color":"var(--ast-global-color-5)","background-image":"","background-repeat":"repeat","background-position":"center center","background-size":"auto","background-attachment":"scroll","background-type":"","background-media":"","overlay-type":"","overlay-color":"","overlay-opacity":"","overlay-gradient":""}}},"product_brand":[3326],"product_cat":[3470,3469,3873,3515],"product_tag":[3736,3737,3738,3739,3740,3741,3742],"class_list":{"0":"post-19192","1":"product","2":"type-product","3":"status-publish","4":"has-post-thumbnail","6":"product_brand-nagano","7":"product_cat-des-pierres","8":"product_cat-pierres-de-diamant","10":"product_cat-pierres-de-ronce","11":"product_tag-diamant-pliant-a-2-faces","12":"product_tag-franks","13":"product_tag-kit-de-demarrage","14":"product_tag-kit-de-demarrage-pour-laffutage-au-diamant","15":"product_tag-nagano-diamant","16":"product_tag-plaques-debarbage","17":"product_tag-signature-de-frank","18":"desktop-align-left","19":"tablet-align-left","20":"mobile-align-left","22":"first","23":"instock","24":"taxable","25":"shipping-taxable","26":"purchasable","27":"product-type-simple"},"acf":[],"_links":{"self":[{"href":"https:\/\/ztsports.com\/fr\/wp-json\/wp\/v2\/product\/19192","targetHints":{"allow":["GET"]}}],"collection":[{"href":"https:\/\/ztsports.com\/fr\/wp-json\/wp\/v2\/product"}],"about":[{"href":"https:\/\/ztsports.com\/fr\/wp-json\/wp\/v2\/types\/product"}],"replies":[{"embeddable":true,"href":"https:\/\/ztsports.com\/fr\/wp-json\/wp\/v2\/comments?post=19192"}],"version-history":[{"count":1,"href":"https:\/\/ztsports.com\/fr\/wp-json\/wp\/v2\/product\/19192\/revisions"}],"predecessor-version":[{"id":19193,"href":"https:\/\/ztsports.com\/fr\/wp-json\/wp\/v2\/product\/19192\/revisions\/19193"}],"wp:featuredmedia":[{"embeddable":true,"href":"https:\/\/ztsports.com\/fr\/wp-json\/wp\/v2\/media\/18692"}],"wp:attachment":[{"href":"https:\/\/ztsports.com\/fr\/wp-json\/wp\/v2\/media?parent=19192"}],"wp:term":[{"taxonomy":"product_brand","embeddable":true,"href":"https:\/\/ztsports.com\/fr\/wp-json\/wp\/v2\/product_brand?post=19192"},{"taxonomy":"product_cat","embeddable":true,"href":"https:\/\/ztsports.com\/fr\/wp-json\/wp\/v2\/product_cat?post=19192"},{"taxonomy":"product_tag","embeddable":true,"href":"https:\/\/ztsports.com\/fr\/wp-json\/wp\/v2\/product_tag?post=19192"}],"curies":[{"name":"wp","href":"https:\/\/api.w.org\/{rel}","templated":true}]}}