{"id":19190,"date":"2021-09-23T02:31:16","date_gmt":"2021-09-23T02:31:16","guid":{"rendered":"https:\/\/ztsports.com\/?post_type=product&#038;p=19190"},"modified":"2026-01-23T17:50:25","modified_gmt":"2026-01-23T17:50:25","slug":"bont-highroller-110mm","status":"publish","type":"product","link":"https:\/\/ztsports.com\/fr\/store\/bont-highroller-110mm\/","title":{"rendered":"ROUE DE SKATING INLINE BONT HIGHROLLER 110mm"},"content":{"rendered":"<h1 class=\"product_title entry-title\">BONT HIGHROLLER Roue de patinage de vitesse en ligne 110mm<span data-sheets-value=\"{\" data-sheets-userformat=\"{\"> It&#8217;s All About The Flex<\/span><\/h1>\n<p>La roue Bont HIGHROLLER a le rebond le plus \u00e9lev\u00e9 et l&#8217;usure la plus longue de toutes les roues du march\u00e9. C&#8217;est une roue qui dure tr\u00e8s longtemps, ce qui est tr\u00e8s important pour les longues courses.<\/p>\n<p>A la fin d&#8217;un marathon de 42 km, ces roues ont toujours l&#8217;air neuves. Une grande quantit\u00e9 de rebond est importante pour le retour d&#8217;\u00e9nergie.<\/p>\n<p>Si, lors d&#8217;une course, vous n&#8217;\u00eates pas s\u00fbr de la roue \u00e0 utiliser, c&#8217;est celle-ci qu&#8217;il faut choisir. Elle poss\u00e8de les meilleures qualit\u00e9s g\u00e9n\u00e9rales de toutes les roues de notre gamme.<\/p>\n<p>D\u00e8s sa premi\u00e8re ann\u00e9e sur le circuit professionnel, la HIGHROLLER a gagn\u00e9 plus de courses de la World Inline Cup que n&#8217;importe quelle autre roue.<\/p>\n<p>Ce que vous obtenez avec la HIGHROLLER, c&#8217;est une roue fabriqu\u00e9e avec un moyeu d&#8217;une seule pi\u00e8ce, avec des si\u00e8ges de roulements serr\u00e9s, et un contr\u00f4le de qualit\u00e9 tr\u00e8s strict.<\/p>\n<p>Il offre un excellent \u00e9quilibre entre adh\u00e9rence et vitesse et peut \u00eatre utilis\u00e9 sur n&#8217;importe quelle surface ext\u00e9rieure. This is the wheel of choice for Team Bont\/Arena at most roads that they will race on.<\/p>\n<p>Fabriqu\u00e9 en : USA<br \/>\nApplication : Surfaces routi\u00e8res ou b\u00e9tonn\u00e9es ext\u00e9rieures s\u00e8ches<br \/>\nDiameter: 80mm, 84mm, 90mm, 100mm, 110mm<br \/>\nHardness: 85A<br \/>\nBearing size: 608<\/p>\n<h4 class=\"text-center entry-title\"><a href=\"https:\/\/www.rollerenligne.com\/en\/skating-hardware\/review-bont-g4-high-roller-red-100mm-85a\/\" target=\"_blank\" rel=\"noopener\">Revue : Bont G4 High Roller<\/a> Red 100mm 85A<\/h4>\n<h4><strong>Voir toutes nos <\/strong><a href=\"https:\/\/ztsports.com\/product-category\/inline-speed-skating\/wheels\/\">roues en ligne ici<\/a><strong>.<\/strong><\/h4>\n","protected":false},"excerpt":{"rendered":"<p>BONT HIGHROLLER Roue de patinage de vitesse en ligne 110mm It&#8217;s All About The Flex La roue Bont HIGHROLLER a le rebond le plus \u00e9lev\u00e9 et l&#8217;usure la plus longue de toutes les roues du march\u00e9. C&#8217;est une roue qui dure tr\u00e8s longtemps, ce qui est tr\u00e8s important pour les longues courses. A la fin [&hellip;]<\/p>\n","protected":false},"featured_media":18686,"comment_status":"open","ping_status":"closed","template":"","meta":{"_acf_changed":false,"_monsterinsights_skip_tracking":false,"_monsterinsights_sitenote_active":false,"_monsterinsights_sitenote_note":"","_monsterinsights_sitenote_category":0,"_uf_show_specific_survey":0,"_uf_disable_surveys":false,"site-sidebar-layout":"default","site-content-layout":"","ast-site-content-layout":"default","site-content-style":"default","site-sidebar-style":"default","ast-global-header-display":"","ast-banner-title-visibility":"","ast-main-header-display":"","ast-hfb-above-header-display":"","ast-hfb-below-header-display":"","ast-hfb-mobile-header-display":"","site-post-title":"","ast-breadcrumbs-content":"","ast-featured-img":"","footer-sml-layout":"","ast-disable-related-posts":"","theme-transparent-header-meta":"default","adv-header-id-meta":"","stick-header-meta":"","header-above-stick-meta":"","header-main-stick-meta":"","header-below-stick-meta":"","astra-migrate-meta-layouts":"set","ast-page-background-enabled":"default","ast-page-background-meta":{"desktop":{"background-color":"","background-image":"","background-repeat":"repeat","background-position":"center center","background-size":"auto","background-attachment":"scroll","background-type":"","background-media":"","overlay-type":"","overlay-color":"","overlay-opacity":"","overlay-gradient":""},"tablet":{"background-color":"","background-image":"","background-repeat":"repeat","background-position":"center center","background-size":"auto","background-attachment":"scroll","background-type":"","background-media":"","overlay-type":"","overlay-color":"","overlay-opacity":"","overlay-gradient":""},"mobile":{"background-color":"","background-image":"","background-repeat":"repeat","background-position":"center center","background-size":"auto","background-attachment":"scroll","background-type":"","background-media":"","overlay-type":"","overlay-color":"","overlay-opacity":"","overlay-gradient":""}},"ast-content-background-meta":{"desktop":{"background-color":"var(--ast-global-color-5)","background-image":"","background-repeat":"repeat","background-position":"center center","background-size":"auto","background-attachment":"scroll","background-type":"","background-media":"","overlay-type":"","overlay-color":"","overlay-opacity":"","overlay-gradient":""},"tablet":{"background-color":"var(--ast-global-color-5)","background-image":"","background-repeat":"repeat","background-position":"center center","background-size":"auto","background-attachment":"scroll","background-type":"","background-media":"","overlay-type":"","overlay-color":"","overlay-opacity":"","overlay-gradient":""},"mobile":{"background-color":"var(--ast-global-color-5)","background-image":"","background-repeat":"repeat","background-position":"center center","background-size":"auto","background-attachment":"scroll","background-type":"","background-media":"","overlay-type":"","overlay-color":"","overlay-opacity":"","overlay-gradient":""}}},"product_brand":[3285],"product_cat":[3381,3382],"product_tag":[3383,3384,3385,3386],"class_list":{"0":"post-19190","1":"product","2":"type-product","3":"status-publish","4":"has-post-thumbnail","6":"product_brand-bont","7":"product_cat-patinage-de-vitesse-en-ligne","8":"product_cat-roues","9":"product_tag-80mm-84mm-90mm-100mm-110mm","10":"product_tag-bont-highroller","11":"product_tag-en-ligne","12":"product_tag-roue-de-course-en-ligne","13":"desktop-align-left","14":"tablet-align-left","15":"mobile-align-left","17":"first","18":"instock","19":"taxable","20":"shipping-taxable","21":"purchasable","22":"product-type-simple"},"acf":[],"_links":{"self":[{"href":"https:\/\/ztsports.com\/fr\/wp-json\/wp\/v2\/product\/19190","targetHints":{"allow":["GET"]}}],"collection":[{"href":"https:\/\/ztsports.com\/fr\/wp-json\/wp\/v2\/product"}],"about":[{"href":"https:\/\/ztsports.com\/fr\/wp-json\/wp\/v2\/types\/product"}],"replies":[{"embeddable":true,"href":"https:\/\/ztsports.com\/fr\/wp-json\/wp\/v2\/comments?post=19190"}],"version-history":[{"count":1,"href":"https:\/\/ztsports.com\/fr\/wp-json\/wp\/v2\/product\/19190\/revisions"}],"predecessor-version":[{"id":19191,"href":"https:\/\/ztsports.com\/fr\/wp-json\/wp\/v2\/product\/19190\/revisions\/19191"}],"wp:featuredmedia":[{"embeddable":true,"href":"https:\/\/ztsports.com\/fr\/wp-json\/wp\/v2\/media\/18686"}],"wp:attachment":[{"href":"https:\/\/ztsports.com\/fr\/wp-json\/wp\/v2\/media?parent=19190"}],"wp:term":[{"taxonomy":"product_brand","embeddable":true,"href":"https:\/\/ztsports.com\/fr\/wp-json\/wp\/v2\/product_brand?post=19190"},{"taxonomy":"product_cat","embeddable":true,"href":"https:\/\/ztsports.com\/fr\/wp-json\/wp\/v2\/product_cat?post=19190"},{"taxonomy":"product_tag","embeddable":true,"href":"https:\/\/ztsports.com\/fr\/wp-json\/wp\/v2\/product_tag?post=19190"}],"curies":[{"name":"wp","href":"https:\/\/api.w.org\/{rel}","templated":true}]}}