{"id":19186,"date":"2021-09-23T02:32:25","date_gmt":"2021-09-23T02:32:25","guid":{"rendered":"https:\/\/ztsports.com\/?post_type=product&#038;p=19186"},"modified":"2026-02-02T20:29:31","modified_gmt":"2026-02-02T20:29:31","slug":"botte-ajustable-luigino-kids","status":"publish","type":"product","link":"https:\/\/ztsports.com\/fr\/store\/botte-ajustable-luigino-kids\/","title":{"rendered":"LUIGINO KIDS ADJUSTABLE BOOT Challenge"},"content":{"rendered":"<h1><span data-sheets-value=\"{\"1\":2,\"2\":\"LUIGINO ADJUSTABLE BOOT\"}\" data-sheets-userformat=\"{\"2\":513,\"3\":{\"1\":0},\"12\":0}\">BOTTE AJUSTABLE LUIGINO KIDS<\/span><\/h1>\n<p>La chaussure r\u00e9glable Luigino Kids est le premier patin de vitesse r\u00e9glable sur le march\u00e9 aujourd&#8217;hui ! De plus, le Luigino Kid&#8217;s Challenge Adjustable est <strong>disponible en deux mod\u00e8les couvrant 8 tailles<\/strong>. De plus, cette botte permet aux parents d&#8217;en avoir pour leur argent sans sacrifier le confort ou la performance de leurs enfants !<\/p>\n<p><strong>Luigino Kid&#8217;s Adjustable Boot Challenge : 1Boot = 4 Tailles ! <\/strong><\/p>\n<h3><strong>Tailles ajustables 34-37<\/strong><\/h3>\n<p><strong>Distance de montage :<\/strong> 165mm (6.5&#8243;) &#8211; toutes les tailles<\/p>\n<p>Les<strong> Luigino Kids Adjustable ice and Inline Speed Boots<\/strong> s&#8217;ajustent facilement jusqu&#8217;\u00e0 4 tailles pour grandir en m\u00eame temps que votre enfant. Ces bottes profil\u00e9es sont fabriqu\u00e9es \u00e0 partir d&#8217;un m\u00e9lange de fibre de verre et d&#8217;ur\u00e9thane afin d&#8217;assurer la rigidit\u00e9 sans augmenter le prix ou la capacit\u00e9 de dimensionnement.<\/p>\n<p>La semelle ext\u00e9rieure de la botte est envelopp\u00e9e de maille et de cuir pour augmenter le confort tout en conservant une bonne durabilit\u00e9. Des lacets standard, une bande de velcro au niveau des orteils et une boucle \u00e0 nano-ratchet avec un cache-lacet permettent un ajustement pr\u00e9cis mais confortable.<\/p>\n<p>Ils sont con\u00e7us pour les patineurs juniors avanc\u00e9s qui recherchent la vitesse et la performance. Ils sont compatibles avec un montage de 152 mm ou 165 mm pour les tailles Y13-2.0 ou 150 mm, 165 mm et 180 mm pour les tailles 2.0 &#8211; 5.0. Ils sont \u00e9galement dot\u00e9s d&#8217;un montage horizontal sur glissi\u00e8re et d&#8217;\u00e9crous de montage rempla\u00e7ables.<\/p>\n<h4>Les caract\u00e9ristiques comprennent<\/h4>\n<ul>\n<li>Embout r\u00e9glable<\/li>\n<li>Boucle Luigino Nano<\/li>\n<li>Courroie de transmission<\/li>\n<li>Lacets cir\u00e9s<\/li>\n<li>Fentes de montage<\/li>\n<li>Rembourrage de la cheville SBR<\/li>\n<li>Soutien suppl\u00e9mentaire de la cheville<\/li>\n<li>Rembourrage de la semelle haute densit\u00e9<\/li>\n<\/ul>\n<p>Une courte vid\u00e9o montrant le fonctionnement de la <a href=\"https:\/\/www.youtube.com\/watch?v=WeclJyAKR34&amp;t=39s\" target=\"_blank\" rel=\"noopener\"><strong>de la botte r\u00e9glable.<\/strong><\/a><\/p>\n<p>Enfin, voir nos<a href=\"https:\/\/ztsports.com\/categorie-produit\/bottes\/?lang=fr\"><strong>Bottes Short Track<\/strong><\/a> Ici et les <a href=\"https:\/\/ztsports.com\/categorie-produit\/patinage-de-vitesse-en-ligne\/bottes2\/?lang=fr\"><strong>Bottes Inline<\/strong><\/a> ici.<\/p>\n","protected":false},"excerpt":{"rendered":"<p>BOTTE AJUSTABLE LUIGINO KIDS La chaussure r\u00e9glable Luigino Kids est le premier patin de vitesse r\u00e9glable sur le march\u00e9 aujourd&#8217;hui ! De plus, le Luigino Kid&#8217;s Challenge Adjustable est disponible en deux mod\u00e8les couvrant 8 tailles. De plus, cette botte permet aux parents d&#8217;en avoir pour leur argent sans sacrifier le confort ou la performance [&hellip;]<\/p>\n","protected":false},"featured_media":18672,"comment_status":"open","ping_status":"closed","template":"","meta":{"_acf_changed":false,"_monsterinsights_skip_tracking":false,"_monsterinsights_sitenote_active":false,"_monsterinsights_sitenote_note":"","_monsterinsights_sitenote_category":0,"_uf_show_specific_survey":0,"_uf_disable_surveys":false,"site-sidebar-layout":"default","site-content-layout":"","ast-site-content-layout":"default","site-content-style":"default","site-sidebar-style":"default","ast-global-header-display":"","ast-banner-title-visibility":"","ast-main-header-display":"","ast-hfb-above-header-display":"","ast-hfb-below-header-display":"","ast-hfb-mobile-header-display":"","site-post-title":"","ast-breadcrumbs-content":"","ast-featured-img":"","footer-sml-layout":"","ast-disable-related-posts":"","theme-transparent-header-meta":"default","adv-header-id-meta":"","stick-header-meta":"","header-above-stick-meta":"","header-main-stick-meta":"","header-below-stick-meta":"","astra-migrate-meta-layouts":"set","ast-page-background-enabled":"default","ast-page-background-meta":{"desktop":{"background-color":"","background-image":"","background-repeat":"repeat","background-position":"center center","background-size":"auto","background-attachment":"scroll","background-type":"","background-media":"","overlay-type":"","overlay-color":"","overlay-opacity":"","overlay-gradient":""},"tablet":{"background-color":"","background-image":"","background-repeat":"repeat","background-position":"center center","background-size":"auto","background-attachment":"scroll","background-type":"","background-media":"","overlay-type":"","overlay-color":"","overlay-opacity":"","overlay-gradient":""},"mobile":{"background-color":"","background-image":"","background-repeat":"repeat","background-position":"center center","background-size":"auto","background-attachment":"scroll","background-type":"","background-media":"","overlay-type":"","overlay-color":"","overlay-opacity":"","overlay-gradient":""}},"ast-content-background-meta":{"desktop":{"background-color":"var(--ast-global-color-5)","background-image":"","background-repeat":"repeat","background-position":"center center","background-size":"auto","background-attachment":"scroll","background-type":"","background-media":"","overlay-type":"","overlay-color":"","overlay-opacity":"","overlay-gradient":""},"tablet":{"background-color":"var(--ast-global-color-5)","background-image":"","background-repeat":"repeat","background-position":"center center","background-size":"auto","background-attachment":"scroll","background-type":"","background-media":"","overlay-type":"","overlay-color":"","overlay-opacity":"","overlay-gradient":""},"mobile":{"background-color":"var(--ast-global-color-5)","background-image":"","background-repeat":"repeat","background-position":"center center","background-size":"auto","background-attachment":"scroll","background-type":"","background-media":"","overlay-type":"","overlay-color":"","overlay-opacity":"","overlay-gradient":""}}},"product_brand":[3277,3317],"product_cat":[3786,3425,3721,3395,3402,3489,3426,3722,3467,3381,3625],"product_tag":[2097,3723,3724,3725,3726,2101,2102,3727,3728],"class_list":{"0":"post-19186","1":"product","2":"type-product","3":"status-publish","4":"has-post-thumbnail","6":"product_brand-atom","7":"product_brand-luigino","8":"product_cat-bottes","10":"product_cat-bottes-de-patinage-de-vitesse","11":"product_cat-courte-piste","12":"product_cat-en-ligne","13":"product_cat-offres-de-club","14":"product_cat-packages","15":"product_cat-paquet-en-ligne","16":"product_cat-patinage-de-vitesse","17":"product_cat-patinage-de-vitesse-en-ligne","18":"product_cat-patins-de-vitesse","19":"product_tag-atom-gear","20":"product_tag-botte-ajustable-luigino-kids","21":"product_tag-botte-reglable","22":"product_tag-bottes-de-vitesse-inline","23":"product_tag-bottes-inline-pour-enfants","24":"product_tag-inlinespeedboot","25":"product_tag-luigino","26":"product_tag-patins-atom","27":"product_tag-piste-courte","28":"desktop-align-left","29":"tablet-align-left","30":"mobile-align-left","32":"first","33":"instock","34":"featured","35":"taxable","36":"shipping-taxable","37":"purchasable","38":"product-type-simple"},"acf":[],"_links":{"self":[{"href":"https:\/\/ztsports.com\/fr\/wp-json\/wp\/v2\/product\/19186","targetHints":{"allow":["GET"]}}],"collection":[{"href":"https:\/\/ztsports.com\/fr\/wp-json\/wp\/v2\/product"}],"about":[{"href":"https:\/\/ztsports.com\/fr\/wp-json\/wp\/v2\/types\/product"}],"replies":[{"embeddable":true,"href":"https:\/\/ztsports.com\/fr\/wp-json\/wp\/v2\/comments?post=19186"}],"version-history":[{"count":1,"href":"https:\/\/ztsports.com\/fr\/wp-json\/wp\/v2\/product\/19186\/revisions"}],"predecessor-version":[{"id":19187,"href":"https:\/\/ztsports.com\/fr\/wp-json\/wp\/v2\/product\/19186\/revisions\/19187"}],"wp:featuredmedia":[{"embeddable":true,"href":"https:\/\/ztsports.com\/fr\/wp-json\/wp\/v2\/media\/18672"}],"wp:attachment":[{"href":"https:\/\/ztsports.com\/fr\/wp-json\/wp\/v2\/media?parent=19186"}],"wp:term":[{"taxonomy":"product_brand","embeddable":true,"href":"https:\/\/ztsports.com\/fr\/wp-json\/wp\/v2\/product_brand?post=19186"},{"taxonomy":"product_cat","embeddable":true,"href":"https:\/\/ztsports.com\/fr\/wp-json\/wp\/v2\/product_cat?post=19186"},{"taxonomy":"product_tag","embeddable":true,"href":"https:\/\/ztsports.com\/fr\/wp-json\/wp\/v2\/product_tag?post=19186"}],"curies":[{"name":"wp","href":"https:\/\/api.w.org\/{rel}","templated":true}]}}