{"id":19184,"date":"2021-09-23T02:32:26","date_gmt":"2021-09-23T02:32:26","guid":{"rendered":"https:\/\/ztsports.com\/?post_type=product&#038;p=19184"},"modified":"2026-02-02T20:29:19","modified_gmt":"2026-02-02T20:29:19","slug":"bont-cheetah-3-point-inline-package","status":"publish","type":"product","link":"https:\/\/ztsports.com\/fr\/store\/bont-cheetah-3-point-inline-package\/","title":{"rendered":"Bont Cheetah 3 Point Inline Package"},"content":{"rendered":"<p>Bont Cheetah 3 Point Inline Package<\/p>\n<p>La Bont Cheetah 3 point Inline package est la nouvelle intro 4 x 100mm 3 point inline boot pour les d\u00e9butants \u00e0 la recherche d&#8217;un bon rapport qualit\u00e9\/prix.<\/p>\n<p>Cette botte a la m\u00eame construction que la Jet.<\/p>\n<p>Il s&#8217;agit d&#8217;une botte de course en fibre de verre enti\u00e8rement thermoformable et l\u00e9g\u00e8re, dot\u00e9e de nombreuses caract\u00e9ristiques et d&#8217;une composition en r\u00e9sine de fibre de verre.<\/p>\n<p>De plus, cette botte est fabriqu\u00e9e \u00e0 la main selon la technique de fabrication monocoque de Bont.<\/p>\n<p>Chaque couche de fibre de verre est pos\u00e9e \u00e0 la main dans diff\u00e9rentes directions avant d&#8217;\u00eatre peinte avec de la r\u00e9sine, puis band\u00e9e de mani\u00e8re extr\u00eamement serr\u00e9e pour \u00e9liminer tout exc\u00e8s de r\u00e9sine.<\/p>\n<p>Enfin, la botte est cuite au four pendant 45 minutes pour le s\u00e9chage. La peau ext\u00e9rieure l\u00e9g\u00e8re est ensuite cousue et coll\u00e9e \u00e0 la base.<\/p>\n<ul class=\"features\">\n<li class=\"subtitle\">\n<h3>Features<\/h3>\n<\/li>\n<li>Base en fibre de verre 100% pos\u00e9e \u00e0 la main<\/li>\n<li>R\u00e9sine \u00e9poxy<\/li>\n<li>Languette Orifices d&#8217;a\u00e9ration<\/li>\n<li>Doublure en microfibre<\/li>\n<li>Boucle micro r\u00e9glable<\/li>\n<li>Construction monocoque faite \u00e0 la main<\/li>\n<li>Semelle int\u00e9rieure en EVA<\/li>\n<li>Languette thermoformable<\/li>\n<li>Porte-langue en velcro<\/li>\n<li>lacets<\/li>\n<li>Couverture en dentelle<\/li>\n<\/ul>\n<p>En outre, un <a href=\"https:\/\/www.rollerenligne.com\/en\/skating-hardware\/test-bont-cheetah-2010\/\" target=\"_blank\" rel=\"noopener\"><strong>Test du Bont 3PT Cheetah<\/strong><\/a>.<\/p>\n<p>Enfin, vous pouvez consulter tous nos <a href=\"https:\/\/ztsports.com\/product-category\/inline-speed-skating\/packages2\/\"><strong>en ligne ici<\/strong><\/a>.<\/p>\n","protected":false},"excerpt":{"rendered":"<p>Bont Cheetah 3 Point Inline Package La Bont Cheetah 3 point Inline package est la nouvelle intro 4 x 100mm 3 point inline boot pour les d\u00e9butants \u00e0 la recherche d&#8217;un bon rapport qualit\u00e9\/prix. Cette botte a la m\u00eame construction que la Jet. Il s&#8217;agit d&#8217;une botte de course en fibre de verre enti\u00e8rement thermoformable [&hellip;]<\/p>\n","protected":false},"featured_media":18669,"comment_status":"open","ping_status":"closed","template":"","meta":{"_acf_changed":false,"_monsterinsights_skip_tracking":false,"_monsterinsights_sitenote_active":false,"_monsterinsights_sitenote_note":"","_monsterinsights_sitenote_category":0,"_uf_show_specific_survey":0,"_uf_disable_surveys":false,"site-sidebar-layout":"default","site-content-layout":"","ast-site-content-layout":"default","site-content-style":"default","site-sidebar-style":"default","ast-global-header-display":"","ast-banner-title-visibility":"","ast-main-header-display":"","ast-hfb-above-header-display":"","ast-hfb-below-header-display":"","ast-hfb-mobile-header-display":"","site-post-title":"","ast-breadcrumbs-content":"","ast-featured-img":"","footer-sml-layout":"","ast-disable-related-posts":"","theme-transparent-header-meta":"default","adv-header-id-meta":"","stick-header-meta":"","header-above-stick-meta":"","header-main-stick-meta":"","header-below-stick-meta":"","astra-migrate-meta-layouts":"set","ast-page-background-enabled":"default","ast-page-background-meta":{"desktop":{"background-color":"","background-image":"","background-repeat":"repeat","background-position":"center center","background-size":"auto","background-attachment":"scroll","background-type":"","background-media":"","overlay-type":"","overlay-color":"","overlay-opacity":"","overlay-gradient":""},"tablet":{"background-color":"","background-image":"","background-repeat":"repeat","background-position":"center center","background-size":"auto","background-attachment":"scroll","background-type":"","background-media":"","overlay-type":"","overlay-color":"","overlay-opacity":"","overlay-gradient":""},"mobile":{"background-color":"","background-image":"","background-repeat":"repeat","background-position":"center center","background-size":"auto","background-attachment":"scroll","background-type":"","background-media":"","overlay-type":"","overlay-color":"","overlay-opacity":"","overlay-gradient":""}},"ast-content-background-meta":{"desktop":{"background-color":"var(--ast-global-color-5)","background-image":"","background-repeat":"repeat","background-position":"center center","background-size":"auto","background-attachment":"scroll","background-type":"","background-media":"","overlay-type":"","overlay-color":"","overlay-opacity":"","overlay-gradient":""},"tablet":{"background-color":"var(--ast-global-color-5)","background-image":"","background-repeat":"repeat","background-position":"center center","background-size":"auto","background-attachment":"scroll","background-type":"","background-media":"","overlay-type":"","overlay-color":"","overlay-opacity":"","overlay-gradient":""},"mobile":{"background-color":"var(--ast-global-color-5)","background-image":"","background-repeat":"repeat","background-position":"center center","background-size":"auto","background-attachment":"scroll","background-type":"","background-media":"","overlay-type":"","overlay-color":"","overlay-opacity":"","overlay-gradient":""}}},"product_brand":[3285],"product_cat":[3425,3426,3381],"product_tag":[3718,3719,3720,3700],"class_list":{"0":"post-19184","1":"product","2":"type-product","3":"status-publish","4":"has-post-thumbnail","6":"product_brand-bont","7":"product_cat-bottes","8":"product_cat-packages","9":"product_cat-patinage-de-vitesse-en-ligne","10":"product_tag-4-x-100mm-3-points-en-ligne","11":"product_tag-ensemble-de-3-points-en-ligne","12":"product_tag-guepard-de-bont","13":"product_tag-patin-de-vitesse-en-ligne","14":"desktop-align-left","15":"tablet-align-left","16":"mobile-align-left","18":"first","19":"instock","20":"sale","21":"taxable","22":"shipping-taxable","23":"purchasable","24":"product-type-simple"},"acf":[],"_links":{"self":[{"href":"https:\/\/ztsports.com\/fr\/wp-json\/wp\/v2\/product\/19184","targetHints":{"allow":["GET"]}}],"collection":[{"href":"https:\/\/ztsports.com\/fr\/wp-json\/wp\/v2\/product"}],"about":[{"href":"https:\/\/ztsports.com\/fr\/wp-json\/wp\/v2\/types\/product"}],"replies":[{"embeddable":true,"href":"https:\/\/ztsports.com\/fr\/wp-json\/wp\/v2\/comments?post=19184"}],"version-history":[{"count":1,"href":"https:\/\/ztsports.com\/fr\/wp-json\/wp\/v2\/product\/19184\/revisions"}],"predecessor-version":[{"id":19185,"href":"https:\/\/ztsports.com\/fr\/wp-json\/wp\/v2\/product\/19184\/revisions\/19185"}],"wp:featuredmedia":[{"embeddable":true,"href":"https:\/\/ztsports.com\/fr\/wp-json\/wp\/v2\/media\/18669"}],"wp:attachment":[{"href":"https:\/\/ztsports.com\/fr\/wp-json\/wp\/v2\/media?parent=19184"}],"wp:term":[{"taxonomy":"product_brand","embeddable":true,"href":"https:\/\/ztsports.com\/fr\/wp-json\/wp\/v2\/product_brand?post=19184"},{"taxonomy":"product_cat","embeddable":true,"href":"https:\/\/ztsports.com\/fr\/wp-json\/wp\/v2\/product_cat?post=19184"},{"taxonomy":"product_tag","embeddable":true,"href":"https:\/\/ztsports.com\/fr\/wp-json\/wp\/v2\/product_tag?post=19184"}],"curies":[{"name":"wp","href":"https:\/\/api.w.org\/{rel}","templated":true}]}}