{"id":19182,"date":"2021-09-23T02:32:27","date_gmt":"2021-09-23T02:32:27","guid":{"rendered":"https:\/\/ztsports.com\/?post_type=product&#038;p=19182"},"modified":"2026-02-02T20:29:07","modified_gmt":"2026-02-02T20:29:07","slug":"bont-jet-3-point-inline-package","status":"publish","type":"product","link":"https:\/\/ztsports.com\/fr\/store\/bont-jet-3-point-inline-package\/","title":{"rendered":"Bont Jet 3 Point PACKAGE INLINE"},"content":{"rendered":"<p><span data-sheets-value=\"{\" data-sheets-userformat=\"{\">Bont Jet 3 Point PACKAGE INLINE<\/span><\/p>\n<p>Bont Jet 3 Point Inline Package le Bont Jet 3pt. est un excellent pack pour les patineurs d\u00e9butants qui veulent une chaussure performante \u00e0 un bon prix. Comes with Aluminum S-Frame and ABEC 7 bearings and 100mm wheels.<\/p>\n<p>A great composite boot with a great fit with SMT for great heat mold ability. Memory foam comfortable, and one-piece lightweight construction.<\/p>\n<p>CARACT\u00c9RISTIQUES Base en composite de carbone<\/p>\n<p>R\u00e9sine \u00e9poxy<\/p>\n<p>Doublure en microfibre Boucle micro r\u00e9glable<\/p>\n<p>Fabriqu\u00e9 \u00e0 la main en une seule pi\u00e8ce<\/p>\n<p>Technologie des super-moules<\/p>\n<p>Semelle int\u00e9rieure en EVA<\/p>\n<p>Languette thermoformable Porte-languette en velcro<\/p>\n<p>Protection des orteils en TPU<\/p>\n<p>Couverture en dentelle. 3 mount slots &#8211; use with BONT 3 pt &#8220;S&#8221; frame<\/p>\n<p>REG $489.99 SALE $399.99<\/p>\n<p>Enfin, consultez nos autres <a href=\"https:\/\/ztsports.com\/product-category\/inline-speed-skating\/packages2\/\"><strong>Packages Inline ici<\/strong><\/a>.<\/p>\n","protected":false},"excerpt":{"rendered":"<p>Bont Jet 3 Point PACKAGE INLINE Bont Jet 3 Point Inline Package le Bont Jet 3pt. est un excellent pack pour les patineurs d\u00e9butants qui veulent une chaussure performante \u00e0 un bon prix. Comes with Aluminum S-Frame and ABEC 7 bearings and 100mm wheels. A great composite boot with a great fit with SMT for [&hellip;]<\/p>\n","protected":false},"featured_media":18666,"comment_status":"open","ping_status":"closed","template":"","meta":{"_acf_changed":false,"_monsterinsights_skip_tracking":false,"_monsterinsights_sitenote_active":false,"_monsterinsights_sitenote_note":"","_monsterinsights_sitenote_category":0,"_uf_show_specific_survey":0,"_uf_disable_surveys":false,"site-sidebar-layout":"default","site-content-layout":"","ast-site-content-layout":"default","site-content-style":"default","site-sidebar-style":"default","ast-global-header-display":"","ast-banner-title-visibility":"","ast-main-header-display":"","ast-hfb-above-header-display":"","ast-hfb-below-header-display":"","ast-hfb-mobile-header-display":"","site-post-title":"","ast-breadcrumbs-content":"","ast-featured-img":"","footer-sml-layout":"","ast-disable-related-posts":"","theme-transparent-header-meta":"default","adv-header-id-meta":"","stick-header-meta":"","header-above-stick-meta":"","header-main-stick-meta":"","header-below-stick-meta":"","astra-migrate-meta-layouts":"set","ast-page-background-enabled":"default","ast-page-background-meta":{"desktop":{"background-color":"","background-image":"","background-repeat":"repeat","background-position":"center center","background-size":"auto","background-attachment":"scroll","background-type":"","background-media":"","overlay-type":"","overlay-color":"","overlay-opacity":"","overlay-gradient":""},"tablet":{"background-color":"","background-image":"","background-repeat":"repeat","background-position":"center center","background-size":"auto","background-attachment":"scroll","background-type":"","background-media":"","overlay-type":"","overlay-color":"","overlay-opacity":"","overlay-gradient":""},"mobile":{"background-color":"","background-image":"","background-repeat":"repeat","background-position":"center center","background-size":"auto","background-attachment":"scroll","background-type":"","background-media":"","overlay-type":"","overlay-color":"","overlay-opacity":"","overlay-gradient":""}},"ast-content-background-meta":{"desktop":{"background-color":"var(--ast-global-color-5)","background-image":"","background-repeat":"repeat","background-position":"center center","background-size":"auto","background-attachment":"scroll","background-type":"","background-media":"","overlay-type":"","overlay-color":"","overlay-opacity":"","overlay-gradient":""},"tablet":{"background-color":"var(--ast-global-color-5)","background-image":"","background-repeat":"repeat","background-position":"center center","background-size":"auto","background-attachment":"scroll","background-type":"","background-media":"","overlay-type":"","overlay-color":"","overlay-opacity":"","overlay-gradient":""},"mobile":{"background-color":"var(--ast-global-color-5)","background-image":"","background-repeat":"repeat","background-position":"center center","background-size":"auto","background-attachment":"scroll","background-type":"","background-media":"","overlay-type":"","overlay-color":"","overlay-opacity":"","overlay-gradient":""}}},"product_brand":[3285],"product_cat":[3425,3426,3381],"product_tag":[3717,2110,3428,3700],"class_list":{"0":"post-19182","1":"product","2":"type-product","3":"status-publish","4":"has-post-thumbnail","6":"product_brand-bont","7":"product_cat-bottes","8":"product_cat-packages","9":"product_cat-patinage-de-vitesse-en-ligne","10":"product_tag-4x100-patin-a-roues-alignees","11":"product_tag-bont-jet-3-point","12":"product_tag-paquet-en-ligne","13":"product_tag-patin-de-vitesse-en-ligne","14":"desktop-align-left","15":"tablet-align-left","16":"mobile-align-left","18":"first","19":"instock","20":"sale","21":"featured","22":"taxable","23":"shipping-taxable","24":"purchasable","25":"product-type-simple"},"acf":[],"_links":{"self":[{"href":"https:\/\/ztsports.com\/fr\/wp-json\/wp\/v2\/product\/19182","targetHints":{"allow":["GET"]}}],"collection":[{"href":"https:\/\/ztsports.com\/fr\/wp-json\/wp\/v2\/product"}],"about":[{"href":"https:\/\/ztsports.com\/fr\/wp-json\/wp\/v2\/types\/product"}],"replies":[{"embeddable":true,"href":"https:\/\/ztsports.com\/fr\/wp-json\/wp\/v2\/comments?post=19182"}],"version-history":[{"count":1,"href":"https:\/\/ztsports.com\/fr\/wp-json\/wp\/v2\/product\/19182\/revisions"}],"predecessor-version":[{"id":19183,"href":"https:\/\/ztsports.com\/fr\/wp-json\/wp\/v2\/product\/19182\/revisions\/19183"}],"wp:featuredmedia":[{"embeddable":true,"href":"https:\/\/ztsports.com\/fr\/wp-json\/wp\/v2\/media\/18666"}],"wp:attachment":[{"href":"https:\/\/ztsports.com\/fr\/wp-json\/wp\/v2\/media?parent=19182"}],"wp:term":[{"taxonomy":"product_brand","embeddable":true,"href":"https:\/\/ztsports.com\/fr\/wp-json\/wp\/v2\/product_brand?post=19182"},{"taxonomy":"product_cat","embeddable":true,"href":"https:\/\/ztsports.com\/fr\/wp-json\/wp\/v2\/product_cat?post=19182"},{"taxonomy":"product_tag","embeddable":true,"href":"https:\/\/ztsports.com\/fr\/wp-json\/wp\/v2\/product_tag?post=19182"}],"curies":[{"name":"wp","href":"https:\/\/api.w.org\/{rel}","templated":true}]}}