{"id":19180,"date":"2021-09-23T02:32:28","date_gmt":"2021-09-23T02:32:28","guid":{"rendered":"https:\/\/ztsports.com\/?post_type=product&#038;p=19180"},"modified":"2026-02-02T20:28:55","modified_gmt":"2026-02-02T20:28:55","slug":"bont-platinum-k390","status":"publish","type":"product","link":"https:\/\/ztsports.com\/fr\/store\/bont-platinum-k390\/","title":{"rendered":"BONT PLATINUM K390"},"content":{"rendered":"<h2 class=\"product_title entry-title show-product-nav\">BONT PLATINUM K390<\/h2>\n<p>La lame l\u00e9gendaire Bont Platinum K390 est fabriqu\u00e9e avec de l&#8217;acier \u00e0 outils B\u00f6hler K390 \u00e0 base de poudre m\u00e9tallique, qui est aff\u00fbt\u00e9 lentement pour produire une pi\u00e8ce d&#8217;acier parfaitement droite.<\/p>\n<p>En outre, la structure de la poudre m\u00e9tallique est tr\u00e8s fine, ce qui lui conf\u00e8re des propri\u00e9t\u00e9s de glissement exceptionnelles. En outre, la lame peut conserver son tranchant jusqu&#8217;\u00e0 8 fois plus longtemps que les lames en acier normales.<\/p>\n<p><strong>Sp\u00e9cifications<\/strong><\/p>\n<ul>\n<li><strong>Mat\u00e9riau de la coupelle :<\/strong> Aluminium 7075 T6<\/li>\n<li><strong>Rayon :<\/strong> 9m<\/li>\n<li><strong>Longueur :<\/strong> 15&#8243;, 15.5&#8243;, 16&#8243;, 16.5&#8243;, 17&#8243;, 17.5&#8243;, 18&#8243;.<\/li>\n<li><strong>\u00c9paisseur de la lame :<\/strong> 1,1 mm<\/li>\n<li><strong>Duret\u00e9 :<\/strong> 64 Rockwell<\/li>\n<li><strong>Cintrage :<\/strong> Cintrage \u00e0 la machine<\/li>\n<li><strong>Hauteur de la coupelle :<\/strong> 25 mm (standard)<\/li>\n<li><strong>Non pr\u00e9-aff\u00fbt\u00e9<\/strong><\/li>\n<\/ul>\n<p>Lames Bont Platinum K390<\/p>\n<p>La lame l\u00e9gendaire du Bont Platinum est fabriqu\u00e9e avec de l&#8217;acier \u00e0 outils B\u00f6hler K390 \u00e0 base de poudre m\u00e9tallique, qui est aff\u00fbt\u00e9 lentement pour produire une pi\u00e8ce d&#8217;acier parfaitement droite. La structure de la poudre m\u00e9tallique est tr\u00e8s fine, ce qui lui conf\u00e8re des propri\u00e9t\u00e9s de glissement exceptionnelles. Capable de conserver son tranchant jusqu&#8217;\u00e0 8 fois plus longtemps que les lames en acier normales.<\/p>\n<ul>\n<li><strong>Sp\u00e9cificationsMat\u00e9riau du gobelet :<\/strong> Aluminium 7075 T6<\/li>\n<li><strong>Rayon :<\/strong> 9m<\/li>\n<li><strong>Longueur :<\/strong> 15.5\u2033,16\u2033,16.5\u2033,17\u2033, 17.5\u2033, 18\u2033.<\/li>\n<li><strong>\u00c9paisseur de la lame :<\/strong> 1,1 mm<\/li>\n<li><strong>Duret\u00e9 :<\/strong> 64 Rockwell<\/li>\n<li><strong>Cintrage :<\/strong> Cintrage \u00e0 la machine<\/li>\n<li><strong>Hauteur de la coupe :<\/strong> 25 mm pour 15,5\u2033, 28 mm (+3 mm) pour 16,0\u2033 et 30 mm (+5 mm) pour 16,5\u2033.<\/li>\n<li><strong>Con\u00e7u pour le patineur : 130lbs &#8211; +<\/strong><\/li>\n<\/ul>\n<p>La lame Bont Platinum Blades K390 est consid\u00e9r\u00e9e par de nombreux patineurs de courte piste comme la meilleure lame de courte piste jamais fabriqu\u00e9e.<\/p>\n<p>Enfin, vous pouvez voir tous nos <a href=\"https:\/\/ztsports.com\/product-category\/short-track\/blades\/\"><strong>Lames Short Track ici<\/strong><\/a>.<\/p>\n<pre id=\"tw-target-text\" class=\"tw-data-text tw-text-large tw-ta\" dir=\"ltr\" data-placeholder=\"Translation\"><\/pre>\n","protected":false},"excerpt":{"rendered":"<p>BONT PLATINUM K390 La lame l\u00e9gendaire Bont Platinum K390 est fabriqu\u00e9e avec de l&#8217;acier \u00e0 outils B\u00f6hler K390 \u00e0 base de poudre m\u00e9tallique, qui est aff\u00fbt\u00e9 lentement pour produire une pi\u00e8ce d&#8217;acier parfaitement droite. En outre, la structure de la poudre m\u00e9tallique est tr\u00e8s fine, ce qui lui conf\u00e8re des propri\u00e9t\u00e9s de glissement exceptionnelles. En [&hellip;]<\/p>\n","protected":false},"featured_media":18663,"comment_status":"open","ping_status":"closed","template":"","meta":{"_acf_changed":false,"_monsterinsights_skip_tracking":false,"_monsterinsights_sitenote_active":false,"_monsterinsights_sitenote_note":"","_monsterinsights_sitenote_category":0,"_uf_show_specific_survey":0,"_uf_disable_surveys":false,"site-sidebar-layout":"default","site-content-layout":"","ast-site-content-layout":"default","site-content-style":"default","site-sidebar-style":"default","ast-global-header-display":"","ast-banner-title-visibility":"","ast-main-header-display":"","ast-hfb-above-header-display":"","ast-hfb-below-header-display":"","ast-hfb-mobile-header-display":"","site-post-title":"","ast-breadcrumbs-content":"","ast-featured-img":"","footer-sml-layout":"","ast-disable-related-posts":"","theme-transparent-header-meta":"default","adv-header-id-meta":"","stick-header-meta":"","header-above-stick-meta":"","header-main-stick-meta":"","header-below-stick-meta":"","astra-migrate-meta-layouts":"set","ast-page-background-enabled":"default","ast-page-background-meta":{"desktop":{"background-color":"","background-image":"","background-repeat":"repeat","background-position":"center center","background-size":"auto","background-attachment":"scroll","background-type":"","background-media":"","overlay-type":"","overlay-color":"","overlay-opacity":"","overlay-gradient":""},"tablet":{"background-color":"","background-image":"","background-repeat":"repeat","background-position":"center center","background-size":"auto","background-attachment":"scroll","background-type":"","background-media":"","overlay-type":"","overlay-color":"","overlay-opacity":"","overlay-gradient":""},"mobile":{"background-color":"","background-image":"","background-repeat":"repeat","background-position":"center center","background-size":"auto","background-attachment":"scroll","background-type":"","background-media":"","overlay-type":"","overlay-color":"","overlay-opacity":"","overlay-gradient":""}},"ast-content-background-meta":{"desktop":{"background-color":"var(--ast-global-color-5)","background-image":"","background-repeat":"repeat","background-position":"center center","background-size":"auto","background-attachment":"scroll","background-type":"","background-media":"","overlay-type":"","overlay-color":"","overlay-opacity":"","overlay-gradient":""},"tablet":{"background-color":"var(--ast-global-color-5)","background-image":"","background-repeat":"repeat","background-position":"center center","background-size":"auto","background-attachment":"scroll","background-type":"","background-media":"","overlay-type":"","overlay-color":"","overlay-opacity":"","overlay-gradient":""},"mobile":{"background-color":"var(--ast-global-color-5)","background-image":"","background-repeat":"repeat","background-position":"center center","background-size":"auto","background-attachment":"scroll","background-type":"","background-media":"","overlay-type":"","overlay-color":"","overlay-opacity":"","overlay-gradient":""}}},"product_brand":[3285],"product_cat":[3395,3508,3712,3620],"product_tag":[3713,3714,2114,3654,3715,3716,2115],"class_list":{"0":"post-19180","1":"product","2":"type-product","3":"status-publish","4":"has-post-thumbnail","6":"product_brand-bont","7":"product_cat-courte-piste","8":"product_cat-lame","9":"product_cat-lame-bont-short-track","10":"product_cat-lames-pour-piste-courte","11":"product_tag-bont-platine","12":"product_tag-bont-platine-x","13":"product_tag-k390","14":"product_tag-lame-courte-piste","15":"product_tag-lames-bont","16":"product_tag-platine-x","17":"product_tag-platinum-k390","18":"desktop-align-left","19":"tablet-align-left","20":"mobile-align-left","22":"first","23":"instock","24":"taxable","25":"shipping-taxable","26":"purchasable","27":"product-type-simple"},"acf":[],"_links":{"self":[{"href":"https:\/\/ztsports.com\/fr\/wp-json\/wp\/v2\/product\/19180","targetHints":{"allow":["GET"]}}],"collection":[{"href":"https:\/\/ztsports.com\/fr\/wp-json\/wp\/v2\/product"}],"about":[{"href":"https:\/\/ztsports.com\/fr\/wp-json\/wp\/v2\/types\/product"}],"replies":[{"embeddable":true,"href":"https:\/\/ztsports.com\/fr\/wp-json\/wp\/v2\/comments?post=19180"}],"version-history":[{"count":1,"href":"https:\/\/ztsports.com\/fr\/wp-json\/wp\/v2\/product\/19180\/revisions"}],"predecessor-version":[{"id":19181,"href":"https:\/\/ztsports.com\/fr\/wp-json\/wp\/v2\/product\/19180\/revisions\/19181"}],"wp:featuredmedia":[{"embeddable":true,"href":"https:\/\/ztsports.com\/fr\/wp-json\/wp\/v2\/media\/18663"}],"wp:attachment":[{"href":"https:\/\/ztsports.com\/fr\/wp-json\/wp\/v2\/media?parent=19180"}],"wp:term":[{"taxonomy":"product_brand","embeddable":true,"href":"https:\/\/ztsports.com\/fr\/wp-json\/wp\/v2\/product_brand?post=19180"},{"taxonomy":"product_cat","embeddable":true,"href":"https:\/\/ztsports.com\/fr\/wp-json\/wp\/v2\/product_cat?post=19180"},{"taxonomy":"product_tag","embeddable":true,"href":"https:\/\/ztsports.com\/fr\/wp-json\/wp\/v2\/product_tag?post=19180"}],"curies":[{"name":"wp","href":"https:\/\/api.w.org\/{rel}","templated":true}]}}