{"id":19178,"date":"2021-09-23T02:32:29","date_gmt":"2021-09-23T02:32:29","guid":{"rendered":"https:\/\/ztsports.com\/?post_type=product&#038;p=19178"},"modified":"2026-02-02T20:28:41","modified_gmt":"2026-02-02T20:28:41","slug":"cbc-element-st-boot","status":"publish","type":"product","link":"https:\/\/ztsports.com\/fr\/store\/cbc-element-st-boot\/","title":{"rendered":"CBC ELEMENT ST BOOT Carpenter Boot Company"},"content":{"rendered":"<h2><span data-sheets-value=\"{\"1\":2,\"2\":\"CBC ELEMENT &amp; EVO Krypton\n\nThe perfect package for entry level to intermediate skaters. No other skating boot on the market offers the fit and performance of a CBC. We worked hard to find the right blade to pair with this boot, and Evo's Krypton checked all the boxes. \n\nAdvance your short track career with this powerful duo without breaking the bank. \n\"}\" data-sheets-userformat=\"{\"2\":513,\"3\":{\"1\":0},\"12\":0}\">CBC ELEMENT ST BOOT Carpenter Boot Company<\/span><\/h2>\n<p>La chaussure CBC Element ST est un excellent moyen d&#8217;entrer dans le sport du patinage de vitesse sur piste courte avec la chaussure pour d\u00e9butants la plus compl\u00e8te disponible sur le march\u00e9 du patinage aujourd&#8217;hui.<\/p>\n<p>The perfect package for entry level to intermediate skaters. No other skating boot on the market offers the fit and performance of a CBC.<\/p>\n<p>Ajoutez un EHS ou un EVO Blade et faites progresser votre carri\u00e8re sur piste courte avec ce duo puissant sans vous ruiner.<\/p>\n<p>De plus, le ELEMENT est construit sur la m\u00eame base que <em>le<\/em> GENESIS et est fabriqu\u00e9 \u00e0 partir de mat\u00e9riaux l\u00e9gers et durables.<\/p>\n<p>At the heart of the dual composite support counter is our innovative Thermo-CSC, a heat activated molding medium. The ELEMENT wraps around the client&#8217;s foot to assure optional support, comfort and trust.<\/p>\n<p>De plus, le ELEMENT est dot\u00e9 d&#8217;un ch\u00e2ssis r\u00e9sistant \u00e0 la torsion (TR). This application ensures reduced flex in the sole of boot while maximizing the ability to create downward force into the ice. This boot is beautiful &#8211; if we do say so ourselves! &#8211; with functional patterns and increased strapping ability. Commencez votre carri\u00e8re sur circuit court avec cette botte abordable et innovante et vous serez sur la bonne voie pour atteindre le sommet.<\/p>\n<h5><a title=\"Consultez notre tutoriel sur YouTube pour savoir comment d\u00e9terminer votre pointure de bottes CBC !\" href=\"https:\/\/youtu.be\/KuKIfMC9NSY\" target=\"_blank\" rel=\"noopener noreferrer\" aria-describedby=\"a11y-new-window-external-message\">Consultez d&#8217;abord notre tutoriel YouTube sur la fa\u00e7on de d\u00e9terminer votre pointure de bottes CBC ! <\/a><\/h5>\n<p>Deuxi\u00e8mement, cliquez sur le lien vers le <a href=\"https:\/\/www.carpenterbootcompany.com\/pages\/fit\" target=\"_blank\" rel=\"noopener\">Outil de dimensionnement des bottes CBC.<\/a><\/p>\n<p>Troisi\u00e8mement, pour vous aider \u00e0 mesurer votre pied, tracez une <a href=\"https:\/\/www.printablerulers.net\/preview\/Ruler_30-cm_by_mm\" target=\"_blank\" rel=\"noopener\"><strong>r\u00e8gle imprimable de 30 cm par mm<\/strong><\/a>.<\/p>\n<p>Enfin, voir tous nos produits Carpenter Boot Company <a href=\"https:\/\/ztsports.com\/brand\/cbc\/?lang=fr\"><strong>(CBC) Produits.<\/strong><\/a><\/p>\n","protected":false},"excerpt":{"rendered":"","protected":false},"featured_media":18658,"comment_status":"open","ping_status":"closed","template":"","meta":{"_acf_changed":false,"_monsterinsights_skip_tracking":false,"_monsterinsights_sitenote_active":false,"_monsterinsights_sitenote_note":"","_monsterinsights_sitenote_category":0,"_uf_show_specific_survey":0,"_uf_disable_surveys":false,"site-sidebar-layout":"default","site-content-layout":"","ast-site-content-layout":"default","site-content-style":"default","site-sidebar-style":"default","ast-global-header-display":"","ast-banner-title-visibility":"","ast-main-header-display":"","ast-hfb-above-header-display":"","ast-hfb-below-header-display":"","ast-hfb-mobile-header-display":"","site-post-title":"","ast-breadcrumbs-content":"","ast-featured-img":"","footer-sml-layout":"","ast-disable-related-posts":"","theme-transparent-header-meta":"default","adv-header-id-meta":"","stick-header-meta":"","header-above-stick-meta":"","header-main-stick-meta":"","header-below-stick-meta":"","astra-migrate-meta-layouts":"set","ast-page-background-enabled":"default","ast-page-background-meta":{"desktop":{"background-color":"","background-image":"","background-repeat":"repeat","background-position":"center center","background-size":"auto","background-attachment":"scroll","background-type":"","background-media":"","overlay-type":"","overlay-color":"","overlay-opacity":"","overlay-gradient":""},"tablet":{"background-color":"","background-image":"","background-repeat":"repeat","background-position":"center center","background-size":"auto","background-attachment":"scroll","background-type":"","background-media":"","overlay-type":"","overlay-color":"","overlay-opacity":"","overlay-gradient":""},"mobile":{"background-color":"","background-image":"","background-repeat":"repeat","background-position":"center center","background-size":"auto","background-attachment":"scroll","background-type":"","background-media":"","overlay-type":"","overlay-color":"","overlay-opacity":"","overlay-gradient":""}},"ast-content-background-meta":{"desktop":{"background-color":"var(--ast-global-color-5)","background-image":"","background-repeat":"repeat","background-position":"center center","background-size":"auto","background-attachment":"scroll","background-type":"","background-media":"","overlay-type":"","overlay-color":"","overlay-opacity":"","overlay-gradient":""},"tablet":{"background-color":"var(--ast-global-color-5)","background-image":"","background-repeat":"repeat","background-position":"center center","background-size":"auto","background-attachment":"scroll","background-type":"","background-media":"","overlay-type":"","overlay-color":"","overlay-opacity":"","overlay-gradient":""},"mobile":{"background-color":"var(--ast-global-color-5)","background-image":"","background-repeat":"repeat","background-position":"center center","background-size":"auto","background-attachment":"scroll","background-type":"","background-media":"","overlay-type":"","overlay-color":"","overlay-opacity":"","overlay-gradient":""}}},"product_brand":[3290],"product_cat":[3786,3395,3467],"product_tag":[3710,2123,2124,2126,3711],"class_list":{"0":"post-19178","1":"product","2":"type-product","3":"status-publish","4":"has-post-thumbnail","6":"product_brand-cbc","7":"product_cat-bottes","8":"product_cat-courte-piste","9":"product_cat-patinage-de-vitesse","10":"product_tag-botte-pour-piste-courte","11":"product_tag-carpenter-boot-company","12":"product_tag-cbc","13":"product_tag-element-cbc","14":"product_tag-element-cbc-st-boot","15":"desktop-align-left","16":"tablet-align-left","17":"mobile-align-left","19":"first","20":"instock","21":"sale","22":"featured","23":"taxable","24":"shipping-taxable","25":"purchasable","26":"product-type-simple"},"acf":[],"_links":{"self":[{"href":"https:\/\/ztsports.com\/fr\/wp-json\/wp\/v2\/product\/19178","targetHints":{"allow":["GET"]}}],"collection":[{"href":"https:\/\/ztsports.com\/fr\/wp-json\/wp\/v2\/product"}],"about":[{"href":"https:\/\/ztsports.com\/fr\/wp-json\/wp\/v2\/types\/product"}],"replies":[{"embeddable":true,"href":"https:\/\/ztsports.com\/fr\/wp-json\/wp\/v2\/comments?post=19178"}],"version-history":[{"count":1,"href":"https:\/\/ztsports.com\/fr\/wp-json\/wp\/v2\/product\/19178\/revisions"}],"predecessor-version":[{"id":19179,"href":"https:\/\/ztsports.com\/fr\/wp-json\/wp\/v2\/product\/19178\/revisions\/19179"}],"wp:featuredmedia":[{"embeddable":true,"href":"https:\/\/ztsports.com\/fr\/wp-json\/wp\/v2\/media\/18658"}],"wp:attachment":[{"href":"https:\/\/ztsports.com\/fr\/wp-json\/wp\/v2\/media?parent=19178"}],"wp:term":[{"taxonomy":"product_brand","embeddable":true,"href":"https:\/\/ztsports.com\/fr\/wp-json\/wp\/v2\/product_brand?post=19178"},{"taxonomy":"product_cat","embeddable":true,"href":"https:\/\/ztsports.com\/fr\/wp-json\/wp\/v2\/product_cat?post=19178"},{"taxonomy":"product_tag","embeddable":true,"href":"https:\/\/ztsports.com\/fr\/wp-json\/wp\/v2\/product_tag?post=19178"}],"curies":[{"name":"wp","href":"https:\/\/api.w.org\/{rel}","templated":true}]}}