{"id":19176,"date":"2021-09-23T02:32:29","date_gmt":"2021-09-23T02:32:29","guid":{"rendered":"https:\/\/ztsports.com\/?post_type=product&#038;p=19176"},"modified":"2026-02-02T20:28:26","modified_gmt":"2026-02-02T20:28:26","slug":"cbc-genesis-st-boot","status":"publish","type":"product","link":"https:\/\/ztsports.com\/fr\/store\/cbc-genesis-st-boot\/","title":{"rendered":"CBC GENESIS ST Boot Carpenter Boot Company"},"content":{"rendered":"<h2>CBC GENESIS ST Boot Carpenter Boot Company<\/h2>\n<p>La botte CBC GENESIS ST est un outil de haute performance qui change la donne et qui est con\u00e7u pour combler le foss\u00e9 entre les chaussures standard et les chaussures sur mesure. Ce produit est fabriqu\u00e9 avec les m\u00eames mat\u00e9riaux que nos bottes personnalis\u00e9es, que nous avons s\u00e9lectionn\u00e9s dans le monde entier. Chaque point de cette botte a \u00e9t\u00e9 ex\u00e9cut\u00e9 avec soin et son aspect est donc loin d&#8217;\u00eatre un produit de production.<\/p>\n<p>De plus, le GENESIS est 100 % thermoformable, les utilisateurs b\u00e9n\u00e9ficieront d&#8217;un ajustement presque personnalis\u00e9 gr\u00e2ce \u00e0 des techniques de thermoformage appropri\u00e9es. Nous consid\u00e9rons que ce produit innovant est tout simplement la meilleure chaussure de base pour le patinage de vitesse sur piste courte aujourd&#8217;hui.<\/p>\n<p>Les clients ne seront pas d\u00e9\u00e7us lorsqu&#8217;ils installeront GENESIS pour la premi\u00e8re fois. De plus, cette botte est con\u00e7ue pour s&#8217;adapter \u00e0 de nombreuses largeurs de pied. Le pied est envelopp\u00e9 dans du cuir de veau v\u00e9ritable et le talon est doucement soutenu par notre contrefort en mousse \u00e0 m\u00e9moire de forme.<\/p>\n<p>La l\u00e8vre en carbone du m\u00e9tatarsien stratifie une seule couche de Thermo-CSC qui s&#8217;assouplit lors de la personnalisation du moulage. Tout aussi important, l&#8217;utilisation de Thermal-CSC ne garantit pas seulement que l&#8217;utilisateur obtiendra un meilleur ajustement d\u00e8s la sortie de la bo\u00eete, mais elle produit \u00e9galement une exp\u00e9rience personnalis\u00e9e \u00e0 un prix de stock.<\/p>\n<h3><a title=\"Consultez notre tutoriel sur YouTube pour savoir comment d\u00e9terminer votre pointure de bottes CBC !\" href=\"https:\/\/youtu.be\/KuKIfMC9NSY\" target=\"_blank\" rel=\"noopener noreferrer\" aria-describedby=\"a11y-new-window-external-message\">Consultez d&#8217;abord notre tutoriel YouTube sur la fa\u00e7on de d\u00e9terminer votre pointure de bottes CBC ! <\/a><\/h3>\n<p>Deuxi\u00e8me clic Lien vers le <a href=\"https:\/\/www.carpenterbootcompany.com\/pages\/fit\" target=\"_blank\" rel=\"noopener\">Outil de dimensionnement des bottes CBC.<\/a><\/p>\n<p>Troisi\u00e8mement Pour vous aider \u00e0 mesurer votre pied, tracez une <a href=\"https:\/\/www.printablerulers.net\/preview\/Ruler_30-cm_by_mm\" target=\"_blank\" rel=\"noopener\"><strong>r\u00e8gle imprimable de 30 cm par mm<\/strong><\/a>.<\/p>\n<p>Enfin, voir tous les produits de Carpenter Boot Company <a href=\"https:\/\/ztsports.com\/brand\/cbc\/?lang=fr\"><strong>(CBC) Produits.<\/strong><\/a><\/p>\n","protected":false},"excerpt":{"rendered":"<p>CBC GENESIS ST Boot Carpenter Boot Company La botte CBC GENESIS ST est un outil de haute performance qui change la donne et qui est con\u00e7u pour combler le foss\u00e9 entre les chaussures standard et les chaussures sur mesure. Ce produit est fabriqu\u00e9 avec les m\u00eames mat\u00e9riaux que nos bottes personnalis\u00e9es, que nous avons s\u00e9lectionn\u00e9s [&hellip;]<\/p>\n","protected":false},"featured_media":18653,"comment_status":"open","ping_status":"closed","template":"","meta":{"_acf_changed":false,"_monsterinsights_skip_tracking":false,"_monsterinsights_sitenote_active":false,"_monsterinsights_sitenote_note":"","_monsterinsights_sitenote_category":0,"_uf_show_specific_survey":0,"_uf_disable_surveys":false,"site-sidebar-layout":"default","site-content-layout":"","ast-site-content-layout":"default","site-content-style":"default","site-sidebar-style":"default","ast-global-header-display":"","ast-banner-title-visibility":"","ast-main-header-display":"","ast-hfb-above-header-display":"","ast-hfb-below-header-display":"","ast-hfb-mobile-header-display":"","site-post-title":"","ast-breadcrumbs-content":"","ast-featured-img":"","footer-sml-layout":"","ast-disable-related-posts":"","theme-transparent-header-meta":"default","adv-header-id-meta":"","stick-header-meta":"","header-above-stick-meta":"","header-main-stick-meta":"","header-below-stick-meta":"","astra-migrate-meta-layouts":"set","ast-page-background-enabled":"default","ast-page-background-meta":{"desktop":{"background-color":"","background-image":"","background-repeat":"repeat","background-position":"center center","background-size":"auto","background-attachment":"scroll","background-type":"","background-media":"","overlay-type":"","overlay-color":"","overlay-opacity":"","overlay-gradient":""},"tablet":{"background-color":"","background-image":"","background-repeat":"repeat","background-position":"center center","background-size":"auto","background-attachment":"scroll","background-type":"","background-media":"","overlay-type":"","overlay-color":"","overlay-opacity":"","overlay-gradient":""},"mobile":{"background-color":"","background-image":"","background-repeat":"repeat","background-position":"center center","background-size":"auto","background-attachment":"scroll","background-type":"","background-media":"","overlay-type":"","overlay-color":"","overlay-opacity":"","overlay-gradient":""}},"ast-content-background-meta":{"desktop":{"background-color":"var(--ast-global-color-5)","background-image":"","background-repeat":"repeat","background-position":"center center","background-size":"auto","background-attachment":"scroll","background-type":"","background-media":"","overlay-type":"","overlay-color":"","overlay-opacity":"","overlay-gradient":""},"tablet":{"background-color":"var(--ast-global-color-5)","background-image":"","background-repeat":"repeat","background-position":"center center","background-size":"auto","background-attachment":"scroll","background-type":"","background-media":"","overlay-type":"","overlay-color":"","overlay-opacity":"","overlay-gradient":""},"mobile":{"background-color":"var(--ast-global-color-5)","background-image":"","background-repeat":"repeat","background-position":"center center","background-size":"auto","background-attachment":"scroll","background-type":"","background-media":"","overlay-type":"","overlay-color":"","overlay-opacity":"","overlay-gradient":""}}},"product_brand":[3290,3344],"product_cat":[3786,3395,3467,3625],"product_tag":[3709,2123,2127,3796,1794],"class_list":{"0":"post-19176","1":"product","2":"type-product","3":"status-publish","4":"has-post-thumbnail","6":"product_brand-cbc","7":"product_brand-stay-bent","8":"product_cat-bottes","9":"product_cat-courte-piste","10":"product_cat-patinage-de-vitesse","11":"product_cat-patins-de-vitesse","12":"product_tag-botte-en-carbone-genesis","13":"product_tag-carpenter-boot-company","14":"product_tag-cbc-genesis","15":"product_tag-short-track","16":"product_tag-speed-skating","17":"desktop-align-left","18":"tablet-align-left","19":"mobile-align-left","21":"first","22":"instock","23":"sale","24":"featured","25":"taxable","26":"shipping-taxable","27":"purchasable","28":"product-type-simple"},"acf":[],"_links":{"self":[{"href":"https:\/\/ztsports.com\/fr\/wp-json\/wp\/v2\/product\/19176","targetHints":{"allow":["GET"]}}],"collection":[{"href":"https:\/\/ztsports.com\/fr\/wp-json\/wp\/v2\/product"}],"about":[{"href":"https:\/\/ztsports.com\/fr\/wp-json\/wp\/v2\/types\/product"}],"replies":[{"embeddable":true,"href":"https:\/\/ztsports.com\/fr\/wp-json\/wp\/v2\/comments?post=19176"}],"version-history":[{"count":1,"href":"https:\/\/ztsports.com\/fr\/wp-json\/wp\/v2\/product\/19176\/revisions"}],"predecessor-version":[{"id":19177,"href":"https:\/\/ztsports.com\/fr\/wp-json\/wp\/v2\/product\/19176\/revisions\/19177"}],"wp:featuredmedia":[{"embeddable":true,"href":"https:\/\/ztsports.com\/fr\/wp-json\/wp\/v2\/media\/18653"}],"wp:attachment":[{"href":"https:\/\/ztsports.com\/fr\/wp-json\/wp\/v2\/media?parent=19176"}],"wp:term":[{"taxonomy":"product_brand","embeddable":true,"href":"https:\/\/ztsports.com\/fr\/wp-json\/wp\/v2\/product_brand?post=19176"},{"taxonomy":"product_cat","embeddable":true,"href":"https:\/\/ztsports.com\/fr\/wp-json\/wp\/v2\/product_cat?post=19176"},{"taxonomy":"product_tag","embeddable":true,"href":"https:\/\/ztsports.com\/fr\/wp-json\/wp\/v2\/product_tag?post=19176"}],"curies":[{"name":"wp","href":"https:\/\/api.w.org\/{rel}","templated":true}]}}