{"id":19172,"date":"2021-09-23T02:33:38","date_gmt":"2021-09-23T02:33:38","guid":{"rendered":"https:\/\/ztsports.com\/?post_type=product&#038;p=19172"},"modified":"2026-02-02T20:27:48","modified_gmt":"2026-02-02T20:27:48","slug":"inline-speed-skate-axle","status":"publish","type":"product","link":"https:\/\/ztsports.com\/fr\/store\/inline-speed-skate-axle\/","title":{"rendered":"Inline Speed Skate Axle By Bont"},"content":{"rendered":"<h1><span data-sheets-value=\"{\" data-sheets-userformat=\"{\">Inline Speed Skate Axle<\/span><\/h1>\n<p>L&#8217;axe du patin de vitesse est fabriqu\u00e9 en aluminium de qualit\u00e9 a\u00e9ronautique 7075 T6. Ils conviennent \u00e0 la plupart des cadres Bont et autres marques, mais pas aux cadres en fibre de carbone.<\/p>\n<ul class=\"a-unordered-list a-vertical a-spacing-mini\">\n<li class=\"a-spacing-mini\"><span class=\"a-list-item\">Les meilleurs axes de remplacement du march\u00e9 pour les cadres de patins \u00e0 roues align\u00e9es<\/span><\/li>\n<li class=\"a-spacing-mini\"><span class=\"a-list-item\">Fabriqu\u00e9 en aluminium de qualit\u00e9 a\u00e9ronautique 7075 T6<\/span><\/li>\n<li class=\"a-spacing-mini\"><span class=\"a-list-item\">Convient \u00e0 tous les cadres de patinage de vitesse en ligne Bont et \u00e0 la plupart des autres marques de cadres.<\/span><\/li>\n<li class=\"a-spacing-mini\"><span class=\"a-list-item\">Le paquet comprend 8 pi\u00e8ces pour les roues de patins \u00e0 roues align\u00e9es. Une pi\u00e8ce de rechange n\u00e9cessaire pour la roue de patinage<\/span><\/li>\n<li class=\"a-spacing-mini\"><span class=\"a-list-item\">Ne convient pas aux cadres en fibre de carbone<\/span><\/li>\n<\/ul>\n<p>Enfin, toutes nos pi\u00e8ces <a href=\"https:\/\/ztsports.com\/product-category\/inline-speed-skating\/parts-tools1\/\"><strong>pi\u00e8ces et outils en ligne<\/strong><\/a> sont ici.<\/p>\n<p>Finley <a href=\"https:\/\/www.youtube.com\/watch?v=hnJZs0A87wQ\" target=\"_blank\" rel=\"noopener\"><strong><span class=\"style-scope yt-formatted-string\" dir=\"auto\">Comment installer un axe de patin \u00e0 roues align\u00e9es.<\/span><\/strong><\/a><\/p>\n","protected":false},"excerpt":{"rendered":"<p>Inline Speed Skate Axle L&#8217;axe du patin de vitesse est fabriqu\u00e9 en aluminium de qualit\u00e9 a\u00e9ronautique 7075 T6. Ils conviennent \u00e0 la plupart des cadres Bont et autres marques, mais pas aux cadres en fibre de carbone. Les meilleurs axes de remplacement du march\u00e9 pour les cadres de patins \u00e0 roues align\u00e9es Fabriqu\u00e9 en aluminium [&hellip;]<\/p>\n","protected":false},"featured_media":18645,"comment_status":"open","ping_status":"closed","template":"","meta":{"_acf_changed":false,"_monsterinsights_skip_tracking":false,"_monsterinsights_sitenote_active":false,"_monsterinsights_sitenote_note":"","_monsterinsights_sitenote_category":0,"_uf_show_specific_survey":0,"_uf_disable_surveys":false,"site-sidebar-layout":"default","site-content-layout":"","ast-site-content-layout":"default","site-content-style":"default","site-sidebar-style":"default","ast-global-header-display":"","ast-banner-title-visibility":"","ast-main-header-display":"","ast-hfb-above-header-display":"","ast-hfb-below-header-display":"","ast-hfb-mobile-header-display":"","site-post-title":"","ast-breadcrumbs-content":"","ast-featured-img":"","footer-sml-layout":"","ast-disable-related-posts":"","theme-transparent-header-meta":"default","adv-header-id-meta":"","stick-header-meta":"","header-above-stick-meta":"","header-main-stick-meta":"","header-below-stick-meta":"","astra-migrate-meta-layouts":"set","ast-page-background-enabled":"default","ast-page-background-meta":{"desktop":{"background-color":"","background-image":"","background-repeat":"repeat","background-position":"center center","background-size":"auto","background-attachment":"scroll","background-type":"","background-media":"","overlay-type":"","overlay-color":"","overlay-opacity":"","overlay-gradient":""},"tablet":{"background-color":"","background-image":"","background-repeat":"repeat","background-position":"center center","background-size":"auto","background-attachment":"scroll","background-type":"","background-media":"","overlay-type":"","overlay-color":"","overlay-opacity":"","overlay-gradient":""},"mobile":{"background-color":"","background-image":"","background-repeat":"repeat","background-position":"center center","background-size":"auto","background-attachment":"scroll","background-type":"","background-media":"","overlay-type":"","overlay-color":"","overlay-opacity":"","overlay-gradient":""}},"ast-content-background-meta":{"desktop":{"background-color":"var(--ast-global-color-5)","background-image":"","background-repeat":"repeat","background-position":"center center","background-size":"auto","background-attachment":"scroll","background-type":"","background-media":"","overlay-type":"","overlay-color":"","overlay-opacity":"","overlay-gradient":""},"tablet":{"background-color":"var(--ast-global-color-5)","background-image":"","background-repeat":"repeat","background-position":"center center","background-size":"auto","background-attachment":"scroll","background-type":"","background-media":"","overlay-type":"","overlay-color":"","overlay-opacity":"","overlay-gradient":""},"mobile":{"background-color":"var(--ast-global-color-5)","background-image":"","background-repeat":"repeat","background-position":"center center","background-size":"auto","background-attachment":"scroll","background-type":"","background-media":"","overlay-type":"","overlay-color":"","overlay-opacity":"","overlay-gradient":""}}},"product_brand":[3277,3285,3317,3318,3319,3327,3330,3334,3362,3365],"product_cat":[3381,3429],"product_tag":[3708,2129,3385,2064,3701],"class_list":{"0":"post-19172","1":"product","2":"type-product","3":"status-publish","4":"has-post-thumbnail","6":"product_brand-atom","7":"product_brand-bont","8":"product_brand-luigino","9":"product_brand-maple","10":"product_brand-maplez","11":"product_brand-ninja","12":"product_brand-powerslide","13":"product_brand-salomon","14":"product_brand-xtech","15":"product_brand-zt-sports","16":"product_cat-patinage-de-vitesse-en-ligne","17":"product_cat-pieces-et-outils","18":"product_tag-axel-en-patinage-de-vitesse","19":"product_tag-bont-axel","20":"product_tag-en-ligne","21":"product_tag-inline-speed-skating","22":"product_tag-pieces-en-ligne","23":"desktop-align-left","24":"tablet-align-left","25":"mobile-align-left","27":"first","28":"instock","29":"taxable","30":"shipping-taxable","31":"purchasable","32":"product-type-simple"},"acf":[],"_links":{"self":[{"href":"https:\/\/ztsports.com\/fr\/wp-json\/wp\/v2\/product\/19172","targetHints":{"allow":["GET"]}}],"collection":[{"href":"https:\/\/ztsports.com\/fr\/wp-json\/wp\/v2\/product"}],"about":[{"href":"https:\/\/ztsports.com\/fr\/wp-json\/wp\/v2\/types\/product"}],"replies":[{"embeddable":true,"href":"https:\/\/ztsports.com\/fr\/wp-json\/wp\/v2\/comments?post=19172"}],"version-history":[{"count":1,"href":"https:\/\/ztsports.com\/fr\/wp-json\/wp\/v2\/product\/19172\/revisions"}],"predecessor-version":[{"id":19173,"href":"https:\/\/ztsports.com\/fr\/wp-json\/wp\/v2\/product\/19172\/revisions\/19173"}],"wp:featuredmedia":[{"embeddable":true,"href":"https:\/\/ztsports.com\/fr\/wp-json\/wp\/v2\/media\/18645"}],"wp:attachment":[{"href":"https:\/\/ztsports.com\/fr\/wp-json\/wp\/v2\/media?parent=19172"}],"wp:term":[{"taxonomy":"product_brand","embeddable":true,"href":"https:\/\/ztsports.com\/fr\/wp-json\/wp\/v2\/product_brand?post=19172"},{"taxonomy":"product_cat","embeddable":true,"href":"https:\/\/ztsports.com\/fr\/wp-json\/wp\/v2\/product_cat?post=19172"},{"taxonomy":"product_tag","embeddable":true,"href":"https:\/\/ztsports.com\/fr\/wp-json\/wp\/v2\/product_tag?post=19172"}],"curies":[{"name":"wp","href":"https:\/\/api.w.org\/{rel}","templated":true}]}}