{"id":19170,"date":"2021-09-23T02:33:38","date_gmt":"2021-09-23T02:33:38","guid":{"rendered":"https:\/\/ztsports.com\/?post_type=product&#038;p=19170"},"modified":"2026-02-02T20:27:36","modified_gmt":"2026-02-02T20:27:36","slug":"entretoise-de-palier-auto-centrant","status":"publish","type":"product","link":"https:\/\/ztsports.com\/fr\/store\/entretoise-de-palier-auto-centrant\/","title":{"rendered":"Entretoise de palier auto-centrant 608 Inline"},"content":{"rendered":"<h1>Entretoise auto-centrante 608 Roulement en ligne 8mm<\/h1>\n<p>Entretoise de palier auto-centrant<\/p>\n<p><span data-sheets-value=\"{\" data-sheets-userformat=\"{\">Entretoise de roulement auto-centr\u00e9e. D\u00e9couvrez l&#8217;ultime am\u00e9lioration pour votre skateboard ou vos rollers : les entretoises de roulement autocentrantes en aluminium, con\u00e7ues avec pr\u00e9cision. en plus de la taille standard 608 pour une performance maximale<\/span><span data-sheets-value=\"{\" data-sheets-userformat=\"{\">. En outre<\/span> fonctionne avec la plupart des roulements 608 et des roues de vitesse Inline.<\/p>\n<p class=\"style-scope ytd-watch-metadata\">Comment choisir <a href=\"https:\/\/www.youtube.com\/watch?v=-sltGhndR-o&amp;t=103s\" target=\"_blank\" rel=\"noopener\"><strong>Choisir les bonnes entretoises de roulements.<\/strong><\/a><\/p>\n<p class=\"style-scope ytd-watch-metadata\">Tout ce que vous vouliez savoir <a href=\"https:\/\/www.thisissoul.com\/products\/titen-bearing-spacers-self-centering\" target=\"_blank\" rel=\"noopener\"><strong>sur les entretoises de roulements<\/strong><\/a> mais que vous n&#8217;osiez pas demander.<\/p>\n<p>Enfin, voyez tous nos <a href=\"https:\/\/ztsports.com\/product-category\/roller-skates\/bearings-tools\/\"><strong>pi\u00e8ces et outils pour roulements<\/strong><\/a> ici.<\/p>\n","protected":false},"excerpt":{"rendered":"<p>Entretoise auto-centrante 608 Roulement en ligne 8mm Entretoise de palier auto-centrant Entretoise de roulement auto-centr\u00e9e. D\u00e9couvrez l&#8217;ultime am\u00e9lioration pour votre skateboard ou vos rollers : les entretoises de roulement autocentrantes en aluminium, con\u00e7ues avec pr\u00e9cision. en plus de la taille standard 608 pour une performance maximale. En outre fonctionne avec la plupart des roulements 608 [&hellip;]<\/p>\n","protected":false},"featured_media":18639,"comment_status":"open","ping_status":"closed","template":"","meta":{"_acf_changed":false,"_monsterinsights_skip_tracking":false,"_monsterinsights_sitenote_active":false,"_monsterinsights_sitenote_note":"","_monsterinsights_sitenote_category":0,"_uf_show_specific_survey":0,"_uf_disable_surveys":false,"site-sidebar-layout":"default","site-content-layout":"","ast-site-content-layout":"default","site-content-style":"default","site-sidebar-style":"default","ast-global-header-display":"","ast-banner-title-visibility":"","ast-main-header-display":"","ast-hfb-above-header-display":"","ast-hfb-below-header-display":"","ast-hfb-mobile-header-display":"","site-post-title":"","ast-breadcrumbs-content":"","ast-featured-img":"","footer-sml-layout":"","ast-disable-related-posts":"","theme-transparent-header-meta":"default","adv-header-id-meta":"","stick-header-meta":"","header-above-stick-meta":"","header-main-stick-meta":"","header-below-stick-meta":"","astra-migrate-meta-layouts":"set","ast-page-background-enabled":"default","ast-page-background-meta":{"desktop":{"background-color":"","background-image":"","background-repeat":"repeat","background-position":"center center","background-size":"auto","background-attachment":"scroll","background-type":"","background-media":"","overlay-type":"","overlay-color":"","overlay-opacity":"","overlay-gradient":""},"tablet":{"background-color":"","background-image":"","background-repeat":"repeat","background-position":"center center","background-size":"auto","background-attachment":"scroll","background-type":"","background-media":"","overlay-type":"","overlay-color":"","overlay-opacity":"","overlay-gradient":""},"mobile":{"background-color":"","background-image":"","background-repeat":"repeat","background-position":"center center","background-size":"auto","background-attachment":"scroll","background-type":"","background-media":"","overlay-type":"","overlay-color":"","overlay-opacity":"","overlay-gradient":""}},"ast-content-background-meta":{"desktop":{"background-color":"var(--ast-global-color-5)","background-image":"","background-repeat":"repeat","background-position":"center center","background-size":"auto","background-attachment":"scroll","background-type":"","background-media":"","overlay-type":"","overlay-color":"","overlay-opacity":"","overlay-gradient":""},"tablet":{"background-color":"var(--ast-global-color-5)","background-image":"","background-repeat":"repeat","background-position":"center center","background-size":"auto","background-attachment":"scroll","background-type":"","background-media":"","overlay-type":"","overlay-color":"","overlay-opacity":"","overlay-gradient":""},"mobile":{"background-color":"var(--ast-global-color-5)","background-image":"","background-repeat":"repeat","background-position":"center center","background-size":"auto","background-attachment":"scroll","background-type":"","background-media":"","overlay-type":"","overlay-color":"","overlay-opacity":"","overlay-gradient":""}}},"product_brand":[3280,3285,3317,3318,3319,3327,3330,3365],"product_cat":[3402,3381,3429,3407],"product_tag":[2132,3704,3705,3706,3707],"class_list":{"0":"post-19170","1":"product","2":"type-product","3":"status-publish","4":"has-post-thumbnail","6":"product_brand-bionic","7":"product_brand-bont","8":"product_brand-luigino","9":"product_brand-maple","10":"product_brand-maplez","11":"product_brand-ninja","12":"product_brand-powerslide","13":"product_brand-zt-sports","14":"product_cat-en-ligne","15":"product_cat-patinage-de-vitesse-en-ligne","16":"product_cat-pieces-et-outils","17":"product_cat-roulements","18":"product_tag-2132","19":"product_tag-auto-centrage","20":"product_tag-bont-entretoise-de-roulement","21":"product_tag-entretoise-de-palier-auto-centrant","22":"product_tag-entretoise-de-roulement-en-ligne","23":"desktop-align-left","24":"tablet-align-left","25":"mobile-align-left","27":"first","28":"instock","29":"taxable","30":"shipping-taxable","31":"purchasable","32":"product-type-simple"},"acf":[],"_links":{"self":[{"href":"https:\/\/ztsports.com\/fr\/wp-json\/wp\/v2\/product\/19170","targetHints":{"allow":["GET"]}}],"collection":[{"href":"https:\/\/ztsports.com\/fr\/wp-json\/wp\/v2\/product"}],"about":[{"href":"https:\/\/ztsports.com\/fr\/wp-json\/wp\/v2\/types\/product"}],"replies":[{"embeddable":true,"href":"https:\/\/ztsports.com\/fr\/wp-json\/wp\/v2\/comments?post=19170"}],"version-history":[{"count":1,"href":"https:\/\/ztsports.com\/fr\/wp-json\/wp\/v2\/product\/19170\/revisions"}],"predecessor-version":[{"id":19171,"href":"https:\/\/ztsports.com\/fr\/wp-json\/wp\/v2\/product\/19170\/revisions\/19171"}],"wp:featuredmedia":[{"embeddable":true,"href":"https:\/\/ztsports.com\/fr\/wp-json\/wp\/v2\/media\/18639"}],"wp:attachment":[{"href":"https:\/\/ztsports.com\/fr\/wp-json\/wp\/v2\/media?parent=19170"}],"wp:term":[{"taxonomy":"product_brand","embeddable":true,"href":"https:\/\/ztsports.com\/fr\/wp-json\/wp\/v2\/product_brand?post=19170"},{"taxonomy":"product_cat","embeddable":true,"href":"https:\/\/ztsports.com\/fr\/wp-json\/wp\/v2\/product_cat?post=19170"},{"taxonomy":"product_tag","embeddable":true,"href":"https:\/\/ztsports.com\/fr\/wp-json\/wp\/v2\/product_tag?post=19170"}],"curies":[{"name":"wp","href":"https:\/\/api.w.org\/{rel}","templated":true}]}}