{"id":19166,"date":"2021-09-23T02:33:39","date_gmt":"2021-09-23T02:33:39","guid":{"rendered":"https:\/\/ztsports.com\/?post_type=product&#038;p=19166"},"modified":"2026-02-02T20:27:11","modified_gmt":"2026-02-02T20:27:11","slug":"nano-buckle-strap","status":"publish","type":"product","link":"https:\/\/ztsports.com\/fr\/store\/nano-buckle-strap\/","title":{"rendered":"Nano Buckle Strap Original Replacement Part"},"content":{"rendered":"<h1>Nano Buckle Strap Original Replacement Part<\/h1>\n<p>La sangle de boucle est une sangle\/\u00e9chelle de remplacement originale pour la boucle Luigino.<\/p>\n<p>fonctionne en outre sur TOUTES les bottes Luigino et Atom Pro (\u00e0 l&#8217;exception de l&#8217;Atom Pro Fitness)<\/p>\n<p>Disponible en 2 couleurs : Noir, Blanc<\/p>\n<p>Enfin, consultez tous nos <a href=\"https:\/\/ztsports.com\/product-category\/accessories\/parts-tools\/\"><strong>pi\u00e8ces et outils ici<\/strong><\/a>.<\/p>\n","protected":false},"excerpt":{"rendered":"<p>Nano Buckle Strap Original Replacement Part La sangle de boucle est une sangle\/\u00e9chelle de remplacement originale pour la boucle Luigino. fonctionne en outre sur TOUTES les bottes Luigino et Atom Pro (\u00e0 l&#8217;exception de l&#8217;Atom Pro Fitness) Disponible en 2 couleurs : Noir, Blanc Enfin, consultez tous nos pi\u00e8ces et outils ici.<\/p>\n","protected":false},"featured_media":18632,"comment_status":"open","ping_status":"closed","template":"","meta":{"_acf_changed":false,"_monsterinsights_skip_tracking":false,"_monsterinsights_sitenote_active":false,"_monsterinsights_sitenote_note":"","_monsterinsights_sitenote_category":0,"_uf_show_specific_survey":0,"_uf_disable_surveys":false,"site-sidebar-layout":"default","site-content-layout":"","ast-site-content-layout":"default","site-content-style":"default","site-sidebar-style":"default","ast-global-header-display":"","ast-banner-title-visibility":"","ast-main-header-display":"","ast-hfb-above-header-display":"","ast-hfb-below-header-display":"","ast-hfb-mobile-header-display":"","site-post-title":"","ast-breadcrumbs-content":"","ast-featured-img":"","footer-sml-layout":"","ast-disable-related-posts":"","theme-transparent-header-meta":"default","adv-header-id-meta":"","stick-header-meta":"","header-above-stick-meta":"","header-main-stick-meta":"","header-below-stick-meta":"","astra-migrate-meta-layouts":"set","ast-page-background-enabled":"default","ast-page-background-meta":{"desktop":{"background-color":"","background-image":"","background-repeat":"repeat","background-position":"center center","background-size":"auto","background-attachment":"scroll","background-type":"","background-media":"","overlay-type":"","overlay-color":"","overlay-opacity":"","overlay-gradient":""},"tablet":{"background-color":"","background-image":"","background-repeat":"repeat","background-position":"center center","background-size":"auto","background-attachment":"scroll","background-type":"","background-media":"","overlay-type":"","overlay-color":"","overlay-opacity":"","overlay-gradient":""},"mobile":{"background-color":"","background-image":"","background-repeat":"repeat","background-position":"center center","background-size":"auto","background-attachment":"scroll","background-type":"","background-media":"","overlay-type":"","overlay-color":"","overlay-opacity":"","overlay-gradient":""}},"ast-content-background-meta":{"desktop":{"background-color":"var(--ast-global-color-5)","background-image":"","background-repeat":"repeat","background-position":"center center","background-size":"auto","background-attachment":"scroll","background-type":"","background-media":"","overlay-type":"","overlay-color":"","overlay-opacity":"","overlay-gradient":""},"tablet":{"background-color":"var(--ast-global-color-5)","background-image":"","background-repeat":"repeat","background-position":"center center","background-size":"auto","background-attachment":"scroll","background-type":"","background-media":"","overlay-type":"","overlay-color":"","overlay-opacity":"","overlay-gradient":""},"mobile":{"background-color":"var(--ast-global-color-5)","background-image":"","background-repeat":"repeat","background-position":"center center","background-size":"auto","background-attachment":"scroll","background-type":"","background-media":"","overlay-type":"","overlay-color":"","overlay-opacity":"","overlay-gradient":""}}},"product_brand":[3285],"product_cat":[3433,3467,3381,3429],"product_tag":[3697,3698,3699,3427,2102,2141,3700,3701],"class_list":{"0":"post-19166","1":"product","2":"type-product","3":"status-publish","4":"has-post-thumbnail","6":"product_brand-bont","7":"product_cat-accessories","8":"product_cat-patinage-de-vitesse","9":"product_cat-patinage-de-vitesse-en-ligne","10":"product_cat-pieces-et-outils","11":"product_tag-atome","12":"product_tag-bottes-professionnelles","13":"product_tag-courroie-de-remplacement-originale","14":"product_tag-equipement-de-patinage-de-vitesse","15":"product_tag-luigino","16":"product_tag-nano-buckle-strap","17":"product_tag-patin-de-vitesse-en-ligne","18":"product_tag-pieces-en-ligne","19":"desktop-align-left","20":"tablet-align-left","21":"mobile-align-left","23":"first","24":"instock","25":"taxable","26":"shipping-taxable","27":"purchasable","28":"product-type-simple"},"acf":[],"_links":{"self":[{"href":"https:\/\/ztsports.com\/fr\/wp-json\/wp\/v2\/product\/19166","targetHints":{"allow":["GET"]}}],"collection":[{"href":"https:\/\/ztsports.com\/fr\/wp-json\/wp\/v2\/product"}],"about":[{"href":"https:\/\/ztsports.com\/fr\/wp-json\/wp\/v2\/types\/product"}],"replies":[{"embeddable":true,"href":"https:\/\/ztsports.com\/fr\/wp-json\/wp\/v2\/comments?post=19166"}],"version-history":[{"count":1,"href":"https:\/\/ztsports.com\/fr\/wp-json\/wp\/v2\/product\/19166\/revisions"}],"predecessor-version":[{"id":19167,"href":"https:\/\/ztsports.com\/fr\/wp-json\/wp\/v2\/product\/19166\/revisions\/19167"}],"wp:featuredmedia":[{"embeddable":true,"href":"https:\/\/ztsports.com\/fr\/wp-json\/wp\/v2\/media\/18632"}],"wp:attachment":[{"href":"https:\/\/ztsports.com\/fr\/wp-json\/wp\/v2\/media?parent=19166"}],"wp:term":[{"taxonomy":"product_brand","embeddable":true,"href":"https:\/\/ztsports.com\/fr\/wp-json\/wp\/v2\/product_brand?post=19166"},{"taxonomy":"product_cat","embeddable":true,"href":"https:\/\/ztsports.com\/fr\/wp-json\/wp\/v2\/product_cat?post=19166"},{"taxonomy":"product_tag","embeddable":true,"href":"https:\/\/ztsports.com\/fr\/wp-json\/wp\/v2\/product_tag?post=19166"}],"curies":[{"name":"wp","href":"https:\/\/api.w.org\/{rel}","templated":true}]}}