{"id":19164,"date":"2021-09-23T02:33:41","date_gmt":"2021-09-23T02:33:41","guid":{"rendered":"https:\/\/ztsports.com\/?post_type=product&#038;p=19164"},"modified":"2026-04-16T22:28:41","modified_gmt":"2026-04-16T22:28:41","slug":"bont-a-frame-3x110mm-package","status":"publish","type":"product","link":"https:\/\/ztsports.com\/fr\/store\/bont-a-frame-3x110mm-package\/","title":{"rendered":"BONT A FRAME 3x110mm package Inline"},"content":{"rendered":"<p><strong>Le BONT A FRAME 3x110mm est un superbe cadre de skate \u00e0 3 roues.<\/strong> Ce cadre de patinage de vitesse en ligne convient \u00e0 des roues en ligne de 110 mm, mais il peut \u00e9galement convenir \u00e0 des roues de 100 mm ou m\u00eame de 90 mm pour cr\u00e9er un superbe patin \u00e0 3 roues.<\/p>\n<div id=\"tab-description\" class=\"woocommerce-Tabs-panel woocommerce-Tabs-panel--description panel entry-content wc-tab\" role=\"tabpanel\" aria-labelledby=\"tab-title-description\">\n<div class=\"title-small title-font\">\n<ul>\n<li>12\u2033 prend des bottes avec un<strong> montage de 140 \u00e0 165mm<\/strong>, plus un maximum de 3x110mm<\/li>\n<li><em><strong>S&#8217;ADAPTE \u00c0 TOUTES LES BOTTES SHORT TRACK AVEC UN ESPACEMENT DE 165MM.<\/strong><\/em><\/li>\n<li>BONT A FRAME 3x110mm<\/li>\n<\/ul>\n<\/div>\n<\/div>\n<p>Options du cadre<br \/>\n3 x 110 mm<br \/>\n3 x 100mm<br \/>\nABEC 7 Bearings<br \/>\nFit on Standard Short Track Boots<\/p>\n<p><strong>Un excellent test et avis sur le cadre Bont A<\/strong> par Alexandre Chartier @ROLLERENLIGNE <a href=\"https:\/\/www.rollerenligne.com\/en\/materiel\/test-bont-a-frame-3x110-mm\/\" target=\"_blank\" rel=\"noopener\"><strong>ici.<\/strong><\/a><\/p>\n<p>Vous pouvez voir tous nos <a href=\"https:\/\/ztsports.com\/product-category\/inline-speed-skating\/frames\/\"><strong>cadres en ligne ici.<\/strong><\/a><\/p>\n","protected":false},"excerpt":{"rendered":"<p>Le BONT A FRAME 3x110mm est un superbe cadre de skate \u00e0 3 roues. Ce cadre de patinage de vitesse en ligne convient \u00e0 des roues en ligne de 110 mm, mais il peut \u00e9galement convenir \u00e0 des roues de 100 mm ou m\u00eame de 90 mm pour cr\u00e9er un superbe patin \u00e0 3 roues. [&hellip;]<\/p>\n","protected":false},"featured_media":18628,"comment_status":"open","ping_status":"closed","template":"","meta":{"_acf_changed":false,"_monsterinsights_skip_tracking":false,"_monsterinsights_sitenote_active":false,"_monsterinsights_sitenote_note":"","_monsterinsights_sitenote_category":0,"_uf_show_specific_survey":0,"_uf_disable_surveys":false,"site-sidebar-layout":"default","site-content-layout":"","ast-site-content-layout":"default","site-content-style":"default","site-sidebar-style":"default","ast-global-header-display":"","ast-banner-title-visibility":"","ast-main-header-display":"","ast-hfb-above-header-display":"","ast-hfb-below-header-display":"","ast-hfb-mobile-header-display":"","site-post-title":"","ast-breadcrumbs-content":"","ast-featured-img":"","footer-sml-layout":"","ast-disable-related-posts":"","theme-transparent-header-meta":"default","adv-header-id-meta":"","stick-header-meta":"","header-above-stick-meta":"","header-main-stick-meta":"","header-below-stick-meta":"","astra-migrate-meta-layouts":"set","ast-page-background-enabled":"default","ast-page-background-meta":{"desktop":{"background-color":"","background-image":"","background-repeat":"repeat","background-position":"center center","background-size":"auto","background-attachment":"scroll","background-type":"","background-media":"","overlay-type":"","overlay-color":"","overlay-opacity":"","overlay-gradient":""},"tablet":{"background-color":"","background-image":"","background-repeat":"repeat","background-position":"center center","background-size":"auto","background-attachment":"scroll","background-type":"","background-media":"","overlay-type":"","overlay-color":"","overlay-opacity":"","overlay-gradient":""},"mobile":{"background-color":"","background-image":"","background-repeat":"repeat","background-position":"center center","background-size":"auto","background-attachment":"scroll","background-type":"","background-media":"","overlay-type":"","overlay-color":"","overlay-opacity":"","overlay-gradient":""}},"ast-content-background-meta":{"desktop":{"background-color":"var(--ast-global-color-5)","background-image":"","background-repeat":"repeat","background-position":"center center","background-size":"auto","background-attachment":"scroll","background-type":"","background-media":"","overlay-type":"","overlay-color":"","overlay-opacity":"","overlay-gradient":""},"tablet":{"background-color":"var(--ast-global-color-5)","background-image":"","background-repeat":"repeat","background-position":"center center","background-size":"auto","background-attachment":"scroll","background-type":"","background-media":"","overlay-type":"","overlay-color":"","overlay-opacity":"","overlay-gradient":""},"mobile":{"background-color":"var(--ast-global-color-5)","background-image":"","background-repeat":"repeat","background-position":"center center","background-size":"auto","background-attachment":"scroll","background-type":"","background-media":"","overlay-type":"","overlay-color":"","overlay-opacity":"","overlay-gradient":""}}},"product_brand":[],"product_cat":[3434,3402,3426,3381],"product_tag":[2144,2147,3694,3695,3696],"class_list":{"0":"post-19164","1":"product","2":"type-product","3":"status-publish","4":"has-post-thumbnail","6":"product_cat-cadres","7":"product_cat-en-ligne","8":"product_cat-packages","9":"product_cat-patinage-de-vitesse-en-ligne","10":"product_tag-3x110mm","11":"product_tag-bont-a-frame-3x110mm","12":"product_tag-cadre-a-3x110mm","13":"product_tag-cadre-en-ligne","14":"product_tag-cadre-en-ligne-bont","15":"desktop-align-left","16":"tablet-align-left","17":"mobile-align-left","19":"first","20":"instock","21":"sale","22":"taxable","23":"shipping-taxable","24":"purchasable","25":"product-type-simple"},"acf":[],"_links":{"self":[{"href":"https:\/\/ztsports.com\/fr\/wp-json\/wp\/v2\/product\/19164","targetHints":{"allow":["GET"]}}],"collection":[{"href":"https:\/\/ztsports.com\/fr\/wp-json\/wp\/v2\/product"}],"about":[{"href":"https:\/\/ztsports.com\/fr\/wp-json\/wp\/v2\/types\/product"}],"replies":[{"embeddable":true,"href":"https:\/\/ztsports.com\/fr\/wp-json\/wp\/v2\/comments?post=19164"}],"version-history":[{"count":3,"href":"https:\/\/ztsports.com\/fr\/wp-json\/wp\/v2\/product\/19164\/revisions"}],"predecessor-version":[{"id":25584,"href":"https:\/\/ztsports.com\/fr\/wp-json\/wp\/v2\/product\/19164\/revisions\/25584"}],"wp:featuredmedia":[{"embeddable":true,"href":"https:\/\/ztsports.com\/fr\/wp-json\/wp\/v2\/media\/18628"}],"wp:attachment":[{"href":"https:\/\/ztsports.com\/fr\/wp-json\/wp\/v2\/media?parent=19164"}],"wp:term":[{"taxonomy":"product_brand","embeddable":true,"href":"https:\/\/ztsports.com\/fr\/wp-json\/wp\/v2\/product_brand?post=19164"},{"taxonomy":"product_cat","embeddable":true,"href":"https:\/\/ztsports.com\/fr\/wp-json\/wp\/v2\/product_cat?post=19164"},{"taxonomy":"product_tag","embeddable":true,"href":"https:\/\/ztsports.com\/fr\/wp-json\/wp\/v2\/product_tag?post=19164"}],"curies":[{"name":"wp","href":"https:\/\/api.w.org\/{rel}","templated":true}]}}