{"id":19162,"date":"2021-09-23T02:34:45","date_gmt":"2021-09-23T02:34:45","guid":{"rendered":"https:\/\/ztsports.com\/?post_type=product&#038;p=19162"},"modified":"2026-02-02T20:25:25","modified_gmt":"2026-02-02T20:25:25","slug":"casque-garneau-vitesse-helmet","status":"publish","type":"product","link":"https:\/\/ztsports.com\/fr\/store\/casque-garneau-vitesse-helmet\/","title":{"rendered":"LOUIS GARNEAU Casque VITESSE Noir\/Blanc"},"content":{"rendered":"<h3>LOUIS GARNEAU VITESSE HELMET <strong>casque garneau vitesse<\/strong><\/h3>\n<p>Le casque Louis Garneau Vitesse, dont le nom dit tout. Vitesse = Speed. Vous voulez aller vite, gagner un sprint, faire exploser la concurrence ? C&#8217;est le casque qu&#8217;il vous faut.<\/p>\n<p>Le CASQUE VITESSE de Garneau est tout nouveau pour le patinage de vitesse et \u00e9tablit la nouvelle norme en mati\u00e8re de s\u00e9curit\u00e9.<\/p>\n<p>En plus de r\u00e9pondre \u00e0 la norme ASTM, il est \u00e9quip\u00e9 du syst\u00e8me MIPS qui offre une protection contre les commotions c\u00e9r\u00e9brales.<br \/>\nPour plus d&#8217;informations sur le syst\u00e8me MIPS, cliquez ici. <a href=\"https:\/\/mipsprotection.com\/\" target=\"_blank\" rel=\"noopener\"><strong>syst\u00e8me MIPS<\/strong><\/a> &#8211; S\u00e9curit\u00e9 des casques<\/p>\n<p>Disponible en 2 tailles et 1 couleur (Blanc), il est d\u00e9sormais la r\u00e9f\u00e9rence des casques de patinage de vitesse sur piste courte.<\/p>\n<p>Les ing\u00e9nieurs de Garneau ont travaill\u00e9 d&#8217;arrache-pied pour optimiser la conception \u00e0 l&#8217;aide de simulations num\u00e9riques de la dynamique des fluides. Le design que vous voyez est le r\u00e9sultat d&#8217;innombrables it\u00e9rations pour trouver la forme parfaite, avec la bonne quantit\u00e9 de ventilation.<\/p>\n<p>En guise de touche finale, le design \u00e0 fossettes, inspir\u00e9 directement du casque P-09 TT, a \u00e9t\u00e9 ajout\u00e9 pour r\u00e9duire davantage la tra\u00een\u00e9e. Et ce n&#8217;est pas tout.<\/p>\n<p>Dans un souci de s\u00e9curit\u00e9, nous avons ajout\u00e9 la derni\u00e8re version du <strong>syst\u00e8me MIPS<\/strong> pour r\u00e9duire les forces de rotation en cas de collision. Ce casque pourrait bien vous sauver d&#8217;une commotion c\u00e9r\u00e9brale.<\/p>\n<p><b>DETAILS casque garneau vitesse<\/b><\/p>\n<ul>\n<li><b>Technologie du casque :<\/b> Canaux d&#8217;\u00e9vacuation : Les canaux d&#8217;\u00e9vacuation de l&#8217;humidit\u00e9 permettent une meilleure circulation de l&#8217;air et une meilleure \u00e9vacuation de l&#8217;humidit\u00e9. &#8211; Technologie MSB : Une protection plastique en forme d&#8217;anneau \u00e0 la base du casque renforce le p\u00e9rim\u00e8tre pour une meilleure protection.<\/li>\n<li><b>Couleur du bracelet :<\/b> noir<\/li>\n<li><b>Poids du casque :<\/b> 12 oz \/ 340 g<\/li>\n<li><b>Construction du casque :<\/b> In-Mold : Processus industriel liant le microplastique et le polystyr\u00e8ne afin d&#8217;ajouter des propri\u00e9t\u00e9s m\u00e9caniques sup\u00e9rieures \u00e0 ces mat\u00e9riaux.<\/li>\n<li><b>Nombre d&#8217;\u00e9vents :<\/b> 14 bouches d&#8217;a\u00e9ration<\/li>\n<li><b>Syst\u00e8me de stabilisation :<\/b> Spiderlock\u00ae Pro Road avec r\u00e9glage en hauteur<\/li>\n<li><b>Bretelles :<\/b> R\u00e9glage Steplock : R\u00e9glage facile et s\u00fbr des sangles.<\/li>\n<li><b>Rembourrage :<\/b> X-Static\u00ae XT2T : mat\u00e9riau antimicrobien \u00e0 s\u00e9chage rapide<\/li>\n<li><b>Certifications :<\/b> CPSC-ASTM-CEN, Patinage : ASTM F1849<\/li>\n<\/ul>\n<p>casque garneau vitesse<\/p>\n<p><strong>Grand &#8211; 59 &#8211; 62 cm Blanc seulement<\/strong><\/p>\n<p><strong>Enfin, nous avons<a href=\"https:\/\/ztsports.com\/product-category\/protection\/helmets\/\"> beaucoup de casques Short Track<\/a> ici.<\/strong><\/p>\n","protected":false},"excerpt":{"rendered":"<p>LOUIS GARNEAU VITESSE HELMET casque garneau vitesse Le casque Louis Garneau Vitesse, dont le nom dit tout. Vitesse = Speed. Vous voulez aller vite, gagner un sprint, faire exploser la concurrence ? C&#8217;est le casque qu&#8217;il vous faut. Le CASQUE VITESSE de Garneau est tout nouveau pour le patinage de vitesse et \u00e9tablit la nouvelle [&hellip;]<\/p>\n","protected":false},"featured_media":18626,"comment_status":"open","ping_status":"closed","template":"","meta":{"_acf_changed":false,"_monsterinsights_skip_tracking":false,"_monsterinsights_sitenote_active":false,"_monsterinsights_sitenote_note":"","_monsterinsights_sitenote_category":0,"_uf_show_specific_survey":0,"_uf_disable_surveys":false,"site-sidebar-layout":"default","site-content-layout":"","ast-site-content-layout":"default","site-content-style":"default","site-sidebar-style":"default","ast-global-header-display":"","ast-banner-title-visibility":"","ast-main-header-display":"","ast-hfb-above-header-display":"","ast-hfb-below-header-display":"","ast-hfb-mobile-header-display":"","site-post-title":"","ast-breadcrumbs-content":"","ast-featured-img":"","footer-sml-layout":"","ast-disable-related-posts":"","theme-transparent-header-meta":"default","adv-header-id-meta":"","stick-header-meta":"","header-above-stick-meta":"","header-main-stick-meta":"","header-below-stick-meta":"","astra-migrate-meta-layouts":"set","ast-page-background-enabled":"default","ast-page-background-meta":{"desktop":{"background-color":"","background-image":"","background-repeat":"repeat","background-position":"center center","background-size":"auto","background-attachment":"scroll","background-type":"","background-media":"","overlay-type":"","overlay-color":"","overlay-opacity":"","overlay-gradient":""},"tablet":{"background-color":"","background-image":"","background-repeat":"repeat","background-position":"center center","background-size":"auto","background-attachment":"scroll","background-type":"","background-media":"","overlay-type":"","overlay-color":"","overlay-opacity":"","overlay-gradient":""},"mobile":{"background-color":"","background-image":"","background-repeat":"repeat","background-position":"center center","background-size":"auto","background-attachment":"scroll","background-type":"","background-media":"","overlay-type":"","overlay-color":"","overlay-opacity":"","overlay-gradient":""}},"ast-content-background-meta":{"desktop":{"background-color":"var(--ast-global-color-5)","background-image":"","background-repeat":"repeat","background-position":"center center","background-size":"auto","background-attachment":"scroll","background-type":"","background-media":"","overlay-type":"","overlay-color":"","overlay-opacity":"","overlay-gradient":""},"tablet":{"background-color":"var(--ast-global-color-5)","background-image":"","background-repeat":"repeat","background-position":"center center","background-size":"auto","background-attachment":"scroll","background-type":"","background-media":"","overlay-type":"","overlay-color":"","overlay-opacity":"","overlay-gradient":""},"mobile":{"background-color":"var(--ast-global-color-5)","background-image":"","background-repeat":"repeat","background-position":"center center","background-size":"auto","background-attachment":"scroll","background-type":"","background-media":"","overlay-type":"","overlay-color":"","overlay-opacity":"","overlay-gradient":""}}},"product_brand":[3302],"product_cat":[3389,3644,3589,3690,3645],"product_tag":[3647,3591,3650,3691,3692,3673,3496,2154,2156,3693],"class_list":{"0":"post-19162","1":"product","2":"type-product","3":"status-publish","4":"has-post-thumbnail","6":"product_brand-garneau","7":"product_cat-accessoires-longue-piste","8":"product_cat-casque-short-track","9":"product_cat-casques","10":"product_cat-helmets","11":"product_cat-protection","12":"product_tag-casque-blanc","13":"product_tag-casque-de-patinage-de-vitesse-bont","14":"product_tag-casque-de-patinage-de-vitesse-pour-adultes","15":"product_tag-casque-garneau-vitesse","16":"product_tag-casque-vitesse","17":"product_tag-equipement-de-protection","18":"product_tag-longue-piste","19":"product_tag-louis-garneau-vitesse-helmet","20":"product_tag-protection","21":"product_tag-systeme-mips","22":"desktop-align-left","23":"tablet-align-left","24":"mobile-align-left","26":"first","27":"instock","28":"sale","29":"featured","30":"taxable","31":"shipping-taxable","32":"purchasable","33":"product-type-simple"},"acf":[],"_links":{"self":[{"href":"https:\/\/ztsports.com\/fr\/wp-json\/wp\/v2\/product\/19162","targetHints":{"allow":["GET"]}}],"collection":[{"href":"https:\/\/ztsports.com\/fr\/wp-json\/wp\/v2\/product"}],"about":[{"href":"https:\/\/ztsports.com\/fr\/wp-json\/wp\/v2\/types\/product"}],"replies":[{"embeddable":true,"href":"https:\/\/ztsports.com\/fr\/wp-json\/wp\/v2\/comments?post=19162"}],"version-history":[{"count":1,"href":"https:\/\/ztsports.com\/fr\/wp-json\/wp\/v2\/product\/19162\/revisions"}],"predecessor-version":[{"id":19163,"href":"https:\/\/ztsports.com\/fr\/wp-json\/wp\/v2\/product\/19162\/revisions\/19163"}],"wp:featuredmedia":[{"embeddable":true,"href":"https:\/\/ztsports.com\/fr\/wp-json\/wp\/v2\/media\/18626"}],"wp:attachment":[{"href":"https:\/\/ztsports.com\/fr\/wp-json\/wp\/v2\/media?parent=19162"}],"wp:term":[{"taxonomy":"product_brand","embeddable":true,"href":"https:\/\/ztsports.com\/fr\/wp-json\/wp\/v2\/product_brand?post=19162"},{"taxonomy":"product_cat","embeddable":true,"href":"https:\/\/ztsports.com\/fr\/wp-json\/wp\/v2\/product_cat?post=19162"},{"taxonomy":"product_tag","embeddable":true,"href":"https:\/\/ztsports.com\/fr\/wp-json\/wp\/v2\/product_tag?post=19162"}],"curies":[{"name":"wp","href":"https:\/\/api.w.org\/{rel}","templated":true}]}}