{"id":19160,"date":"2021-09-23T02:34:46","date_gmt":"2021-09-23T02:34:46","guid":{"rendered":"https:\/\/ztsports.com\/?post_type=product&#038;p=19160"},"modified":"2026-02-02T20:25:11","modified_gmt":"2026-02-02T20:25:11","slug":"bont-red-magic-125mm-roues","status":"publish","type":"product","link":"https:\/\/ztsports.com\/fr\/store\/bont-red-magic-125mm-roues\/","title":{"rendered":"Roue de patin \u00e0 roues align\u00e9es BONT RED MAGIC 125mm"},"content":{"rendered":"<h2 class=\"product_title entry-title\">Roue de patin \u00e0 roues align\u00e9es BONT RED MAGIC 125mm<\/h2>\n<p>La Bont Red Magic 125mm Hardcore est la premi\u00e8re roue de course professionnelle de 125mm \u00e0 utiliser un moyeu en aluminium. Les roues de 125 mm sont beaucoup plus grandes que les roues de 110 mm et il y a donc beaucoup plus de flexion \u00e0 contr\u00f4ler. En outre, Bont Felt estime que la meilleure fa\u00e7on de contr\u00f4ler cette flexion est de remplacer le moyeu en plastique par un moyeu en aluminium. Le nouveau Bont Red Magic Hardcore a connu un succ\u00e8s imm\u00e9diat, remportant la premi\u00e8re course de la saison \u00e0 Berlin. La roue a une largeur totale de 24 mm, contrairement \u00e0 certains concurrents qui ont opt\u00e9 pour des roues de 20 \u00e0 22 mm.<\/p>\n<p>La <strong>roue Bont Red Magic Hardcore <\/strong>est la premi\u00e8re roue de course professionnelle de 125 mm \u00e0 utiliser un moyeu en aluminium. Les roues de 125 mm sont rapides, mais avec les moyeux en plastique, il y a aussi beaucoup de flexion, ce qui r\u00e9duit la puissance et la vitesse. Bont a remplac\u00e9 les moyeux en plastique par des moyeux en aluminium afin de mieux contr\u00f4ler cette flexion, et le Bont Red Magic 125mm Hardcore a connu un succ\u00e8s imm\u00e9diat. D&#8217;une largeur totale de 24 mm, elle comporte deux couches d&#8217;ur\u00e9thane, la bande int\u00e9rieure ayant un rebond extr\u00eamement \u00e9lev\u00e9 tandis que la bande ext\u00e9rieure est plus dure et tr\u00e8s rapide ! Vers\u00e9 par MPC Wheels.<\/p>\n<p>NOTE : Ces roues n\u00e9cessitent des entretoises de 10,05 mm entre les roulements &#8211; nous recommandons les entretoises auto-centrantes Bont&#8217;s Red. <a href=\"https:\/\/ztsports.com\/produit\/entretoises-de-roulements\/?lang=fr\"><strong>nous recommandons les entretoises auto-centrantes Bont&#8217;s Red.<\/strong><\/a> Les entretoises de 10,35 mm fonctionneront, mais vous risquez d&#8217;entendre du bruit en patinant. Une presse \u00e0 roulements est utile pour ins\u00e9rer et retirer les roulements des roues en aluminium.<\/p>\n<p><strong>La roue de patinage de vitesse en ligne la plus rapide au monde !<\/strong><\/p>\n<p>Roue en ligne Bont 125mm<\/p>\n<p>L&#8217;ur\u00e9thane est coul\u00e9 par MPC et il utilise leur bande flexible brevet\u00e9e \u00e0 haut rebond.<\/p>\n<p>Diam\u00e8tre : 125 mm<\/p>\n<p>Duret\u00e9 : Ferme, X-Firm<br \/>\n&#8211; Duret\u00e9 :<br \/>\no 85A FIRM<br \/>\no 87A XFIRM<\/p>\n<p>Description<\/p>\n<p>La Red Magic Hardcore est la premi\u00e8re roue de 125 mm pour le patinage de vitesse en ligne professionnel \u00e0 utiliser un moyeu en aluminium. Les roues de 125 mm sont beaucoup plus grandes que les roues de 110 mm et il y a donc beaucoup plus de flexion \u00e0 contr\u00f4ler. Nous pensons que la meilleure fa\u00e7on de contr\u00f4ler cette flexion est de remplacer le moyeu en plastique par un moyeu en aluminium. La roue de 125 mm Red Magic Hardcore a connu un succ\u00e8s imm\u00e9diat, remportant la premi\u00e8re course de la saison \u00e0 Berlin et la plupart des marathons des championnats du monde de roller depuis sa sortie. La roue a une largeur totale de 24 mm, contrairement \u00e0 certains concurrents qui ont opt\u00e9 pour des roues de 20 \u00e0 22 mm. La version 2.0 dispose d\u00e9sormais d&#8217;un si\u00e8ge de roulement parfait.<\/p>\n<h4>L&#8217;ur\u00e9thane est coul\u00e9 par MPC<\/h4>\n<p>Les roues de 125 mm sont les plus rapides et la Red Magic Hardcore est la roue de 125 mm la plus rapide au monde. Cette roue est une roue \u00e0 double durom\u00e8tre, ce qui signifie qu&#8217;elle poss\u00e8de deux couches d&#8217;ur\u00e9thane. La bande int\u00e9rieure est faite d&#8217;un mat\u00e9riau de type super-ball extr\u00eamement rebondissant et l&#8217;autre ur\u00e9thane est tr\u00e8s tr\u00e8s rapide. Ce qui distingue vraiment cette roue de la concurrence, c&#8217;est son incroyable adh\u00e9rence dans les virages. Il n&#8217;y a pas d&#8217;autre roue comme celle-l\u00e0. De plus, cette roue a des capacit\u00e9s \u00e9tonnantes par temps de pluie. A moins qu&#8217;il ne s&#8217;agisse d&#8217;une v\u00e9ritable temp\u00eate, cette roue est tr\u00e8s performante dans des conditions de patinage humides. Si vous voulez la roue inline 125mm la plus rapide du march\u00e9, vous l&#8217;avez trouv\u00e9e.<\/p>\n<p><span lang=\"EN-US\">L&#8217;ur\u00e9thane est coul\u00e9 par les roues MPC et utilise leur bande flexible brevet\u00e9e \u00e0 haut rebond. <\/span><\/p>\n<p><i>MTECH\u2122PATENT NO.S6,036,278 &amp; 6,227,622B1 &#8211; Brevet sur les roues MPC<\/i><\/p>\n<h4 class=\"text-center entry-title\"><a href=\"https:\/\/www.rollerenligne.com\/en\/skating-hardware\/testing-the-bont-mpc-red-magic-hardcore-125-mm-wheels\/\" target=\"_blank\" rel=\"noopener\"><strong>Test des roues Bont \/ MPC Red Magic<\/strong><\/a> Roues Hardcore 125 mm<\/h4>\n<p>Enfin, vous pouvez voir toutes nos roues <a href=\"https:\/\/ztsports.com\/product-category\/inline-speed-skating\/wheels\/\"><strong>roues en ligne ici.<\/strong><\/a><\/p>\n","protected":false},"excerpt":{"rendered":"<p>Roue de patin \u00e0 roues align\u00e9es BONT RED MAGIC 125mm La Bont Red Magic 125mm Hardcore est la premi\u00e8re roue de course professionnelle de 125mm \u00e0 utiliser un moyeu en aluminium. Les roues de 125 mm sont beaucoup plus grandes que les roues de 110 mm et il y a donc beaucoup plus de flexion [&hellip;]<\/p>\n","protected":false},"featured_media":18621,"comment_status":"open","ping_status":"closed","template":"","meta":{"_acf_changed":false,"_monsterinsights_skip_tracking":false,"_monsterinsights_sitenote_active":false,"_monsterinsights_sitenote_note":"","_monsterinsights_sitenote_category":0,"_uf_show_specific_survey":0,"_uf_disable_surveys":false,"site-sidebar-layout":"default","site-content-layout":"","ast-site-content-layout":"default","site-content-style":"default","site-sidebar-style":"default","ast-global-header-display":"","ast-banner-title-visibility":"","ast-main-header-display":"","ast-hfb-above-header-display":"","ast-hfb-below-header-display":"","ast-hfb-mobile-header-display":"","site-post-title":"","ast-breadcrumbs-content":"","ast-featured-img":"","footer-sml-layout":"","ast-disable-related-posts":"","theme-transparent-header-meta":"default","adv-header-id-meta":"","stick-header-meta":"","header-above-stick-meta":"","header-main-stick-meta":"","header-below-stick-meta":"","astra-migrate-meta-layouts":"set","ast-page-background-enabled":"default","ast-page-background-meta":{"desktop":{"background-color":"","background-image":"","background-repeat":"repeat","background-position":"center center","background-size":"auto","background-attachment":"scroll","background-type":"","background-media":"","overlay-type":"","overlay-color":"","overlay-opacity":"","overlay-gradient":""},"tablet":{"background-color":"","background-image":"","background-repeat":"repeat","background-position":"center center","background-size":"auto","background-attachment":"scroll","background-type":"","background-media":"","overlay-type":"","overlay-color":"","overlay-opacity":"","overlay-gradient":""},"mobile":{"background-color":"","background-image":"","background-repeat":"repeat","background-position":"center center","background-size":"auto","background-attachment":"scroll","background-type":"","background-media":"","overlay-type":"","overlay-color":"","overlay-opacity":"","overlay-gradient":""}},"ast-content-background-meta":{"desktop":{"background-color":"var(--ast-global-color-5)","background-image":"","background-repeat":"repeat","background-position":"center center","background-size":"auto","background-attachment":"scroll","background-type":"","background-media":"","overlay-type":"","overlay-color":"","overlay-opacity":"","overlay-gradient":""},"tablet":{"background-color":"var(--ast-global-color-5)","background-image":"","background-repeat":"repeat","background-position":"center center","background-size":"auto","background-attachment":"scroll","background-type":"","background-media":"","overlay-type":"","overlay-color":"","overlay-opacity":"","overlay-gradient":""},"mobile":{"background-color":"var(--ast-global-color-5)","background-image":"","background-repeat":"repeat","background-position":"center center","background-size":"auto","background-attachment":"scroll","background-type":"","background-media":"","overlay-type":"","overlay-color":"","overlay-opacity":"","overlay-gradient":""}}},"product_brand":[3285,3325],"product_cat":[3402,3381,3382],"product_tag":[2161,3688,3385,3689,3406],"class_list":{"0":"post-19160","1":"product","2":"type-product","3":"status-publish","4":"has-post-thumbnail","6":"product_brand-bont","7":"product_brand-mpc","8":"product_cat-en-ligne","9":"product_cat-patinage-de-vitesse-en-ligne","10":"product_cat-roues","11":"product_tag-bont-red-magic-125mm","12":"product_tag-bont-rouge-magique","13":"product_tag-en-ligne","14":"product_tag-magie-rouge-125-mm","15":"product_tag-volant-de-course-en-ligne","16":"desktop-align-left","17":"tablet-align-left","18":"mobile-align-left","20":"first","21":"instock","22":"taxable","23":"shipping-taxable","24":"purchasable","25":"product-type-simple"},"acf":[],"_links":{"self":[{"href":"https:\/\/ztsports.com\/fr\/wp-json\/wp\/v2\/product\/19160","targetHints":{"allow":["GET"]}}],"collection":[{"href":"https:\/\/ztsports.com\/fr\/wp-json\/wp\/v2\/product"}],"about":[{"href":"https:\/\/ztsports.com\/fr\/wp-json\/wp\/v2\/types\/product"}],"replies":[{"embeddable":true,"href":"https:\/\/ztsports.com\/fr\/wp-json\/wp\/v2\/comments?post=19160"}],"version-history":[{"count":1,"href":"https:\/\/ztsports.com\/fr\/wp-json\/wp\/v2\/product\/19160\/revisions"}],"predecessor-version":[{"id":19161,"href":"https:\/\/ztsports.com\/fr\/wp-json\/wp\/v2\/product\/19160\/revisions\/19161"}],"wp:featuredmedia":[{"embeddable":true,"href":"https:\/\/ztsports.com\/fr\/wp-json\/wp\/v2\/media\/18621"}],"wp:attachment":[{"href":"https:\/\/ztsports.com\/fr\/wp-json\/wp\/v2\/media?parent=19160"}],"wp:term":[{"taxonomy":"product_brand","embeddable":true,"href":"https:\/\/ztsports.com\/fr\/wp-json\/wp\/v2\/product_brand?post=19160"},{"taxonomy":"product_cat","embeddable":true,"href":"https:\/\/ztsports.com\/fr\/wp-json\/wp\/v2\/product_cat?post=19160"},{"taxonomy":"product_tag","embeddable":true,"href":"https:\/\/ztsports.com\/fr\/wp-json\/wp\/v2\/product_tag?post=19160"}],"curies":[{"name":"wp","href":"https:\/\/api.w.org\/{rel}","templated":true}]}}