{"id":19158,"date":"2021-09-23T02:34:47","date_gmt":"2021-09-23T02:34:47","guid":{"rendered":"https:\/\/ztsports.com\/?post_type=product&#038;p=19158"},"modified":"2026-01-23T18:04:26","modified_gmt":"2026-01-23T18:04:26","slug":"luigino-p51-poids-plume","status":"publish","type":"product","link":"https:\/\/ztsports.com\/fr\/store\/luigino-p51-poids-plume\/","title":{"rendered":"Luigino P51 poids plume"},"content":{"rendered":"<h1><span data-sheets-value=\"{\" data-sheets-userformat=\"{\">LUIGINO P51 FEATHERWEIGHT 4x110mm<\/span><\/h1>\n<p>Luigino P51 poids plume<\/p>\n<p>La Luigino P51 Featherweight est de loin la monture la plus solide et la plus r\u00e9sistante jamais fabriqu\u00e9e par Luigino.<\/p>\n<p>Avec le Featherweight, le pilote du P51 existant a \u00e9t\u00e9 all\u00e9g\u00e9 de 33 grammes (cadre 13.2 &#8221; 4&#215;110).<\/p>\n<p>Le P51 Pilot Featherweight reste cependant rigide, car aucun pont ou renfort n&#8217;a \u00e9t\u00e9 enlev\u00e9 et l&#8217;\u00e9paisseur des parois, des renforts et de la plate-forme reste constante.<\/p>\n<h1>Cadre de course Luigino Pilot P51<\/h1>\n<p>Avec le cadre de course en ligne P-51 Featherweight, Atom Skates a port\u00e9 le concept de l&#8217;arche standard que l&#8217;on trouve dans d&#8217;autres cadres \u00e0 un tout autre niveau.<\/p>\n<p>Cela permet de garantir une \u00e9paisseur constante des murs, des contreventements et des plates-formes.<\/p>\n<p>Le cadre de course Luigino Pilot P51 Featherweight est de loin le cadre le plus solide et le plus r\u00e9sistant jamais cr\u00e9\u00e9 par Luigino.<\/p>\n<p>Avec le Featherweight, nous avons pris notre P-51 Pilot existant et r\u00e9duit le poids de 33 grammes de son cadre d\u00e9j\u00e0 \u00e9l\u00e9gant, tout en garantissant une \u00e9paisseur constante des parois, des renforts et de la plate-forme.<\/p>\n<h3>Sp\u00e9cifications du cadre Luigino P51 poids plume<\/h3>\n<p>Impression graphique au laser<br \/>\nMat\u00e9riau : Alliage d&#8217;aluminium a\u00e9ronautique 7000 T6<br \/>\nLongueur : 12,9&#8243; ou 12,8&#8243;.<br \/>\nMontage : 195mm<br \/>\nTaille des roues : 3x110mm + 1x100mm ou 4&#215;105 mm<br \/>\nHauteur du pont arri\u00e8re : 56,5 mm<br \/>\nSont inclus les essieux, les entretoises, les boulons de montage et les outils.<\/p>\n<p>Prix par paire incl. essieux.<\/p>\n<p>4x110mm, monture 195<\/p>\n<p><strong>Enfin, voyez tous nos <a href=\"https:\/\/ztsports.com\/product-category\/inline-speed-skating\/frames\/\">cadres pour le patinage de vitesse en ligne ici<\/a>.<\/strong><\/p>\n","protected":false},"excerpt":{"rendered":"<p>LUIGINO P51 FEATHERWEIGHT 4x110mm Luigino P51 poids plume La Luigino P51 Featherweight est de loin la monture la plus solide et la plus r\u00e9sistante jamais fabriqu\u00e9e par Luigino. Avec le Featherweight, le pilote du P51 existant a \u00e9t\u00e9 all\u00e9g\u00e9 de 33 grammes (cadre 13.2 &#8221; 4&#215;110). Le P51 Pilot Featherweight reste cependant rigide, car aucun [&hellip;]<\/p>\n","protected":false},"featured_media":19146,"comment_status":"closed","ping_status":"closed","template":"","meta":{"_acf_changed":false,"_monsterinsights_skip_tracking":false,"_monsterinsights_sitenote_active":false,"_monsterinsights_sitenote_note":"","_monsterinsights_sitenote_category":0,"_uf_show_specific_survey":0,"_uf_disable_surveys":false,"site-sidebar-layout":"default","site-content-layout":"","ast-site-content-layout":"default","site-content-style":"default","site-sidebar-style":"default","ast-global-header-display":"","ast-banner-title-visibility":"","ast-main-header-display":"","ast-hfb-above-header-display":"","ast-hfb-below-header-display":"","ast-hfb-mobile-header-display":"","site-post-title":"","ast-breadcrumbs-content":"","ast-featured-img":"","footer-sml-layout":"","ast-disable-related-posts":"","theme-transparent-header-meta":"","adv-header-id-meta":"","stick-header-meta":"","header-above-stick-meta":"","header-main-stick-meta":"","header-below-stick-meta":"","astra-migrate-meta-layouts":"default","ast-page-background-enabled":"default","ast-page-background-meta":{"desktop":{"background-color":"","background-image":"","background-repeat":"repeat","background-position":"center center","background-size":"auto","background-attachment":"scroll","background-type":"","background-media":"","overlay-type":"","overlay-color":"","overlay-opacity":"","overlay-gradient":""},"tablet":{"background-color":"","background-image":"","background-repeat":"repeat","background-position":"center center","background-size":"auto","background-attachment":"scroll","background-type":"","background-media":"","overlay-type":"","overlay-color":"","overlay-opacity":"","overlay-gradient":""},"mobile":{"background-color":"","background-image":"","background-repeat":"repeat","background-position":"center center","background-size":"auto","background-attachment":"scroll","background-type":"","background-media":"","overlay-type":"","overlay-color":"","overlay-opacity":"","overlay-gradient":""}},"ast-content-background-meta":{"desktop":{"background-color":"var(--ast-global-color-5)","background-image":"","background-repeat":"repeat","background-position":"center center","background-size":"auto","background-attachment":"scroll","background-type":"","background-media":"","overlay-type":"","overlay-color":"","overlay-opacity":"","overlay-gradient":""},"tablet":{"background-color":"var(--ast-global-color-5)","background-image":"","background-repeat":"repeat","background-position":"center center","background-size":"auto","background-attachment":"scroll","background-type":"","background-media":"","overlay-type":"","overlay-color":"","overlay-opacity":"","overlay-gradient":""},"mobile":{"background-color":"var(--ast-global-color-5)","background-image":"","background-repeat":"repeat","background-position":"center center","background-size":"auto","background-attachment":"scroll","background-type":"","background-media":"","overlay-type":"","overlay-color":"","overlay-opacity":"","overlay-gradient":""}}},"product_brand":[3317],"product_cat":[3874,3434,3402,3467,3381],"product_tag":[3695,3385,2163,2102,2164,2165,3899],"class_list":{"0":"post-19158","1":"product","2":"type-product","3":"status-publish","4":"has-post-thumbnail","6":"product_brand-luigino","7":"product_cat-accessories","8":"product_cat-cadres","9":"product_cat-en-ligne","10":"product_cat-patinage-de-vitesse","11":"product_cat-patinage-de-vitesse-en-ligne","12":"product_tag-cadre-en-ligne","13":"product_tag-en-ligne","14":"product_tag-featherweight","15":"product_tag-luigino","16":"product_tag-luigino-p-51","17":"product_tag-luigino-p51","18":"product_tag-luigino-p51-poids-plume","19":"desktop-align-left","20":"tablet-align-left","21":"mobile-align-left","23":"first","24":"onbackorder","25":"sale","26":"taxable","27":"shipping-taxable","28":"purchasable","29":"product-type-simple"},"acf":[],"_links":{"self":[{"href":"https:\/\/ztsports.com\/fr\/wp-json\/wp\/v2\/product\/19158","targetHints":{"allow":["GET"]}}],"collection":[{"href":"https:\/\/ztsports.com\/fr\/wp-json\/wp\/v2\/product"}],"about":[{"href":"https:\/\/ztsports.com\/fr\/wp-json\/wp\/v2\/types\/product"}],"replies":[{"embeddable":true,"href":"https:\/\/ztsports.com\/fr\/wp-json\/wp\/v2\/comments?post=19158"}],"version-history":[{"count":1,"href":"https:\/\/ztsports.com\/fr\/wp-json\/wp\/v2\/product\/19158\/revisions"}],"predecessor-version":[{"id":19159,"href":"https:\/\/ztsports.com\/fr\/wp-json\/wp\/v2\/product\/19158\/revisions\/19159"}],"wp:featuredmedia":[{"embeddable":true,"href":"https:\/\/ztsports.com\/fr\/wp-json\/wp\/v2\/media\/19146"}],"wp:attachment":[{"href":"https:\/\/ztsports.com\/fr\/wp-json\/wp\/v2\/media?parent=19158"}],"wp:term":[{"taxonomy":"product_brand","embeddable":true,"href":"https:\/\/ztsports.com\/fr\/wp-json\/wp\/v2\/product_brand?post=19158"},{"taxonomy":"product_cat","embeddable":true,"href":"https:\/\/ztsports.com\/fr\/wp-json\/wp\/v2\/product_cat?post=19158"},{"taxonomy":"product_tag","embeddable":true,"href":"https:\/\/ztsports.com\/fr\/wp-json\/wp\/v2\/product_tag?post=19158"}],"curies":[{"name":"wp","href":"https:\/\/api.w.org\/{rel}","templated":true}]}}