{"id":19151,"date":"2021-09-23T02:34:47","date_gmt":"2021-09-23T02:34:47","guid":{"rendered":"https:\/\/ztsports.com\/?post_type=product&#038;p=19151"},"modified":"2026-04-16T22:21:08","modified_gmt":"2026-04-16T22:21:08","slug":"cado-motus-transformer-fr","status":"publish","type":"product","link":"https:\/\/ztsports.com\/fr\/store\/cado-motus-transformer-fr\/","title":{"rendered":"Transformateur Cado Motus 4&#215;110\/3&#215;125"},"content":{"rendered":"<p><span data-sheets-value=\"{\" data-sheets-userformat=\"{\">Le Cado Motus Transformer est un cadre parfait puisqu&#8217;il accepte les roues de 3x125mm ou de 4x110mm.<br \/>\nAinsi, quelle que soit la course ou les conditions de la route, vous pouvez choisir le meilleur format avec un seul cadre.<\/span><\/p>\n<p>Avec le cadre de patinage de vitesse Cado Motus Transformer, vous n&#8217;avez pas besoin de changer de cadre si vous voulez patiner sur des roues de 110 mm sur la piste ou sur des roues plus grandes de 125 mm sur la route.<\/p>\n<div>Cadomotus transformer Comp TR3 frame<\/div>\n<div class=\"title-small title-font\">Description <span data-sheets-value=\"{\" data-sheets-userformat=\"{\">Le Cado Motus Transformer est un cadre parfait puisqu&#8217;il accepte les roues de 3x125mm ou de 4x110mm.<\/span><\/div>\n<p>Ce <strong>cadre de patin de vitesse en ligne<\/strong> est con\u00e7u pour accueillir des roues de 4x100mm ou de 3x125mm dans un seul cadre. Avec les cadres de patins de vitesse C\u00e1domotus Transformer, vous n&#8217;avez pas besoin de changer vos cadres inline si vous voulez patiner sur des roues de 110mm sur la piste ou sur des roues plus grandes de 125mm sur la route.<\/p>\n<p><strong>Cadres de patins de vitesse en ligne Comp TR<\/strong>: Une utilit\u00e9 multi-cadres sur laquelle vous pouvez vous appuyer&#8230;<\/p>\n<p><strong>Cado Motus Transformer<\/strong><\/p>\n<p>Les d\u00e9butants sont de toutes formes, tailles et capacit\u00e9s. Le C\u00e1domotus Competition Transformer est un cadre inline pour apprendre, s&#8217;entra\u00eener et \u00e9ventuellement grandir avec et hors du cadre. Construit sur une plateforme l\u00e9g\u00e8re qui partage les m\u00eames am\u00e9liorations et caract\u00e9ristiques de conception que le cadre DualBox5 r\u00e9cemment innov\u00e9, les patineurs peuvent, avec le cadre 12.4 ou 12.8\u2033, choisir une configuration de roues de 3 x 110mm ou plus standard de 4 x 100mm pour comprendre les avantages que chaque configuration a \u00e0 offrir.<\/p>\n<p>Pour les athl\u00e8tes plus aguerris ou plus grands, vous pouvez passer de 4 x 110 mm \u00e0 3 x 125 mm, le cadre de 13,2\u2033 vous permettra de patiner pendant des ann\u00e9es. L&#8217;utilit\u00e9 multi-cadres de la Comp TR en fait un choix rentable qui ne sacrifie pas la qualit\u00e9, la fonction ou la performance.<\/p>\n<p>Lorsque vous d\u00e9butez dans le sport, tout ce que vous pouvez apprendre rapidement gr\u00e2ce \u00e0 l&#8217;exp\u00e9rience vous rapportera des dividendes \u00e0 long terme, et ce cadre est sp\u00e9cialement con\u00e7u pour acc\u00e9l\u00e9rer votre courbe d&#8217;apprentissage et vous permettre d&#8217;atteindre le niveau suivant plus rapidement que n&#8217;importe quelle autre technologie de cadre sur le march\u00e9 aujourd&#8217;hui.<\/p>\n<p>Comprendre rapidement comment la taille des roues, la hauteur du pont et le poids influencent votre capacit\u00e9 \u00e0 pousser, \u00e0 man\u0153uvrer et \u00e0 contr\u00f4ler vous permet d&#8217;acc\u00e9der \u00e0 ce que d&#8217;autres patineurs ont mis des ann\u00e9es \u00e0 comprendre &#8211; les effets directs de la physique sur la forme et la performance.<\/p>\n<p>Vous atteindrez un niveau sup\u00e9rieur \u00e0 celui du reste du peloton en comprenant vous-m\u00eame ces le\u00e7ons importantes &#8211; avec une seule monture &#8211; et vous trouverez votre meilleure configuration et votre meilleure forme plus rapidement qu&#8217;aucun d&#8217;entre eux ne l&#8217;a fait de son propre chef.<\/p>\n<p><span data-sheets-value=\"{\" data-sheets-userformat=\"{\">Cado Motus Transformer<\/span><\/p>\n<p>Le Comp TR est un cadre qui vous aidera \u00e0 passer \u00e0 travers un r\u00e9gime de base avec le bon soutien, la r\u00e9ponse et la flexibilit\u00e9 dont vous avez besoin pour d\u00e9velopper rapidement vos comp\u00e9tences, votre vitesse et votre endurance.<\/p>\n<div class=\"title-small title-font\">Sp\u00e9cifications du transformateur Cado Motus<\/div>\n<div class=\"spec-table\">\n<table>\n<tbody>\n<tr>\n<td class=\"spec-title\"><strong>Configuration des roues<\/strong><\/td>\n<td>2 en 1 (3W ou 4W)<\/td>\n<\/tr>\n<tr>\n<td class=\"spec-title\"><strong>Longueur (in)<\/strong><\/td>\n<td>12.8 \/ 13.2<\/td>\n<\/tr>\n<tr>\n<td class=\"spec-title\"><strong>Poids (g)<\/strong><\/td>\n<td><\/td>\n<\/tr>\n<tr>\n<td class=\"spec-title\"><strong>S\u00e9paration des montages (mm)<\/strong><\/td>\n<td>195<\/td>\n<\/tr>\n<tr>\n<td class=\"spec-title\"><strong>Meilleure longueur de vis (mm)<\/strong><\/td>\n<td>14<\/td>\n<\/tr>\n<tr>\n<td class=\"spec-title\"><strong>Alliage<\/strong><\/td>\n<td>6061<\/td>\n<\/tr>\n<tr>\n<td class=\"spec-title\"><strong>Profil<\/strong><\/td>\n<td>dualbox\u00ae6<\/td>\n<\/tr>\n<\/tbody>\n<\/table>\n<\/div>\n<h4 class=\"style-scope ytd-watch-metadata\"><span class=\"style-scope yt-formatted-string\" dir=\"auto\"><a href=\"https:\/\/www.youtube.com\/watch?v=4vM7ymR5kAQ&amp;t=147s\" target=\"_blank\" rel=\"noopener\"><strong>J&#8217;ai test\u00e9 4X110 vs 3X125<\/strong><\/a> comme<\/span><a class=\"yt-simple-endpoint style-scope yt-formatted-string\" dir=\"auto\" spellcheck=\"false\" href=\"https:\/\/www.youtube.com\/channel\/UCuM5TOvMzLbbBJleMURd-oQ\" target=\"_blank\" rel=\"noopener\">@thorupviktor<\/a><span class=\"style-scope yt-formatted-string\" dir=\"auto\"> (pascal briand vlog 350)<\/span><\/h4>\n<p><strong>Enfin, voyez tous nos <a href=\"https:\/\/ztsports.com\/product-category\/inline-speed-skating\/frames\/\">cadres pour le patinage de vitesse en ligne ici<\/a>.<\/strong><\/p>\n","protected":false},"excerpt":{"rendered":"<p>Le Cado Motus Transformer est un cadre parfait puisqu&#8217;il accepte les roues de 3x125mm ou de 4x110mm. Ainsi, quelle que soit la course ou les conditions de la route, vous pouvez choisir le meilleur format avec un seul cadre. Avec le cadre de patinage de vitesse Cado Motus Transformer, vous n&#8217;avez pas besoin de changer [&hellip;]<\/p>\n","protected":false},"featured_media":19153,"comment_status":"closed","ping_status":"closed","template":"","meta":{"_acf_changed":false,"_monsterinsights_skip_tracking":false,"_monsterinsights_sitenote_active":false,"_monsterinsights_sitenote_note":"","_monsterinsights_sitenote_category":0,"_uf_show_specific_survey":0,"_uf_disable_surveys":false,"site-sidebar-layout":"default","site-content-layout":"","ast-site-content-layout":"default","site-content-style":"default","site-sidebar-style":"default","ast-global-header-display":"","ast-banner-title-visibility":"","ast-main-header-display":"","ast-hfb-above-header-display":"","ast-hfb-below-header-display":"","ast-hfb-mobile-header-display":"","site-post-title":"","ast-breadcrumbs-content":"","ast-featured-img":"","footer-sml-layout":"","ast-disable-related-posts":"","theme-transparent-header-meta":"default","adv-header-id-meta":"","stick-header-meta":"","header-above-stick-meta":"","header-main-stick-meta":"","header-below-stick-meta":"","astra-migrate-meta-layouts":"set","ast-page-background-enabled":"default","ast-page-background-meta":{"desktop":{"background-color":"","background-image":"","background-repeat":"repeat","background-position":"center center","background-size":"auto","background-attachment":"scroll","background-type":"","background-media":"","overlay-type":"","overlay-color":"","overlay-opacity":"","overlay-gradient":""},"tablet":{"background-color":"","background-image":"","background-repeat":"repeat","background-position":"center center","background-size":"auto","background-attachment":"scroll","background-type":"","background-media":"","overlay-type":"","overlay-color":"","overlay-opacity":"","overlay-gradient":""},"mobile":{"background-color":"","background-image":"","background-repeat":"repeat","background-position":"center center","background-size":"auto","background-attachment":"scroll","background-type":"","background-media":"","overlay-type":"","overlay-color":"","overlay-opacity":"","overlay-gradient":""}},"ast-content-background-meta":{"desktop":{"background-color":"var(--ast-global-color-5)","background-image":"","background-repeat":"repeat","background-position":"center center","background-size":"auto","background-attachment":"scroll","background-type":"","background-media":"","overlay-type":"","overlay-color":"","overlay-opacity":"","overlay-gradient":""},"tablet":{"background-color":"var(--ast-global-color-5)","background-image":"","background-repeat":"repeat","background-position":"center center","background-size":"auto","background-attachment":"scroll","background-type":"","background-media":"","overlay-type":"","overlay-color":"","overlay-opacity":"","overlay-gradient":""},"mobile":{"background-color":"var(--ast-global-color-5)","background-image":"","background-repeat":"repeat","background-position":"center center","background-size":"auto","background-attachment":"scroll","background-type":"","background-media":"","overlay-type":"","overlay-color":"","overlay-opacity":"","overlay-gradient":""}}},"product_brand":[3289],"product_cat":[3434],"product_tag":[2167,2048,2168,3896,3897,3898],"class_list":{"0":"post-19151","1":"product","2":"type-product","3":"status-publish","4":"has-post-thumbnail","6":"product_brand-cadomotus","7":"product_cat-cadres","8":"product_tag-4x110-3x125","9":"product_tag-cado-motus","10":"product_tag-cado-motus-transformer","11":"product_tag-cadre-en-ligne-4x110-3x125","12":"product_tag-transformateur-4x110-3x125","13":"product_tag-transformateur-cado-motus-4x110-3x125","14":"desktop-align-left","15":"tablet-align-left","16":"mobile-align-left","18":"first","19":"instock","20":"sale","21":"taxable","22":"shipping-taxable","23":"purchasable","24":"product-type-simple"},"acf":[],"_links":{"self":[{"href":"https:\/\/ztsports.com\/fr\/wp-json\/wp\/v2\/product\/19151","targetHints":{"allow":["GET"]}}],"collection":[{"href":"https:\/\/ztsports.com\/fr\/wp-json\/wp\/v2\/product"}],"about":[{"href":"https:\/\/ztsports.com\/fr\/wp-json\/wp\/v2\/types\/product"}],"replies":[{"embeddable":true,"href":"https:\/\/ztsports.com\/fr\/wp-json\/wp\/v2\/comments?post=19151"}],"version-history":[{"count":3,"href":"https:\/\/ztsports.com\/fr\/wp-json\/wp\/v2\/product\/19151\/revisions"}],"predecessor-version":[{"id":25582,"href":"https:\/\/ztsports.com\/fr\/wp-json\/wp\/v2\/product\/19151\/revisions\/25582"}],"wp:featuredmedia":[{"embeddable":true,"href":"https:\/\/ztsports.com\/fr\/wp-json\/wp\/v2\/media\/19153"}],"wp:attachment":[{"href":"https:\/\/ztsports.com\/fr\/wp-json\/wp\/v2\/media?parent=19151"}],"wp:term":[{"taxonomy":"product_brand","embeddable":true,"href":"https:\/\/ztsports.com\/fr\/wp-json\/wp\/v2\/product_brand?post=19151"},{"taxonomy":"product_cat","embeddable":true,"href":"https:\/\/ztsports.com\/fr\/wp-json\/wp\/v2\/product_cat?post=19151"},{"taxonomy":"product_tag","embeddable":true,"href":"https:\/\/ztsports.com\/fr\/wp-json\/wp\/v2\/product_tag?post=19151"}],"curies":[{"name":"wp","href":"https:\/\/api.w.org\/{rel}","templated":true}]}}