{"id":19148,"date":"2021-09-23T02:34:48","date_gmt":"2021-09-23T02:34:48","guid":{"rendered":"https:\/\/ztsports.com\/?post_type=product&#038;p=19148"},"modified":"2026-02-02T20:24:56","modified_gmt":"2026-02-02T20:24:56","slug":"cado-motus-pro-4x100","status":"publish","type":"product","link":"https:\/\/ztsports.com\/fr\/store\/cado-motus-pro-4x100\/","title":{"rendered":"Cado Motus Pro 4&#215;100 \/ Cadre de patinage de vitesse en ligne"},"content":{"rendered":"<h1><span data-sheets-value=\"{\" data-sheets-userformat=\"{\">Cado Motus Pro 4&#215;100<\/span><\/h1>\n<p>Le Cado Motus Pro 4&#215;100 est un PHE : \u00e9quipement d&#8217;am\u00e9lioration des performances.<\/p>\n<p><strong>D\u00c9TAILS :<\/strong><\/p>\n<p><strong>La DualBox\u00ae 4&#215;100 V : <\/strong><\/p>\n<p><strong>L&#8217;innovation ne dort jamais.<\/strong><\/p>\n<p>La DualBox\u00ae V est un \u00e9quipement d&#8217;am\u00e9lioration des performances. C&#8217;est le cadre qui a red\u00e9fini l&#8217;avenir du sport. Il incorpore des ann\u00e9es de d\u00e9sir de cadres l\u00e9gers avec une r\u00e9sistance structurelle et une r\u00e9activit\u00e9 sur le terrain. La DualBox\u00ae V met la performance haut de gamme \u00e0 la port\u00e9e de tous les patineurs. Les caract\u00e9ristiques uniques de la conception DualBox\u00ae offrent plus de commande et de contr\u00f4le que n&#8217;importe quel autre cadre aujourd&#8217;hui :<\/p>\n<ul>\n<li>Plus de stabilit\u00e9 &#8211; r\u00e9partition uniforme de la force<\/li>\n<li>Moins de fatigue musculaire &#8211; att\u00e9nuation des vibrations<\/li>\n<li>Plus de contr\u00f4le &#8211; une r\u00e9activit\u00e9 pr\u00e9visible<\/li>\n<\/ul>\n<h4>Cadomotus Pro 4&#215;100, 12.8, 195mm<\/h4>\n<p>De plus, la valeur d&#8217;une conception intelligente entre en jeu lorsque vous \u00eates compl\u00e8tement charg\u00e9 sur votre patin et que vous \u00eates s\u00fbr d&#8217;avoir le soutien dont vous avez besoin pour repousser vos limites. En outre, l&#8217;innovation apport\u00e9e \u00e0 ce cadre se fait sentir de mani\u00e8re optimale lorsque l&#8217;on patine \u00e0 vitesse maximale sur des routes ou des pistes qui ne sont pas id\u00e9ales. <strong>Transformez n&#8217;importe quel morceau d&#8217;asphalte en une feuille de verre.<\/strong> Il est tout aussi important que le cadre absorbe les vibrations des surfaces irr\u00e9guli\u00e8res et restitue plus de puissance par foul\u00e9e. De plus, il est suffisamment l\u00e9ger pour donner plus de libert\u00e9 \u00e0 votre foul\u00e9e et \u00e0 votre pouss\u00e9e, et suffisamment rigide pour que vous puissiez garder le contr\u00f4le, sans jamais vous laisser distancer.<\/p>\n<h3>Cado Motus Pro<\/h3>\n<h4>Transfert d&#8217;\u00e9nergie coh\u00e9rent<\/h4>\n<p>La DualBox\u00ae V est un cadre mince qui expose plus de roues. De plus, il est taill\u00e9 dans une seule pi\u00e8ce d&#8217;aluminium, ce qui lui conf\u00e8re une rigidit\u00e9 et une flexibilit\u00e9 constantes en termes de transfert de puissance. A chaque pouss\u00e9e, vous b\u00e9n\u00e9ficiez d&#8217;un retour d&#8217;\u00e9nergie plus important. Il vous fait avancer avec une vitesse suppl\u00e9mentaire pour laquelle vous n&#8217;avez pas eu \u00e0 travailler dur. Ainsi, c&#8217;est la seule monture dont le rendement d\u00e9passe le niveau de votre investissement, ce qui rend chaque effort rentable. Le flux de puissance que vous ressentirez depuis la DualBox\u00ae V, \u00e0 travers vos roues, puis sur la surface de patinage est diff\u00e9rent de tout ce que vous avez connu auparavant.<\/p>\n<h4>Excellence en mati\u00e8re de conception<\/h4>\n<p>V\u00e9ritable \u00e9tude pratique de l&#8217;excellence du design, la DualBox\u00ae V est diff\u00e9rente de toutes les autres DualBox qui l&#8217;ont pr\u00e9c\u00e9d\u00e9e. Il s&#8217;agit d&#8217;un \u00e9quipement de nouvelle g\u00e9n\u00e9ration. Pour une performance de haut niveau, aliment\u00e9e par le leader de l&#8217;industrie en mati\u00e8re de technologie de pointe pour le patinage de vitesse en ligne. Dans la DualBox\u00ae V, vous avez en plus les meilleurs cerveaux du sport sous vos pieds, alimentant votre foul\u00e9e, vous donnant l&#8217;avantage comp\u00e9titif qui est la vitesse du mouvement intelligent.<\/p>\n<p><strong>Enfin, voyez tous nos <a href=\"https:\/\/ztsports.com\/product-category\/inline-speed-skating\/frames\/\">cadres pour le patinage de vitesse en ligne ici<\/a>.<\/strong><\/p>\n","protected":false},"excerpt":{"rendered":"<p>Cado Motus Pro 4&#215;100 Le Cado Motus Pro 4&#215;100 est un PHE : \u00e9quipement d&#8217;am\u00e9lioration des performances. D\u00c9TAILS : La DualBox\u00ae 4&#215;100 V : L&#8217;innovation ne dort jamais. La DualBox\u00ae V est un \u00e9quipement d&#8217;am\u00e9lioration des performances. C&#8217;est le cadre qui a red\u00e9fini l&#8217;avenir du sport. Il incorpore des ann\u00e9es de d\u00e9sir de cadres l\u00e9gers [&hellip;]<\/p>\n","protected":false},"featured_media":19150,"comment_status":"open","ping_status":"closed","template":"","meta":{"_acf_changed":false,"_monsterinsights_skip_tracking":false,"_monsterinsights_sitenote_active":false,"_monsterinsights_sitenote_note":"","_monsterinsights_sitenote_category":0,"_uf_show_specific_survey":0,"_uf_disable_surveys":false,"site-sidebar-layout":"default","site-content-layout":"","ast-site-content-layout":"default","site-content-style":"default","site-sidebar-style":"default","ast-global-header-display":"","ast-banner-title-visibility":"","ast-main-header-display":"","ast-hfb-above-header-display":"","ast-hfb-below-header-display":"","ast-hfb-mobile-header-display":"","site-post-title":"","ast-breadcrumbs-content":"","ast-featured-img":"","footer-sml-layout":"","ast-disable-related-posts":"","theme-transparent-header-meta":"default","adv-header-id-meta":"","stick-header-meta":"","header-above-stick-meta":"","header-main-stick-meta":"","header-below-stick-meta":"","astra-migrate-meta-layouts":"set","ast-page-background-enabled":"default","ast-page-background-meta":{"desktop":{"background-color":"","background-image":"","background-repeat":"repeat","background-position":"center center","background-size":"auto","background-attachment":"scroll","background-type":"","background-media":"","overlay-type":"","overlay-color":"","overlay-opacity":"","overlay-gradient":""},"tablet":{"background-color":"","background-image":"","background-repeat":"repeat","background-position":"center center","background-size":"auto","background-attachment":"scroll","background-type":"","background-media":"","overlay-type":"","overlay-color":"","overlay-opacity":"","overlay-gradient":""},"mobile":{"background-color":"","background-image":"","background-repeat":"repeat","background-position":"center center","background-size":"auto","background-attachment":"scroll","background-type":"","background-media":"","overlay-type":"","overlay-color":"","overlay-opacity":"","overlay-gradient":""}},"ast-content-background-meta":{"desktop":{"background-color":"var(--ast-global-color-5)","background-image":"","background-repeat":"repeat","background-position":"center center","background-size":"auto","background-attachment":"scroll","background-type":"","background-media":"","overlay-type":"","overlay-color":"","overlay-opacity":"","overlay-gradient":""},"tablet":{"background-color":"var(--ast-global-color-5)","background-image":"","background-repeat":"repeat","background-position":"center center","background-size":"auto","background-attachment":"scroll","background-type":"","background-media":"","overlay-type":"","overlay-color":"","overlay-opacity":"","overlay-gradient":""},"mobile":{"background-color":"var(--ast-global-color-5)","background-image":"","background-repeat":"repeat","background-position":"center center","background-size":"auto","background-attachment":"scroll","background-type":"","background-media":"","overlay-type":"","overlay-color":"","overlay-opacity":"","overlay-gradient":""}}},"product_brand":[3289],"product_cat":[3434,3402,3381],"product_tag":[2048,2172,3695,2173],"class_list":{"0":"post-19148","1":"product","2":"type-product","3":"status-publish","4":"has-post-thumbnail","6":"product_brand-cadomotus","7":"product_cat-cadres","8":"product_cat-en-ligne","9":"product_cat-patinage-de-vitesse-en-ligne","10":"product_tag-cado-motus","11":"product_tag-cado-motus-pro","12":"product_tag-cadre-en-ligne","13":"product_tag-pro-4x100","14":"desktop-align-left","15":"tablet-align-left","16":"mobile-align-left","18":"first","19":"instock","20":"taxable","21":"shipping-taxable","22":"purchasable","23":"product-type-simple"},"acf":[],"_links":{"self":[{"href":"https:\/\/ztsports.com\/fr\/wp-json\/wp\/v2\/product\/19148","targetHints":{"allow":["GET"]}}],"collection":[{"href":"https:\/\/ztsports.com\/fr\/wp-json\/wp\/v2\/product"}],"about":[{"href":"https:\/\/ztsports.com\/fr\/wp-json\/wp\/v2\/types\/product"}],"replies":[{"embeddable":true,"href":"https:\/\/ztsports.com\/fr\/wp-json\/wp\/v2\/comments?post=19148"}],"version-history":[{"count":1,"href":"https:\/\/ztsports.com\/fr\/wp-json\/wp\/v2\/product\/19148\/revisions"}],"predecessor-version":[{"id":19149,"href":"https:\/\/ztsports.com\/fr\/wp-json\/wp\/v2\/product\/19148\/revisions\/19149"}],"wp:featuredmedia":[{"embeddable":true,"href":"https:\/\/ztsports.com\/fr\/wp-json\/wp\/v2\/media\/19150"}],"wp:attachment":[{"href":"https:\/\/ztsports.com\/fr\/wp-json\/wp\/v2\/media?parent=19148"}],"wp:term":[{"taxonomy":"product_brand","embeddable":true,"href":"https:\/\/ztsports.com\/fr\/wp-json\/wp\/v2\/product_brand?post=19148"},{"taxonomy":"product_cat","embeddable":true,"href":"https:\/\/ztsports.com\/fr\/wp-json\/wp\/v2\/product_cat?post=19148"},{"taxonomy":"product_tag","embeddable":true,"href":"https:\/\/ztsports.com\/fr\/wp-json\/wp\/v2\/product_tag?post=19148"}],"curies":[{"name":"wp","href":"https:\/\/api.w.org\/{rel}","templated":true}]}}