{"id":19139,"date":"2021-09-23T02:35:55","date_gmt":"2021-09-23T02:35:55","guid":{"rendered":"https:\/\/ztsports.com\/?post_type=product&#038;p=19139"},"modified":"2026-02-02T20:24:28","modified_gmt":"2026-02-02T20:24:28","slug":"p51-pilot-featherweight","status":"publish","type":"product","link":"https:\/\/ztsports.com\/fr\/store\/p51-pilot-featherweight\/","title":{"rendered":"P51 Pilot Featherweight 3X110 1&#215;100 Luigino"},"content":{"rendered":"<h2><span data-sheets-value=\"{\" data-sheets-userformat=\"{\">Luigino P-51 Pilot Featherweight 3X110 1&#215;100 Low Profile <\/span><span data-sheets-value=\"{\" data-sheets-userformat=\"{\">195<\/span><\/h2>\n<h4>P51 Pilot Featherweight<\/h4>\n<p>Le cadre Luigino P-51 Pilot Featherweight Speed est de loin le cadre le plus solide et le plus r\u00e9sistant jamais fabriqu\u00e9 par Luigino.<\/p>\n<p>De plus, avec le Featherweight, le pilote P-51 existant a \u00e9t\u00e9 all\u00e9g\u00e9 de 33 grammes (cadre 12.90&#8243;3&#215;110 1&#215;100 Low Profile).<\/p>\n<p>En outre, le P-51 Pilot Featherweight reste rigide, car aucun pont ou renfort n&#8217;a \u00e9t\u00e9 supprim\u00e9, tout en garantissant une \u00e9paisseur constante des parois, des renforts et de la plate-forme.<\/p>\n<p>Hi-Low Pro<\/p>\n<p>Taille disponible : 12.9 3X110 1&#215;100 Low Profile 195 monture | 224g<\/p>\n<p>Enfin, vous pouvez voir tous nos <a href=\"https:\/\/ztsports.com\/product-category\/inline-speed-skating\/frames\/\"><strong>cadres en ligne ici<\/strong><\/a>.<\/p>\n","protected":false},"excerpt":{"rendered":"<p>Luigino P-51 Pilot Featherweight 3X110 1&#215;100 Low Profile 195 P51 Pilot Featherweight Le cadre Luigino P-51 Pilot Featherweight Speed est de loin le cadre le plus solide et le plus r\u00e9sistant jamais fabriqu\u00e9 par Luigino. De plus, avec le Featherweight, le pilote P-51 existant a \u00e9t\u00e9 all\u00e9g\u00e9 de 33 grammes (cadre 12.90&#8243;3&#215;110 1&#215;100 Low Profile). [&hellip;]<\/p>\n","protected":false},"featured_media":19141,"comment_status":"open","ping_status":"closed","template":"","meta":{"_acf_changed":false,"_monsterinsights_skip_tracking":false,"_monsterinsights_sitenote_active":false,"_monsterinsights_sitenote_note":"","_monsterinsights_sitenote_category":0,"_uf_show_specific_survey":0,"_uf_disable_surveys":false,"site-sidebar-layout":"default","site-content-layout":"","ast-site-content-layout":"default","site-content-style":"default","site-sidebar-style":"default","ast-global-header-display":"","ast-banner-title-visibility":"","ast-main-header-display":"","ast-hfb-above-header-display":"","ast-hfb-below-header-display":"","ast-hfb-mobile-header-display":"","site-post-title":"","ast-breadcrumbs-content":"","ast-featured-img":"","footer-sml-layout":"","ast-disable-related-posts":"","theme-transparent-header-meta":"default","adv-header-id-meta":"","stick-header-meta":"","header-above-stick-meta":"","header-main-stick-meta":"","header-below-stick-meta":"","astra-migrate-meta-layouts":"set","ast-page-background-enabled":"default","ast-page-background-meta":{"desktop":{"background-color":"","background-image":"","background-repeat":"repeat","background-position":"center center","background-size":"auto","background-attachment":"scroll","background-type":"","background-media":"","overlay-type":"","overlay-color":"","overlay-opacity":"","overlay-gradient":""},"tablet":{"background-color":"","background-image":"","background-repeat":"repeat","background-position":"center center","background-size":"auto","background-attachment":"scroll","background-type":"","background-media":"","overlay-type":"","overlay-color":"","overlay-opacity":"","overlay-gradient":""},"mobile":{"background-color":"","background-image":"","background-repeat":"repeat","background-position":"center center","background-size":"auto","background-attachment":"scroll","background-type":"","background-media":"","overlay-type":"","overlay-color":"","overlay-opacity":"","overlay-gradient":""}},"ast-content-background-meta":{"desktop":{"background-color":"var(--ast-global-color-5)","background-image":"","background-repeat":"repeat","background-position":"center center","background-size":"auto","background-attachment":"scroll","background-type":"","background-media":"","overlay-type":"","overlay-color":"","overlay-opacity":"","overlay-gradient":""},"tablet":{"background-color":"var(--ast-global-color-5)","background-image":"","background-repeat":"repeat","background-position":"center center","background-size":"auto","background-attachment":"scroll","background-type":"","background-media":"","overlay-type":"","overlay-color":"","overlay-opacity":"","overlay-gradient":""},"mobile":{"background-color":"var(--ast-global-color-5)","background-image":"","background-repeat":"repeat","background-position":"center center","background-size":"auto","background-attachment":"scroll","background-type":"","background-media":"","overlay-type":"","overlay-color":"","overlay-opacity":"","overlay-gradient":""}}},"product_brand":[3317],"product_cat":[3434],"product_tag":[3890,3891,2163,3892,3893],"class_list":{"0":"post-19139","1":"product","2":"type-product","3":"status-publish","4":"has-post-thumbnail","6":"product_brand-luigino","7":"product_cat-cadres","8":"product_tag-3890","9":"product_tag-3x110-1x100","10":"product_tag-featherweight","11":"product_tag-low-profile","12":"product_tag-p51-pilot","13":"desktop-align-left","14":"tablet-align-left","15":"mobile-align-left","17":"first","18":"instock","19":"taxable","20":"shipping-taxable","21":"purchasable","22":"product-type-simple"},"acf":[],"_links":{"self":[{"href":"https:\/\/ztsports.com\/fr\/wp-json\/wp\/v2\/product\/19139","targetHints":{"allow":["GET"]}}],"collection":[{"href":"https:\/\/ztsports.com\/fr\/wp-json\/wp\/v2\/product"}],"about":[{"href":"https:\/\/ztsports.com\/fr\/wp-json\/wp\/v2\/types\/product"}],"replies":[{"embeddable":true,"href":"https:\/\/ztsports.com\/fr\/wp-json\/wp\/v2\/comments?post=19139"}],"version-history":[{"count":1,"href":"https:\/\/ztsports.com\/fr\/wp-json\/wp\/v2\/product\/19139\/revisions"}],"predecessor-version":[{"id":19140,"href":"https:\/\/ztsports.com\/fr\/wp-json\/wp\/v2\/product\/19139\/revisions\/19140"}],"wp:featuredmedia":[{"embeddable":true,"href":"https:\/\/ztsports.com\/fr\/wp-json\/wp\/v2\/media\/19141"}],"wp:attachment":[{"href":"https:\/\/ztsports.com\/fr\/wp-json\/wp\/v2\/media?parent=19139"}],"wp:term":[{"taxonomy":"product_brand","embeddable":true,"href":"https:\/\/ztsports.com\/fr\/wp-json\/wp\/v2\/product_brand?post=19139"},{"taxonomy":"product_cat","embeddable":true,"href":"https:\/\/ztsports.com\/fr\/wp-json\/wp\/v2\/product_cat?post=19139"},{"taxonomy":"product_tag","embeddable":true,"href":"https:\/\/ztsports.com\/fr\/wp-json\/wp\/v2\/product_tag?post=19139"}],"curies":[{"name":"wp","href":"https:\/\/api.w.org\/{rel}","templated":true}]}}