{"id":19132,"date":"2021-09-23T02:35:56","date_gmt":"2021-09-23T02:35:56","guid":{"rendered":"https:\/\/ztsports.com\/?post_type=product&#038;p=19132"},"modified":"2026-02-02T20:24:16","modified_gmt":"2026-02-02T20:24:16","slug":"triggerpoint-mobility-pack","status":"publish","type":"product","link":"https:\/\/ztsports.com\/fr\/store\/triggerpoint-mobility-pack\/","title":{"rendered":"TriggerPoint Mobility Pack\/Roller,MB1,Grid Strap"},"content":{"rendered":"<h2 class=\"product_title entry-title\">TriggerPoint Mobility Pack Rouleau mousse \u00e0 grille, balle de massage MB1 et sangle \u00e0 grille<\/h2>\n<p>The TriggerPoint Mobility Pack includes our original hollow core roller, the GRID\u00ae, MB1\u00ae Massage Ball, and GRID Strap for portable, on-the-go relief of both large and small, hard to reach muscle groups.<\/p>\n<ul>\n<li>Le kit d&#8217;outils d&#8217;automassage pour les points de d\u00e9clenchement comprend le rouleau en mousse original GRID, la sangle GRID et la balle de massage MB1.<\/li>\n<li>La conception brevet\u00e9e du rouleau en mousse offre un ext\u00e9rieur multi-densit\u00e9 construit sur un noyau rigide et creux pour rouler \u00e0 travers les muscles tendus et les n\u0153uds afin de r\u00e9duire les douleurs et d&#8217;am\u00e9liorer la mobilit\u00e9.<\/li>\n<li>MB1 2. La bille de massage de 5 pouces offre une compression directe des tissus profonds pour un soulagement rapide des douleurs et de la fatigue musculaire.<\/li>\n<li>La sangle GRID du logo passe \u00e0 travers le noyau creux du rouleau en mousse pour faciliter le transport vers la salle de sport ou le studio.<\/li>\n<li>Le rouleau en mousse mesure 13 x 5. 5 pouces, limite de poids de 500 livres ; MB1 a un diam\u00e8tre de 2. 5 pouces et p\u00e8se 1. 2 onces ; garantie d&#8217;un an du fabricant<\/li>\n<\/ul>\n<h4>Utiliser pour g\u00e9rer les douleurs mineures<\/h4>\n<h5 class=\"style-scope ytd-watch-metadata\"><a href=\"https:\/\/www.youtube.com\/watch?v=H7rAheJiAms\" target=\"_blank\" rel=\"noopener\"><strong>Findley Comment utiliser : TriggerPoint<\/strong><\/a> Rouleau mousse GRID 2.0<\/h5>\n<p>Enfin, consultez tous nos <a href=\"https:\/\/ztsports.com\/product-category\/accessories\/training-aids\/\"><strong>aides \u00e0 la formation ici<\/strong><\/a>.<\/p>\n","protected":false},"excerpt":{"rendered":"<p>TriggerPoint Mobility Pack Rouleau mousse \u00e0 grille, balle de massage MB1 et sangle \u00e0 grille The TriggerPoint Mobility Pack includes our original hollow core roller, the GRID\u00ae, MB1\u00ae Massage Ball, and GRID Strap for portable, on-the-go relief of both large and small, hard to reach muscle groups. Le kit d&#8217;outils d&#8217;automassage pour les points de [&hellip;]<\/p>\n","protected":false},"featured_media":19134,"comment_status":"open","ping_status":"closed","template":"","meta":{"_acf_changed":false,"_monsterinsights_skip_tracking":false,"_monsterinsights_sitenote_active":false,"_monsterinsights_sitenote_note":"","_monsterinsights_sitenote_category":0,"_uf_show_specific_survey":0,"_uf_disable_surveys":false,"site-sidebar-layout":"default","site-content-layout":"","ast-site-content-layout":"default","site-content-style":"default","site-sidebar-style":"default","ast-global-header-display":"","ast-banner-title-visibility":"","ast-main-header-display":"","ast-hfb-above-header-display":"","ast-hfb-below-header-display":"","ast-hfb-mobile-header-display":"","site-post-title":"","ast-breadcrumbs-content":"","ast-featured-img":"","footer-sml-layout":"","ast-disable-related-posts":"","theme-transparent-header-meta":"default","adv-header-id-meta":"","stick-header-meta":"","header-above-stick-meta":"","header-main-stick-meta":"","header-below-stick-meta":"","astra-migrate-meta-layouts":"set","ast-page-background-enabled":"default","ast-page-background-meta":{"desktop":{"background-color":"","background-image":"","background-repeat":"repeat","background-position":"center center","background-size":"auto","background-attachment":"scroll","background-type":"","background-media":"","overlay-type":"","overlay-color":"","overlay-opacity":"","overlay-gradient":""},"tablet":{"background-color":"","background-image":"","background-repeat":"repeat","background-position":"center center","background-size":"auto","background-attachment":"scroll","background-type":"","background-media":"","overlay-type":"","overlay-color":"","overlay-opacity":"","overlay-gradient":""},"mobile":{"background-color":"","background-image":"","background-repeat":"repeat","background-position":"center center","background-size":"auto","background-attachment":"scroll","background-type":"","background-media":"","overlay-type":"","overlay-color":"","overlay-opacity":"","overlay-gradient":""}},"ast-content-background-meta":{"desktop":{"background-color":"var(--ast-global-color-5)","background-image":"","background-repeat":"repeat","background-position":"center center","background-size":"auto","background-attachment":"scroll","background-type":"","background-media":"","overlay-type":"","overlay-color":"","overlay-opacity":"","overlay-gradient":""},"tablet":{"background-color":"var(--ast-global-color-5)","background-image":"","background-repeat":"repeat","background-position":"center center","background-size":"auto","background-attachment":"scroll","background-type":"","background-media":"","overlay-type":"","overlay-color":"","overlay-opacity":"","overlay-gradient":""},"mobile":{"background-color":"var(--ast-global-color-5)","background-image":"","background-repeat":"repeat","background-position":"center center","background-size":"auto","background-attachment":"scroll","background-type":"","background-media":"","overlay-type":"","overlay-color":"","overlay-opacity":"","overlay-gradient":""}}},"product_brand":[3279,3351],"product_cat":[3422,3433,3553,3879,3878,3572,3838,3489],"product_tag":[3598,3427],"class_list":{"0":"post-19132","1":"product","2":"type-product","3":"status-publish","4":"has-post-thumbnail","6":"product_brand-base-360","7":"product_brand-triggerpoint","8":"product_cat-accessoires","9":"product_cat-accessories","10":"product_cat-aides-a-lentrainement-et-a-la-formation","11":"product_cat-aides-a-la-formation","12":"product_cat-cadeaux","13":"product_cat-cadeaux-pour-patineurs","14":"product_cat-offres-de-club","16":"product_tag-aide-a-la-formation","17":"product_tag-equipement-de-patinage-de-vitesse","18":"desktop-align-left","19":"tablet-align-left","20":"mobile-align-left","22":"first","23":"instock","24":"sale","25":"taxable","26":"shipping-taxable","27":"purchasable","28":"product-type-simple"},"acf":[],"_links":{"self":[{"href":"https:\/\/ztsports.com\/fr\/wp-json\/wp\/v2\/product\/19132","targetHints":{"allow":["GET"]}}],"collection":[{"href":"https:\/\/ztsports.com\/fr\/wp-json\/wp\/v2\/product"}],"about":[{"href":"https:\/\/ztsports.com\/fr\/wp-json\/wp\/v2\/types\/product"}],"replies":[{"embeddable":true,"href":"https:\/\/ztsports.com\/fr\/wp-json\/wp\/v2\/comments?post=19132"}],"version-history":[{"count":1,"href":"https:\/\/ztsports.com\/fr\/wp-json\/wp\/v2\/product\/19132\/revisions"}],"predecessor-version":[{"id":19133,"href":"https:\/\/ztsports.com\/fr\/wp-json\/wp\/v2\/product\/19132\/revisions\/19133"}],"wp:featuredmedia":[{"embeddable":true,"href":"https:\/\/ztsports.com\/fr\/wp-json\/wp\/v2\/media\/19134"}],"wp:attachment":[{"href":"https:\/\/ztsports.com\/fr\/wp-json\/wp\/v2\/media?parent=19132"}],"wp:term":[{"taxonomy":"product_brand","embeddable":true,"href":"https:\/\/ztsports.com\/fr\/wp-json\/wp\/v2\/product_brand?post=19132"},{"taxonomy":"product_cat","embeddable":true,"href":"https:\/\/ztsports.com\/fr\/wp-json\/wp\/v2\/product_cat?post=19132"},{"taxonomy":"product_tag","embeddable":true,"href":"https:\/\/ztsports.com\/fr\/wp-json\/wp\/v2\/product_tag?post=19132"}],"curies":[{"name":"wp","href":"https:\/\/api.w.org\/{rel}","templated":true}]}}