{"id":19128,"date":"2021-09-23T02:35:58","date_gmt":"2021-09-23T02:35:58","guid":{"rendered":"https:\/\/ztsports.com\/?post_type=product&#038;p=19128"},"modified":"2026-02-02T20:23:53","modified_gmt":"2026-02-02T20:23:53","slug":"echelle-deagilite-et-de-vitesse","status":"publish","type":"product","link":"https:\/\/ztsports.com\/fr\/store\/echelle-deagilite-et-de-vitesse\/","title":{"rendered":"Echelle de&#8217;agilit\u00e9 et de vitesse"},"content":{"rendered":"<h2><span data-sheets-value=\"{\" data-sheets-userformat=\"{\">Echelle de vitesse d&#8217;agilit\u00e9 avec sac de transport 15ft 10 \u00e9chelons<\/span><\/h2>\n<p>\u00c9chelle d&#8217;agilit\u00e9 et de vitesse \u00c9chelle de&#8217;agilit\u00e9 et de vitesse<\/p>\n<p>L&#8217;<span data-sheets-value=\"{\" data-sheets-userformat=\"{\">\u00e9chelle de vitesse d&#8217;agilit\u00e9 vous permettra d&#8217;<\/span>augmenter votre vitesse et votre agilit\u00e9 en travaillant avec l&#8217;\u00e9chelle d&#8217;agilit\u00e9 rapide. Pour pr\u00e9parer son corps \u00e0 la comp\u00e9tition, il faut s&#8217;entra\u00eener r\u00e9guli\u00e8rement au rythme, \u00e0 la synchronisation et au jeu de jambes.<\/p>\n<p>En outre, les athl\u00e8tes qui cherchent \u00e0 am\u00e9liorer leur capacit\u00e9 \u00e0 changer rapidement de direction b\u00e9n\u00e9ficieront d&#8217;un entra\u00eenement \u00e0 la performance avec l&#8217;\u00e9chelle d&#8217;agilit\u00e9 rapide.<\/p>\n<p>Whether you\u2019re in pre-season, in season or off-season, you can train on your own at home or with your team on the field to improve your footwork and multi-directional speed.<\/p>\n<p>Commit to high-intensity workouts with this versatile and portable Quick Ladder to improve agility and quickness.<\/p>\n<h4>Get Quick with Your First Step<\/h4>\n<p>Dans la plupart des comp\u00e9titions de patinage de vitesse, votre premier pas est crucial pour la r\u00e9ussite.<\/p>\n<p>La rapidit\u00e9 du premier pas est une composante de l&#8217;acc\u00e9l\u00e9ration lorsqu&#8217;on parle de vitesse. Qu&#8217;il s&#8217;agisse de vitesse lin\u00e9aire ou multidirectionnelle, votre capacit\u00e9 \u00e0 obtenir une r\u00e9ponse rapide \u00e0 un stimulus est de la plus haute importance.<\/p>\n<p>Le temps de r\u00e9action est r\u00e9gi par le syst\u00e8me nerveux ou l&#8217;int\u00e9gration neuronale. En outre, l&#8217;\u00e9chelle d&#8217;agilit\u00e9 rapide est l&#8217;un des meilleurs outils pour solliciter le m\u00e9canisme de r\u00e9ponse rapide de votre corps.<\/p>\n<p>Improve acceleration, lateral speed and change of direction<br \/>\nAm\u00e9liorer la rapidit\u00e9 gr\u00e2ce \u00e0 une acc\u00e9l\u00e9ration de la foul\u00e9e et de la fr\u00e9quence des lev\u00e9es de pied<br \/>\nD\u00e9velopper les comp\u00e9tences de base n\u00e9cessaires pour am\u00e9liorer l&#8217;\u00e9quilibre, le rythme et le contr\u00f4le du corps<br \/>\n10 \u00e9chelons en plastique tr\u00e8s r\u00e9sistants pour un entra\u00eenement de haute intensit\u00e9<br \/>\nPackage includes: Flat rung agility ladder, ground stakes, storage bag and training guide<\/p>\n<p>Finley <a href=\"https:\/\/www.youtube.com\/watch?v=9ZTRUVLjGzI&amp;t=394s\" target=\"_blank\" rel=\"noopener\"><strong>10 exercices de vitesse et d&#8217;agilit\u00e9<\/strong><\/a> Pour un jeu de jambes et une rapidit\u00e9 d&#8217;ex\u00e9cution.<\/p>\n<p>Et puis une autre vid\u00e9o d&#8217;exercices pour <a href=\"https:\/\/www.youtube.com\/watch?app=desktop&amp;v=4taYjKlmihU\" target=\"_blank\" rel=\"noopener\"><strong>Fast Footwork &amp; Agility Ladder Drills | Speed &amp; Agility Performance.<\/strong><\/a><\/p>\n<p>Enfin, consultez tous nos <a href=\"https:\/\/ztsports.com\/product-category\/accessories\/training-aids\/\"><strong>aides \u00e0 la formation et \u00e0 l&#8217;entra\u00eenement<\/strong><\/a> ici.<\/p>\n","protected":false},"excerpt":{"rendered":"<p>Echelle de vitesse d&#8217;agilit\u00e9 avec sac de transport 15ft 10 \u00e9chelons \u00c9chelle d&#8217;agilit\u00e9 et de vitesse \u00c9chelle de&#8217;agilit\u00e9 et de vitesse L&#8217;\u00e9chelle de vitesse d&#8217;agilit\u00e9 vous permettra d&#8217;augmenter votre vitesse et votre agilit\u00e9 en travaillant avec l&#8217;\u00e9chelle d&#8217;agilit\u00e9 rapide. Pour pr\u00e9parer son corps \u00e0 la comp\u00e9tition, il faut s&#8217;entra\u00eener r\u00e9guli\u00e8rement au rythme, \u00e0 la synchronisation [&hellip;]<\/p>\n","protected":false},"featured_media":18606,"comment_status":"open","ping_status":"closed","template":"","meta":{"_acf_changed":false,"_monsterinsights_skip_tracking":false,"_monsterinsights_sitenote_active":false,"_monsterinsights_sitenote_note":"","_monsterinsights_sitenote_category":0,"_uf_show_specific_survey":0,"_uf_disable_surveys":false,"site-sidebar-layout":"default","site-content-layout":"","ast-site-content-layout":"default","site-content-style":"default","site-sidebar-style":"default","ast-global-header-display":"","ast-banner-title-visibility":"","ast-main-header-display":"","ast-hfb-above-header-display":"","ast-hfb-below-header-display":"","ast-hfb-mobile-header-display":"","site-post-title":"","ast-breadcrumbs-content":"","ast-featured-img":"","footer-sml-layout":"","ast-disable-related-posts":"","theme-transparent-header-meta":"default","adv-header-id-meta":"","stick-header-meta":"","header-above-stick-meta":"","header-main-stick-meta":"","header-below-stick-meta":"","astra-migrate-meta-layouts":"set","ast-page-background-enabled":"default","ast-page-background-meta":{"desktop":{"background-color":"","background-image":"","background-repeat":"repeat","background-position":"center center","background-size":"auto","background-attachment":"scroll","background-type":"","background-media":"","overlay-type":"","overlay-color":"","overlay-opacity":"","overlay-gradient":""},"tablet":{"background-color":"","background-image":"","background-repeat":"repeat","background-position":"center center","background-size":"auto","background-attachment":"scroll","background-type":"","background-media":"","overlay-type":"","overlay-color":"","overlay-opacity":"","overlay-gradient":""},"mobile":{"background-color":"","background-image":"","background-repeat":"repeat","background-position":"center center","background-size":"auto","background-attachment":"scroll","background-type":"","background-media":"","overlay-type":"","overlay-color":"","overlay-opacity":"","overlay-gradient":""}},"ast-content-background-meta":{"desktop":{"background-color":"var(--ast-global-color-5)","background-image":"","background-repeat":"repeat","background-position":"center center","background-size":"auto","background-attachment":"scroll","background-type":"","background-media":"","overlay-type":"","overlay-color":"","overlay-opacity":"","overlay-gradient":""},"tablet":{"background-color":"var(--ast-global-color-5)","background-image":"","background-repeat":"repeat","background-position":"center center","background-size":"auto","background-attachment":"scroll","background-type":"","background-media":"","overlay-type":"","overlay-color":"","overlay-opacity":"","overlay-gradient":""},"mobile":{"background-color":"var(--ast-global-color-5)","background-image":"","background-repeat":"repeat","background-position":"center center","background-size":"auto","background-attachment":"scroll","background-type":"","background-media":"","overlay-type":"","overlay-color":"","overlay-opacity":"","overlay-gradient":""}}},"product_brand":[3279,3303,3339],"product_cat":[3422,3389,3391,3392,3433,3396,3553,3879,3838,3489],"product_tag":[3679,3598,3680,3681,3682,3683,3684,3677,3427,3685,3686],"class_list":{"0":"post-19128","1":"product","2":"type-product","3":"status-publish","4":"has-post-thumbnail","6":"product_brand-base-360","7":"product_brand-gofit","8":"product_brand-sklz","9":"product_cat-accessoires","10":"product_cat-accessoires-longue-piste","11":"product_cat-accessoires-pour-la-longue-piste","12":"product_cat-accessoires-short-track","13":"product_cat-accessories","15":"product_cat-aides-a-lentrainement-et-a-la-formation","16":"product_cat-aides-a-la-formation","17":"product_cat-offres-de-club","19":"product_tag-accessoires-de-fitness","20":"product_tag-aide-a-la-formation","21":"product_tag-aide-aux-pieds-rapides","22":"product_tag-echelle-dagilite","23":"product_tag-echelle-dagilite-et-de-vitesse","24":"product_tag-echelle-de-sport","25":"product_tag-echelle-de-vitesse","26":"product_tag-entraineur-en-milieu-sec","27":"product_tag-equipement-de-patinage-de-vitesse","28":"product_tag-equipement-de-vitesse","29":"product_tag-terres-arides","30":"desktop-align-left","31":"tablet-align-left","32":"mobile-align-left","34":"first","35":"instock","36":"sale","37":"taxable","38":"shipping-taxable","39":"purchasable","40":"product-type-simple"},"acf":[],"_links":{"self":[{"href":"https:\/\/ztsports.com\/fr\/wp-json\/wp\/v2\/product\/19128","targetHints":{"allow":["GET"]}}],"collection":[{"href":"https:\/\/ztsports.com\/fr\/wp-json\/wp\/v2\/product"}],"about":[{"href":"https:\/\/ztsports.com\/fr\/wp-json\/wp\/v2\/types\/product"}],"replies":[{"embeddable":true,"href":"https:\/\/ztsports.com\/fr\/wp-json\/wp\/v2\/comments?post=19128"}],"version-history":[{"count":1,"href":"https:\/\/ztsports.com\/fr\/wp-json\/wp\/v2\/product\/19128\/revisions"}],"predecessor-version":[{"id":19129,"href":"https:\/\/ztsports.com\/fr\/wp-json\/wp\/v2\/product\/19128\/revisions\/19129"}],"wp:featuredmedia":[{"embeddable":true,"href":"https:\/\/ztsports.com\/fr\/wp-json\/wp\/v2\/media\/18606"}],"wp:attachment":[{"href":"https:\/\/ztsports.com\/fr\/wp-json\/wp\/v2\/media?parent=19128"}],"wp:term":[{"taxonomy":"product_brand","embeddable":true,"href":"https:\/\/ztsports.com\/fr\/wp-json\/wp\/v2\/product_brand?post=19128"},{"taxonomy":"product_cat","embeddable":true,"href":"https:\/\/ztsports.com\/fr\/wp-json\/wp\/v2\/product_cat?post=19128"},{"taxonomy":"product_tag","embeddable":true,"href":"https:\/\/ztsports.com\/fr\/wp-json\/wp\/v2\/product_tag?post=19128"}],"curies":[{"name":"wp","href":"https:\/\/api.w.org\/{rel}","templated":true}]}}