{"id":19126,"date":"2021-09-23T02:35:58","date_gmt":"2021-09-23T02:35:58","guid":{"rendered":"https:\/\/ztsports.com\/?post_type=product&#038;p=19126"},"modified":"2026-02-02T20:23:46","modified_gmt":"2026-02-02T20:23:46","slug":"orbite-360-exerciseur","status":"publish","type":"product","link":"https:\/\/ztsports.com\/fr\/store\/orbite-360-exerciseur\/","title":{"rendered":"ORBITE 360 Exerciseur (paire) Entra\u00eeneur de base pour terrain sec Nouveau"},"content":{"rendered":"<h1 dir=\"ltr\" data-placeholder=\"Translation\"><span class=\"Y2IQFc\" lang=\"en\">Entra\u00eeneur de base pour terrain sec (PAIR)<\/span><\/h1>\n<p>L&#8217;exerciseur ORBITE 360 Exerciseur\u00a0est <span class=\"Y2IQFc\" lang=\"en\">vendu par paire. Exercices de renforcement du groupe musculaire abdominal tr\u00e8s demand\u00e9s par les patineurs de vitesse. De plus, un nouvel outil qui donne des r\u00e9sultats remarquables et rapides sans surcharger la charge d&#8217;entra\u00eenement. Travailler sur le neurostimulateur et d\u00e9velopper les muscles stabilisateurs. Quelques s\u00e9ances suffisent pour constater une diff\u00e9rence. Un outil tout aussi important qui vous donnera un avantage certain.<\/span><\/p>\n<h3>Un programme pour chaque partie du corps<\/h3>\n<p class=\"p1\">Le syst\u00e8me d&#8217;entra\u00eenement\u00a0ORBITE 360 Exerciseur offre un <strong>r\u00e9pertoire d&#8217;exercices qui touche l&#8217;ensemble du corps<\/strong>: membres sup\u00e9rieurs, gainage, membres inf\u00e9rieurs. Les mouvements propos\u00e9s travaillent les qualit\u00e9s d&#8217;amplitude articulaire, de mobilit\u00e9, de stabilit\u00e9, de contr\u00f4le moteur et de r\u00e9partition de la force dans les membres.<\/p>\n<p class=\"p1\">Le r\u00e9pertoire des mouvements est divis\u00e9 en cat\u00e9gories ; pour chaque cat\u00e9gorie, les num\u00e9ros les plus bas vont du plus simple au plus complexe. Chaque mouvement est identifi\u00e9 \u00e0 un niveau d&#8217;ex\u00e9cution : d\u00e9butant, interm\u00e9diaire, avanc\u00e9 et olympique.<\/p>\n<p class=\"p1\">Avant de commencer un programme d&#8217;entra\u00eenement, naviguez dans le r\u00e9pertoire pour vous familiariser avec les diff\u00e9rentes familles de mouvements et leurs crit\u00e8res d&#8217;ex\u00e9cution.<\/p>\n<p class=\"p1\"><strong>Plus d&#8217;une centaine de vid\u00e9os sont \u00e0 votre disposition sur ORBITE 360 Exerciser .<\/strong> Cette d\u00e9marche vous permettra certainement de faire un choix judicieux sur le <strong>programme qui r\u00e9pondra le mieux \u00e0 vos besoins<\/strong>.<\/p>\n<p class=\"p1\">Assurez-vous d&#8217;avoir suffisamment d&#8217;espace pour ex\u00e9cuter vos mouvements. Outre les sensations li\u00e9es au travail musculaire, <strong>vous ne devez pas ressentir de douleur<\/strong>. Si des douleurs apparaissent lors d&#8217;un mouvement, n&#8217;h\u00e9sitez pas \u00e0 consulter un professionnel de la sant\u00e9.<\/p>\n<h2 class=\"product_title entry-title show-product-nav\">ORBITE 360 Exerciseur<\/h2>\n<h4><strong>Se mettre en forme et progresser tout en s&#8217;amusant !<br \/>\n<\/strong><\/h4>\n<p>Travaille la force et la souplesse<br \/>\nD\u00e9fie l&#8217;\u00e9quilibre et la coordination<br \/>\nEfficace sur les muscles stabilisateurs<br \/>\nAide \u00e0 renforcer le tonus et contribue \u00e0 la perte de poids (associ\u00e9e \u00e0 une alimentation saine)<\/p>\n<p>+ L&#8217;Orbite 360\u2122 est vendu avec des programmes de formation en ligne gratuits, pour des r\u00e9sultats optimaux.<\/p>\n<p>+ Emportez votre Orbites 360\u2122 au bureau ou en vacances et continuez votre entra\u00eenement N&#8217;IMPORTE O\u00d9 avec vous !<\/p>\n<p>Convient \u00e0 tous les niveaux : D\u00e9butants &#8211; Athl\u00e8tes &#8211; PROS<\/p>\n<p>Convient \u00e0 tous les niveaux, \u00e0 partir de 12 ans.<\/p>\n<p><strong>5 ans de garantie<\/strong><\/p>\n<p dir=\"ltr\" data-placeholder=\"Translation\">Finesse de l&#8217;a <a href=\"https:\/\/www.youtube.com\/watch?v=TF7Gp8-DOSs&amp;t=10s\" target=\"_blank\" rel=\"noopener\"><strong>Vid\u00e9o de l&#8217;ORBITE 360<\/strong><\/a> avec des exemples d&#8217;exercices.<\/p>\n<p dir=\"ltr\" data-placeholder=\"Translation\">Enfin, consultez tous nos <a href=\"https:\/\/ztsports.com\/product-category\/accessories\/training-aids\/\"><strong>aides \u00e0 la formation et \u00e0 l&#8217;entra\u00eenement ici<\/strong><\/a>.<\/p>\n","protected":false},"excerpt":{"rendered":"<p>Entra\u00eeneur de base pour terrain sec (PAIR) L&#8217;exerciseur ORBITE 360 Exerciseur\u00a0est vendu par paire. Exercices de renforcement du groupe musculaire abdominal tr\u00e8s demand\u00e9s par les patineurs de vitesse. De plus, un nouvel outil qui donne des r\u00e9sultats remarquables et rapides sans surcharger la charge d&#8217;entra\u00eenement. Travailler sur le neurostimulateur et d\u00e9velopper les muscles stabilisateurs. Quelques [&hellip;]<\/p>\n","protected":false},"featured_media":18600,"comment_status":"open","ping_status":"closed","template":"","meta":{"_acf_changed":false,"_monsterinsights_skip_tracking":false,"_monsterinsights_sitenote_active":false,"_monsterinsights_sitenote_note":"","_monsterinsights_sitenote_category":0,"_uf_show_specific_survey":0,"_uf_disable_surveys":false,"site-sidebar-layout":"default","site-content-layout":"","ast-site-content-layout":"default","site-content-style":"default","site-sidebar-style":"default","ast-global-header-display":"","ast-banner-title-visibility":"","ast-main-header-display":"","ast-hfb-above-header-display":"","ast-hfb-below-header-display":"","ast-hfb-mobile-header-display":"","site-post-title":"","ast-breadcrumbs-content":"","ast-featured-img":"","footer-sml-layout":"","ast-disable-related-posts":"","theme-transparent-header-meta":"default","adv-header-id-meta":"","stick-header-meta":"","header-above-stick-meta":"","header-main-stick-meta":"","header-below-stick-meta":"","astra-migrate-meta-layouts":"set","ast-page-background-enabled":"default","ast-page-background-meta":{"desktop":{"background-color":"","background-image":"","background-repeat":"repeat","background-position":"center center","background-size":"auto","background-attachment":"scroll","background-type":"","background-media":"","overlay-type":"","overlay-color":"","overlay-opacity":"","overlay-gradient":""},"tablet":{"background-color":"","background-image":"","background-repeat":"repeat","background-position":"center center","background-size":"auto","background-attachment":"scroll","background-type":"","background-media":"","overlay-type":"","overlay-color":"","overlay-opacity":"","overlay-gradient":""},"mobile":{"background-color":"","background-image":"","background-repeat":"repeat","background-position":"center center","background-size":"auto","background-attachment":"scroll","background-type":"","background-media":"","overlay-type":"","overlay-color":"","overlay-opacity":"","overlay-gradient":""}},"ast-content-background-meta":{"desktop":{"background-color":"var(--ast-global-color-5)","background-image":"","background-repeat":"repeat","background-position":"center center","background-size":"auto","background-attachment":"scroll","background-type":"","background-media":"","overlay-type":"","overlay-color":"","overlay-opacity":"","overlay-gradient":""},"tablet":{"background-color":"var(--ast-global-color-5)","background-image":"","background-repeat":"repeat","background-position":"center center","background-size":"auto","background-attachment":"scroll","background-type":"","background-media":"","overlay-type":"","overlay-color":"","overlay-opacity":"","overlay-gradient":""},"mobile":{"background-color":"var(--ast-global-color-5)","background-image":"","background-repeat":"repeat","background-position":"center center","background-size":"auto","background-attachment":"scroll","background-type":"","background-media":"","overlay-type":"","overlay-color":"","overlay-opacity":"","overlay-gradient":""}}},"product_brand":[3279],"product_cat":[3553,3879,3489],"product_tag":[3555,3676,3677,3427,3678],"class_list":{"0":"post-19126","1":"product","2":"type-product","3":"status-publish","4":"has-post-thumbnail","6":"product_brand-base-360","7":"product_cat-aides-a-lentrainement-et-a-la-formation","8":"product_cat-aides-a-la-formation","9":"product_cat-offres-de-club","10":"product_tag-coeur-de-metier","11":"product_tag-entraineur-de-base-pour-terrain-sec","12":"product_tag-entraineur-en-milieu-sec","13":"product_tag-equipement-de-patinage-de-vitesse","14":"product_tag-exerciseur-orbite-360","15":"desktop-align-left","16":"tablet-align-left","17":"mobile-align-left","19":"first","20":"instock","21":"sale","22":"taxable","23":"shipping-taxable","24":"purchasable","25":"product-type-simple"},"acf":[],"_links":{"self":[{"href":"https:\/\/ztsports.com\/fr\/wp-json\/wp\/v2\/product\/19126","targetHints":{"allow":["GET"]}}],"collection":[{"href":"https:\/\/ztsports.com\/fr\/wp-json\/wp\/v2\/product"}],"about":[{"href":"https:\/\/ztsports.com\/fr\/wp-json\/wp\/v2\/types\/product"}],"replies":[{"embeddable":true,"href":"https:\/\/ztsports.com\/fr\/wp-json\/wp\/v2\/comments?post=19126"}],"version-history":[{"count":1,"href":"https:\/\/ztsports.com\/fr\/wp-json\/wp\/v2\/product\/19126\/revisions"}],"predecessor-version":[{"id":19127,"href":"https:\/\/ztsports.com\/fr\/wp-json\/wp\/v2\/product\/19126\/revisions\/19127"}],"wp:featuredmedia":[{"embeddable":true,"href":"https:\/\/ztsports.com\/fr\/wp-json\/wp\/v2\/media\/18600"}],"wp:attachment":[{"href":"https:\/\/ztsports.com\/fr\/wp-json\/wp\/v2\/media?parent=19126"}],"wp:term":[{"taxonomy":"product_brand","embeddable":true,"href":"https:\/\/ztsports.com\/fr\/wp-json\/wp\/v2\/product_brand?post=19126"},{"taxonomy":"product_cat","embeddable":true,"href":"https:\/\/ztsports.com\/fr\/wp-json\/wp\/v2\/product_cat?post=19126"},{"taxonomy":"product_tag","embeddable":true,"href":"https:\/\/ztsports.com\/fr\/wp-json\/wp\/v2\/product_tag?post=19126"}],"curies":[{"name":"wp","href":"https:\/\/api.w.org\/{rel}","templated":true}]}}