{"id":19124,"date":"2021-09-23T02:35:59","date_gmt":"2021-09-23T02:35:59","guid":{"rendered":"https:\/\/ztsports.com\/?post_type=product&#038;p=19124"},"modified":"2026-02-02T20:22:18","modified_gmt":"2026-02-02T20:22:18","slug":"bont-skate-backpack-multi-sport-bag","status":"publish","type":"product","link":"https:\/\/ztsports.com\/fr\/store\/bont-skate-backpack-multi-sport-bag\/","title":{"rendered":"Bont Skate Backpack Multi Sport Bag"},"content":{"rendered":"<h1 id=\"tw-target-text\" class=\"tw-data-text tw-text-large tw-ta\" dir=\"ltr\" data-placeholder=\"Translation\"><span class=\"Y2IQFc\" lang=\"en\">Bont Skate Backpack Multi Sport Bag<\/span><\/h1>\n<p>Le sac \u00e0 dos Bont Skate Backpack Multi Sport est le sac id\u00e9al pour transporter votre \u00e9quipement de skate. Qu&#8217;il s&#8217;agisse d&#8217;un usage d\u00e9contract\u00e9, quotidien ou professionnel. Ce sac a une grande capacit\u00e9 de 28 litres, avec des poches pour ordinateur portable et des poches en filet \u00e0 l&#8217;int\u00e9rieur. Par exemple, vous pouvez mettre votre casque, vos v\u00eatements ou tout ce dont vous avez besoin dans le compartiment inf\u00e9rieur. De plus, il y a m\u00eame des poches porte-patins avec des sangles r\u00e9glables de chaque c\u00f4t\u00e9 pour s&#8217;adapter \u00e0 vos patins. Ce sac \u00e0 dos offre tout l&#8217;espace n\u00e9cessaire pour transporter votre mat\u00e9riel entre les \u00e9v\u00e9nements.<\/p>\n<p>De m\u00eame, s&#8217;il se met \u00e0 pleuvoir ou si vous renversez votre boisson, ne vous inqui\u00e9tez pas. Fabriqu\u00e9 avec un mat\u00e9riau r\u00e9sistant aux \u00e9claboussures, il vous couvre. En outre, il est con\u00e7u pour \u00eatre polyvalent. Le sac comprend une poign\u00e9e de transport robuste sur le dessus, une ceinture sur la poitrine, des bretelles rembourr\u00e9es et, en outre, le dos est dot\u00e9 d&#8217;un syst\u00e8me d&#8217;a\u00e9ration.<\/p>\n<p>Convient au patinage en ligne, au patinage \u00e0 roulettes, au patinage sur glace et au roller derby et est disponible dans une gamme de couleurs. Commandez votre sac \u00e0 dos Skate d\u00e8s aujourd&#8217;hui.<\/p>\n<h4><span class=\"Y2IQFc\" lang=\"en\">SAC \u00c0 DOS BONT <\/span><\/h4>\n<p><span class=\"Y2IQFc\" lang=\"en\">Ce nouveau mod\u00e8le de sac \u00e0 dos de patinage de vitesse Bont offre tous les compartiments n\u00e9cessaires pour ranger les patins, le casque et tous les autres accessoires. Les lattes seront bien prot\u00e9g\u00e9es gr\u00e2ce aux poches lat\u00e9rales fermables. En outre, le nouveau design r\u00e9pondra \u00e0 tous vos besoins ! <\/span><\/p>\n<p dir=\"ltr\" data-placeholder=\"Translation\"><strong>Features<\/strong><\/p>\n<ul class=\"ul_list\">\n<li><strong>Dimensions :<\/strong> 48 x 35 x 17cm [28L]<\/li>\n<li><strong>Poids :<\/strong> 990 g<\/li>\n<\/ul>\n<p>Pour une vid\u00e9o <a href=\"https:\/\/www.youtube.com\/watch?v=PuShxi5K4X4\" target=\"_blank\" rel=\"noopener\"><strong>du Bont Multi Sport Bag\/Backpack, cliquez ici.<\/strong><\/a><\/p>\n<p>Enfin, de nombreux sacs \u00e0 dos et sacs \u00e0 dos pour le patinage sont disponibles ici. <a href=\"https:\/\/ztsports.com\/categorie-produit\/accessories\/sacs-a-dos-et-sacs\/?lang=fr\"><strong>sacs \u00e0 dos et sacs de patinage ici<\/strong><\/a>.<\/p>\n","protected":false},"excerpt":{"rendered":"<p>Bont Skate Backpack Multi Sport Bag Le sac \u00e0 dos Bont Skate Backpack Multi Sport est le sac id\u00e9al pour transporter votre \u00e9quipement de skate. Qu&#8217;il s&#8217;agisse d&#8217;un usage d\u00e9contract\u00e9, quotidien ou professionnel. Ce sac a une grande capacit\u00e9 de 28 litres, avec des poches pour ordinateur portable et des poches en filet \u00e0 l&#8217;int\u00e9rieur. [&hellip;]<\/p>\n","protected":false},"featured_media":18594,"comment_status":"open","ping_status":"closed","template":"","meta":{"_acf_changed":false,"_monsterinsights_skip_tracking":false,"_monsterinsights_sitenote_active":false,"_monsterinsights_sitenote_note":"","_monsterinsights_sitenote_category":0,"_uf_show_specific_survey":0,"_uf_disable_surveys":false,"site-sidebar-layout":"default","site-content-layout":"","ast-site-content-layout":"default","site-content-style":"default","site-sidebar-style":"default","ast-global-header-display":"","ast-banner-title-visibility":"","ast-main-header-display":"","ast-hfb-above-header-display":"","ast-hfb-below-header-display":"","ast-hfb-mobile-header-display":"","site-post-title":"","ast-breadcrumbs-content":"","ast-featured-img":"","footer-sml-layout":"","ast-disable-related-posts":"","theme-transparent-header-meta":"default","adv-header-id-meta":"","stick-header-meta":"","header-above-stick-meta":"","header-main-stick-meta":"","header-below-stick-meta":"","astra-migrate-meta-layouts":"set","ast-page-background-enabled":"default","ast-page-background-meta":{"desktop":{"background-color":"","background-image":"","background-repeat":"repeat","background-position":"center center","background-size":"auto","background-attachment":"scroll","background-type":"","background-media":"","overlay-type":"","overlay-color":"","overlay-opacity":"","overlay-gradient":""},"tablet":{"background-color":"","background-image":"","background-repeat":"repeat","background-position":"center center","background-size":"auto","background-attachment":"scroll","background-type":"","background-media":"","overlay-type":"","overlay-color":"","overlay-opacity":"","overlay-gradient":""},"mobile":{"background-color":"","background-image":"","background-repeat":"repeat","background-position":"center center","background-size":"auto","background-attachment":"scroll","background-type":"","background-media":"","overlay-type":"","overlay-color":"","overlay-opacity":"","overlay-gradient":""}},"ast-content-background-meta":{"desktop":{"background-color":"var(--ast-global-color-5)","background-image":"","background-repeat":"repeat","background-position":"center center","background-size":"auto","background-attachment":"scroll","background-type":"","background-media":"","overlay-type":"","overlay-color":"","overlay-opacity":"","overlay-gradient":""},"tablet":{"background-color":"var(--ast-global-color-5)","background-image":"","background-repeat":"repeat","background-position":"center center","background-size":"auto","background-attachment":"scroll","background-type":"","background-media":"","overlay-type":"","overlay-color":"","overlay-opacity":"","overlay-gradient":""},"mobile":{"background-color":"var(--ast-global-color-5)","background-image":"","background-repeat":"repeat","background-position":"center center","background-size":"auto","background-attachment":"scroll","background-type":"","background-media":"","overlay-type":"","overlay-color":"","overlay-opacity":"","overlay-gradient":""}}},"product_brand":[3285],"product_cat":[3422,3391,3392,3433,3396,3874,3878,3467,3381,3408,3880],"product_tag":[2202,3675],"class_list":{"0":"post-19124","1":"product","2":"type-product","3":"status-publish","4":"has-post-thumbnail","6":"product_brand-bont","7":"product_cat-accessoires","8":"product_cat-accessoires-pour-la-longue-piste","9":"product_cat-accessoires-short-track","10":"product_cat-accessories","13":"product_cat-cadeaux","14":"product_cat-patinage-de-vitesse","15":"product_cat-patinage-de-vitesse-en-ligne","16":"product_cat-patins-a-roulettes","17":"product_cat-sacs-a-dos-et-sacs","18":"product_tag-bont-backpack-skate-bag-skate-backpack-roller-skate-bag","19":"product_tag-sac-a-dos-pour-patins-a-roues-alignees","20":"desktop-align-left","21":"tablet-align-left","22":"mobile-align-left","24":"first","25":"instock","26":"sale","27":"taxable","28":"shipping-taxable","29":"purchasable","30":"product-type-simple"},"acf":[],"_links":{"self":[{"href":"https:\/\/ztsports.com\/fr\/wp-json\/wp\/v2\/product\/19124","targetHints":{"allow":["GET"]}}],"collection":[{"href":"https:\/\/ztsports.com\/fr\/wp-json\/wp\/v2\/product"}],"about":[{"href":"https:\/\/ztsports.com\/fr\/wp-json\/wp\/v2\/types\/product"}],"replies":[{"embeddable":true,"href":"https:\/\/ztsports.com\/fr\/wp-json\/wp\/v2\/comments?post=19124"}],"version-history":[{"count":1,"href":"https:\/\/ztsports.com\/fr\/wp-json\/wp\/v2\/product\/19124\/revisions"}],"predecessor-version":[{"id":19125,"href":"https:\/\/ztsports.com\/fr\/wp-json\/wp\/v2\/product\/19124\/revisions\/19125"}],"wp:featuredmedia":[{"embeddable":true,"href":"https:\/\/ztsports.com\/fr\/wp-json\/wp\/v2\/media\/18594"}],"wp:attachment":[{"href":"https:\/\/ztsports.com\/fr\/wp-json\/wp\/v2\/media?parent=19124"}],"wp:term":[{"taxonomy":"product_brand","embeddable":true,"href":"https:\/\/ztsports.com\/fr\/wp-json\/wp\/v2\/product_brand?post=19124"},{"taxonomy":"product_cat","embeddable":true,"href":"https:\/\/ztsports.com\/fr\/wp-json\/wp\/v2\/product_cat?post=19124"},{"taxonomy":"product_tag","embeddable":true,"href":"https:\/\/ztsports.com\/fr\/wp-json\/wp\/v2\/product_tag?post=19124"}],"curies":[{"name":"wp","href":"https:\/\/api.w.org\/{rel}","templated":true}]}}