{"id":19122,"date":"2021-09-23T02:37:06","date_gmt":"2021-09-23T02:37:06","guid":{"rendered":"https:\/\/ztsports.com\/?post_type=product&#038;p=19122"},"modified":"2026-02-02T20:22:06","modified_gmt":"2026-02-02T20:22:06","slug":"gant-track-ii-louis-garneau","status":"publish","type":"product","link":"https:\/\/ztsports.com\/fr\/store\/gant-track-ii-louis-garneau\/","title":{"rendered":"GANT TRACK II LOUIS GARNEAU"},"content":{"rendered":"<pre id=\"tw-target-text\" class=\"tw-data-text tw-text-large tw-ta\" dir=\"ltr\" data-placeholder=\"Translation\" aria-label=\"Translated text\" data-ved=\"2ahUKEwie3qrnroGHAxXzJdAFHfQdD7UQ3ewLegQIBxAU\"><span class=\"Y2IQFc\" lang=\"fr\">GANT TRACK II LOUIS GARNEAU\r\n\r\nLe gant id\u00e9al pour le patinage de vitesse sur courte piste.\r\nD\u00c9TAILS\r\nPaume : 100 % cuir pour le confort\r\nExt\u00e9rieur : cuir PU\r\nManchette : manchette r\u00e9glable avec bande auto-agrippante\r\nCaract\u00e9ristiques : Isolation avec mousse de 1,5 mm et doublure en tissu bross\u00e9\r\nTAILLES :\r\n\r\nR\u00c9G. 69,99 $ VENTE 39,99 $\r\nXL (10 - 11)\r\nPOUR LE DIMENSIONNEMENT\r\nCirconf\u00e9rence de la paume : utilisez un ruban \u00e0 mesurer. \r\nMesurez votre main \u00e0 la partie la plus large de votre paume, \u00e0 l'exclusion du pouce. \r\nN'enroulez pas le ruban trop serr\u00e9 autour de votre main.\r\n\r\nEnfin, d\u00e9couvrez tous nos <a href=\"https:\/\/ztsports.com\/product-category\/speed-skating-protection-equipment\/gloves\/\"><strong>gants de courte piste<\/strong><\/a> ici.<\/span><\/pre>\n","protected":false},"excerpt":{"rendered":"<p>GANT TRACK II LOUIS GARNEAU Le gant id\u00e9al pour le patinage de vitesse sur courte piste. D\u00c9TAILS Paume : 100 % cuir pour le confort Ext\u00e9rieur : cuir PU Manchette : manchette r\u00e9glable avec bande auto-agrippante Caract\u00e9ristiques : Isolation avec mousse de 1,5 mm et doublure en tissu bross\u00e9 TAILLES : R\u00c9G. 69,99 $ VENTE [&hellip;]<\/p>\n","protected":false},"featured_media":18590,"comment_status":"open","ping_status":"closed","template":"","meta":{"_acf_changed":false,"_monsterinsights_skip_tracking":false,"_monsterinsights_sitenote_active":false,"_monsterinsights_sitenote_note":"","_monsterinsights_sitenote_category":0,"_uf_show_specific_survey":0,"_uf_disable_surveys":false,"site-sidebar-layout":"default","site-content-layout":"","ast-site-content-layout":"default","site-content-style":"default","site-sidebar-style":"default","ast-global-header-display":"","ast-banner-title-visibility":"","ast-main-header-display":"","ast-hfb-above-header-display":"","ast-hfb-below-header-display":"","ast-hfb-mobile-header-display":"","site-post-title":"","ast-breadcrumbs-content":"","ast-featured-img":"","footer-sml-layout":"","ast-disable-related-posts":"","theme-transparent-header-meta":"default","adv-header-id-meta":"","stick-header-meta":"","header-above-stick-meta":"","header-main-stick-meta":"","header-below-stick-meta":"","astra-migrate-meta-layouts":"set","ast-page-background-enabled":"default","ast-page-background-meta":{"desktop":{"background-color":"","background-image":"","background-repeat":"repeat","background-position":"center center","background-size":"auto","background-attachment":"scroll","background-type":"","background-media":"","overlay-type":"","overlay-color":"","overlay-opacity":"","overlay-gradient":""},"tablet":{"background-color":"","background-image":"","background-repeat":"repeat","background-position":"center center","background-size":"auto","background-attachment":"scroll","background-type":"","background-media":"","overlay-type":"","overlay-color":"","overlay-opacity":"","overlay-gradient":""},"mobile":{"background-color":"","background-image":"","background-repeat":"repeat","background-position":"center center","background-size":"auto","background-attachment":"scroll","background-type":"","background-media":"","overlay-type":"","overlay-color":"","overlay-opacity":"","overlay-gradient":""}},"ast-content-background-meta":{"desktop":{"background-color":"var(--ast-global-color-5)","background-image":"","background-repeat":"repeat","background-position":"center center","background-size":"auto","background-attachment":"scroll","background-type":"","background-media":"","overlay-type":"","overlay-color":"","overlay-opacity":"","overlay-gradient":""},"tablet":{"background-color":"var(--ast-global-color-5)","background-image":"","background-repeat":"repeat","background-position":"center center","background-size":"auto","background-attachment":"scroll","background-type":"","background-media":"","overlay-type":"","overlay-color":"","overlay-opacity":"","overlay-gradient":""},"mobile":{"background-color":"var(--ast-global-color-5)","background-image":"","background-repeat":"repeat","background-position":"center center","background-size":"auto","background-attachment":"scroll","background-type":"","background-media":"","overlay-type":"","overlay-color":"","overlay-opacity":"","overlay-gradient":""}}},"product_brand":[3302],"product_cat":[3483],"product_tag":[3672,3427,3673,3532,3533,1821,3674,1794],"class_list":{"0":"post-19122","1":"product","2":"type-product","3":"status-publish","4":"has-post-thumbnail","6":"product_brand-garneau","7":"product_cat-gants","8":"product_tag-conseils-pour-les-gants-de-patinage","9":"product_tag-equipement-de-patinage-de-vitesse","10":"product_tag-equipement-de-protection","11":"product_tag-gant-de-patinage-anti-coupure","12":"product_tag-gant-de-short-track","13":"product_tag-garneau","14":"product_tag-piste-de-glove-ii","15":"product_tag-speed-skating","16":"desktop-align-left","17":"tablet-align-left","18":"mobile-align-left","20":"first","21":"instock","22":"sale","23":"taxable","24":"shipping-taxable","25":"purchasable","26":"product-type-simple"},"acf":[],"_links":{"self":[{"href":"https:\/\/ztsports.com\/fr\/wp-json\/wp\/v2\/product\/19122","targetHints":{"allow":["GET"]}}],"collection":[{"href":"https:\/\/ztsports.com\/fr\/wp-json\/wp\/v2\/product"}],"about":[{"href":"https:\/\/ztsports.com\/fr\/wp-json\/wp\/v2\/types\/product"}],"replies":[{"embeddable":true,"href":"https:\/\/ztsports.com\/fr\/wp-json\/wp\/v2\/comments?post=19122"}],"version-history":[{"count":1,"href":"https:\/\/ztsports.com\/fr\/wp-json\/wp\/v2\/product\/19122\/revisions"}],"predecessor-version":[{"id":19123,"href":"https:\/\/ztsports.com\/fr\/wp-json\/wp\/v2\/product\/19122\/revisions\/19123"}],"wp:featuredmedia":[{"embeddable":true,"href":"https:\/\/ztsports.com\/fr\/wp-json\/wp\/v2\/media\/18590"}],"wp:attachment":[{"href":"https:\/\/ztsports.com\/fr\/wp-json\/wp\/v2\/media?parent=19122"}],"wp:term":[{"taxonomy":"product_brand","embeddable":true,"href":"https:\/\/ztsports.com\/fr\/wp-json\/wp\/v2\/product_brand?post=19122"},{"taxonomy":"product_cat","embeddable":true,"href":"https:\/\/ztsports.com\/fr\/wp-json\/wp\/v2\/product_cat?post=19122"},{"taxonomy":"product_tag","embeddable":true,"href":"https:\/\/ztsports.com\/fr\/wp-json\/wp\/v2\/product_tag?post=19122"}],"curies":[{"name":"wp","href":"https:\/\/api.w.org\/{rel}","templated":true}]}}