{"id":19114,"date":"2021-09-23T02:37:08","date_gmt":"2021-09-23T02:37:08","guid":{"rendered":"https:\/\/ztsports.com\/?post_type=product&#038;p=19114"},"modified":"2026-02-02T20:21:10","modified_gmt":"2026-02-02T20:21:10","slug":"plyometrie-a-haute-performance","status":"publish","type":"product","link":"https:\/\/ztsports.com\/fr\/store\/plyometrie-a-haute-performance\/","title":{"rendered":"Plyom\u00e9trie \u00e0 haute performance\/Techniques d&#8217;entra\u00eenement de pliom\u00e9trie \u00e0 haute performance"},"content":{"rendered":"<h1><span data-sheets-value=\"{\" data-sheets-userformat=\"{\">Techniques d&#8217;entra\u00eenement de pliom\u00e9trie \u00e0 haute performance<\/span><\/h1>\n<p>Plyom\u00e9trie \u00e0 haute performance\/High Powered Plyometrics est une partie essentielle des programmes de force et de conditionnement pour les athl\u00e8tes de haut niveau dans presque tous les sports. <\/p>\n<p>High-Powered Plyometrics propose l&#8217;\u00e9tude la plus syst\u00e9matique, la plus compl\u00e8te et la plus pratique qui soit sur la pliom\u00e9trie et peut vous permettre d&#8217;obtenir des gains de performance que vous n&#8217;auriez jamais cru possibles gr\u00e2ce \u00e0 77 exercices avanc\u00e9s pour un entra\u00eenement sportif explosif.<\/p>\n<p>Ce livre vous propose un programme complet d&#8217;entra\u00eenement bas\u00e9 sur la pliom\u00e9trie qui fonctionne vraiment. Quel que soit votre sport, le r\u00e9gime d&#8217;entra\u00eenement pratique et efficace pr\u00e9sent\u00e9 vous permettra d&#8217;obtenir les composantes de vitesse et de puissance dont vous avez besoin pour r\u00e9ussir. <\/p>\n<p>Les programmes d&#8217;entra\u00eenement progressifs vous permettent \u00e9galement d&#8217;ajuster le niveau et l&#8217;intensit\u00e9 en fonction de vos besoins.<\/p>\n<p>High-Powered Plyometrics vous emm\u00e8ne pas \u00e0 pas dans un entra\u00eenement pliom\u00e9trique de haut niveau, en commen\u00e7ant par comprendre les principes du fonctionnement de la pliom\u00e9trie. Il d\u00e9taille les techniques d&#8217;entra\u00eenement et l&#8217;\u00e9quipement appropri\u00e9s, la s\u00e9curit\u00e9 et la pr\u00e9vention des blessures, ainsi que des exercices d&#8217;entra\u00eenement cibl\u00e9s pour d\u00e9velopper le bas, le milieu et le haut du corps. <\/p>\n<p>Vous obtiendrez \u00e9galement des conseils avanc\u00e9s qui vous permettront d&#8217;atteindre les stades d&#8217;\u00e9lite de l&#8217;entra\u00eenement gr\u00e2ce \u00e0 des discussions sur la p\u00e9riodisation, la planification \u00e0 long terme et l&#8217;entra\u00eenement par progression. Plus de 350 photos, la plupart pr\u00e9sent\u00e9es de mani\u00e8re s\u00e9quentielle, facilitent la compr\u00e9hension des concepts, des descriptions et des explications.<\/p>\n<h3>Plyom\u00e9trie \u00e0 haute performance<\/h3>\n<p>Ces principes ont \u00e9t\u00e9 appliqu\u00e9s par des centaines d&#8217;athl\u00e8tes d&#8217;\u00e9lite, y compris des joueurs de football et de basket-ball professionnels et intercoll\u00e9giaux, des joueurs de volley-ball et des skieurs de fond de classe mondiale, des cyclistes professionnels et olympiques, des coureurs de marathon et des athl\u00e8tes de tous \u00e2ges. Ils vous donneront la puissance explosive dont vous avez besoin pour concourir \u00e0 un haut niveau dans presque tous les sports. <\/p>\n<p>Si vous voulez aller plus loin que le conditionnement de base, High-Powered Plyometrics vous donne tout ce dont vous avez besoin pour d\u00e9passer la concurrence.<\/p>\n<h5>Enfin, consultez notre biblioth\u00e8que de <a href=\"https:\/\/ztsports.com\/brand\/human-kinetics\/\"><strong>Livres de cin\u00e9tique humaine<\/strong><\/a>.<\/h5>\n","protected":false},"excerpt":{"rendered":"<p>Techniques d&#8217;entra\u00eenement de pliom\u00e9trie \u00e0 haute performance Plyom\u00e9trie \u00e0 haute performance\/High Powered Plyometrics est une partie essentielle des programmes de force et de conditionnement pour les athl\u00e8tes de haut niveau dans presque tous les sports. High-Powered Plyometrics propose l&#8217;\u00e9tude la plus syst\u00e9matique, la plus compl\u00e8te et la plus pratique qui soit sur la pliom\u00e9trie et [&hellip;]<\/p>\n","protected":false},"featured_media":18576,"comment_status":"open","ping_status":"closed","template":"","meta":{"_acf_changed":false,"_monsterinsights_skip_tracking":false,"_monsterinsights_sitenote_active":false,"_monsterinsights_sitenote_note":"","_monsterinsights_sitenote_category":0,"_uf_show_specific_survey":0,"_uf_disable_surveys":false,"site-sidebar-layout":"default","site-content-layout":"","ast-site-content-layout":"default","site-content-style":"default","site-sidebar-style":"default","ast-global-header-display":"","ast-banner-title-visibility":"","ast-main-header-display":"","ast-hfb-above-header-display":"","ast-hfb-below-header-display":"","ast-hfb-mobile-header-display":"","site-post-title":"","ast-breadcrumbs-content":"","ast-featured-img":"","footer-sml-layout":"","ast-disable-related-posts":"","theme-transparent-header-meta":"default","adv-header-id-meta":"","stick-header-meta":"","header-above-stick-meta":"","header-main-stick-meta":"","header-below-stick-meta":"","astra-migrate-meta-layouts":"set","ast-page-background-enabled":"default","ast-page-background-meta":{"desktop":{"background-color":"","background-image":"","background-repeat":"repeat","background-position":"center center","background-size":"auto","background-attachment":"scroll","background-type":"","background-media":"","overlay-type":"","overlay-color":"","overlay-opacity":"","overlay-gradient":""},"tablet":{"background-color":"","background-image":"","background-repeat":"repeat","background-position":"center center","background-size":"auto","background-attachment":"scroll","background-type":"","background-media":"","overlay-type":"","overlay-color":"","overlay-opacity":"","overlay-gradient":""},"mobile":{"background-color":"","background-image":"","background-repeat":"repeat","background-position":"center center","background-size":"auto","background-attachment":"scroll","background-type":"","background-media":"","overlay-type":"","overlay-color":"","overlay-opacity":"","overlay-gradient":""}},"ast-content-background-meta":{"desktop":{"background-color":"var(--ast-global-color-5)","background-image":"","background-repeat":"repeat","background-position":"center center","background-size":"auto","background-attachment":"scroll","background-type":"","background-media":"","overlay-type":"","overlay-color":"","overlay-opacity":"","overlay-gradient":""},"tablet":{"background-color":"var(--ast-global-color-5)","background-image":"","background-repeat":"repeat","background-position":"center center","background-size":"auto","background-attachment":"scroll","background-type":"","background-media":"","overlay-type":"","overlay-color":"","overlay-opacity":"","overlay-gradient":""},"mobile":{"background-color":"var(--ast-global-color-5)","background-image":"","background-repeat":"repeat","background-position":"center center","background-size":"auto","background-attachment":"scroll","background-type":"","background-media":"","overlay-type":"","overlay-color":"","overlay-opacity":"","overlay-gradient":""}}},"product_brand":[3310],"product_cat":[3553,3879,3664],"product_tag":[3667,3668,3576,3669,3670,3671],"class_list":{"0":"post-19114","1":"product","2":"type-product","3":"status-publish","4":"has-post-thumbnail","6":"product_brand-human-kinetics","7":"product_cat-aides-a-lentrainement-et-a-la-formation","8":"product_cat-aides-a-la-formation","9":"product_cat-livres-et-manuels-de-formation","10":"product_tag-cinetique-humaine","11":"product_tag-entrainement-a-la-pliometrie","12":"product_tag-formation-en-milieu-sec","13":"product_tag-livres-de-cinetique-humaine","14":"product_tag-plyometrie-a-haute-performance","15":"product_tag-techniques-de-formation","16":"desktop-align-left","17":"tablet-align-left","18":"mobile-align-left","20":"first","21":"instock","22":"sale","23":"taxable","24":"shipping-taxable","25":"purchasable","26":"product-type-simple"},"acf":[],"_links":{"self":[{"href":"https:\/\/ztsports.com\/fr\/wp-json\/wp\/v2\/product\/19114","targetHints":{"allow":["GET"]}}],"collection":[{"href":"https:\/\/ztsports.com\/fr\/wp-json\/wp\/v2\/product"}],"about":[{"href":"https:\/\/ztsports.com\/fr\/wp-json\/wp\/v2\/types\/product"}],"replies":[{"embeddable":true,"href":"https:\/\/ztsports.com\/fr\/wp-json\/wp\/v2\/comments?post=19114"}],"version-history":[{"count":1,"href":"https:\/\/ztsports.com\/fr\/wp-json\/wp\/v2\/product\/19114\/revisions"}],"predecessor-version":[{"id":19115,"href":"https:\/\/ztsports.com\/fr\/wp-json\/wp\/v2\/product\/19114\/revisions\/19115"}],"wp:featuredmedia":[{"embeddable":true,"href":"https:\/\/ztsports.com\/fr\/wp-json\/wp\/v2\/media\/18576"}],"wp:attachment":[{"href":"https:\/\/ztsports.com\/fr\/wp-json\/wp\/v2\/media?parent=19114"}],"wp:term":[{"taxonomy":"product_brand","embeddable":true,"href":"https:\/\/ztsports.com\/fr\/wp-json\/wp\/v2\/product_brand?post=19114"},{"taxonomy":"product_cat","embeddable":true,"href":"https:\/\/ztsports.com\/fr\/wp-json\/wp\/v2\/product_cat?post=19114"},{"taxonomy":"product_tag","embeddable":true,"href":"https:\/\/ztsports.com\/fr\/wp-json\/wp\/v2\/product_tag?post=19114"}],"curies":[{"name":"wp","href":"https:\/\/api.w.org\/{rel}","templated":true}]}}