{"id":19110,"date":"2021-09-23T02:37:10","date_gmt":"2021-09-23T02:37:10","guid":{"rendered":"https:\/\/ztsports.com\/?post_type=product&#038;p=19110"},"modified":"2026-02-02T20:20:32","modified_gmt":"2026-02-02T20:20:32","slug":"entrainement-avec-des-bandes-de-force","status":"publish","type":"product","link":"https:\/\/ztsports.com\/fr\/store\/entrainement-avec-des-bandes-de-force\/","title":{"rendered":"Entra\u00eenement avec des bandes de force &#8220;De bons conseils pratiques&#8221;"},"content":{"rendered":"<h1><span data-sheets-value=\"{\" data-sheets-userformat=\"{\">Entra\u00eenement avec des bandes de force &#8220;De bons conseils pratiques&#8221;<\/span><\/h1>\n<p>La th\u00e9rapie par r\u00e9sistance \u00e9lastique La th\u00e9rapie par r\u00e9sistance a longtemps \u00e9t\u00e9 un outil pour les th\u00e9rapeutes en r\u00e9\u00e9ducation sans qu&#8217;il y ait une base de connaissances solide pour \u00e9tayer son utilisation. Page et Ellen Becker ont fait un travail remarquable en fournissant non seulement une synth\u00e8se de la recherche dans ce domaine, mais aussi des conseils pratiques. It is a great balance between research synthesis and practical application. I highly recommend this resource if you utilize elastic resistance in your therapy.<\/p>\n<h5>Enfin, consultez notre biblioth\u00e8que de <a href=\"https:\/\/ztsports.com\/brand\/human-kinetics\/\"><strong>Livres de cin\u00e9tique humaine<\/strong><\/a>.<\/h5>\n","protected":false},"excerpt":{"rendered":"<p>Entra\u00eenement avec des bandes de force &#8220;De bons conseils pratiques&#8221; La th\u00e9rapie par r\u00e9sistance \u00e9lastique La th\u00e9rapie par r\u00e9sistance a longtemps \u00e9t\u00e9 un outil pour les th\u00e9rapeutes en r\u00e9\u00e9ducation sans qu&#8217;il y ait une base de connaissances solide pour \u00e9tayer son utilisation. Page et Ellen Becker ont fait un travail remarquable en fournissant non seulement [&hellip;]<\/p>\n","protected":false},"featured_media":18570,"comment_status":"open","ping_status":"closed","template":"","meta":{"_acf_changed":false,"_monsterinsights_skip_tracking":false,"_monsterinsights_sitenote_active":false,"_monsterinsights_sitenote_note":"","_monsterinsights_sitenote_category":0,"_uf_show_specific_survey":0,"_uf_disable_surveys":false,"site-sidebar-layout":"default","site-content-layout":"","ast-site-content-layout":"default","site-content-style":"default","site-sidebar-style":"default","ast-global-header-display":"","ast-banner-title-visibility":"","ast-main-header-display":"","ast-hfb-above-header-display":"","ast-hfb-below-header-display":"","ast-hfb-mobile-header-display":"","site-post-title":"","ast-breadcrumbs-content":"","ast-featured-img":"","footer-sml-layout":"","ast-disable-related-posts":"","theme-transparent-header-meta":"default","adv-header-id-meta":"","stick-header-meta":"","header-above-stick-meta":"","header-main-stick-meta":"","header-below-stick-meta":"","astra-migrate-meta-layouts":"set","ast-page-background-enabled":"default","ast-page-background-meta":{"desktop":{"background-color":"","background-image":"","background-repeat":"repeat","background-position":"center center","background-size":"auto","background-attachment":"scroll","background-type":"","background-media":"","overlay-type":"","overlay-color":"","overlay-opacity":"","overlay-gradient":""},"tablet":{"background-color":"","background-image":"","background-repeat":"repeat","background-position":"center center","background-size":"auto","background-attachment":"scroll","background-type":"","background-media":"","overlay-type":"","overlay-color":"","overlay-opacity":"","overlay-gradient":""},"mobile":{"background-color":"","background-image":"","background-repeat":"repeat","background-position":"center center","background-size":"auto","background-attachment":"scroll","background-type":"","background-media":"","overlay-type":"","overlay-color":"","overlay-opacity":"","overlay-gradient":""}},"ast-content-background-meta":{"desktop":{"background-color":"var(--ast-global-color-5)","background-image":"","background-repeat":"repeat","background-position":"center center","background-size":"auto","background-attachment":"scroll","background-type":"","background-media":"","overlay-type":"","overlay-color":"","overlay-opacity":"","overlay-gradient":""},"tablet":{"background-color":"var(--ast-global-color-5)","background-image":"","background-repeat":"repeat","background-position":"center center","background-size":"auto","background-attachment":"scroll","background-type":"","background-media":"","overlay-type":"","overlay-color":"","overlay-opacity":"","overlay-gradient":""},"mobile":{"background-color":"var(--ast-global-color-5)","background-image":"","background-repeat":"repeat","background-position":"center center","background-size":"auto","background-attachment":"scroll","background-type":"","background-media":"","overlay-type":"","overlay-color":"","overlay-opacity":"","overlay-gradient":""}}},"product_brand":[3310],"product_cat":[3553,3879,3664],"product_tag":[3665,3666],"class_list":{"0":"post-19110","1":"product","2":"type-product","3":"status-publish","4":"has-post-thumbnail","6":"product_brand-human-kinetics","7":"product_cat-aides-a-lentrainement-et-a-la-formation","8":"product_cat-aides-a-la-formation","9":"product_cat-livres-et-manuels-de-formation","10":"product_tag-de-force","11":"product_tag-entrainement-avec-des-bandes","12":"desktop-align-left","13":"tablet-align-left","14":"mobile-align-left","16":"first","17":"instock","18":"sale","19":"taxable","20":"shipping-taxable","21":"purchasable","22":"product-type-simple"},"acf":[],"_links":{"self":[{"href":"https:\/\/ztsports.com\/fr\/wp-json\/wp\/v2\/product\/19110","targetHints":{"allow":["GET"]}}],"collection":[{"href":"https:\/\/ztsports.com\/fr\/wp-json\/wp\/v2\/product"}],"about":[{"href":"https:\/\/ztsports.com\/fr\/wp-json\/wp\/v2\/types\/product"}],"replies":[{"embeddable":true,"href":"https:\/\/ztsports.com\/fr\/wp-json\/wp\/v2\/comments?post=19110"}],"version-history":[{"count":1,"href":"https:\/\/ztsports.com\/fr\/wp-json\/wp\/v2\/product\/19110\/revisions"}],"predecessor-version":[{"id":19111,"href":"https:\/\/ztsports.com\/fr\/wp-json\/wp\/v2\/product\/19110\/revisions\/19111"}],"wp:featuredmedia":[{"embeddable":true,"href":"https:\/\/ztsports.com\/fr\/wp-json\/wp\/v2\/media\/18570"}],"wp:attachment":[{"href":"https:\/\/ztsports.com\/fr\/wp-json\/wp\/v2\/media?parent=19110"}],"wp:term":[{"taxonomy":"product_brand","embeddable":true,"href":"https:\/\/ztsports.com\/fr\/wp-json\/wp\/v2\/product_brand?post=19110"},{"taxonomy":"product_cat","embeddable":true,"href":"https:\/\/ztsports.com\/fr\/wp-json\/wp\/v2\/product_cat?post=19110"},{"taxonomy":"product_tag","embeddable":true,"href":"https:\/\/ztsports.com\/fr\/wp-json\/wp\/v2\/product_tag?post=19110"}],"curies":[{"name":"wp","href":"https:\/\/api.w.org\/{rel}","templated":true}]}}