{"id":19108,"date":"2021-09-23T02:38:18","date_gmt":"2021-09-23T02:38:18","guid":{"rendered":"https:\/\/ztsports.com\/?post_type=product&#038;p=19108"},"modified":"2026-03-13T09:39:46","modified_gmt":"2026-03-13T09:39:46","slug":"vegetarien-sports-nutrition","status":"publish","type":"product","link":"https:\/\/ztsports.com\/fr\/store\/vegetarien-sports-nutrition\/","title":{"rendered":"Nutrition sportive v\u00e9g\u00e9tarienne Vegetarian Advantage"},"content":{"rendered":"<h2><span data-sheets-value=\"{\" data-sheets-userformat=\"{\">Nutrition sportive v\u00e9g\u00e9tarienne : l&#8217;avantage v\u00e9g\u00e9tarien<\/span><\/h2>\n<p>Nutrition sportive v\u00e9g\u00e9tarienne, gagnez l&#8217;avantage v\u00e9g\u00e9tarien ! Les plans de repas v\u00e9g\u00e9tariens ont \u00e9t\u00e9 utilis\u00e9s avec succ\u00e8s dans tous les domaines, du bodybuilding aux sports d&#8217;endurance. Chaque jour, de plus en plus d&#8217;athl\u00e8tes &#8211; m\u00eame ceux qui ne sont pas v\u00e9g\u00e9tariens \u00e0 plein temps &#8211; int\u00e8grent un r\u00e9gime \u00e0 base de plantes lorsqu&#8217;ils s&#8217;entra\u00eenent ou se remettent d&#8217;une comp\u00e9tition.<\/p>\n<p>S&#8217;appuyant sur des recherches r\u00e9centes fond\u00e9es sur des preuves, Vegetarian Sports Nutrition d\u00e9taille les avantages pour la performance et la sant\u00e9, y compris une meilleure r\u00e9cup\u00e9ration musculaire et une sant\u00e9 osseuse optimale. Gr\u00e2ce \u00e0 des plans de repas et des strat\u00e9gies d&#8217;entra\u00eenement sur mesure, vous apprendrez \u00e0 prendre des d\u00e9cisions nutritionnelles intelligentes et \u00e0 alimenter correctement votre corps tout au long de votre r\u00e9gime d&#8217;entra\u00eenement.<\/p>\n<p>Cette ressource compl\u00e8te simplifie le processus de d\u00e9termination des besoins en \u00e9nergie, en prot\u00e9ines, en vitamines et en min\u00e9raux, ainsi que le contr\u00f4le de l&#8217;apport en glucides et en lipides. Vous apprendrez comment optimiser un r\u00e9gime v\u00e9g\u00e9tarien pour obtenir des performances optimales dans tous les sports.<\/p>\n<p>Que vous soyez un v\u00e9g\u00e9tarien convaincu cherchant \u00e0 varier son alimentation ou un athl\u00e8te \u00e0 la recherche d&#8217;un avantage comp\u00e9titif, Vegetarian Sports Nutrition vous aidera \u00e0 am\u00e9liorer votre sant\u00e9 et vos performances !<\/p>\n<p>Enfin, consultez notre biblioth\u00e8que de <a href=\"https:\/\/ztsports.com\/brand\/human-kinetics\/\"><strong>Livres de cin\u00e9tique humaine<\/strong><\/a>.<\/p>\n","protected":false},"excerpt":{"rendered":"<p>Nutrition sportive v\u00e9g\u00e9tarienne : l&#8217;avantage v\u00e9g\u00e9tarien Nutrition sportive v\u00e9g\u00e9tarienne, gagnez l&#8217;avantage v\u00e9g\u00e9tarien ! Les plans de repas v\u00e9g\u00e9tariens ont \u00e9t\u00e9 utilis\u00e9s avec succ\u00e8s dans tous les domaines, du bodybuilding aux sports d&#8217;endurance. Chaque jour, de plus en plus d&#8217;athl\u00e8tes &#8211; m\u00eame ceux qui ne sont pas v\u00e9g\u00e9tariens \u00e0 plein temps &#8211; int\u00e8grent un r\u00e9gime \u00e0 [&hellip;]<\/p>\n","protected":false},"featured_media":18567,"comment_status":"open","ping_status":"closed","template":"","meta":{"_acf_changed":false,"_monsterinsights_skip_tracking":false,"_monsterinsights_sitenote_active":false,"_monsterinsights_sitenote_note":"","_monsterinsights_sitenote_category":0,"_uf_show_specific_survey":0,"_uf_disable_surveys":false,"site-sidebar-layout":"default","site-content-layout":"","ast-site-content-layout":"default","site-content-style":"default","site-sidebar-style":"default","ast-global-header-display":"","ast-banner-title-visibility":"","ast-main-header-display":"","ast-hfb-above-header-display":"","ast-hfb-below-header-display":"","ast-hfb-mobile-header-display":"","site-post-title":"","ast-breadcrumbs-content":"","ast-featured-img":"","footer-sml-layout":"","ast-disable-related-posts":"","theme-transparent-header-meta":"default","adv-header-id-meta":"","stick-header-meta":"","header-above-stick-meta":"","header-main-stick-meta":"","header-below-stick-meta":"","astra-migrate-meta-layouts":"set","ast-page-background-enabled":"default","ast-page-background-meta":{"desktop":{"background-color":"","background-image":"","background-repeat":"repeat","background-position":"center center","background-size":"auto","background-attachment":"scroll","background-type":"","background-media":"","overlay-type":"","overlay-color":"","overlay-opacity":"","overlay-gradient":""},"tablet":{"background-color":"","background-image":"","background-repeat":"repeat","background-position":"center center","background-size":"auto","background-attachment":"scroll","background-type":"","background-media":"","overlay-type":"","overlay-color":"","overlay-opacity":"","overlay-gradient":""},"mobile":{"background-color":"","background-image":"","background-repeat":"repeat","background-position":"center center","background-size":"auto","background-attachment":"scroll","background-type":"","background-media":"","overlay-type":"","overlay-color":"","overlay-opacity":"","overlay-gradient":""}},"ast-content-background-meta":{"desktop":{"background-color":"var(--ast-global-color-5)","background-image":"","background-repeat":"repeat","background-position":"center center","background-size":"auto","background-attachment":"scroll","background-type":"","background-media":"","overlay-type":"","overlay-color":"","overlay-opacity":"","overlay-gradient":""},"tablet":{"background-color":"var(--ast-global-color-5)","background-image":"","background-repeat":"repeat","background-position":"center center","background-size":"auto","background-attachment":"scroll","background-type":"","background-media":"","overlay-type":"","overlay-color":"","overlay-opacity":"","overlay-gradient":""},"mobile":{"background-color":"var(--ast-global-color-5)","background-image":"","background-repeat":"repeat","background-position":"center center","background-size":"auto","background-attachment":"scroll","background-type":"","background-media":"","overlay-type":"","overlay-color":"","overlay-opacity":"","overlay-gradient":""}}},"product_brand":[3310],"product_cat":[3380,3379],"product_tag":[],"class_list":{"0":"post-19108","1":"product","2":"type-product","3":"status-publish","4":"has-post-thumbnail","6":"product_brand-human-kinetics","7":"product_cat-aides-a-lentrainement","8":"product_cat-aides-au-coaching-et-a-lentrainement","9":"desktop-align-left","10":"tablet-align-left","11":"mobile-align-left","13":"first","14":"instock","15":"sale","16":"taxable","17":"shipping-taxable","18":"purchasable","19":"product-type-simple"},"acf":[],"_links":{"self":[{"href":"https:\/\/ztsports.com\/fr\/wp-json\/wp\/v2\/product\/19108","targetHints":{"allow":["GET"]}}],"collection":[{"href":"https:\/\/ztsports.com\/fr\/wp-json\/wp\/v2\/product"}],"about":[{"href":"https:\/\/ztsports.com\/fr\/wp-json\/wp\/v2\/types\/product"}],"replies":[{"embeddable":true,"href":"https:\/\/ztsports.com\/fr\/wp-json\/wp\/v2\/comments?post=19108"}],"version-history":[{"count":2,"href":"https:\/\/ztsports.com\/fr\/wp-json\/wp\/v2\/product\/19108\/revisions"}],"predecessor-version":[{"id":21006,"href":"https:\/\/ztsports.com\/fr\/wp-json\/wp\/v2\/product\/19108\/revisions\/21006"}],"wp:featuredmedia":[{"embeddable":true,"href":"https:\/\/ztsports.com\/fr\/wp-json\/wp\/v2\/media\/18567"}],"wp:attachment":[{"href":"https:\/\/ztsports.com\/fr\/wp-json\/wp\/v2\/media?parent=19108"}],"wp:term":[{"taxonomy":"product_brand","embeddable":true,"href":"https:\/\/ztsports.com\/fr\/wp-json\/wp\/v2\/product_brand?post=19108"},{"taxonomy":"product_cat","embeddable":true,"href":"https:\/\/ztsports.com\/fr\/wp-json\/wp\/v2\/product_cat?post=19108"},{"taxonomy":"product_tag","embeddable":true,"href":"https:\/\/ztsports.com\/fr\/wp-json\/wp\/v2\/product_tag?post=19108"}],"curies":[{"name":"wp","href":"https:\/\/api.w.org\/{rel}","templated":true}]}}