{"id":19104,"date":"2021-09-23T02:38:19","date_gmt":"2021-09-23T02:38:19","guid":{"rendered":"https:\/\/ztsports.com\/?post_type=product&#038;p=19104"},"modified":"2026-02-02T20:18:47","modified_gmt":"2026-02-02T20:18:47","slug":"short-track-speed-skating-in-french","status":"publish","type":"product","link":"https:\/\/ztsports.com\/fr\/store\/short-track-speed-skating-in-french\/","title":{"rendered":"Patinage de vitesse sur piste courte en fran\u00e7ais"},"content":{"rendered":"<h1 dir=\"ltr\" data-placeholder=\"Translation\"><strong>Patinage de vitesse sur piste courte en fran\u00e7ais<\/strong><\/h1>\n<p><strong>Patinage de vitesse sur <\/strong>piste courte pour am\u00e9liorer votre technique de patinage de vitesse sur piste courte ? Ne cherchez pas plus loin que le Short Track Speed Skating Technique Book. Ce guide complet est rempli de conseils et de techniques d&#8217;experts pour vous aider \u00e0 passer au niveau sup\u00e9rieur. Alors, ne r\u00e9fl\u00e9chissez pas deux fois, <strong> Short Track Speed Skating (French) est le livre qu&#8217;il vous faut<\/strong>.<\/p>\n<p><strong>Features<\/strong><\/p>\n<ul>\n<li>R\u00e9dig\u00e9 par une \u00e9quipe de patineurs de vitesse sur piste courte et d&#8217;entra\u00eeneurs exp\u00e9riment\u00e9s<\/li>\n<li>Instructions d\u00e9taill\u00e9es et illustrations pour chaque technique<\/li>\n<li>Comprend des programmes de formation et des exercices<\/li>\n<li>Couvre tous les aspects du patinage de vitesse sur piste courte<\/li>\n<\/ul>\n<p>Le Short Track Speed Skating Technique Book est r\u00e9dig\u00e9 par une \u00e9quipe de patineurs de vitesse sur piste courte et d&#8217;entra\u00eeneurs exp\u00e9riment\u00e9s ayant des ann\u00e9es d&#8217;exp\u00e9rience dans ce sport. Ils fournissent des instructions d\u00e9taill\u00e9es et des illustrations pour chaque technique, ce qui permet aux patineurs de tous niveaux de les comprendre et de les mettre en \u0153uvre.<\/p>\n<p>Le livre couvre tous les aspects du patinage de vitesse sur piste courte, y compris les d\u00e9parts, les virages et les arriv\u00e9es, ainsi que les techniques avanc\u00e9es telles que le patinage de puissance et les tactiques de course. Il comprend \u00e9galement des programmes d&#8217;entra\u00eenement et des exercices qui peuvent \u00eatre utilis\u00e9s pour am\u00e9liorer votre technique et faire passer votre patinage au niveau sup\u00e9rieur.<\/p>\n<p>Le livre comprend \u00e9galement des chapitres sur l&#8217;\u00e9quipement, la nutrition et la pr\u00e9vention des blessures, qui vous aideront \u00e0 comprendre comment prendre soin de vous et de votre \u00e9quipement pendant l&#8217;entra\u00eenement et la comp\u00e9tition.<\/p>\n<p><strong>Pourquoi acheter ce livre ?<\/strong><\/p>\n<ul>\n<li>R\u00e9dig\u00e9 par des patineurs de vitesse sur piste courte et des entra\u00eeneurs exp\u00e9riment\u00e9s, il fournit des informations et des conseils pr\u00e9cieux acquis gr\u00e2ce \u00e0 des ann\u00e9es d&#8217;exp\u00e9rience et de d\u00e9vouement \u00e0 ce sport.<\/li>\n<li>Des instructions d\u00e9taill\u00e9es et des illustrations facilitent la compr\u00e9hension et la mise en \u0153uvre des techniques pr\u00e9sent\u00e9es dans le livre.<\/li>\n<li>Comprend des programmes d&#8217;entra\u00eenement et des exercices qui peuvent \u00eatre utilis\u00e9s pour am\u00e9liorer votre technique et faire passer votre patinage au niveau sup\u00e9rieur.<\/li>\n<li>Couvre tous les aspects du patinage de vitesse sur piste courte, y compris les d\u00e9parts, les virages et les arriv\u00e9es, ainsi que les techniques avanc\u00e9es telles que le patinage de puissance et les tactiques de course.<\/li>\n<li>Comprend des informations sur l&#8217;\u00e9quipement, la nutrition et la pr\u00e9vention des blessures, vous aidant \u00e0 comprendre comment prendre soin de vous et de votre \u00e9quipement pendant l&#8217;entra\u00eenement et la comp\u00e9tition.<\/li>\n<li>Un investissement non seulement dans votre technique de patinage de vitesse sur piste courte, mais aussi dans votre compr\u00e9hension globale du sport.<\/li>\n<li>Un outil essentiel pour tout patineur cherchant \u00e0 am\u00e9liorer ses performances.<\/li>\n<\/ul>\n<p><strong>Commander ce livre aujourd&#8217;hui<\/strong><\/p>\n<p>N&#8217;attendez pas ; faites le premier pas vers l&#8217;am\u00e9lioration de votre technique de patinage de vitesse sur piste courte d\u00e8s aujourd&#8217;hui en commandant le livre de technique de patinage de vitesse sur piste courte. Que vous soyez un d\u00e9butant ou un patineur chevronn\u00e9, ce guide complet regorge de conseils et de techniques d&#8217;experts qui vous aideront \u00e0 passer au niveau sup\u00e9rieur.<\/p>\n<p>Avec des instructions et des illustrations d\u00e9taill\u00e9es, des programmes d&#8217;entra\u00eenement et des exercices, ainsi que des informations sur l&#8217;\u00e9quipement, la nutrition et la pr\u00e9vention des blessures, ce livre est un outil essentiel pour tout patineur cherchant \u00e0 am\u00e9liorer ses performances et \u00e0 passer au niveau sup\u00e9rieur. Commandez votre exemplaire aujourd&#8217;hui et commencez votre voyage pour devenir un meilleur patineur !<\/p>\n<p>Enfin, consultez notre biblioth\u00e8que de <a href=\"https:\/\/ztsports.com\/brand\/human-kinetics\/\"><strong>Livres de cin\u00e9tique humaine<\/strong><\/a>.<\/p>\n","protected":false},"excerpt":{"rendered":"<p>Patinage de vitesse sur piste courte en fran\u00e7ais Patinage de vitesse sur piste courte pour am\u00e9liorer votre technique de patinage de vitesse sur piste courte ? Ne cherchez pas plus loin que le Short Track Speed Skating Technique Book. Ce guide complet est rempli de conseils et de techniques d&#8217;experts pour vous aider \u00e0 passer [&hellip;]<\/p>\n","protected":false},"featured_media":18559,"comment_status":"open","ping_status":"closed","template":"","meta":{"_acf_changed":false,"_monsterinsights_skip_tracking":false,"_monsterinsights_sitenote_active":false,"_monsterinsights_sitenote_note":"","_monsterinsights_sitenote_category":0,"_uf_show_specific_survey":0,"_uf_disable_surveys":false,"site-sidebar-layout":"default","site-content-layout":"","ast-site-content-layout":"default","site-content-style":"default","site-sidebar-style":"default","ast-global-header-display":"","ast-banner-title-visibility":"","ast-main-header-display":"","ast-hfb-above-header-display":"","ast-hfb-below-header-display":"","ast-hfb-mobile-header-display":"","site-post-title":"","ast-breadcrumbs-content":"","ast-featured-img":"","footer-sml-layout":"","ast-disable-related-posts":"","theme-transparent-header-meta":"default","adv-header-id-meta":"","stick-header-meta":"","header-above-stick-meta":"","header-main-stick-meta":"","header-below-stick-meta":"","astra-migrate-meta-layouts":"set","ast-page-background-enabled":"default","ast-page-background-meta":{"desktop":{"background-color":"","background-image":"","background-repeat":"repeat","background-position":"center center","background-size":"auto","background-attachment":"scroll","background-type":"","background-media":"","overlay-type":"","overlay-color":"","overlay-opacity":"","overlay-gradient":""},"tablet":{"background-color":"","background-image":"","background-repeat":"repeat","background-position":"center center","background-size":"auto","background-attachment":"scroll","background-type":"","background-media":"","overlay-type":"","overlay-color":"","overlay-opacity":"","overlay-gradient":""},"mobile":{"background-color":"","background-image":"","background-repeat":"repeat","background-position":"center center","background-size":"auto","background-attachment":"scroll","background-type":"","background-media":"","overlay-type":"","overlay-color":"","overlay-opacity":"","overlay-gradient":""}},"ast-content-background-meta":{"desktop":{"background-color":"var(--ast-global-color-5)","background-image":"","background-repeat":"repeat","background-position":"center center","background-size":"auto","background-attachment":"scroll","background-type":"","background-media":"","overlay-type":"","overlay-color":"","overlay-opacity":"","overlay-gradient":""},"tablet":{"background-color":"var(--ast-global-color-5)","background-image":"","background-repeat":"repeat","background-position":"center center","background-size":"auto","background-attachment":"scroll","background-type":"","background-media":"","overlay-type":"","overlay-color":"","overlay-opacity":"","overlay-gradient":""},"mobile":{"background-color":"var(--ast-global-color-5)","background-image":"","background-repeat":"repeat","background-position":"center center","background-size":"auto","background-attachment":"scroll","background-type":"","background-media":"","overlay-type":"","overlay-color":"","overlay-opacity":"","overlay-gradient":""}}},"product_brand":[3310],"product_cat":[3553,3879,3489],"product_tag":[],"class_list":{"0":"post-19104","1":"product","2":"type-product","3":"status-publish","4":"has-post-thumbnail","6":"product_brand-human-kinetics","7":"product_cat-aides-a-lentrainement-et-a-la-formation","8":"product_cat-aides-a-la-formation","9":"product_cat-offres-de-club","10":"desktop-align-left","11":"tablet-align-left","12":"mobile-align-left","14":"first","15":"instock","16":"sale","17":"taxable","18":"shipping-taxable","19":"purchasable","20":"product-type-simple"},"acf":[],"_links":{"self":[{"href":"https:\/\/ztsports.com\/fr\/wp-json\/wp\/v2\/product\/19104","targetHints":{"allow":["GET"]}}],"collection":[{"href":"https:\/\/ztsports.com\/fr\/wp-json\/wp\/v2\/product"}],"about":[{"href":"https:\/\/ztsports.com\/fr\/wp-json\/wp\/v2\/types\/product"}],"replies":[{"embeddable":true,"href":"https:\/\/ztsports.com\/fr\/wp-json\/wp\/v2\/comments?post=19104"}],"version-history":[{"count":1,"href":"https:\/\/ztsports.com\/fr\/wp-json\/wp\/v2\/product\/19104\/revisions"}],"predecessor-version":[{"id":19105,"href":"https:\/\/ztsports.com\/fr\/wp-json\/wp\/v2\/product\/19104\/revisions\/19105"}],"wp:featuredmedia":[{"embeddable":true,"href":"https:\/\/ztsports.com\/fr\/wp-json\/wp\/v2\/media\/18559"}],"wp:attachment":[{"href":"https:\/\/ztsports.com\/fr\/wp-json\/wp\/v2\/media?parent=19104"}],"wp:term":[{"taxonomy":"product_brand","embeddable":true,"href":"https:\/\/ztsports.com\/fr\/wp-json\/wp\/v2\/product_brand?post=19104"},{"taxonomy":"product_cat","embeddable":true,"href":"https:\/\/ztsports.com\/fr\/wp-json\/wp\/v2\/product_cat?post=19104"},{"taxonomy":"product_tag","embeddable":true,"href":"https:\/\/ztsports.com\/fr\/wp-json\/wp\/v2\/product_tag?post=19104"}],"curies":[{"name":"wp","href":"https:\/\/api.w.org\/{rel}","templated":true}]}}