{"id":19102,"date":"2021-09-23T02:39:28","date_gmt":"2021-09-23T02:39:28","guid":{"rendered":"https:\/\/ztsports.com\/?post_type=product&#038;p=19102"},"modified":"2026-02-02T20:17:27","modified_gmt":"2026-02-02T20:17:27","slug":"manuel-du-formateur-personnel","status":"publish","type":"product","link":"https:\/\/ztsports.com\/fr\/store\/manuel-du-formateur-personnel\/","title":{"rendered":"Manuel du formateur personnel &#8211; 2\u00e8me \u00e9dition"},"content":{"rendered":"<h1><span data-sheets-value=\"{\"1\":2,\"2\":\"Personal Trainer's Handbook-2nd Edition\n\nStarting your own personal training business or wanting to improve your existing practice? With the updated and expanded second edition of the popular The Personal Trainer's Handbook, you'll have all the advice and tools you'll need to succeed.\n\nLike the popular first edition, this easy-to-use reference is written in everyday language and covers everything from designing safe and effective fitness programs to handling even the most difficult clients. You will learn how to achieve personal and financial success as a personal trainer, how to attract and keep clientele, and how to manage taxes and other business issues that are crucial to a personal training business.\n\nWith the new edition, you'll also get a succinct but comprehensive review of exercise physiology that's directly applicable to your business. This text includes a valuable new CD-ROM with the following features: \n\n\u00b710 reproducible forms you can use and modify to manage the commercial, practical, and legal requirements of your business \n\u00b7Forms for data collection and record keeping \n\u00b7Charts and tables for writing the most beneficial exercise program for each client\n\u00b7Handouts you can print and give to clients to reinforce your training\n\nThe Personal Trainer's Handbook, Second Edition, also features an improved resistance workout guide. The guide contains\n\u00b7instructions and illustrations for 74 exercises and 17 stretches,\n\u00b7important reminders to give your clients to ensure ongoing correct form, and \n\u00b7tips on how to handle or avoid common problems that you or your clients may experience with each exercise.\n\nIn addition, the resistance workout guide now contains a handy box on the outer edge of each page that has listings of the primary and secondary muscles and the area of the body worked by each exercise. This will help you quickly locate appropriate exercises for each client.\n\nThe author, Teri O'Brien, is a well-known consultant on starting and growing personal training businesses and a former lawyer and personal trainer. She uses a clear, friendly, and entertaining writing style to share a wealth of practical guidance. With The Personal Trainer's Handbook, Second Edition, you will become a more effective self-marketer, businessperson, motivator, and teacher for your clients\n\nREG 59.95$ SALE 41.95$ \n\"}\" data-sheets-userformat=\"{\"2\":513,\"3\":{\"1\":0},\"12\":0}\">Manuel de l&#8217;entra\u00eeneur personnel &#8211; 2e \u00e9dition<\/span><\/h1>\n<p> Manuel du formateur personnel Vous souhaitez cr\u00e9er votre propre entreprise de formation personnelle ou am\u00e9liorer votre pratique actuelle ? With the updated and expanded second edition of the popular The Personal Trainer&#8217;s Handbook, you&#8217;ll have all the advice and tools you&#8217;ll need to succeed. Like the popular first edition, this easy-to-use reference is written in everyday language and covers everything from designing safe and effective fitness programs to handling even the most difficult clients. You will learn how to achieve personal and financial success as a personal trainer, how to attract and keep clientele, and how to manage taxes and other business issues that are crucial to a personal training business. With the new edition, you&#8217;ll also get a succinct but comprehensive review of exercise physiology that&#8217;s directly applicable to your business. Ce texte comprend un nouveau CD-ROM de grande valeur avec les caract\u00e9ristiques suivantes : -10 formulaires reproductibles que vous pouvez utiliser et modifier pour g\u00e9rer les exigences commerciales, pratiques et juridiques de votre entreprise -Formulaires pour la collecte de donn\u00e9es et la tenue de registres -Chartes et tableaux pour r\u00e9diger le programme d&#8217;exercices le plus b\u00e9n\u00e9fique pour chaque client -Tableaux que vous pouvez imprimer et remettre aux clients pour renforcer votre formation Le manuel de l&#8217;entra\u00eeneur personnel, deuxi\u00e8me \u00e9dition, comprend \u00e9galement un guide am\u00e9lior\u00e9 d&#8217;entra\u00eenement \u00e0 la r\u00e9sistance. Le guide contient -des instructions et des illustrations pour 74 exercices et 17 \u00e9tirements, -des rappels importants \u00e0 donner \u00e0 vos clients pour assurer une forme correcte permanente, et -des conseils sur la fa\u00e7on de g\u00e9rer ou d&#8217;\u00e9viter les probl\u00e8mes courants que vous ou vos clients pouvez rencontrer avec chaque exercice. In addition, the resistance workout guide now contains a handy box on the outer edge of each page that has listings of the primary and secondary muscles and the area of the body worked by each exercise. This will help you quickly locate appropriate exercises for each client. The author, Teri O&#8217;Brien, is a well-known consultant on starting and growing personal training businesses and a former lawyer and personal trainer. She uses a clear, friendly, and entertaining writing style to share a wealth of practical guidance. Avec The Personal Trainer&#8217;s Handbook, Second Edition, vous deviendrez un sp\u00e9cialiste du marketing personnel, un homme d&#8217;affaires, un motivateur et un enseignant plus efficace pour vos clients Enfin, consultez notre biblioth\u00e8que de livres sur la g\u00e9n\u00e9tique humaine. <a href=\"https:\/\/ztsports.com\/brand\/human-kinetics\/\"><strong>livres de cin\u00e9tique humaine<\/strong><\/a>.<\/p>\n","protected":false},"excerpt":{"rendered":"","protected":false},"featured_media":18556,"comment_status":"open","ping_status":"closed","template":"","meta":{"_acf_changed":false,"_monsterinsights_skip_tracking":false,"_monsterinsights_sitenote_active":false,"_monsterinsights_sitenote_note":"","_monsterinsights_sitenote_category":0,"_uf_show_specific_survey":0,"_uf_disable_surveys":false,"site-sidebar-layout":"default","site-content-layout":"","ast-site-content-layout":"default","site-content-style":"default","site-sidebar-style":"default","ast-global-header-display":"","ast-banner-title-visibility":"","ast-main-header-display":"","ast-hfb-above-header-display":"","ast-hfb-below-header-display":"","ast-hfb-mobile-header-display":"","site-post-title":"","ast-breadcrumbs-content":"","ast-featured-img":"","footer-sml-layout":"","ast-disable-related-posts":"","theme-transparent-header-meta":"default","adv-header-id-meta":"","stick-header-meta":"","header-above-stick-meta":"","header-main-stick-meta":"","header-below-stick-meta":"","astra-migrate-meta-layouts":"set","ast-page-background-enabled":"default","ast-page-background-meta":{"desktop":{"background-color":"","background-image":"","background-repeat":"repeat","background-position":"center center","background-size":"auto","background-attachment":"scroll","background-type":"","background-media":"","overlay-type":"","overlay-color":"","overlay-opacity":"","overlay-gradient":""},"tablet":{"background-color":"","background-image":"","background-repeat":"repeat","background-position":"center center","background-size":"auto","background-attachment":"scroll","background-type":"","background-media":"","overlay-type":"","overlay-color":"","overlay-opacity":"","overlay-gradient":""},"mobile":{"background-color":"","background-image":"","background-repeat":"repeat","background-position":"center center","background-size":"auto","background-attachment":"scroll","background-type":"","background-media":"","overlay-type":"","overlay-color":"","overlay-opacity":"","overlay-gradient":""}},"ast-content-background-meta":{"desktop":{"background-color":"var(--ast-global-color-5)","background-image":"","background-repeat":"repeat","background-position":"center center","background-size":"auto","background-attachment":"scroll","background-type":"","background-media":"","overlay-type":"","overlay-color":"","overlay-opacity":"","overlay-gradient":""},"tablet":{"background-color":"var(--ast-global-color-5)","background-image":"","background-repeat":"repeat","background-position":"center center","background-size":"auto","background-attachment":"scroll","background-type":"","background-media":"","overlay-type":"","overlay-color":"","overlay-opacity":"","overlay-gradient":""},"mobile":{"background-color":"var(--ast-global-color-5)","background-image":"","background-repeat":"repeat","background-position":"center center","background-size":"auto","background-attachment":"scroll","background-type":"","background-media":"","overlay-type":"","overlay-color":"","overlay-opacity":"","overlay-gradient":""}}},"product_brand":[3310],"product_cat":[3553,3879],"product_tag":[],"class_list":{"0":"post-19102","1":"product","2":"type-product","3":"status-publish","4":"has-post-thumbnail","6":"product_brand-human-kinetics","7":"product_cat-aides-a-lentrainement-et-a-la-formation","8":"product_cat-aides-a-la-formation","9":"desktop-align-left","10":"tablet-align-left","11":"mobile-align-left","13":"first","14":"instock","15":"sale","16":"taxable","17":"shipping-taxable","18":"purchasable","19":"product-type-simple"},"acf":[],"_links":{"self":[{"href":"https:\/\/ztsports.com\/fr\/wp-json\/wp\/v2\/product\/19102","targetHints":{"allow":["GET"]}}],"collection":[{"href":"https:\/\/ztsports.com\/fr\/wp-json\/wp\/v2\/product"}],"about":[{"href":"https:\/\/ztsports.com\/fr\/wp-json\/wp\/v2\/types\/product"}],"replies":[{"embeddable":true,"href":"https:\/\/ztsports.com\/fr\/wp-json\/wp\/v2\/comments?post=19102"}],"version-history":[{"count":1,"href":"https:\/\/ztsports.com\/fr\/wp-json\/wp\/v2\/product\/19102\/revisions"}],"predecessor-version":[{"id":19103,"href":"https:\/\/ztsports.com\/fr\/wp-json\/wp\/v2\/product\/19102\/revisions\/19103"}],"wp:featuredmedia":[{"embeddable":true,"href":"https:\/\/ztsports.com\/fr\/wp-json\/wp\/v2\/media\/18556"}],"wp:attachment":[{"href":"https:\/\/ztsports.com\/fr\/wp-json\/wp\/v2\/media?parent=19102"}],"wp:term":[{"taxonomy":"product_brand","embeddable":true,"href":"https:\/\/ztsports.com\/fr\/wp-json\/wp\/v2\/product_brand?post=19102"},{"taxonomy":"product_cat","embeddable":true,"href":"https:\/\/ztsports.com\/fr\/wp-json\/wp\/v2\/product_cat?post=19102"},{"taxonomy":"product_tag","embeddable":true,"href":"https:\/\/ztsports.com\/fr\/wp-json\/wp\/v2\/product_tag?post=19102"}],"curies":[{"name":"wp","href":"https:\/\/api.w.org\/{rel}","templated":true}]}}