{"id":19100,"date":"2021-09-23T02:39:28","date_gmt":"2021-09-23T02:39:28","guid":{"rendered":"https:\/\/ztsports.com\/?post_type=product&#038;p=19100"},"modified":"2026-02-02T20:17:12","modified_gmt":"2026-02-02T20:17:12","slug":"nancy-clarks-sports-nutrition-guidebook","status":"publish","type":"product","link":"https:\/\/ztsports.com\/fr\/store\/nancy-clarks-sports-nutrition-guidebook\/","title":{"rendered":"Nancy Clark&#8217;s Sports Nutrition Guidebook Guide de la nutrition sportive Par Nancy Clark"},"content":{"rendered":"<h1><span data-sheets-value=\"{\" data-sheets-userformat=\"{\"> Guide de la nutrition sportive par Nancy Clark<\/span><\/h1>\n<p><span data-sheets-value=\"{\" data-sheets-userformat=\"{\">Avec le guide de nutrition sportive<\/span> Boostez votre \u00e9nergie, perdez de la graisse, d\u00e9veloppez vos muscles et am\u00e9liorez vos performances avec le guide de nutrition le plus vendu pour les personnes actives ! In Nancy Clark\u2019s Sports Nutrition Guidebook, you\u2019ll get real-world advice from an internationally respected and trusted sports nutritionist.<\/p>\n<p>You\u2019ll find the latest research and information on what to eat before, during, and after exercise; sport drinks and energy foods; popular trends like keto and gluten-free diets; when and how much carbohydrate to eat; meal patterns that fit your training schedule; sustainability; and digestive issues.<\/p>\n<h3>Nancy Clark&#8217;s Sports Nutrition Guidebook<\/h3>\n<p>You\u2019ll learn practical tips regarding vegan, diabetic, gluten-free, low-FODMAP, and bariatric diets. You\u2019ll also find help for athletes with anorexia and binge-eating disorders. You&#8217;ll learn how to resolve confusion about what to on a daily basis so you can make healthy and informed dietary decisions for yourself and your busy family. Clark&#8217;s practical suggestions for eating on the go will help you make good choices in any restaurant, caf\u00e9, drive-through, or convenience store.<\/p>\n<p>Learn what to eat before and during exercise and events, how to refuel for optimal recovery, and what athletes need to know about relative energy deficiency in sport (RED-S). With 89 family-friendly recipes, you\u2019ll find plenty of meals to fuel performance that you can make right in your own kitchen.<\/p>\n<p>Whether you\u2019re preparing for competition or simply fueling your active lifestyle, Nancy Clark\u2019s Sports Nutrition Guidebook will show you how to get maximum benefit from the foods you choose and the meals you make. Why settle for your current athletic level when a good fueling program can help you perform even better?<\/p>\n<h5>Enfin, consultez notre biblioth\u00e8que de <a href=\"https:\/\/ztsports.com\/brand\/human-kinetics\/\"><strong>Livres de cin\u00e9tique humaine<\/strong><\/a>.<\/h5>\n","protected":false},"excerpt":{"rendered":"<p>Guide de la nutrition sportive par Nancy Clark Avec le guide de nutrition sportive Boostez votre \u00e9nergie, perdez de la graisse, d\u00e9veloppez vos muscles et am\u00e9liorez vos performances avec le guide de nutrition le plus vendu pour les personnes actives ! In Nancy Clark\u2019s Sports Nutrition Guidebook, you\u2019ll get real-world advice from an internationally respected [&hellip;]<\/p>\n","protected":false},"featured_media":18553,"comment_status":"open","ping_status":"closed","template":"","meta":{"_acf_changed":false,"_monsterinsights_skip_tracking":false,"_monsterinsights_sitenote_active":false,"_monsterinsights_sitenote_note":"","_monsterinsights_sitenote_category":0,"_uf_show_specific_survey":0,"_uf_disable_surveys":false,"site-sidebar-layout":"default","site-content-layout":"","ast-site-content-layout":"default","site-content-style":"default","site-sidebar-style":"default","ast-global-header-display":"","ast-banner-title-visibility":"","ast-main-header-display":"","ast-hfb-above-header-display":"","ast-hfb-below-header-display":"","ast-hfb-mobile-header-display":"","site-post-title":"","ast-breadcrumbs-content":"","ast-featured-img":"","footer-sml-layout":"","ast-disable-related-posts":"","theme-transparent-header-meta":"default","adv-header-id-meta":"","stick-header-meta":"","header-above-stick-meta":"","header-main-stick-meta":"","header-below-stick-meta":"","astra-migrate-meta-layouts":"set","ast-page-background-enabled":"default","ast-page-background-meta":{"desktop":{"background-color":"","background-image":"","background-repeat":"repeat","background-position":"center center","background-size":"auto","background-attachment":"scroll","background-type":"","background-media":"","overlay-type":"","overlay-color":"","overlay-opacity":"","overlay-gradient":""},"tablet":{"background-color":"","background-image":"","background-repeat":"repeat","background-position":"center center","background-size":"auto","background-attachment":"scroll","background-type":"","background-media":"","overlay-type":"","overlay-color":"","overlay-opacity":"","overlay-gradient":""},"mobile":{"background-color":"","background-image":"","background-repeat":"repeat","background-position":"center center","background-size":"auto","background-attachment":"scroll","background-type":"","background-media":"","overlay-type":"","overlay-color":"","overlay-opacity":"","overlay-gradient":""}},"ast-content-background-meta":{"desktop":{"background-color":"var(--ast-global-color-5)","background-image":"","background-repeat":"repeat","background-position":"center center","background-size":"auto","background-attachment":"scroll","background-type":"","background-media":"","overlay-type":"","overlay-color":"","overlay-opacity":"","overlay-gradient":""},"tablet":{"background-color":"var(--ast-global-color-5)","background-image":"","background-repeat":"repeat","background-position":"center center","background-size":"auto","background-attachment":"scroll","background-type":"","background-media":"","overlay-type":"","overlay-color":"","overlay-opacity":"","overlay-gradient":""},"mobile":{"background-color":"var(--ast-global-color-5)","background-image":"","background-repeat":"repeat","background-position":"center center","background-size":"auto","background-attachment":"scroll","background-type":"","background-media":"","overlay-type":"","overlay-color":"","overlay-opacity":"","overlay-gradient":""}}},"product_brand":[3310],"product_cat":[3553,3879],"product_tag":[3663],"class_list":{"0":"post-19100","1":"product","2":"type-product","3":"status-publish","4":"has-post-thumbnail","6":"product_brand-human-kinetics","7":"product_cat-aides-a-lentrainement-et-a-la-formation","8":"product_cat-aides-a-la-formation","9":"product_tag-nancy-clarks-sports-nutrition-guidebook","10":"desktop-align-left","11":"tablet-align-left","12":"mobile-align-left","14":"first","15":"instock","16":"sale","17":"taxable","18":"shipping-taxable","19":"purchasable","20":"product-type-simple"},"acf":[],"_links":{"self":[{"href":"https:\/\/ztsports.com\/fr\/wp-json\/wp\/v2\/product\/19100","targetHints":{"allow":["GET"]}}],"collection":[{"href":"https:\/\/ztsports.com\/fr\/wp-json\/wp\/v2\/product"}],"about":[{"href":"https:\/\/ztsports.com\/fr\/wp-json\/wp\/v2\/types\/product"}],"replies":[{"embeddable":true,"href":"https:\/\/ztsports.com\/fr\/wp-json\/wp\/v2\/comments?post=19100"}],"version-history":[{"count":1,"href":"https:\/\/ztsports.com\/fr\/wp-json\/wp\/v2\/product\/19100\/revisions"}],"predecessor-version":[{"id":19101,"href":"https:\/\/ztsports.com\/fr\/wp-json\/wp\/v2\/product\/19100\/revisions\/19101"}],"wp:featuredmedia":[{"embeddable":true,"href":"https:\/\/ztsports.com\/fr\/wp-json\/wp\/v2\/media\/18553"}],"wp:attachment":[{"href":"https:\/\/ztsports.com\/fr\/wp-json\/wp\/v2\/media?parent=19100"}],"wp:term":[{"taxonomy":"product_brand","embeddable":true,"href":"https:\/\/ztsports.com\/fr\/wp-json\/wp\/v2\/product_brand?post=19100"},{"taxonomy":"product_cat","embeddable":true,"href":"https:\/\/ztsports.com\/fr\/wp-json\/wp\/v2\/product_cat?post=19100"},{"taxonomy":"product_tag","embeddable":true,"href":"https:\/\/ztsports.com\/fr\/wp-json\/wp\/v2\/product_tag?post=19100"}],"curies":[{"name":"wp","href":"https:\/\/api.w.org\/{rel}","templated":true}]}}