{"id":19098,"date":"2021-09-23T02:39:29","date_gmt":"2021-09-23T02:39:29","guid":{"rendered":"https:\/\/ztsports.com\/?post_type=product&#038;p=19098"},"modified":"2026-02-02T20:16:47","modified_gmt":"2026-02-02T20:16:47","slug":"in-pursuit-of-excellence","status":"publish","type":"product","link":"https:\/\/ztsports.com\/fr\/store\/in-pursuit-of-excellence\/","title":{"rendered":"In Pursuit of Excellence\/\u00c0 la recherche de l&#8217;excellence par Terry Orlick"},"content":{"rendered":"<h1>\u00c0 la recherche de l&#8217;excellence <span data-sheets-value=\"{\" data-sheets-userformat=\"{\">par Terry Orlick<\/span><\/h1>\n<p>Dans Poursuite de l&#8217;excellence, Orlick explique comment concentrer son engagement. Surmonter les obstacles \u00e0 l&#8217;excellence et obtenir une plus grande satisfaction personnelle et professionnelle. He also provides each reader a refined step-by-step procedure for planning a personal path to excellence.<\/p>\n<h5><span data-sheets-value=\"{\" data-sheets-userformat=\"{\">In Pursuit of Excellence: How to Win in Sport and Life Through Mental Training<\/span><\/h5>\n<p>You\u2019ll learn to focus for excellence while living and enjoying life to the fullest. Vous aurez une vision plus positive, un engagement plus cibl\u00e9, de meilleures fa\u00e7ons de g\u00e9rer les distractions et les pressions. Puis des strat\u00e9gies pour surmonter les obstacles. Vous obtiendrez \u00e9galement une plus grande satisfaction personnelle et professionnelle. En outre, ils d\u00e9couvrent de meilleures fa\u00e7ons de travailler avec leurs co\u00e9quipiers et r\u00e9agissent plus efficacement \u00e0 l&#8217;encadrement et aux conseils. Devenez plus positif et plus autonome dans vos pens\u00e9es et vos actions.<\/p>\n<p>Both practical and inspirational, In Pursuit of Excellence is a guide to daily living and motivation as well as a road map to long-term achievement. Read it, use it, and win with it\u2014 personally and professionally.<\/p>\n<p>REG 22.95$ SALE 15.95$<\/p>\n<p>Enfin, consultez notre biblioth\u00e8que de <a href=\"https:\/\/ztsports.com\/brand\/human-kinetics\/\"><strong>Livres de cin\u00e9tique humaine<\/strong><\/a>.<\/p>\n","protected":false},"excerpt":{"rendered":"<p>\u00c0 la recherche de l&#8217;excellence par Terry Orlick Dans Poursuite de l&#8217;excellence, Orlick explique comment concentrer son engagement. Surmonter les obstacles \u00e0 l&#8217;excellence et obtenir une plus grande satisfaction personnelle et professionnelle. He also provides each reader a refined step-by-step procedure for planning a personal path to excellence. In Pursuit of Excellence: How to Win [&hellip;]<\/p>\n","protected":false},"featured_media":18550,"comment_status":"open","ping_status":"closed","template":"","meta":{"_acf_changed":false,"_monsterinsights_skip_tracking":false,"_monsterinsights_sitenote_active":false,"_monsterinsights_sitenote_note":"","_monsterinsights_sitenote_category":0,"_uf_show_specific_survey":0,"_uf_disable_surveys":false,"site-sidebar-layout":"default","site-content-layout":"","ast-site-content-layout":"default","site-content-style":"default","site-sidebar-style":"default","ast-global-header-display":"","ast-banner-title-visibility":"","ast-main-header-display":"","ast-hfb-above-header-display":"","ast-hfb-below-header-display":"","ast-hfb-mobile-header-display":"","site-post-title":"","ast-breadcrumbs-content":"","ast-featured-img":"","footer-sml-layout":"","ast-disable-related-posts":"","theme-transparent-header-meta":"default","adv-header-id-meta":"","stick-header-meta":"","header-above-stick-meta":"","header-main-stick-meta":"","header-below-stick-meta":"","astra-migrate-meta-layouts":"set","ast-page-background-enabled":"default","ast-page-background-meta":{"desktop":{"background-color":"","background-image":"","background-repeat":"repeat","background-position":"center center","background-size":"auto","background-attachment":"scroll","background-type":"","background-media":"","overlay-type":"","overlay-color":"","overlay-opacity":"","overlay-gradient":""},"tablet":{"background-color":"","background-image":"","background-repeat":"repeat","background-position":"center center","background-size":"auto","background-attachment":"scroll","background-type":"","background-media":"","overlay-type":"","overlay-color":"","overlay-opacity":"","overlay-gradient":""},"mobile":{"background-color":"","background-image":"","background-repeat":"repeat","background-position":"center center","background-size":"auto","background-attachment":"scroll","background-type":"","background-media":"","overlay-type":"","overlay-color":"","overlay-opacity":"","overlay-gradient":""}},"ast-content-background-meta":{"desktop":{"background-color":"var(--ast-global-color-5)","background-image":"","background-repeat":"repeat","background-position":"center center","background-size":"auto","background-attachment":"scroll","background-type":"","background-media":"","overlay-type":"","overlay-color":"","overlay-opacity":"","overlay-gradient":""},"tablet":{"background-color":"var(--ast-global-color-5)","background-image":"","background-repeat":"repeat","background-position":"center center","background-size":"auto","background-attachment":"scroll","background-type":"","background-media":"","overlay-type":"","overlay-color":"","overlay-opacity":"","overlay-gradient":""},"mobile":{"background-color":"var(--ast-global-color-5)","background-image":"","background-repeat":"repeat","background-position":"center center","background-size":"auto","background-attachment":"scroll","background-type":"","background-media":"","overlay-type":"","overlay-color":"","overlay-opacity":"","overlay-gradient":""}}},"product_brand":[3310],"product_cat":[3553,3879],"product_tag":[],"class_list":{"0":"post-19098","1":"product","2":"type-product","3":"status-publish","4":"has-post-thumbnail","6":"product_brand-human-kinetics","7":"product_cat-aides-a-lentrainement-et-a-la-formation","8":"product_cat-aides-a-la-formation","9":"desktop-align-left","10":"tablet-align-left","11":"mobile-align-left","13":"first","14":"instock","15":"taxable","16":"shipping-taxable","17":"purchasable","18":"product-type-simple"},"acf":[],"_links":{"self":[{"href":"https:\/\/ztsports.com\/fr\/wp-json\/wp\/v2\/product\/19098","targetHints":{"allow":["GET"]}}],"collection":[{"href":"https:\/\/ztsports.com\/fr\/wp-json\/wp\/v2\/product"}],"about":[{"href":"https:\/\/ztsports.com\/fr\/wp-json\/wp\/v2\/types\/product"}],"replies":[{"embeddable":true,"href":"https:\/\/ztsports.com\/fr\/wp-json\/wp\/v2\/comments?post=19098"}],"version-history":[{"count":1,"href":"https:\/\/ztsports.com\/fr\/wp-json\/wp\/v2\/product\/19098\/revisions"}],"predecessor-version":[{"id":19099,"href":"https:\/\/ztsports.com\/fr\/wp-json\/wp\/v2\/product\/19098\/revisions\/19099"}],"wp:featuredmedia":[{"embeddable":true,"href":"https:\/\/ztsports.com\/fr\/wp-json\/wp\/v2\/media\/18550"}],"wp:attachment":[{"href":"https:\/\/ztsports.com\/fr\/wp-json\/wp\/v2\/media?parent=19098"}],"wp:term":[{"taxonomy":"product_brand","embeddable":true,"href":"https:\/\/ztsports.com\/fr\/wp-json\/wp\/v2\/product_brand?post=19098"},{"taxonomy":"product_cat","embeddable":true,"href":"https:\/\/ztsports.com\/fr\/wp-json\/wp\/v2\/product_cat?post=19098"},{"taxonomy":"product_tag","embeddable":true,"href":"https:\/\/ztsports.com\/fr\/wp-json\/wp\/v2\/product_tag?post=19098"}],"curies":[{"name":"wp","href":"https:\/\/api.w.org\/{rel}","templated":true}]}}