{"id":19096,"date":"2021-09-23T02:39:32","date_gmt":"2021-09-23T02:39:32","guid":{"rendered":"https:\/\/ztsports.com\/?post_type=product&#038;p=19096"},"modified":"2026-02-02T20:16:20","modified_gmt":"2026-02-02T20:16:20","slug":"skate-tec-m-wave-flex","status":"publish","type":"product","link":"https:\/\/ztsports.com\/fr\/store\/skate-tec-m-wave-flex\/","title":{"rendered":"SKATE TEC M WAVE FLEX Planches polies"},"content":{"rendered":"<h1 class=\"tw-data-text tw-text-large tw-ta\" dir=\"ltr\" data-placeholder=\"Translation\"><span class=\"Y2IQFc\" lang=\"en\">Skate Tec M Wave Flex Planches polies <\/span><\/h1>\n<p class=\"tw-data-text tw-text-large tw-ta\" dir=\"ltr\" data-placeholder=\"Translation\"><span class=\"Y2IQFc\" lang=\"en\">Les planches Skate Tec M Wave Flex Polished. Skate-Tec est une entreprise de fabrication de produits de patinage de vitesse fond\u00e9e par Johan Bennink, sp\u00e9cialiste des m\u00e9taux, fondateur de Maple, fondateur d&#8217;EVO et entra\u00eeneur de patinage de vitesse. Gr\u00e2ce \u00e0 leurs lames innovantes, ils prendront rapidement une part importante du march\u00e9 des lames pour le short track.<\/span><\/p>\n<h4 class=\"tw-data-text tw-text-large tw-ta\" dir=\"ltr\" data-placeholder=\"Translation\"><span class=\"Y2IQFc\" lang=\"en\">ST M-Wave Flex Polished Tube : <\/span><\/h4>\n<p class=\"tw-data-text tw-text-large tw-ta\" dir=\"ltr\" data-placeholder=\"Translation\"><span class=\"Y2IQFc\" lang=\"en\">De plus, la version Flex est tr\u00e8s r\u00e9active, vous sentirez la lame tourner sur la glace pour vous et g\u00e9n\u00e9rer de la pression. Id\u00e9al pour les patineurs plus l\u00e9gers ou ceux qui aiment sentir la lame travailler pour eux. De plus, la nouvelle technologie de montage M comporte 3 points d&#8217;attache, ce qui augmente la rigidit\u00e9 et am\u00e9liore les sensations. Hauteur de la tige au choix : 0, +3, +5<br \/>\n<\/span><\/p>\n<p>Finley Pour <a href=\"https:\/\/www.skate-tec.com\/nagano.html\" target=\"_blank\" rel=\"noopener\">plus d&#8217;informations sur la lame Skate-Tec Nagano.<\/a><\/p>\n<p>Enfin, vous trouverez tous les <a href=\"https:\/\/ztsports.com\/product-category\/short-track\/blades\/\"><strong>Lames Short Track<\/strong><\/a> ici.<\/p>\n","protected":false},"excerpt":{"rendered":"<p>Skate Tec M Wave Flex Planches polies Les planches Skate Tec M Wave Flex Polished. Skate-Tec est une entreprise de fabrication de produits de patinage de vitesse fond\u00e9e par Johan Bennink, sp\u00e9cialiste des m\u00e9taux, fondateur de Maple, fondateur d&#8217;EVO et entra\u00eeneur de patinage de vitesse. Gr\u00e2ce \u00e0 leurs lames innovantes, ils prendront rapidement une part [&hellip;]<\/p>\n","protected":false},"featured_media":18547,"comment_status":"open","ping_status":"closed","template":"","meta":{"_acf_changed":false,"_monsterinsights_skip_tracking":false,"_monsterinsights_sitenote_active":false,"_monsterinsights_sitenote_note":"","_monsterinsights_sitenote_category":0,"_uf_show_specific_survey":0,"_uf_disable_surveys":false,"site-sidebar-layout":"default","site-content-layout":"","ast-site-content-layout":"default","site-content-style":"default","site-sidebar-style":"default","ast-global-header-display":"","ast-banner-title-visibility":"","ast-main-header-display":"","ast-hfb-above-header-display":"","ast-hfb-below-header-display":"","ast-hfb-mobile-header-display":"","site-post-title":"","ast-breadcrumbs-content":"","ast-featured-img":"","footer-sml-layout":"","ast-disable-related-posts":"","theme-transparent-header-meta":"default","adv-header-id-meta":"","stick-header-meta":"","header-above-stick-meta":"","header-main-stick-meta":"","header-below-stick-meta":"","astra-migrate-meta-layouts":"set","ast-page-background-enabled":"default","ast-page-background-meta":{"desktop":{"background-color":"","background-image":"","background-repeat":"repeat","background-position":"center center","background-size":"auto","background-attachment":"scroll","background-type":"","background-media":"","overlay-type":"","overlay-color":"","overlay-opacity":"","overlay-gradient":""},"tablet":{"background-color":"","background-image":"","background-repeat":"repeat","background-position":"center center","background-size":"auto","background-attachment":"scroll","background-type":"","background-media":"","overlay-type":"","overlay-color":"","overlay-opacity":"","overlay-gradient":""},"mobile":{"background-color":"","background-image":"","background-repeat":"repeat","background-position":"center center","background-size":"auto","background-attachment":"scroll","background-type":"","background-media":"","overlay-type":"","overlay-color":"","overlay-opacity":"","overlay-gradient":""}},"ast-content-background-meta":{"desktop":{"background-color":"var(--ast-global-color-5)","background-image":"","background-repeat":"repeat","background-position":"center center","background-size":"auto","background-attachment":"scroll","background-type":"","background-media":"","overlay-type":"","overlay-color":"","overlay-opacity":"","overlay-gradient":""},"tablet":{"background-color":"var(--ast-global-color-5)","background-image":"","background-repeat":"repeat","background-position":"center center","background-size":"auto","background-attachment":"scroll","background-type":"","background-media":"","overlay-type":"","overlay-color":"","overlay-opacity":"","overlay-gradient":""},"mobile":{"background-color":"var(--ast-global-color-5)","background-image":"","background-repeat":"repeat","background-position":"center center","background-size":"auto","background-attachment":"scroll","background-type":"","background-media":"","overlay-type":"","overlay-color":"","overlay-opacity":"","overlay-gradient":""}}},"product_brand":[3338],"product_cat":[3395,3508,3620,3467],"product_tag":[2238,3661,3662,2240],"class_list":{"0":"post-19096","1":"product","2":"type-product","3":"status-publish","4":"has-post-thumbnail","6":"product_brand-skate-tec","7":"product_cat-courte-piste","8":"product_cat-lame","9":"product_cat-lames-pour-piste-courte","10":"product_cat-patinage-de-vitesse","11":"product_tag-m-wave","12":"product_tag-skate-tec-m-wave-flex","13":"product_tag-skate-tec-m-wave-flex-planches-polies","14":"product_tag-skate-tec","15":"desktop-align-left","16":"tablet-align-left","17":"mobile-align-left","19":"first","20":"instock","21":"taxable","22":"shipping-taxable","23":"purchasable","24":"product-type-simple"},"acf":[],"_links":{"self":[{"href":"https:\/\/ztsports.com\/fr\/wp-json\/wp\/v2\/product\/19096","targetHints":{"allow":["GET"]}}],"collection":[{"href":"https:\/\/ztsports.com\/fr\/wp-json\/wp\/v2\/product"}],"about":[{"href":"https:\/\/ztsports.com\/fr\/wp-json\/wp\/v2\/types\/product"}],"replies":[{"embeddable":true,"href":"https:\/\/ztsports.com\/fr\/wp-json\/wp\/v2\/comments?post=19096"}],"version-history":[{"count":1,"href":"https:\/\/ztsports.com\/fr\/wp-json\/wp\/v2\/product\/19096\/revisions"}],"predecessor-version":[{"id":19097,"href":"https:\/\/ztsports.com\/fr\/wp-json\/wp\/v2\/product\/19096\/revisions\/19097"}],"wp:featuredmedia":[{"embeddable":true,"href":"https:\/\/ztsports.com\/fr\/wp-json\/wp\/v2\/media\/18547"}],"wp:attachment":[{"href":"https:\/\/ztsports.com\/fr\/wp-json\/wp\/v2\/media?parent=19096"}],"wp:term":[{"taxonomy":"product_brand","embeddable":true,"href":"https:\/\/ztsports.com\/fr\/wp-json\/wp\/v2\/product_brand?post=19096"},{"taxonomy":"product_cat","embeddable":true,"href":"https:\/\/ztsports.com\/fr\/wp-json\/wp\/v2\/product_cat?post=19096"},{"taxonomy":"product_tag","embeddable":true,"href":"https:\/\/ztsports.com\/fr\/wp-json\/wp\/v2\/product_tag?post=19096"}],"curies":[{"name":"wp","href":"https:\/\/api.w.org\/{rel}","templated":true}]}}