{"id":19094,"date":"2021-09-23T02:40:45","date_gmt":"2021-09-23T02:40:45","guid":{"rendered":"https:\/\/ztsports.com\/?post_type=product&#038;p=19094"},"modified":"2026-02-02T20:13:49","modified_gmt":"2026-02-02T20:13:49","slug":"skate-tec-nagano-fr","status":"publish","type":"product","link":"https:\/\/ztsports.com\/fr\/store\/skate-tec-nagano-fr\/","title":{"rendered":"SKATE-TEC NAGANO lame courte piste"},"content":{"rendered":"<h1 id=\"tw-target-text\" class=\"tw-data-text tw-text-large tw-ta\" dir=\"ltr\" data-placeholder=\"Translation\"><span class=\"Y2IQFc\" lang=\"en\">SKATE-TEC NAGANO lame courte piste <\/span><\/h1>\n<p class=\"tw-data-text tw-text-large tw-ta\" dir=\"ltr\" data-placeholder=\"Translation\"><span class=\"Y2IQFc\" lang=\"en\">La lame Skate-Tec Nagano Short Track a une sensation qui rappelle l&#8217;ancienne Maple Gold PB et la MapleZ Gold. Mais avec un &#8220;runner&#8221; et un &#8220;pre-bend&#8221; que l&#8217;on retrouve sur les mod\u00e8les M-Wave, Argon et QuarQ. En outre, cela signifie une glisse exceptionnelle et une &#8220;pr\u00e9-courbure&#8221; constante. La lame reprend les m\u00eames concepts et la m\u00eame construction que la MapleZ Gold avec une nouvelle finition brillante.<\/span><\/p>\n<h3 dir=\"ltr\" data-placeholder=\"Translation\">Gold \u00e0 Evo \u00e0 Nagano<\/h3>\n<p dir=\"ltr\" data-placeholder=\"Translation\">Certains patineurs ont essay\u00e9 de passer de la gamme MapleZ Gold \u00e0 la gamme EVO. Beaucoup y sont parvenus, mais une poign\u00e9e de patineurs ont trouv\u00e9 la transition difficile. \u00c0 l&#8217;heure actuelle, les ors MapleZ ne sont plus en production. Rassurez-vous, Skate-Tec s&#8217;occupe de ses patineurs en cr\u00e9ant le Skate-Tec Nagano. Con\u00e7ue par le designer et fondateur de Maple, cette lame reprend les m\u00eames concepts et la m\u00eame construction que la MapleZ Gold, avec une nouvelle finition brillante !<\/p>\n<p dir=\"ltr\" data-placeholder=\"Translation\">La partie sup\u00e9rieure du Nagano est incurv\u00e9e de la pointe \u00e0 l&#8217;arri\u00e8re. La pointe incurv\u00e9e r\u00e9partit la rigidit\u00e9 l\u00e0 o\u00f9 elle est le plus n\u00e9cessaire, c&#8217;est-\u00e0-dire au milieu. Le fait d&#8217;avoir un sommet courb\u00e9 permet au tube de mieux conserver sa forme, tout en gardant suffisamment de flexibilit\u00e9 pour le contr\u00f4le.<\/p>\n<p dir=\"ltr\" data-placeholder=\"Translation\">Skate-Tec d\u00e9veloppe tous ses produits par le biais de tests et d&#8217;innovations constants. Nous n&#8217;utilisons que des mat\u00e9riaux de premi\u00e8re qualit\u00e9, des processus de fabrication de la plus haute qualit\u00e9 et mettons en \u0153uvre des conceptions avanc\u00e9es. Skate-Tec s&#8217;efforce de fournir les meilleurs produits de patinage en collaborant avec les meilleurs athl\u00e8tes et entra\u00eeneurs.<\/p>\n<p dir=\"ltr\" data-placeholder=\"Translation\">Finley Pour <a href=\"https:\/\/www.skate-tec.com\/nagano.html\" target=\"_blank\" rel=\"noopener\">plus d&#8217;informations sur la lame Skate-Tec Nagano.<\/a><\/p>\n<p dir=\"ltr\" data-placeholder=\"Translation\"><a href=\"https:\/\/ztsports.com\/product-category\/short-track\/blades\/\"><strong>Vous pouvez voir toutes nos lames Short Track ici.<\/strong><\/a><\/p>\n","protected":false},"excerpt":{"rendered":"<p>SKATE-TEC NAGANO lame courte piste La lame Skate-Tec Nagano Short Track a une sensation qui rappelle l&#8217;ancienne Maple Gold PB et la MapleZ Gold. Mais avec un &#8220;runner&#8221; et un &#8220;pre-bend&#8221; que l&#8217;on retrouve sur les mod\u00e8les M-Wave, Argon et QuarQ. En outre, cela signifie une glisse exceptionnelle et une &#8220;pr\u00e9-courbure&#8221; constante. La lame reprend [&hellip;]<\/p>\n","protected":false},"featured_media":18544,"comment_status":"open","ping_status":"closed","template":"","meta":{"_acf_changed":false,"_monsterinsights_skip_tracking":false,"_monsterinsights_sitenote_active":false,"_monsterinsights_sitenote_note":"","_monsterinsights_sitenote_category":0,"_uf_show_specific_survey":0,"_uf_disable_surveys":false,"site-sidebar-layout":"default","site-content-layout":"","ast-site-content-layout":"default","site-content-style":"default","site-sidebar-style":"default","ast-global-header-display":"","ast-banner-title-visibility":"","ast-main-header-display":"","ast-hfb-above-header-display":"","ast-hfb-below-header-display":"","ast-hfb-mobile-header-display":"","site-post-title":"","ast-breadcrumbs-content":"","ast-featured-img":"","footer-sml-layout":"","ast-disable-related-posts":"","theme-transparent-header-meta":"default","adv-header-id-meta":"","stick-header-meta":"","header-above-stick-meta":"","header-main-stick-meta":"","header-below-stick-meta":"","astra-migrate-meta-layouts":"set","ast-page-background-enabled":"default","ast-page-background-meta":{"desktop":{"background-color":"","background-image":"","background-repeat":"repeat","background-position":"center center","background-size":"auto","background-attachment":"scroll","background-type":"","background-media":"","overlay-type":"","overlay-color":"","overlay-opacity":"","overlay-gradient":""},"tablet":{"background-color":"","background-image":"","background-repeat":"repeat","background-position":"center center","background-size":"auto","background-attachment":"scroll","background-type":"","background-media":"","overlay-type":"","overlay-color":"","overlay-opacity":"","overlay-gradient":""},"mobile":{"background-color":"","background-image":"","background-repeat":"repeat","background-position":"center center","background-size":"auto","background-attachment":"scroll","background-type":"","background-media":"","overlay-type":"","overlay-color":"","overlay-opacity":"","overlay-gradient":""}},"ast-content-background-meta":{"desktop":{"background-color":"var(--ast-global-color-5)","background-image":"","background-repeat":"repeat","background-position":"center center","background-size":"auto","background-attachment":"scroll","background-type":"","background-media":"","overlay-type":"","overlay-color":"","overlay-opacity":"","overlay-gradient":""},"tablet":{"background-color":"var(--ast-global-color-5)","background-image":"","background-repeat":"repeat","background-position":"center center","background-size":"auto","background-attachment":"scroll","background-type":"","background-media":"","overlay-type":"","overlay-color":"","overlay-opacity":"","overlay-gradient":""},"mobile":{"background-color":"var(--ast-global-color-5)","background-image":"","background-repeat":"repeat","background-position":"center center","background-size":"auto","background-attachment":"scroll","background-type":"","background-media":"","overlay-type":"","overlay-color":"","overlay-opacity":"","overlay-gradient":""}}},"product_brand":[3326,3338],"product_cat":[3508,3801,3620,3467],"product_tag":[3654,3659,2071,3660,2240],"class_list":{"0":"post-19094","1":"product","2":"type-product","3":"status-publish","4":"has-post-thumbnail","6":"product_brand-nagano","7":"product_brand-skate-tec","8":"product_cat-lame","10":"product_cat-lames-pour-piste-courte","11":"product_cat-patinage-de-vitesse","12":"product_tag-lame-courte-piste","13":"product_tag-lame-skate-tec-nagano","14":"product_tag-nagano","15":"product_tag-or-en-erable","16":"product_tag-skate-tec","17":"desktop-align-left","18":"tablet-align-left","19":"mobile-align-left","21":"first","22":"instock","23":"taxable","24":"shipping-taxable","25":"purchasable","26":"product-type-simple"},"acf":[],"_links":{"self":[{"href":"https:\/\/ztsports.com\/fr\/wp-json\/wp\/v2\/product\/19094","targetHints":{"allow":["GET"]}}],"collection":[{"href":"https:\/\/ztsports.com\/fr\/wp-json\/wp\/v2\/product"}],"about":[{"href":"https:\/\/ztsports.com\/fr\/wp-json\/wp\/v2\/types\/product"}],"replies":[{"embeddable":true,"href":"https:\/\/ztsports.com\/fr\/wp-json\/wp\/v2\/comments?post=19094"}],"version-history":[{"count":2,"href":"https:\/\/ztsports.com\/fr\/wp-json\/wp\/v2\/product\/19094\/revisions"}],"predecessor-version":[{"id":21389,"href":"https:\/\/ztsports.com\/fr\/wp-json\/wp\/v2\/product\/19094\/revisions\/21389"}],"wp:featuredmedia":[{"embeddable":true,"href":"https:\/\/ztsports.com\/fr\/wp-json\/wp\/v2\/media\/18544"}],"wp:attachment":[{"href":"https:\/\/ztsports.com\/fr\/wp-json\/wp\/v2\/media?parent=19094"}],"wp:term":[{"taxonomy":"product_brand","embeddable":true,"href":"https:\/\/ztsports.com\/fr\/wp-json\/wp\/v2\/product_brand?post=19094"},{"taxonomy":"product_cat","embeddable":true,"href":"https:\/\/ztsports.com\/fr\/wp-json\/wp\/v2\/product_cat?post=19094"},{"taxonomy":"product_tag","embeddable":true,"href":"https:\/\/ztsports.com\/fr\/wp-json\/wp\/v2\/product_tag?post=19094"}],"curies":[{"name":"wp","href":"https:\/\/api.w.org\/{rel}","templated":true}]}}