{"id":19092,"date":"2021-09-23T02:40:46","date_gmt":"2021-09-23T02:40:46","guid":{"rendered":"https:\/\/ztsports.com\/?post_type=product&#038;p=19092"},"modified":"2026-02-02T20:13:37","modified_gmt":"2026-02-02T20:13:37","slug":"bont-ultrasprint-short-track-blade","status":"publish","type":"product","link":"https:\/\/ztsports.com\/fr\/store\/bont-ultrasprint-short-track-blade\/","title":{"rendered":"BONT ULTRASPRINT lame courte piste"},"content":{"rendered":"<h1 class=\"tw-data-text tw-text-large tw-ta\" dir=\"ltr\" data-placeholder=\"Translation\"><span class=\"Y2IQFc\" lang=\"en\">BONT ULTRASPRINT lame courte piste<\/span><\/h1>\n<p>La nouvelle <span class=\"Y2IQFc\" lang=\"en\">La lame Bont Ultrasprint Short Track est un mod\u00e8le id\u00e9al pour les patineurs d\u00e9butants et interm\u00e9diaires. De plus, c&#8217;est l&#8217;une des rares lames de cette gamme de prix \u00e0 \u00eatre &#8220;pr\u00e9-courb\u00e9e&#8221;, ce qui lui permet de conserver une meilleure rigidit\u00e9. <\/span><span class=\"Y2IQFc\" lang=\"en\">De plus, la lame est fabriqu\u00e9e en acier japonais de qualit\u00e9, ce qui permet un aff\u00fbtage facile et durable. <\/span><\/p>\n<p><span class=\"Y2IQFc\" lang=\"en\">BONT est une entreprise australienne qui fabrique des produits de patinage de vitesse. Ils proposent des produits de qualit\u00e9 qui se distinguent notamment par la qualit\u00e9 des mat\u00e9riaux utilis\u00e9s, comme le cuir de kangourou. En outre, BONT propose \u00e9galement une gamme compl\u00e8te de bottes Short Track, Long Track et Inline. <\/span><\/p>\n<pre class=\"tw-data-text tw-text-large tw-ta\" dir=\"ltr\" data-placeholder=\"Translation\"><span class=\"Y2IQFc\" lang=\"en\"><strong>Sp\u00e9cifications<\/strong><\/span><\/pre>\n<div>\n<ul>\n<li><strong>Mat\u00e9riau du tube :<\/strong>6061 T6<\/li>\n<li><strong>Mat\u00e9riau de la coupelle :<\/strong> Aluminium 7075 T6<\/li>\n<li><strong>Rayon :<\/strong> 8m<\/li>\n<li><strong>Longueur :<\/strong> 12&#8243;, 13&#8243;, 14&#8243;, 14.5&#8243;, 15&#8243;, 15.5&#8243;, 16&#8243;, 16.5&#8243;, 17&#8243;.<\/li>\n<li><strong>\u00c9paisseur de la lame : <\/strong>1,1 mm<\/li>\n<li><strong>Duret\u00e9 :<\/strong> 58 Rockwell<\/li>\n<li><strong>Cintrage :<\/strong> Cintrage \u00e0 la machine<\/li>\n<li><strong>Non pr\u00e9-aff\u00fbt\u00e9<\/strong><\/li>\n<\/ul>\n<h4>N&#8217;oubliez pas d&#8217;ajouter la <strong><a href=\"https:\/\/ztsports.com\/produit\/preparation-des-lames-pour-la-piste-courte\/?lang=fr\">Pr\u00e9paration de la lame.<\/a><\/strong><\/h4>\n<\/div>\n<p>Enfin, vous pouvez consulter tous nos <a href=\"https:\/\/ztsports.com\/categorie-produit\/courte-piste\/lame\/?lang=fr\"><strong>Lames Short Track ici<\/strong><\/a>.<\/p>\n","protected":false},"excerpt":{"rendered":"<p>BONT ULTRASPRINT lame courte piste La nouvelle La lame Bont Ultrasprint Short Track est un mod\u00e8le id\u00e9al pour les patineurs d\u00e9butants et interm\u00e9diaires. De plus, c&#8217;est l&#8217;une des rares lames de cette gamme de prix \u00e0 \u00eatre &#8220;pr\u00e9-courb\u00e9e&#8221;, ce qui lui permet de conserver une meilleure rigidit\u00e9. De plus, la lame est fabriqu\u00e9e en acier [&hellip;]<\/p>\n","protected":false},"featured_media":18540,"comment_status":"open","ping_status":"closed","template":"","meta":{"_acf_changed":false,"_monsterinsights_skip_tracking":false,"_monsterinsights_sitenote_active":false,"_monsterinsights_sitenote_note":"","_monsterinsights_sitenote_category":0,"_uf_show_specific_survey":0,"_uf_disable_surveys":false,"site-sidebar-layout":"default","site-content-layout":"","ast-site-content-layout":"default","site-content-style":"default","site-sidebar-style":"default","ast-global-header-display":"","ast-banner-title-visibility":"","ast-main-header-display":"","ast-hfb-above-header-display":"","ast-hfb-below-header-display":"","ast-hfb-mobile-header-display":"","site-post-title":"","ast-breadcrumbs-content":"","ast-featured-img":"","footer-sml-layout":"","ast-disable-related-posts":"","theme-transparent-header-meta":"default","adv-header-id-meta":"","stick-header-meta":"","header-above-stick-meta":"","header-main-stick-meta":"","header-below-stick-meta":"","astra-migrate-meta-layouts":"set","ast-page-background-enabled":"default","ast-page-background-meta":{"desktop":{"background-color":"","background-image":"","background-repeat":"repeat","background-position":"center center","background-size":"auto","background-attachment":"scroll","background-type":"","background-media":"","overlay-type":"","overlay-color":"","overlay-opacity":"","overlay-gradient":""},"tablet":{"background-color":"","background-image":"","background-repeat":"repeat","background-position":"center center","background-size":"auto","background-attachment":"scroll","background-type":"","background-media":"","overlay-type":"","overlay-color":"","overlay-opacity":"","overlay-gradient":""},"mobile":{"background-color":"","background-image":"","background-repeat":"repeat","background-position":"center center","background-size":"auto","background-attachment":"scroll","background-type":"","background-media":"","overlay-type":"","overlay-color":"","overlay-opacity":"","overlay-gradient":""}},"ast-content-background-meta":{"desktop":{"background-color":"var(--ast-global-color-5)","background-image":"","background-repeat":"repeat","background-position":"center center","background-size":"auto","background-attachment":"scroll","background-type":"","background-media":"","overlay-type":"","overlay-color":"","overlay-opacity":"","overlay-gradient":""},"tablet":{"background-color":"var(--ast-global-color-5)","background-image":"","background-repeat":"repeat","background-position":"center center","background-size":"auto","background-attachment":"scroll","background-type":"","background-media":"","overlay-type":"","overlay-color":"","overlay-opacity":"","overlay-gradient":""},"mobile":{"background-color":"var(--ast-global-color-5)","background-image":"","background-repeat":"repeat","background-position":"center center","background-size":"auto","background-attachment":"scroll","background-type":"","background-media":"","overlay-type":"","overlay-color":"","overlay-opacity":"","overlay-gradient":""}}},"product_brand":[3285],"product_cat":[3395,3508,3620,3489,3467],"product_tag":[3656,2245,3657,3654,3658],"class_list":{"0":"post-19092","1":"product","2":"type-product","3":"status-publish","4":"has-post-thumbnail","6":"product_brand-bont","7":"product_cat-courte-piste","8":"product_cat-lame","9":"product_cat-lames-pour-piste-courte","10":"product_cat-offres-de-club","11":"product_cat-patinage-de-vitesse","12":"product_tag-accord-de-club","13":"product_tag-bont-ultrasprint","14":"product_tag-club-de-bont","15":"product_tag-lame-courte-piste","16":"product_tag-lames-de-club","17":"desktop-align-left","18":"tablet-align-left","19":"mobile-align-left","21":"first","22":"instock","23":"taxable","24":"shipping-taxable","25":"purchasable","26":"product-type-simple"},"acf":[],"_links":{"self":[{"href":"https:\/\/ztsports.com\/fr\/wp-json\/wp\/v2\/product\/19092","targetHints":{"allow":["GET"]}}],"collection":[{"href":"https:\/\/ztsports.com\/fr\/wp-json\/wp\/v2\/product"}],"about":[{"href":"https:\/\/ztsports.com\/fr\/wp-json\/wp\/v2\/types\/product"}],"replies":[{"embeddable":true,"href":"https:\/\/ztsports.com\/fr\/wp-json\/wp\/v2\/comments?post=19092"}],"version-history":[{"count":1,"href":"https:\/\/ztsports.com\/fr\/wp-json\/wp\/v2\/product\/19092\/revisions"}],"predecessor-version":[{"id":19093,"href":"https:\/\/ztsports.com\/fr\/wp-json\/wp\/v2\/product\/19092\/revisions\/19093"}],"wp:featuredmedia":[{"embeddable":true,"href":"https:\/\/ztsports.com\/fr\/wp-json\/wp\/v2\/media\/18540"}],"wp:attachment":[{"href":"https:\/\/ztsports.com\/fr\/wp-json\/wp\/v2\/media?parent=19092"}],"wp:term":[{"taxonomy":"product_brand","embeddable":true,"href":"https:\/\/ztsports.com\/fr\/wp-json\/wp\/v2\/product_brand?post=19092"},{"taxonomy":"product_cat","embeddable":true,"href":"https:\/\/ztsports.com\/fr\/wp-json\/wp\/v2\/product_cat?post=19092"},{"taxonomy":"product_tag","embeddable":true,"href":"https:\/\/ztsports.com\/fr\/wp-json\/wp\/v2\/product_tag?post=19092"}],"curies":[{"name":"wp","href":"https:\/\/api.w.org\/{rel}","templated":true}]}}